{"id":158,"date":"2013-05-02T11:27:17","date_gmt":"2013-05-02T09:27:17","guid":{"rendered":"http:\/\/www.2x3.pl\/?page_id=158"},"modified":"2024-11-28T15:42:56","modified_gmt":"2024-11-28T14:42:56","slug":"tablice-moderacyjne","status":"publish","type":"page","link":"https:\/\/www.2x3.pl\/en\/office\/tablice-moderacyjne\/","title":{"rendered":"Partition boards"},"content":{"rendered":"<p><span class=\"product-code\">TM<\/span><\/p>\n<h2>Partition boards<\/h2>\n<p><img loading=\"lazy\" decoding=\"async\" class=\"aligncenter size-full wp-image-1014\" title=\"TM\" src=\"https:\/\/www.2x3.pl\/wp-content\/uploads\/2011\/05\/TM.jpg\" alt=\"Partition wall\" width=\"600\" height=\"342\" srcset=\"https:\/\/www.2x3.pl\/wp-content\/uploads\/2011\/05\/TM.jpg 600w, https:\/\/www.2x3.pl\/wp-content\/uploads\/2011\/05\/TM-150x85.jpg 150w, https:\/\/www.2x3.pl\/wp-content\/uploads\/2011\/05\/TM-300x171.jpg 300w\" sizes=\"auto, (max-width: 600px) 100vw, 600px\" \/><span class=\"certif-badge\" title=\"Certificate of compliance with the Polish Standards\">Certificate of compliance with the Polish Standards<\/span><br \/>\n\n\t\t<!-- MasterSlider -->\n\t\t<div id=\"P_MS69f1e6ee2203d\" class=\"master-slider-parent msl ms-parent-id-105\" style=\"max-width:600px;\">\n\n\t\t\t\n\t\t\t<!-- MasterSlider Main -->\n\t\t\t<div id=\"MS69f1e6ee2203d\" class=\"master-slider ms-skin-default\" >\n\t\t\t\t \t\t\t\t \n\t\t\t\t<div  class=\"ms-slide\" data-delay=\"3\" data-fill-mode=\"fill\"  >\n\t\t\t\t\t<img decoding=\"async\" src=\"https:\/\/www.2x3.pl\/wp-content\/plugins\/master-slider\/public\/assets\/css\/blank.gif\" alt=\"\" title=\"\" data-src=\"https:\/\/www.2x3.pl\/wp-content\/uploads\/2016\/10\/ntmu_1.jpg\" \/>\n\n\n\t<img decoding=\"async\" class=\"ms-thumb\" src=\"https:\/\/www.2x3.pl\/wp-content\/uploads\/2016\/10\/ntmu_1-100x80.jpg\" alt=\"\" \/>\n\t<div class=\"ms-thumb\" ><div class=\"ms-tab-context\"><div class=\"&quot;ms-tab-context&quot;\"><\/div><\/div>\n<\/div>\n\t\t\t\t<\/div>\n\t\t\t\t<div  class=\"ms-slide\" data-delay=\"3\" data-fill-mode=\"fill\"  >\n\t\t\t\t\t<img decoding=\"async\" src=\"https:\/\/www.2x3.pl\/wp-content\/plugins\/master-slider\/public\/assets\/css\/blank.gif\" alt=\"\" title=\"\" data-src=\"https:\/\/www.2x3.pl\/wp-content\/uploads\/2016\/10\/tm_det1.jpg\" \/>\n\n\n\t<img decoding=\"async\" class=\"ms-thumb\" src=\"https:\/\/www.2x3.pl\/wp-content\/uploads\/2016\/10\/tm_det1-100x80.jpg\" alt=\"\" \/>\n\t<div class=\"ms-thumb\" ><div class=\"ms-tab-context\"><div class=\"&quot;ms-tab-context&quot;\"><\/div><\/div>\n<\/div>\n\t\t\t\t<\/div>\n\t\t\t\t<div  class=\"ms-slide\" data-delay=\"3\" data-fill-mode=\"fill\"  >\n\t\t\t\t\t<img decoding=\"async\" src=\"https:\/\/www.2x3.pl\/wp-content\/plugins\/master-slider\/public\/assets\/css\/blank.gif\" alt=\"\" title=\"\" data-src=\"https:\/\/www.2x3.pl\/wp-content\/uploads\/2016\/10\/tm_det2.jpg\" \/>\n\n\n\t<img decoding=\"async\" class=\"ms-thumb\" src=\"https:\/\/www.2x3.pl\/wp-content\/uploads\/2016\/10\/tm_det2-100x80.jpg\" alt=\"\" \/>\n\t<div class=\"ms-thumb\" ><div class=\"ms-tab-context\"><div class=\"&quot;ms-tab-context&quot;\"><\/div><\/div>\n<\/div>\n\t\t\t\t<\/div>\n\t\t\t\t<div  class=\"ms-slide\" data-delay=\"3\" data-fill-mode=\"fill\"  >\n\t\t\t\t\t<img decoding=\"async\" src=\"https:\/\/www.2x3.pl\/wp-content\/plugins\/master-slider\/public\/assets\/css\/blank.gif\" alt=\"\" title=\"\" data-src=\"https:\/\/www.2x3.pl\/wp-content\/uploads\/2016\/10\/tm_det3.jpg\" \/>\n\n\n\t<img decoding=\"async\" class=\"ms-thumb\" src=\"https:\/\/www.2x3.pl\/wp-content\/uploads\/2016\/10\/tm_det3-100x80.jpg\" alt=\"\" \/>\n\t<div class=\"ms-thumb\" ><div class=\"ms-tab-context\"><div class=\"&quot;ms-tab-context&quot;\"><\/div><\/div>\n<\/div>\n\t\t\t\t<\/div>\n\t\t\t\t<div  class=\"ms-slide\" data-delay=\"3\" data-fill-mode=\"fill\"  >\n\t\t\t\t\t<img decoding=\"async\" src=\"https:\/\/www.2x3.pl\/wp-content\/plugins\/master-slider\/public\/assets\/css\/blank.gif\" alt=\"\" title=\"\" data-src=\"https:\/\/www.2x3.pl\/wp-content\/uploads\/2016\/10\/tm_det5-1.jpg\" \/>\n\n\n\t<img decoding=\"async\" class=\"ms-thumb\" src=\"https:\/\/www.2x3.pl\/wp-content\/uploads\/2016\/10\/tm_det5-1-100x80.jpg\" alt=\"\" \/>\n\t<div class=\"ms-thumb\" ><div class=\"ms-tab-context\"><div class=\"&quot;ms-tab-context&quot;\"><\/div><\/div>\n<\/div>\n\t\t\t\t<\/div>\n\t\t\t\t<div  class=\"ms-slide\" data-delay=\"3\" data-fill-mode=\"fill\"  >\n\t\t\t\t\t<img decoding=\"async\" src=\"https:\/\/www.2x3.pl\/wp-content\/plugins\/master-slider\/public\/assets\/css\/blank.gif\" alt=\"\" title=\"\" data-src=\"https:\/\/www.2x3.pl\/wp-content\/uploads\/2016\/10\/tm_det6.jpg\" \/>\n\n\n\t<img decoding=\"async\" class=\"ms-thumb\" src=\"https:\/\/www.2x3.pl\/wp-content\/uploads\/2016\/10\/tm_det6-100x80.jpg\" alt=\"\" \/>\n\t<div class=\"ms-thumb\" ><div class=\"ms-tab-context\"><div class=\"&quot;ms-tab-context&quot;\"><\/div><\/div>\n<\/div>\n\t\t\t\t<\/div>\n\n\t\t\t<\/div>\n\t\t\t<!-- END MasterSlider Main -->\n\n\t\t\t \n\t\t<\/div>\n\t\t<!-- END MasterSlider -->\n\n\t\t<script>\n\t\t(function ( $ ) {\n\t\t\t\"use strict\";\n\n\t\t\t$(function () {\n\t\t\t\tvar masterslider_203d = new MasterSlider();\n\n\t\t\t\t\/\/ slider controls\n\t\t\t\tmasterslider_203d.control('arrows'     ,{ autohide:true, overVideo:true  });\t\t\t\tmasterslider_203d.control('bullets'    ,{ autohide:true, overVideo:true, dir:'h', align:'bottom' , margin:10  });\n\n\t\t\t\tmasterslider_203d.control('thumblist'  ,{ autohide:false, overVideo:true, dir:'h', speed:17, inset:false, arrows:false, hover:false, customClass:'', align:'bottom',type:'thumbs', margin:10, width:100, height:80, space:5, fillMode:'fill'  });\n\t\t\t\t\/\/ slider setup\n\t\t\t\tmasterslider_203d.setup(\"MS69f1e6ee2203d\", {\n\t\t\t\t\t\twidth           : 600,\n\t\t\t\t\t\theight          : 450,\n\t\t\t\t\t\tminHeight       : 0,\n\t\t\t\t\t\tspace           : 0,\n\t\t\t\t\t\tstart           : 1,\n\t\t\t\t\t\tgrabCursor      : true,\n\t\t\t\t\t\tswipe           : true,\n\t\t\t\t\t\tmouse           : true,\n\t\t\t\t\t\tlayout          : \"boxed\",\n\t\t\t\t\t\twheel           : false,\n\t\t\t\t\t\tautoplay        : false,\n\t\t\t\t\t\tinstantStartLayers:false,\n\t\t\t\t\t\tloop            : false,\n\t\t\t\t\t\tshuffle         : false,\n\t\t\t\t\t\tpreload         : 0,\n\t\t\t\t\t\theightLimit     : true,\n\t\t\t\t\t\tautoHeight      : false,\n\t\t\t\t\t\tsmoothHeight    : true,\n\t\t\t\t\t\tendPause        : false,\n\t\t\t\t\t\toverPause       : true,\n\t\t\t\t\t\tfillMode        : \"fill\",\n\t\t\t\t\t\tcenterControls  : true,\n\t\t\t\t\t\tstartOnAppear   : false,\n\t\t\t\t\t\tlayersMode      : \"center\",\n\t\t\t\t\t\thideLayers      : false,\n\t\t\t\t\t\tfullscreenMargin: 0,\n\t\t\t\t\t\tspeed           : 20,\n\t\t\t\t\t\tdir             : \"h\",\n\t\t\t\t\t\tparallaxMode    : 'swipe',\n\t\t\t\t\t\tview            : \"basic\"\n\t\t\t\t});\n\n\t\t\t\t\n\t\t\t\twindow.masterslider_instances = window.masterslider_instances || [];\n\t\t\t\twindow.masterslider_instances.push( masterslider_203d );\n\t\t\t });\n\n\t\t})(jQuery);\n\t\t<\/script>\n\n<\/p>\n<p class=\"product-desc\">Aluminium frame in grey colour (anodised). Double-sided cork, felt or dry wipe surface. Mounted with special legs. Mounting set supplied with every board. Lockable castors available on request. Cork and textile surfaces are designed to be used with pins.<\/p>\n<p><span class=\"uwaga\">Note!<\/span> The kit featuring the propping leg includes foot-props for stabilising it. <img loading=\"lazy\" decoding=\"async\" class=\"aligncenter size-full wp-image-1024\" src=\"https:\/\/www.2x3.pl\/wp-content\/uploads\/2011\/05\/TM.png\" alt=\"TM - technical drawnig - dimensions\" width=\"600\" height=\"190\" srcset=\"https:\/\/www.2x3.pl\/wp-content\/uploads\/2011\/05\/TM.png 600w, https:\/\/www.2x3.pl\/wp-content\/uploads\/2011\/05\/TM-150x47.png 150w, https:\/\/www.2x3.pl\/wp-content\/uploads\/2011\/05\/TM-300x95.png 300w\" sizes=\"auto, (max-width: 600px) 100vw, 600px\" \/>\n<table id=\"wp-table-reloaded-id-54-no-1\" class=\"wp-table-reloaded wp-table-reloaded-id-54\">\n<thead>\n\t<tr class=\"row-1 odd\">\n\t\t<th class=\"column-1\"><\/th><th class=\"column-2\">2x3 Art. <\/th><th class=\"column-3\">Wymiary \/ Size<\/th><th class=\"column-4\">Komplet \/ Pack<\/th><th class=\"column-5\">Waga \/ Weight<\/th><th class=\"column-6\">Dostawa \/ Delivery<\/th>\n\t<\/tr>\n<\/thead>\n<tbody class=\"row-hover\">\n\t<tr class=\"row-2 even\">\n\t\t<td class=\"column-1\">lakierowana \/ laquered<\/td><td class=\"column-2\">TMS123<\/td><td class=\"column-3\">120&nbsp;\u00d7&nbsp;30<\/td><td class=\"column-4\">1<\/td><td class=\"column-5\">3,2<\/td><td class=\"column-6\">10 dni \/ 10 days<\/td>\n\t<\/tr>\n\t<tr class=\"row-3 odd\">\n\t\t<td class=\"column-1\">korkowa \/ cork<\/td><td class=\"column-2\">TMC126<\/td><td class=\"column-3\">120&nbsp;\u00d7&nbsp;60<\/td><td class=\"column-4\">1<\/td><td class=\"column-5\">3,7<\/td><td class=\"column-6\">10 dni \/ 10 days<\/td>\n\t<\/tr>\n\t<tr class=\"row-4 even\">\n\t\t<td class=\"column-1\">tekstylna \/ felt<\/td><td class=\"column-2\">TMT126<\/td><td class=\"column-3\">120&nbsp;\u00d7&nbsp;60<\/td><td class=\"column-4\">1<\/td><td class=\"column-5\">3,3<\/td><td class=\"column-6\">10 dni \/ 10 days<\/td>\n\t<\/tr>\n\t<tr class=\"row-5 odd\">\n\t\t<td class=\"column-1\">lakierowana \/ laquered<\/td><td class=\"column-2\">TMS126<\/td><td class=\"column-3\">120&nbsp;\u00d7&nbsp;60<\/td><td class=\"column-4\">1<\/td><td class=\"column-5\">6,3<\/td><td class=\"column-6\">10 dni \/ 10 days<\/td>\n\t<\/tr>\n\t<tr class=\"row-6 even\">\n\t\t<td class=\"column-1\">korkows \/ cork<\/td><td class=\"column-2\">TMC129<\/td><td class=\"column-3\">120&nbsp;\u00d7&nbsp;90<\/td><td class=\"column-4\">1<\/td><td class=\"column-5\">5,5<\/td><td class=\"column-6\">10 dni \/ 10 days<\/td>\n\t<\/tr>\n\t<tr class=\"row-7 odd\">\n\t\t<td class=\"column-1\">tekstylna \/ felt<\/td><td class=\"column-2\">TMT129<\/td><td class=\"column-3\">120&nbsp;\u00d7&nbsp;90<\/td><td class=\"column-4\">1<\/td><td class=\"column-5\">5<\/td><td class=\"column-6\">10 dni \/ 10 days<\/td>\n\t<\/tr>\n\t<tr class=\"row-8 even\">\n\t\t<td class=\"column-1\">lakierowana \/ laquered<\/td><td class=\"column-2\">TMS129<\/td><td class=\"column-3\">120&nbsp;\u00d7&nbsp;90<\/td><td class=\"column-4\">1<\/td><td class=\"column-5\">9,5<\/td><td class=\"column-6\">10 dni \/ 10 days<\/td>\n\t<\/tr>\n\t<tr class=\"row-9 odd\">\n\t\t<td class=\"column-1\">korkowa \/ cork<\/td><td class=\"column-2\">TMC1212<\/td><td class=\"column-3\">120&nbsp;\u00d7&nbsp;120<\/td><td class=\"column-4\">1<\/td><td class=\"column-5\">7,4<\/td><td class=\"column-6\">10 dni \/ 10 days<\/td>\n\t<\/tr>\n\t<tr class=\"row-10 even\">\n\t\t<td class=\"column-1\">tekstylna \/ felt<\/td><td class=\"column-2\">TMT1212<\/td><td class=\"column-3\">120&nbsp;\u00d7&nbsp;120<\/td><td class=\"column-4\">1<\/td><td class=\"column-5\">6,6<\/td><td class=\"column-6\">10 dni \/ 10 days<\/td>\n\t<\/tr>\n\t<tr class=\"row-11 odd\">\n\t\t<td class=\"column-1\">lakierowana \/ laquered<\/td><td class=\"column-2\">TMS1212<\/td><td class=\"column-3\">120&nbsp;\u00d7&nbsp;120<\/td><td class=\"column-4\">1<\/td><td class=\"column-5\">12,6<\/td><td class=\"column-6\">10 dni \/ 10 days<\/td>\n\t<\/tr>\n\t<tr class=\"row-12 even\">\n\t\t<td class=\"column-1\">korkowa \/ cork<\/td><td class=\"column-2\">TMC1218<\/td><td class=\"column-3\">120&nbsp;\u00d7&nbsp;180<\/td><td class=\"column-4\">1<\/td><td class=\"column-5\">11<\/td><td class=\"column-6\">2 dni \/ 2 days<\/td>\n\t<\/tr>\n\t<tr class=\"row-13 odd\">\n\t\t<td class=\"column-1\">tekstylna \/ felt<\/td><td class=\"column-2\">TMT1218<\/td><td class=\"column-3\">120&nbsp;\u00d7&nbsp;180<\/td><td class=\"column-4\">1<\/td><td class=\"column-5\">10<\/td><td class=\"column-6\">10 dni \/ 10 days<\/td>\n\t<\/tr>\n\t<tr class=\"row-14 even\">\n\t\t<td class=\"column-1\">lakierowana \/ laquered<\/td><td class=\"column-2\">TMS1218<\/td><td class=\"column-3\">120&nbsp;\u00d7&nbsp;180<\/td><td class=\"column-4\">1<\/td><td class=\"column-5\">19<\/td><td class=\"column-6\">2 dni \/ 2 days<\/td>\n\t<\/tr>\n\t<tr class=\"row-15 odd\">\n\t\t<td colspan=\"6\" class=\"column-1 colspan-6\">Noga do tablicy \/ Bracket pole<\/td>\n\t<\/tr>\n\t<tr class=\"row-16 even\">\n\t\t<td class=\"column-1\"><\/td><td class=\"column-2\">NTM160<\/td><td class=\"column-3\">h 160<\/td><td class=\"column-4\">1<\/td><td class=\"column-5\">6<\/td><td class=\"column-6\">2 dni \/ 2 days<\/td>\n\t<\/tr>\n\t<tr class=\"row-17 odd\">\n\t\t<td class=\"column-1\"><\/td><td class=\"column-2\">NTM190<\/td><td class=\"column-3\">h 190<\/td><td class=\"column-4\">1<\/td><td class=\"column-5\">6<\/td><td class=\"column-6\">2 dni \/ 2 days<\/td>\n\t<\/tr>\n\t<tr class=\"row-18 even\">\n\t\t<td colspan=\"6\" class=\"column-1 colspan-6\">K\u00f3\u0142ka \/ Casters<\/td>\n\t<\/tr>\n\t<tr class=\"row-19 odd\">\n\t\t<td class=\"column-1\"><\/td><td class=\"column-2\">NTK<\/td><td class=\"column-3\">-<\/td><td class=\"column-4\">2<\/td><td class=\"column-5\">0,2<\/td><td class=\"column-6\">2 dni \/ 2 days<\/td>\n\t<\/tr>\n\t<tr class=\"row-20 even\">\n\t\t<td colspan=\"6\" class=\"column-1 colspan-6\">Uchwyt do tablic moderacyjnych \/ Partition board grip<\/td>\n\t<\/tr>\n\t<tr class=\"row-21 odd\">\n\t\t<td class=\"column-1\"><\/td><td class=\"column-2\">NTMU<\/td><td class=\"column-3\">-<\/td><td class=\"column-4\">2<\/td><td class=\"column-5\">0,3<\/td><td class=\"column-6\">2 dni \/ 2 days<\/td>\n\t<\/tr>\n<\/tbody>\n<\/table>\n<br \/>\n<strong>Surfaces:<\/strong><br \/>\n<img loading=\"lazy\" decoding=\"async\" class=\"aligncenter size-full wp-image-1015\" title=\"Available surfaces\" src=\"https:\/\/www.2x3.pl\/wp-content\/uploads\/2011\/05\/surfaces+dry-wipe_en.jpg\" alt=\"Available surfaces\" width=\"600\" height=\"100\" srcset=\"https:\/\/www.2x3.pl\/wp-content\/uploads\/2011\/05\/surfaces+dry-wipe_en.jpg 600w, https:\/\/www.2x3.pl\/wp-content\/uploads\/2011\/05\/surfaces+dry-wipe_en-150x25.jpg 150w, https:\/\/www.2x3.pl\/wp-content\/uploads\/2011\/05\/surfaces+dry-wipe_en-300x50.jpg 300w\" sizes=\"auto, (max-width: 600px) 100vw, 600px\" \/><\/p>\n<p class=\"warranty\"><strong>Warranty:<\/strong> 2-year product warranty.<\/p>\n<hr>\n<p><span class=\"product-code\">MT<\/span><\/p>\n<h2>Moderation boards<\/h2>\n<p><img loading=\"lazy\" decoding=\"async\" class=\"aligncenter size-full wp-image-3412\" src=\"https:\/\/www.2x3.pl\/wp-content\/uploads\/2011\/05\/MT.jpg\" alt=\"Double-sided moderation boards\" width=\"465\" height=\"540\" srcset=\"https:\/\/www.2x3.pl\/wp-content\/uploads\/2011\/05\/MT.jpg 465w, https:\/\/www.2x3.pl\/wp-content\/uploads\/2011\/05\/MT-86x100.jpg 86w, https:\/\/www.2x3.pl\/wp-content\/uploads\/2011\/05\/MT-228x265.jpg 228w\" sizes=\"auto, (max-width: 465px) 100vw, 465px\" \/><span class=\"certif-badge\" title=\"Certificate of compliance with the Polish Standards\">Certificate of compliance with the Polish Standards<\/span><br \/>\n\n\t\t<!-- MasterSlider -->\n\t\t<div id=\"P_MS69f1e6ee22a4d\" class=\"master-slider-parent msl ms-parent-id-106\" style=\"max-width:600px;\">\n\n\t\t\t\n\t\t\t<!-- MasterSlider Main -->\n\t\t\t<div id=\"MS69f1e6ee22a4d\" class=\"master-slider ms-skin-default\" >\n\t\t\t\t \t\t\t\t \n\t\t\t\t<div  class=\"ms-slide\" data-delay=\"3\" data-fill-mode=\"fill\"  >\n\t\t\t\t\t<img decoding=\"async\" src=\"https:\/\/www.2x3.pl\/wp-content\/plugins\/master-slider\/public\/assets\/css\/blank.gif\" alt=\"\" title=\"\" data-src=\"https:\/\/www.2x3.pl\/wp-content\/uploads\/2016\/10\/mt_det2.jpg\" \/>\n\n\n\t<img decoding=\"async\" class=\"ms-thumb\" src=\"https:\/\/www.2x3.pl\/wp-content\/uploads\/2016\/10\/mt_det2-100x80.jpg\" alt=\"\" \/>\n\t<div class=\"ms-thumb\" ><div class=\"ms-tab-context\"><div class=\"&quot;ms-tab-context&quot;\"><\/div><\/div>\n<\/div>\n\t\t\t\t<\/div>\n\t\t\t\t<div  class=\"ms-slide\" data-delay=\"3\" data-fill-mode=\"fill\"  >\n\t\t\t\t\t<img decoding=\"async\" src=\"https:\/\/www.2x3.pl\/wp-content\/plugins\/master-slider\/public\/assets\/css\/blank.gif\" alt=\"\" title=\"\" data-src=\"https:\/\/www.2x3.pl\/wp-content\/uploads\/2016\/10\/mt_det3.jpg\" \/>\n\n\n\t<img decoding=\"async\" class=\"ms-thumb\" src=\"https:\/\/www.2x3.pl\/wp-content\/uploads\/2016\/10\/mt_det3-100x80.jpg\" alt=\"\" \/>\n\t<div class=\"ms-thumb\" ><div class=\"ms-tab-context\"><div class=\"&quot;ms-tab-context&quot;\"><\/div><\/div>\n<\/div>\n\t\t\t\t<\/div>\n\t\t\t\t<div  class=\"ms-slide\" data-delay=\"3\" data-fill-mode=\"fill\"  >\n\t\t\t\t\t<img decoding=\"async\" src=\"https:\/\/www.2x3.pl\/wp-content\/plugins\/master-slider\/public\/assets\/css\/blank.gif\" alt=\"\" title=\"\" data-src=\"https:\/\/www.2x3.pl\/wp-content\/uploads\/2016\/10\/mt_det4.jpg\" \/>\n\n\n\t<img decoding=\"async\" class=\"ms-thumb\" src=\"https:\/\/www.2x3.pl\/wp-content\/uploads\/2016\/10\/mt_det4-100x80.jpg\" alt=\"\" \/>\n\t<div class=\"ms-thumb\" ><div class=\"ms-tab-context\"><div class=\"&quot;ms-tab-context&quot;\"><\/div><\/div>\n<\/div>\n\t\t\t\t<\/div>\n\t\t\t\t<div  class=\"ms-slide\" data-delay=\"3\" data-fill-mode=\"fill\"  >\n\t\t\t\t\t<img decoding=\"async\" src=\"https:\/\/www.2x3.pl\/wp-content\/plugins\/master-slider\/public\/assets\/css\/blank.gif\" alt=\"\" title=\"\" data-src=\"https:\/\/www.2x3.pl\/wp-content\/uploads\/2016\/10\/mt_det5.jpg\" \/>\n\n\n\t<img decoding=\"async\" class=\"ms-thumb\" src=\"https:\/\/www.2x3.pl\/wp-content\/uploads\/2016\/10\/mt_det5-100x80.jpg\" alt=\"\" \/>\n\t<div class=\"ms-thumb\" ><div class=\"ms-tab-context\"><div class=\"&quot;ms-tab-context&quot;\"><\/div><\/div>\n<\/div>\n\t\t\t\t<\/div>\n\n\t\t\t<\/div>\n\t\t\t<!-- END MasterSlider Main -->\n\n\t\t\t \n\t\t<\/div>\n\t\t<!-- END MasterSlider -->\n\n\t\t<script>\n\t\t(function ( $ ) {\n\t\t\t\"use strict\";\n\n\t\t\t$(function () {\n\t\t\t\tvar masterslider_2a4d = new MasterSlider();\n\n\t\t\t\t\/\/ slider controls\n\t\t\t\tmasterslider_2a4d.control('arrows'     ,{ autohide:true, overVideo:true  });\t\t\t\tmasterslider_2a4d.control('bullets'    ,{ autohide:true, overVideo:true, dir:'h', align:'bottom' , margin:10  });\n\n\t\t\t\tmasterslider_2a4d.control('thumblist'  ,{ autohide:false, overVideo:true, dir:'h', speed:17, inset:false, arrows:false, hover:false, customClass:'', align:'bottom',type:'thumbs', margin:10, width:100, height:80, space:5, fillMode:'fill'  });\n\t\t\t\t\/\/ slider setup\n\t\t\t\tmasterslider_2a4d.setup(\"MS69f1e6ee22a4d\", {\n\t\t\t\t\t\twidth           : 600,\n\t\t\t\t\t\theight          : 450,\n\t\t\t\t\t\tminHeight       : 0,\n\t\t\t\t\t\tspace           : 0,\n\t\t\t\t\t\tstart           : 1,\n\t\t\t\t\t\tgrabCursor      : true,\n\t\t\t\t\t\tswipe           : true,\n\t\t\t\t\t\tmouse           : true,\n\t\t\t\t\t\tlayout          : \"boxed\",\n\t\t\t\t\t\twheel           : false,\n\t\t\t\t\t\tautoplay        : false,\n\t\t\t\t\t\tinstantStartLayers:false,\n\t\t\t\t\t\tloop            : false,\n\t\t\t\t\t\tshuffle         : false,\n\t\t\t\t\t\tpreload         : 0,\n\t\t\t\t\t\theightLimit     : true,\n\t\t\t\t\t\tautoHeight      : false,\n\t\t\t\t\t\tsmoothHeight    : true,\n\t\t\t\t\t\tendPause        : false,\n\t\t\t\t\t\toverPause       : true,\n\t\t\t\t\t\tfillMode        : \"fill\",\n\t\t\t\t\t\tcenterControls  : true,\n\t\t\t\t\t\tstartOnAppear   : false,\n\t\t\t\t\t\tlayersMode      : \"center\",\n\t\t\t\t\t\thideLayers      : false,\n\t\t\t\t\t\tfullscreenMargin: 0,\n\t\t\t\t\t\tspeed           : 20,\n\t\t\t\t\t\tdir             : \"h\",\n\t\t\t\t\t\tparallaxMode    : 'swipe',\n\t\t\t\t\t\tview            : \"basic\"\n\t\t\t\t});\n\n\t\t\t\t\n\t\t\t\twindow.masterslider_instances = window.masterslider_instances || [];\n\t\t\t\twindow.masterslider_instances.push( masterslider_2a4d );\n\t\t\t });\n\n\t\t})(jQuery);\n\t\t<\/script>\n\n<\/p>\n<p class=\"product-desc\">Aluminium frames and steel legs painted white. Stands in the form of \u201cT\u201d or \u201cV\u201d (which are supplied with casters). Surface: white (dry-wipe &amp; magnetic), cork or felt (blue or gray).<\/p>\n<p><img loading=\"lazy\" decoding=\"async\" class=\"aligncenter size-full wp-image-3413\" src=\"https:\/\/www.2x3.pl\/wp-content\/uploads\/2011\/05\/MT.png\" alt=\"MT - technical drawnig - dimensions\" width=\"600\" height=\"200\" srcset=\"https:\/\/www.2x3.pl\/wp-content\/uploads\/2011\/05\/MT.png 600w, https:\/\/www.2x3.pl\/wp-content\/uploads\/2011\/05\/MT-100x33.png 100w, https:\/\/www.2x3.pl\/wp-content\/uploads\/2011\/05\/MT-256x85.png 256w\" sizes=\"auto, (max-width: 600px) 100vw, 600px\" \/>\n<table id=\"wp-table-reloaded-id-216-no-1\" class=\"wp-table-reloaded wp-table-reloaded-id-216\">\n<thead>\n\t<tr class=\"row-1 odd\">\n\t\t<th class=\"column-1\"><\/th><th class=\"column-2\">2x3 Art. <\/th><th class=\"column-3\">Wymiary \/ Size<\/th><th class=\"column-4\">Komplet \/ Pack<\/th><th class=\"column-5\">Waga \/ Weight<\/th><th class=\"column-6\">Dostawa \/ Delivery<\/th>\n\t<\/tr>\n<\/thead>\n<tbody class=\"row-hover\">\n\t<tr class=\"row-2 even\">\n\t\t<td class=\"column-1\">lakierowana \/ laquered<\/td><td class=\"column-2\">MTS1215\/CV<\/td><td class=\"column-3\">120&nbsp;\u00d7&nbsp;150<\/td><td class=\"column-4\">1<\/td><td class=\"column-5\">24<\/td><td class=\"column-6\">10 dni \/ 10 days<\/td>\n\t<\/tr>\n\t<tr class=\"row-3 odd\">\n\t\t<td class=\"column-1\">lakierowana \/ laquered<\/td><td class=\"column-2\">MTS1215\/DV<\/td><td class=\"column-3\">120&nbsp;\u00d7&nbsp;150<\/td><td class=\"column-4\">1<\/td><td class=\"column-5\">24<\/td><td class=\"column-6\">10 dni \/ 10 days<\/td>\n\t<\/tr>\n\t<tr class=\"row-4 even\">\n\t\t<td class=\"column-1\">korkowa \/ cork<\/td><td class=\"column-2\">MTC1215\/CV<\/td><td class=\"column-3\">120&nbsp;\u00d7&nbsp;150<\/td><td class=\"column-4\">1<\/td><td class=\"column-5\">16<\/td><td class=\"column-6\">10 dni \/ 10 days<\/td>\n\t<\/tr>\n\t<tr class=\"row-5 odd\">\n\t\t<td class=\"column-1\">tekstylna \/ felt<\/td><td class=\"column-2\">MTT1215\/CV<\/td><td class=\"column-3\">120&nbsp;\u00d7&nbsp;150<\/td><td class=\"column-4\">1<\/td><td class=\"column-5\">15<\/td><td class=\"column-6\">10 dni \/ 10 days<\/td>\n\t<\/tr>\n\t<tr class=\"row-6 even\">\n\t\t<td class=\"column-1\">tekstylna \/ felt<\/td><td class=\"column-2\">MTT1215\/DV<\/td><td class=\"column-3\">120&nbsp;\u00d7&nbsp;150<\/td><td class=\"column-4\">1<\/td><td class=\"column-5\">15<\/td><td class=\"column-6\">10 dni \/ 10 days<\/td>\n\t<\/tr>\n\t<tr class=\"row-7 odd\">\n\t\t<td colspan=\"6\" class=\"column-1 colspan-6\"><strong>CV<\/strong> \u2013 1-cze\u015bciowa, na k\u00f3\u0142kach \/<br \/>\r\n<strong>DV<\/strong> \u2013 sk\u0142adana, na k\u00f3\u0142kach<strong>CV<\/strong> \u2013 uniform (flat), with casters <br \/>\r\n<strong>DV<\/strong> \u2013 folding, with casters<\/td>\n\t<\/tr>\n<\/tbody>\n<\/table>\n<br \/>\n<strong>Surfaces:<\/strong><br \/>\n<img loading=\"lazy\" decoding=\"async\" class=\"aligncenter size-full wp-image-3416\" src=\"https:\/\/www.2x3.pl\/wp-content\/uploads\/2011\/05\/surfaces_mt_en.jpg\" alt=\"Available surfaces\" width=\"600\" height=\"100\" srcset=\"https:\/\/www.2x3.pl\/wp-content\/uploads\/2011\/05\/surfaces_mt_en.jpg 600w, https:\/\/www.2x3.pl\/wp-content\/uploads\/2011\/05\/surfaces_mt_en-100x16.jpg 100w, https:\/\/www.2x3.pl\/wp-content\/uploads\/2011\/05\/surfaces_mt_en-256x42.jpg 256w\" sizes=\"auto, (max-width: 600px) 100vw, 600px\" \/><\/p>\n<p class=\"warranty\"><strong>Warranty:<\/strong> 2-year product warranty.<\/p>\n<p><\/p>","protected":false},"excerpt":{"rendered":"","protected":false},"author":18,"featured_media":0,"parent":33,"menu_order":0,"comment_status":"closed","ping_status":"closed","template":"","meta":{"ngg_post_thumbnail":0,"footnotes":""},"class_list":["post-158","page","type-page","status-publish","hentry"],"_links":{"self":[{"href":"https:\/\/www.2x3.pl\/en\/wp-json\/wp\/v2\/pages\/158","targetHints":{"allow":["GET"]}}],"collection":[{"href":"https:\/\/www.2x3.pl\/en\/wp-json\/wp\/v2\/pages"}],"about":[{"href":"https:\/\/www.2x3.pl\/en\/wp-json\/wp\/v2\/types\/page"}],"author":[{"embeddable":true,"href":"https:\/\/www.2x3.pl\/en\/wp-json\/wp\/v2\/users\/18"}],"replies":[{"embeddable":true,"href":"https:\/\/www.2x3.pl\/en\/wp-json\/wp\/v2\/comments?post=158"}],"version-history":[{"count":1,"href":"https:\/\/www.2x3.pl\/en\/wp-json\/wp\/v2\/pages\/158\/revisions"}],"predecessor-version":[{"id":15081,"href":"https:\/\/www.2x3.pl\/en\/wp-json\/wp\/v2\/pages\/158\/revisions\/15081"}],"up":[{"embeddable":true,"href":"https:\/\/www.2x3.pl\/en\/wp-json\/wp\/v2\/pages\/33"}],"wp:attachment":[{"href":"https:\/\/www.2x3.pl\/en\/wp-json\/wp\/v2\/media?parent=158"}],"curies":[{"name":"wp","href":"https:\/\/api.w.org\/{rel}","templated":true}]}}