{"id":3449,"date":"2013-03-25T11:35:43","date_gmt":"2013-03-25T10:35:43","guid":{"rendered":"http:\/\/www.2x3.pl\/?page_id=3449"},"modified":"2024-11-28T15:51:38","modified_gmt":"2024-11-28T14:51:38","slug":"jak-wylaczyc-pliki-cookies","status":"publish","type":"page","link":"https:\/\/www.2x3.pl\/en\/cookies\/jak-wylaczyc-pliki-cookies\/","title":{"rendered":"Jak wy\u0142\u0105czy\u0107 pliki cookies?"},"content":{"rendered":"<p><br \/>\nOnly in polish<br \/>\n<\/p>","protected":false},"excerpt":{"rendered":"","protected":false},"author":18,"featured_media":0,"parent":3447,"menu_order":0,"comment_status":"closed","ping_status":"closed","template":"","meta":{"ngg_post_thumbnail":0,"footnotes":""},"class_list":["post-3449","page","type-page","status-publish","hentry"],"_links":{"self":[{"href":"https:\/\/www.2x3.pl\/en\/wp-json\/wp\/v2\/pages\/3449","targetHints":{"allow":["GET"]}}],"collection":[{"href":"https:\/\/www.2x3.pl\/en\/wp-json\/wp\/v2\/pages"}],"about":[{"href":"https:\/\/www.2x3.pl\/en\/wp-json\/wp\/v2\/types\/page"}],"author":[{"embeddable":true,"href":"https:\/\/www.2x3.pl\/en\/wp-json\/wp\/v2\/users\/18"}],"replies":[{"embeddable":true,"href":"https:\/\/www.2x3.pl\/en\/wp-json\/wp\/v2\/comments?post=3449"}],"version-history":[{"count":1,"href":"https:\/\/www.2x3.pl\/en\/wp-json\/wp\/v2\/pages\/3449\/revisions"}],"predecessor-version":[{"id":15097,"href":"https:\/\/www.2x3.pl\/en\/wp-json\/wp\/v2\/pages\/3449\/revisions\/15097"}],"up":[{"embeddable":true,"href":"https:\/\/www.2x3.pl\/en\/wp-json\/wp\/v2\/pages\/3447"}],"wp:attachment":[{"href":"https:\/\/www.2x3.pl\/en\/wp-json\/wp\/v2\/media?parent=3449"}],"curies":[{"name":"wp","href":"https:\/\/api.w.org\/{rel}","templated":true}]}}