{"id":10889,"date":"2018-02-16T13:29:46","date_gmt":"2018-02-16T12:29:46","guid":{"rendered":"https:\/\/www.2x3.pl\/?page_id=10889"},"modified":"2024-11-27T15:13:31","modified_gmt":"2024-11-27T14:13:31","slug":"instrukcje-obslugi-tablice-esprit","status":"publish","type":"page","link":"https:\/\/www.2x3.pl\/pl\/pobierz\/instrukcje-obslugi-tablice-esprit\/","title":{"rendered":"Instrukcje obs\u0142ugi &#8211; \u00e9sprit"},"content":{"rendered":"<ul>\n<li>Jak\u0105 tablic\u0119 wybra\u0107 &#8211; aktualizacja 17.10.2019: <a href=\"https:\/\/www.2x3.pl\/instrukcje\/porownanie.pdf\">Por\u00f3wnanie naszych rozwi\u0105za\u0144 interaktywnych<\/a><\/li>\n<li>Instrukcja obs\u0142ugi PL &#8211; aktualizacja 17.10.2019: <a href=\"https:\/\/www.2x3.pl\/instrukcje\/Instrukcja_ESPRIT_pl.pdf\">PL<\/a><\/li>\n<li>Jak rozpozna\u0107 nasze tablice &#8211; aktualizacja 17.10.2019: <a href=\"https:\/\/www.2x3.pl\/instrukcje\/Esprit_opis_tablic.pdf\">Sprawd\u017a sw\u00f3j model<\/a><\/li>\n<li>Czy r\u00f3\u017cni si\u0119 oprogramowanie w wersji 1,2,3? &#8211; aktualizacja 17.10.2019: <a href=\"https:\/\/www.2x3.pl\/instrukcje\/Esprit_instalacja.pdf\">Instrukcja instalacji esprit<\/a><\/li>\n<\/ul>\n<ul>\n<li>User manual new version- languages (german, english, french, lithuanian) <a href=\"https:\/\/www.2x3.pl\/instrukcje\/esprit_soft_instrukcja_DE.pdf\">[ DE<\/a>, <a href=\"https:\/\/www.2x3.pl\/instrukcje\/esprit_soft_instrukcja_ENG.pdf\">EN<\/a>, <a href=\"https:\/\/www.2x3.pl\/instrukcje\/esprit_soft_instrukcja_FR.pdf\">FR<\/a>, <a href=\"https:\/\/www.2x3.pl\/instrukcje\/esprit_soft_instrukcja_LT.pdf\">LT ]<\/a><\/li>\n<li>User manual old version- languages  (russian, english, czech french, slovakian) <a href=\"https:\/\/www.2x3.pl\/download\/esprit_user-guide_ru.pdf\">[RU<\/a>, <a href=\"https:\/\/www.2x3.pl\/download\/esprit_user-guide_en.pdf\">EN<\/a>, <a href=\"https:\/\/www.2x3.pl\/download\/esprit_user-guide_fr.pdf\">FR<\/a>, <a href=\"https:\/\/www.2x3.pl\/download\/esprit_user-guide_cz.pdf\">CZ<\/a>,<a href=\"https:\/\/www.2x3.pl\/download\/esprit_user-guide_sk.pdf\">SK]<\/a><\/li>\n<\/ul>\n<ul>\n<li>User manual new version- languages (german, english, french, lithuanian) <a href=\"https:\/\/www.2x3.pl\/instrukcje\/esprit_soft_instrukcja_DE.pdf\">[ DE<\/a>, <a href=\"https:\/\/www.2x3.pl\/instrukcje\/esprit_soft_instrukcja_ENG.pdf\">EN<\/a>, <a href=\"https:\/\/www.2x3.pl\/instrukcje\/esprit_soft_instrukcja_FR.pdf\">FR<\/a>, <a href=\"https:\/\/www.2x3.pl\/instrukcje\/esprit_soft_instrukcja_LT.pdf\">LT ]<\/a><\/li>\n<li>User manual old version- languages (russian, english, czech french, slovakian) <a href=\"https:\/\/www.2x3.pl\/download\/esprit_user-guide_ru.pdf\">[RU<\/a>, <a href=\"https:\/\/www.2x3.pl\/download\/esprit_user-guide_en.pdf\">EN<\/a>, <a href=\"https:\/\/www.2x3.pl\/download\/esprit_user-guide_fr.pdf\">FR<\/a>,<a href=\"https:\/\/www.2x3.pl\/download\/esprit_user-guide_cz.pdf\">CZ<\/a>,<a href=\"https:\/\/www.2x3.pl\/download\/esprit_user-guide_sk.pdf\">SK]<\/a><\/li>\n<\/ul>\n","protected":false},"excerpt":{"rendered":"<p>Jak\u0105 tablic\u0119 wybra\u0107 &#8211; aktualizacja 17.10.2019: Por\u00f3wnanie naszych rozwi\u0105za\u0144 interaktywnych Instrukcja obs\u0142ugi PL &#8211; aktualizacja 17.10.2019: PL Jak rozpozna\u0107 nasze tablice &#8211; aktualizacja 17.10.2019: Sprawd\u017a sw\u00f3j model Czy r\u00f3\u017cni si\u0119 oprogramowanie w wersji 1,2,3? &#8211; aktualizacja 17.10.2019: Instrukcja instalacji esprit &hellip; <a href=\"https:\/\/www.2x3.pl\/pl\/pobierz\/instrukcje-obslugi-tablice-esprit\/\">Continue reading <span class=\"meta-nav\">&rarr;<\/span><\/a><\/p>\n","protected":false},"author":18,"featured_media":0,"parent":2075,"menu_order":0,"comment_status":"closed","ping_status":"closed","template":"","meta":{"ngg_post_thumbnail":0,"footnotes":""},"class_list":["post-10889","page","type-page","status-publish","hentry"],"_links":{"self":[{"href":"https:\/\/www.2x3.pl\/pl\/wp-json\/wp\/v2\/pages\/10889","targetHints":{"allow":["GET"]}}],"collection":[{"href":"https:\/\/www.2x3.pl\/pl\/wp-json\/wp\/v2\/pages"}],"about":[{"href":"https:\/\/www.2x3.pl\/pl\/wp-json\/wp\/v2\/types\/page"}],"author":[{"embeddable":true,"href":"https:\/\/www.2x3.pl\/pl\/wp-json\/wp\/v2\/users\/18"}],"replies":[{"embeddable":true,"href":"https:\/\/www.2x3.pl\/pl\/wp-json\/wp\/v2\/comments?post=10889"}],"version-history":[{"count":1,"href":"https:\/\/www.2x3.pl\/pl\/wp-json\/wp\/v2\/pages\/10889\/revisions"}],"predecessor-version":[{"id":14978,"href":"https:\/\/www.2x3.pl\/pl\/wp-json\/wp\/v2\/pages\/10889\/revisions\/14978"}],"up":[{"embeddable":true,"href":"https:\/\/www.2x3.pl\/pl\/wp-json\/wp\/v2\/pages\/2075"}],"wp:attachment":[{"href":"https:\/\/www.2x3.pl\/pl\/wp-json\/wp\/v2\/media?parent=10889"}],"curies":[{"name":"wp","href":"https:\/\/api.w.org\/{rel}","templated":true}]}}