{"id":11236,"date":"2018-05-24T15:40:50","date_gmt":"2018-05-24T13:40:50","guid":{"rendered":"https:\/\/www.2x3.pl\/?page_id=11236"},"modified":"2024-11-27T10:26:14","modified_gmt":"2024-11-27T09:26:14","slug":"polityka-prywatnosci","status":"publish","type":"page","link":"https:\/\/www.2x3.pl\/pl\/polityka-prywatnosci\/","title":{"rendered":"Polityka Prywatno\u015bci"},"content":{"rendered":"<p><br \/>\n<center><\/p>\n<h3>Polityka Prywatno\u015bci w firmie 2&#215;3 S. A.<br \/>\nul. S\u0142oneczna 3, 73-231 Krz\u0119cin<\/h3>\n<p><\/center><\/p>\n<p>1.\tPostanowienia og\u00f3lne<br \/>\nNiniejsza Polityka Prywatno\u015bci okre\u015bla zasady przetwarzania i ochrony danych osobowych przekazanych przez U\u017cytkownik\u00f3w w zwi\u0105zku z korzystaniem z naszych us\u0142ug, naszych kontrahent\u00f3w i ich pracownik\u00f3w. Pragniemy zadeklarowa\u0107, \u017ce pozyskane dane przetwarzamy zgodnie z krajowymi i europejskimi przepisami prawa oraz w warunkach gwarantuj\u0105cych ich bezpiecze\u0144stwo.<\/p>\n<p>2.\tAdministrator danych<br \/>\nAdministratorem danych osobowych czyli podmiotem decyduj\u0105cym o celach i sposobach przetwarzania jest 2&#215;3 S. A. z siedzib\u0105 przy ulicy S\u0142onecznej 3, 73-231 Krz\u0119cin, zarejestrowan\u0105 w S\u0105dzie Rejonowym Szczecin-Centrum w Szczecinie, XIII Wydzia\u0142 Gospodarczy Krajowego Rejestru S\u0105dowego pod numerem 0000314345, posiadaj\u0105c\u0105 numer NIP 594-152-78-31 oraz numer REGON 812732536, zwany dalej \u201eAdministratorem\u201d. <\/p>\n<p>3.\tZbierane dane i cel przetwarzania:<br \/>\nPrzegl\u0105danie zawarto\u015bci Serwisu nie wymaga podawania przez U\u017cytkownika danych osobowych poza okre\u015blonymi przypadkami, kiedy to U\u017cytkownik dobrowolnie prze\u015ble swoje dane osobowe za pomoc\u0105 jednego z formularzy dost\u0119pnych w okre\u015blonym celu i wyrazi zgod\u0119 na przetwarzanie swoich danych osobowych. Realizuj\u0105c swoje funkcje biznesowe, przetwarzamy dane osobowe w nast\u0119puj\u0105cych celach:<br \/>\na)\tdzia\u0142ania zmierzaj\u0105ce do zawarcia i realizacji umowy z klientem lub kontrahentem, na podstawie art. 6 ust. 1 lit. b RODO (dot. klient\u00f3w); art. 6 ust. 1 lit. f RODO (dot. os\u00f3b wsp\u00f3\u0142pracuj\u0105cych z nami w imieniu klienta\/kontrahenta),<br \/>\nb)\trozpatrywanie skarg, wniosk\u00f3w i reklamacji, na podstawie art. 6 ust. 1 lit. b, c oraz f RODO-przez czas trwania umowy lub do czasu up\u0142ywu r\u0119kojmi lub rozliczenia reklamacji,<br \/>\nc)\tustalenie, dochodzenie i obrona roszcze\u0144, na podstawie art. 6 ust. 1 lit. f RODO-przez czas do up\u0142ywu termin\u00f3w przedawnienia roszcze\u0144 wynikaj\u0105cych  z umowy, zgodnie z obowi\u0105zuj\u0105cymi przepisami prawa,<br \/>\nd)\tprowadzenie rozlicze\u0144, ksi\u0119gowo\u015bci i sprawozdawczo\u015bci finansowej, na podstawie art. 6 ust. 1 lit. c RODO- przez czas do wyga\u015bni\u0119cia obowi\u0105zk\u00f3w dotycz\u0105cych przechowywania danych, wynikaj\u0105cych z przepis\u00f3w prawa, w szczeg\u00f3lno\u015bci przechowywania dokument\u00f3w ksi\u0119gowych (co do zasady przez 5 lat po roku, w kt\u00f3rym wyst\u0105pi\u0142o zdarzenie prawne, kt\u00f3re obligowa\u0142o do wystawienia dokumentu ksi\u0119gowego),<br \/>\ne)\tprowadzenie dzia\u0142a\u0144 marketingowych (w tym przy wykorzystaniu \u015brodk\u00f3w komunikacji elektronicznej), na podstawie art. 6 ust. 1 lit. f RODO- do czasu wniesienia sprzeciwu, czyli okazania nam w dowolny spos\u00f3b, \u017ce nie chcesz pozostawa\u0107 z nami w kontakcie ani otrzymywa\u0107 informacji o podejmowanych przez nas dzia\u0142aniach, ewentualnie do czasu przedawnienia roszcze\u0144,<br \/>\nf)\trejestracja na platformie esprit.2&#215;3.pl.- w celu pobierania lekcji \/ prezentacji oraz w przypadku wyra\u017cenia zgody wzi\u0119cia udzia\u0142u w konkursach organizowanych przez firm\u0119 2&#215;3 S.A. oraz uzyskiwania informacji o trwaj\u0105cych konkursach. U\u017cytkownik rejestruje konto na stronie esprit.2&#215;3.pl uzupe\u0142niaj\u0105c formularz zawieraj\u0105cy pola: nazwa u\u017cytkownika, imi\u0119, nazwisko, email, has\u0142o, nazwa szko\u0142y, miasto. W momencie zaznaczenia zgody na przetwarzanie danych na stronie esprit.2&#215;3.pl \u2013 dane b\u0119d\u0105 przetwarzane w celu informowania o trwaj\u0105cych konkursach, mo\u017cliwo\u015bci g\u0142osowania na prezentacj\u0119 oraz udzia\u0142u w konkursie. Formularz kontaktowy b\u0119dzie u\u017cywany wy\u0142\u0105cznie w celu \u2013 udzielenia odpowiedzi na zadane pytanie. W przypadku posiadania przez U\u017cytkownika Konta w Serwisie, dane osobowe U\u017cytkownika b\u0119d\u0105 przechowywane tak d\u0142ugo, jak d\u0142ugo U\u017cytkownik b\u0119dzie prowadzi\u0142 Konto. W przypadku nie przejawiania \u017cadnej aktywno\u015bci U\u017cytkownika, konto w Serwisie zostanie usuni\u0119te po 2 latach od ostatniego logowania. Dane przetwarzane na podstawie zgody, a wi\u0119c dane wykorzystywane m.in. do wysy\u0142ania informacji marketingowych oraz handlowych, b\u0119d\u0105 przetwarzane do momentu cofni\u0119cia zgody przez U\u017cytkownika. Administrator Serwisu b\u0119dzie tak\u017ce przechowywa\u0142 dane osobowe U\u017cytkownika i wykorzystywa\u0142 je w razie potrzeby, aby dotrzyma\u0107 swoich zobowi\u0105za\u0144 prawnych, rozstrzyga\u0107 spory,<br \/>\ng)\tRejestracja na platformie reseller.2&#215;3.pl. W celu pobierania grafik \/ zdj\u0119\u0107 produkt\u00f3w firmy 2&#215;3. U\u017cytkownik rejestruje konto na stronie reseller.2&#215;3.pl uzupe\u0142niaj\u0105c formularz zawieraj\u0105cy pola: email, imi\u0119, nazwisko, nazwa firmy. Ka\u017cdy u\u017cytkownik jest weryfikowany. Portal tylko dla dystrybutor\u00f3w (firm). Dane tj. imi\u0119 i nazwisko nie s\u0105 obowi\u0105zkowe. Formularz kontaktowy b\u0119dzie u\u017cywany wy\u0142\u0105cznie w celu \u2013 udzielenia odpowiedzi na zadane pytanie. W przypadku posiadania przez U\u017cytkownika Konta w Serwisie, dane osobowe U\u017cytkownika b\u0119d\u0105 przechowywane tak d\u0142ugo, jak d\u0142ugo U\u017cytkownik b\u0119dzie prowadzi\u0142 Konto. W przypadku nie przejawiania \u017cadnej aktywno\u015bci U\u017cytkownika, konto w Serwisie zostanie usuni\u0119te po 2 latach od ostatniego logowania. Dane przetwarzane na podstawie zgody, a wi\u0119c dane wykorzystywane m.in. do wysy\u0142ania informacji marketingowych oraz handlowych, b\u0119d\u0105 przetwarzane do momentu cofni\u0119cia zgody przez U\u017cytkownika. Administrator Serwisu b\u0119dzie tak\u017ce przechowywa\u0142 dane osobowe U\u017cytkownika i wykorzystywa\u0142 je w razie potrzeby, aby dotrzyma\u0107 swoich zobowi\u0105za\u0144 prawnych, rozstrzyga\u0107 spory.<br \/>\nh)\tMonitorowania na terenie siedziby administratora danych w celu podniesienia bezpiecze\u0144stwa pracownik\u00f3w i ochrony mienia oraz zachowania tajemnicy informacji, na postawie art. 6 ust. 1 lit. f RODO- nagrania obrazu s\u0105 przetwarzane wy\u0142\u0105cznie do cel\u00f3w, dla kt\u00f3rych zosta\u0142y zebrane i przechowywane przez okres nieprzekraczaj\u0105cy 3 miesi\u0119cy od dnia nagrania lub do czasu wniesienia uzasadnionego sprzeciwu, chyba \u017ce nagranie stanowi dow\u00f3d w post\u0119powaniu \u2013 w\u00f3wczas do czasu prawomocnego zako\u0144czenia post\u0119powania,<br \/>\ni)\tprzetwarzania danych w ramach profilu 2&#215;3 S.A. na portalach spo\u0142eczno\u015bciowych, na podstawie  art. 6 ust. 1 lit. f RODO- dane b\u0119d\u0105 przetwarzane do czasu wniesienia sprzeciwu wobec przetwarzania danych, w celu prowadzenie bie\u017c\u0105cej korespondencji oraz prowadzenie innych dzia\u0142a\u0144 marketingowych,<br \/>\nj)\tprzetwarzania plik\u00f3w cookies , na podstawie art. 6 ust. 1 lit. f RODO- administrator korzysta z niezb\u0119dnych plik\u00f3w cookie, w celu umo\u017cliwienia dzia\u0142ania podstawowych funkcji strony. Ponadto, w przypadku prowadzenia bada\u0144 statystycznych, marketingu b\u0105d\u017a zapisywania preferencji u\u017cytkownika z wykorzystaniem plik\u00f3w cookies, administrator uzyska zgod\u0119 na zapisanie plik\u00f3w cookies na urz\u0105dzeniu u\u017cytkownika. W takim przypadku dane b\u0119d\u0105 przetwarzane przez okresy wskazane w  Polityce plik\u00f3w cookies lub do czasu wniesienia sprzeciwu wobec przetwarzania danych. Wyra\u017cenie sprzeciwu mo\u017ce nast\u0105pi\u0107 jedynie przez klikni\u0119cie opcji \u201eZmie\u0144 zgody ciasteczek\u201d. Wi\u0119cej informacji o plikach cookies mo\u017cna znale\u017a\u0107 na stronie: wszystkoociasteczkach.pl,<br \/>\nk)\tzarz\u0105dzania danymi osobowymi pracownik\u00f3w i wsp\u00f3\u0142pracownik\u00f3w, na podstawie art. 6 ust. 1 lit. a, b, c oraz f RODO; art. 9 ust. 2 lit. b RODO- zgodnie z obowi\u0105zuj\u0105cymi przepisami zobowi\u0105zuj\u0105cymi do archiwizowania dokument\u00f3w z zakresu prawa pracy, tj. akta osobowe przechowujemy przez 50 lub 10 lat. 10-letni okres przechowywania dokumentacji w sprawach zwi\u0105zanych ze stosunkiem pracy oraz akt osobowych pracownika jest stosowany dla wszystkich pracownik\u00f3w zatrudnionych po 1 stycznia 2019 r. W przypadku pracownik\u00f3w zatrudnionych po 31 grudnia 1998 r., a przed 1 stycznia 2019 r. dokumentacja zwi\u0105zana ze stosunkiem pracy oraz akta osobowe pracownika b\u0119d\u0105 przechowywane przez 50 lat od dnia rozwi\u0105zania lub wyga\u015bni\u0119cia stosunku pracy, przy czym w odniesieniu do tych spo\u015br\u00f3d wy\u017cej wymienionych pracownik\u00f3w, co do kt\u00f3rych pracodawca z\u0142o\u017cy raport informacyjny, o kt\u00f3rym mowa w art. 4 pkt 6a ustawy z 13 pa\u017adziernika 1998 r. o systemie ubezpiecze\u0144 spo\u0142ecznych, okres przechowywania dokumentacji oraz akt ulega skr\u00f3ceniu do 10 lat od ko\u0144ca roku kalendarzowego, w kt\u00f3rym niniejszy raport zosta\u0142 z\u0142o\u017cony. Je\u015bli okres przechowywania wybranych dokument\u00f3w b\u0119dzie kr\u00f3tszy, administrator b\u0119dzie przestrzega\u0142 tego kr\u00f3tszego terminu. Umowy cywilnoprawne b\u0119d\u0105 przechowywane do czasu up\u0142ywu termin\u00f3w przedawnienia wynikaj\u0105cych z nich roszcze\u0144,<br \/>\nl)\tprowadzenie rekrutacji, na podstawie art. 6 ust. 1 lit. a i c RODO (dot. kandydat\u00f3w na pracownik\u00f3w); art. 6 ust. 1 lit. a i b RODO (dot. kandydat\u00f3w na wsp\u00f3\u0142pracownik\u00f3w)- do zako\u0144czenia procesu rekrutacji, a w przypadku zgody wyra\u017conej na dalsze procesy rekrutacyjne do 24 miesi\u0119cy.<\/p>\n<p>4.\tOdbiorcy danych<br \/>\nW zwi\u0105zku z prowadzon\u0105 dzia\u0142alno\u015bci\u0105 2&#215;3 S.A. b\u0119dzie ujawnia\u0107 Twoje dane osobowe nast\u0119puj\u0105cym podmiotom:<br \/>\na)\torganom pa\u0144stwowym lub innym podmiotom uprawnionym na podstawie przepis\u00f3w prawa,<br \/>\nb)\tpodmiotom wspieraj\u0105cym nas w prowadzonej dzia\u0142alno\u015bci na nasze zlecenie, w szczeg\u00f3lno\u015bci: dostawcom zewn\u0119trznych system\u00f3w teleinformatycznych, w tym firmie Microsoft, podmiotom audytuj\u0105cym, firmom transportowym, ubezpieczaj\u0105cym,  \u015bwiadcz\u0105cym us\u0142ugi  z zakresu pomocy prawnej, ochrony mienia,<br \/>\nc)\tbankom, w przypadku konieczno\u015bci prowadzenia rozlicze\u0144,<br \/>\nd)\tw przypadku kandydat\u00f3w do pracy \u2013 r\u00f3wnie\u017c internetowym portalom rekrutacyjnym.<\/p>\n<p>5.\tPrawa U\u017cytkownika<br \/>\nAdministrator danych osobowych zapewnia realizacj\u0119 uprawnie\u0144 U\u017cytkownika wskazanych poni\u017cej.<br \/>\na)\tPrawo do cofni\u0119cia zgody<br \/>\nU\u017cytkownik ma prawo do cofni\u0119cia ka\u017cdej zgody, jakiej udzieli\u0142 w momencie rejestracji do Serwisu, jak r\u00f3wnie\u017c podczas korzystania z poszczeg\u00f3lnych us\u0142ug i funkcjonalno\u015bci oferowanych w Serwisie. Nale\u017cy jednak pami\u0119ta\u0107, \u017ce wi\u0105za\u0107 si\u0119 to mo\u017ce z utrat\u0105 mo\u017cliwo\u015bci korzystanie przez U\u017cytkownika z us\u0142ug lub funkcjonalno\u015bci Serwisu, kt\u00f3re zgodnie z prawem Administrator danych \u015bwiadczy jedynie za zgod\u0105.<br \/>\nb)\tPrawo do sprzeciwu wobec wykorzystania danych<br \/>\nU\u017cytkownik ma prawo w dowolnym momencie wnie\u015b\u0107 sprzeciw wobec wykorzystania swoich danych osobowych, je\u017celi dane U\u017cytkownika przetwarzane s\u0105 w oparciu o prawnie uzasadniony interes, np. marketingiem produkt\u00f3w i us\u0142ug. Rezygnacja z otrzymywania komunikat\u00f3w marketingowych dotycz\u0105cych produkt\u00f3w lub us\u0142ug 2\u00d73 S.A., b\u0119dzie oznacza\u0107 dla Administratora danych sprzeciw U\u017cytkownika na przetwarzanie jego danych osobowych. Je\u017celi sprzeciw U\u017cytkownika oka\u017ce si\u0119 zasadny i nie b\u0119dzie innej podstawy prawnej do przetwarzania danych osobowych U\u017cytkownika, Administrator danych usunie z Portalu dane U\u017cytkownika, wobec wykorzystania kt\u00f3rych wni\u00f3s\u0142 sprzeciw.<br \/>\nc)\tPrawo do usuni\u0119cia danych (\u201eprawo do bycia zapomnianym\u201d)<br \/>\nU\u017cytkownik ma prawo \u017c\u0105dania usuni\u0119cia danych osobowych, pod warunkiem, \u017ce:<br \/>\n\u2022\twycofa\u0142 okre\u015blon\u0105 zgod\u0119, w zakresie w jakim dane osobowe by\u0142y przetwarzane w oparciu o jego zgod\u0119;<br \/>\n\u2022\tdane osobowe U\u017cytkownika przesta\u0142y by\u0107 niezb\u0119dne do cel\u00f3w, w kt\u00f3rych zosta\u0142y zebrane lub w kt\u00f3rych by\u0142y przetwarzane;<br \/>\n\u2022\twni\u00f3s\u0142 sprzeciw wobec wykorzystywania swoich danych w celach marketingowych;<br \/>\n\u2022\tdane osobowe U\u017cytkownika s\u0105 przetwarzane niezgodnie z prawem.<br \/>\nPomimo \u017c\u0105dania usuni\u0119cia danych osobowych, w zwi\u0105zku z wniesieniem sprzeciwu lub wycofaniem zgody, Administrator mo\u017ce zachowa\u0107 pewne dane osobowe w zakresie niezb\u0119dnym do cel\u00f3w ustalenia, dochodzenia lub obrony roszcze\u0144.<br \/>\nd)\tPrawo do ograniczenia przetwarzania danych<br \/>\nU\u017cytkownik ma prawo do \u017c\u0105dania ograniczenia wykorzystania swoich danych osobowych w nast\u0119puj\u0105cych przypadkach:<br \/>\n\u2022\tgdy kwestionuje prawid\u0142owo\u015b\u0107 swoich danych osobowych \u2013 w\u00f3wczas Administrator ograniczy ich wykorzystanie na czas potrzebny do sprawdzenia prawid\u0142owo\u015bci jego danych;<br \/>\n\u2022\tgdy przetwarzanie danych U\u017cytkownika jest niezgodne z prawem, a zamiast usuni\u0119cia danych za\u017c\u0105da ograniczenia ich wykorzystania;<br \/>\n\u2022\tgdy dane osobowe U\u017cytkownika przesta\u0142y by\u0107 niezb\u0119dne do cel\u00f3w, w kt\u00f3rych Administrator je zabra\u0142 lub wykorzystywa\u0142;<br \/>\n\u2022\tgdy U\u017cytkownik wni\u00f3s\u0142 sprzeciw wobec wykorzystania swoich danych \u2013 w\u00f3wczas ograniczenie nast\u0119puje na czas potrzebny do rozwa\u017cenia, czy \u2013 ze wzgl\u0119du na szczeg\u00f3ln\u0105 sytuacj\u0119 U\u017cytkownika \u2013 ochrona interes\u00f3w, praw i wolno\u015bci przewa\u017ca nad interesami, kt\u00f3re realizuje Administrator, przetwarzaj\u0105c dane osobowe U\u017cytkownika.<br \/>\ne)\tPrawo dost\u0119pu do danych<br \/>\nU\u017cytkownik ma prawo dost\u0119pu do swoich danych oraz otrzymanie ich kopii. Ma prawo uzyska\u0107 od Administratora potwierdzenie, czy ten przetwarza jego dane osobowe, a je\u017celi ma to miejsce, ma prawo:<br \/>\n\u2022\tuzyska\u0107 dost\u0119p do swoich danych osobowych;<br \/>\n\u2022\tzyska\u0107 informacje o celach przetwarzania, kategoriach przetwarzanych danych osobowych, o odbiorcach lub kategoriach odbiorc\u00f3w tych danych, planowanym okresie przechowywania danych lub o kryteriach ustalania tego okresu, o prawach przys\u0142uguj\u0105cych U\u017cytkownikowi na mocy RODO oraz o prawie wniesienia skargi do organu nadzorczego, o \u017ar\u00f3dle tych danych, o zautomatyzowanym podejmowaniu decyzji, w tym o profilowaniu oraz o zabezpieczeniach stosowanych w zwi\u0105zku z przekazaniem tych danych poza Uni\u0119 Europejsk\u0105;<br \/>\n\u2022\tuzyska\u0107 kopi\u0119 swoich danych osobowych.<br \/>\nf)\tPrawo do sprostowania danych lub uzupe\u0142nienia danych niekompletnych<br \/>\nU\u017cytkownik ma prawo do sprostowania (poprawiania) danych, je\u017celi s\u0105 nieprawid\u0142owe. Jest to tak\u017ce prawo do uzupe\u0142nienia podanych przez siebie danych osobowych, je\u017celi s\u0105 niekompletne.<br \/>\ng)\tPrawo do przenoszenia danych<br \/>\nU\u017cytkownik ma prawo otrzyma\u0107 swoje dane osobowe, kt\u00f3re dostarczy\u0142 za pomoc\u0105 Serwisu, a nast\u0119pnie przes\u0142a\u0107 je do innego, wybranego przez siebie, administratora danych osobowych. U\u017cytkownik ma prawo \u017c\u0105da\u0107, by dane osobowe zosta\u0142y przes\u0142ane przez Administratora bezpo\u015brednio innemu administratorowi, o ile jest to technicznie mo\u017cliwe.<br \/>\nh)\tWniesienia skargi do organu nadzorczego<br \/>\nU\u017cytkownik ma prawo zg\u0142asza\u0107 do Administratora skargi, zapytania i wnioski dotycz\u0105ce przetwarzania jego danych osobowych oraz realizacji przys\u0142uguj\u0105cych jemu uprawnie\u0144. U\u017cytkownik ma prawo z\u0142o\u017cy\u0107 skarg\u0119 do organu nadzorczego (Prezes Urz\u0119du Ochrony Danych Osobowych) z siedzib\u0105 przy ul. Stawki 2 w Warszawie.<\/p>\n<p>6.\tBezpiecze\u0144stwo przesy\u0142anych danych<br \/>\nWszelkie dane osobowe U\u017cytkownika uzyskane za po\u015brednictwem Serwisu s\u0105 przetwarzane w spos\u00f3b zapewniaj\u0105cy ich bezpiecze\u0144stwo, zgodnie z przepisami powszechnie obowi\u0105zuj\u0105cego prawa, w szczeg\u00f3lno\u015bci za\u015b z rozporz\u0105dzeniem Parlamentu Europejskiego i Rady (UE) 2016\/679 z 27.04.2016 r. w sprawie ochrony os\u00f3b fizycznych w zwi\u0105zku z przetwarzaniem danych osobowych i w sprawie swobodnego przep\u0142ywu takich danych oraz uchylenia dyrektywy 95\/46\/WE.<\/p>\n<p>Strona 2&#215;3.pl posiada certyfikat SSL, kt\u00f3ry jest narz\u0119dziem zapewniaj\u0105cym ochron\u0119 witryny internetowej, a tak\u017ce gwarantem zachowania poufno\u015bci danych przesy\u0142anych drog\u0105 elektroniczn\u0105. Certyfikat SSL jest rodzajem zabezpieczenia polegaj\u0105cym na kodowaniu danych przed ich wys\u0142aniem z przegl\u0105darki U\u017cytkownika i dekodowaniu po bezpiecznym dotarciu na serwer. Informacje wysy\u0142ane z serwera do Klienta s\u0105 r\u00f3wnie\u017c kodowane, a po dotarciu do celu dekodowane.<br \/>\nPo po\u0142\u0105czeniu si\u0119 z bezpieczn\u0105 stron\u0105 www U\u017cytkownik jest o tym informowany w nast\u0119puj\u0105cy spos\u00f3b:<br \/>\na)\tw przegl\u0105darce Internet Explorer, w prawej cz\u0119\u015bci paska stanu jest wy\u015bwietlana k\u0142\u00f3dka. Klikaj\u0105c na ni\u0105 Klient zobaczy certyfikat autentyczno\u015bci (podpis cyfrowy) danej strony,<br \/>\n\u2022 w przegl\u0105darkach Firefox i Opera k\u0142\u00f3dka pokazuje si\u0119 na pasku nawigacji. Klikaj\u0105c na ni\u0105 Klient mo\u017ce obejrze\u0107 certyfikat autentyczno\u015bci danej strony.<br \/>\nb)\tPrzekazywanie i Udost\u0119pnianie danych osobowych<br \/>\nAdministrator danych udost\u0119pnia dane osobowe U\u017cytkownika podmiotom zale\u017cnym i powi\u0105zanym z Administratorem, a tak\u017ce podwykonawcom w zakresie niezb\u0119dnym do wykonania umowy o \u015bwiadczenie us\u0142ug drog\u0105 elektroniczn\u0105.<br \/>\nBez zgody u\u017cytkownika dane osobowe nie b\u0119d\u0105 udost\u0119pniane innym podmiotom trzecim, za wyj\u0105tkiem przekazania danych uprawnionym organom na podstawie przepis\u00f3w prawa.<\/p>\n<p>7.\tPrzekazywanie danych do pa\u0144stw trzecich<br \/>\nDane osobowe nie b\u0119d\u0105 przekazywane poza Europejski Obszar Gospodarczy.<\/p>\n<p>8.\tPrzetwarzanie danych osobowych w spos\u00f3b zautomatyzowany<br \/>\nTwoje dane osobowe nie b\u0119d\u0105 wykorzystywane w celu zautomatyzowanego podejmowania decyzji (w tym w formie profilowania) w ten spos\u00f3b, \u017ce w wyniku takiego zautomatyzowanego przetwarzania mog\u0142yby zapada\u0107 jakiekolwiek decyzje, kt\u00f3re wywo\u0142a\u0142yby skutki prawne lub w podobny spos\u00f3b wp\u0142ywa\u0142yby na jakiekolwiek skutki wobec klient\u00f3w, kontrahent\u00f3w, ich pracownik\u00f3w lub wsp\u00f3\u0142pracownik\u00f3w, jak r\u00f3wnie\u017c pracownik\u00f3w lub wsp\u00f3\u0142pracownik\u00f3w administratora czy kandydat\u00f3w do pracy.<\/p>\n<p>9.\tPrawa autorskie<br \/>\nWszelkie prawa zastrze\u017cone \u00a9 2&#215;3 S.A. \u2013 kopiowanie, reprodukcja, retransmisja lub redystrybucja jakichkolwiek materia\u0142\u00f3w zamieszczonych w serwisie www.2&#215;3.pl w ca\u0142o\u015bci lub te\u017c w cz\u0119\u015bci, w jakimkolwiek medium bez oficjalnej zgody w\u0142a\u015bciciela jest zabronione.<\/p>\n<p>10.\tZmiany w Polityce Prywatno\u015bci<br \/>\n2&#215;3 S.A. zastrzega sobie prawo do zmiany powy\u017cszej Polityki Prywatno\u015bci. Zmiany b\u0119d\u0105 udost\u0119pniane U\u017cytkownikom poprzez publikacj\u0119 na niniejszej stronie.<\/p>\n<p>11.\t Kontakt<br \/>\nWszelkie uwagi lub w\u0105tpliwo\u015bci zwi\u0105zane z niniejszymi zasadami ochrony danych osobowych danych prosimy kierowa\u0107:<br \/>\nna adres e-mail:<a href=\"mailto:iod@2x3.pl\">iod@2&#215;3.pl<\/a> lub pisemnie na adres: 2\u00d73 S. A. ul. S\u0142oneczna 3, 73-231 Krz\u0119cin<\/p>\n<p><\/p>\n","protected":false},"excerpt":{"rendered":"","protected":false},"author":18,"featured_media":0,"parent":0,"menu_order":0,"comment_status":"closed","ping_status":"closed","template":"","meta":{"ngg_post_thumbnail":0,"footnotes":""},"class_list":["post-11236","page","type-page","status-publish","hentry"],"_links":{"self":[{"href":"https:\/\/www.2x3.pl\/pl\/wp-json\/wp\/v2\/pages\/11236","targetHints":{"allow":["GET"]}}],"collection":[{"href":"https:\/\/www.2x3.pl\/pl\/wp-json\/wp\/v2\/pages"}],"about":[{"href":"https:\/\/www.2x3.pl\/pl\/wp-json\/wp\/v2\/types\/page"}],"author":[{"embeddable":true,"href":"https:\/\/www.2x3.pl\/pl\/wp-json\/wp\/v2\/users\/18"}],"replies":[{"embeddable":true,"href":"https:\/\/www.2x3.pl\/pl\/wp-json\/wp\/v2\/comments?post=11236"}],"version-history":[{"count":2,"href":"https:\/\/www.2x3.pl\/pl\/wp-json\/wp\/v2\/pages\/11236\/revisions"}],"predecessor-version":[{"id":14960,"href":"https:\/\/www.2x3.pl\/pl\/wp-json\/wp\/v2\/pages\/11236\/revisions\/14960"}],"wp:attachment":[{"href":"https:\/\/www.2x3.pl\/pl\/wp-json\/wp\/v2\/media?parent=11236"}],"curies":[{"name":"wp","href":"https:\/\/api.w.org\/{rel}","templated":true}]}}