{"id":11853,"date":"2019-05-15T13:24:21","date_gmt":"2019-05-15T11:24:21","guid":{"rendered":"https:\/\/www.2x3.pl\/?page_id=11853"},"modified":"2024-11-27T14:00:30","modified_gmt":"2024-11-27T13:00:30","slug":"rodo","status":"publish","type":"page","link":"https:\/\/www.2x3.pl\/pl\/rodo\/","title":{"rendered":"RODO"},"content":{"rendered":"<p>Na podstawie art. 37 ust. 1 i 4 rozporz\u0105dzenia Parlamentu Europejskiego i Rady (UE) 2016\/679  z 27 kwietnia 2016 r. w sprawie ochrony os\u00f3b fizycznych w zwi\u0105zku z przetwarzaniem danych osobowych i w sprawie swobodnego przep\u0142ywu takich danych oraz uchylenia dyrektywy 95\/46\/WE (Dz.Urz.UE.L Nr 119, str. 1), wyznacza si\u0119 inspektora Ochrony Danych Osobowych dla 2&#215;3 S.A. Pani\u0105 <strong>Sylwi\u0119 Kucharczyk.<\/strong> Z Inspektorem Ochrony Danych Osobowych mo\u017cna skontaktowa\u0107 si\u0119 za po\u015brednictwem poczty elektronicznej pod adresem e-mail <a href=\"mailto:iodo@2x3.pl\">iodo@2&#215;3.pl<\/a> lub pisemnie na adres siedziby firmy.<\/p>\n","protected":false},"excerpt":{"rendered":"<p>Na podstawie art. 37 ust. 1 i 4 rozporz\u0105dzenia Parlamentu Europejskiego i Rady (UE) 2016\/679 z 27 kwietnia 2016 r. w sprawie ochrony os\u00f3b fizycznych w zwi\u0105zku z przetwarzaniem danych osobowych i w sprawie swobodnego przep\u0142ywu takich danych oraz uchylenia &hellip; <a href=\"https:\/\/www.2x3.pl\/pl\/rodo\/\">Continue reading <span class=\"meta-nav\">&rarr;<\/span><\/a><\/p>\n","protected":false},"author":18,"featured_media":0,"parent":0,"menu_order":0,"comment_status":"closed","ping_status":"closed","template":"","meta":{"ngg_post_thumbnail":0,"footnotes":""},"class_list":["post-11853","page","type-page","status-publish","hentry"],"_links":{"self":[{"href":"https:\/\/www.2x3.pl\/pl\/wp-json\/wp\/v2\/pages\/11853","targetHints":{"allow":["GET"]}}],"collection":[{"href":"https:\/\/www.2x3.pl\/pl\/wp-json\/wp\/v2\/pages"}],"about":[{"href":"https:\/\/www.2x3.pl\/pl\/wp-json\/wp\/v2\/types\/page"}],"author":[{"embeddable":true,"href":"https:\/\/www.2x3.pl\/pl\/wp-json\/wp\/v2\/users\/18"}],"replies":[{"embeddable":true,"href":"https:\/\/www.2x3.pl\/pl\/wp-json\/wp\/v2\/comments?post=11853"}],"version-history":[{"count":1,"href":"https:\/\/www.2x3.pl\/pl\/wp-json\/wp\/v2\/pages\/11853\/revisions"}],"predecessor-version":[{"id":14964,"href":"https:\/\/www.2x3.pl\/pl\/wp-json\/wp\/v2\/pages\/11853\/revisions\/14964"}],"wp:attachment":[{"href":"https:\/\/www.2x3.pl\/pl\/wp-json\/wp\/v2\/media?parent=11853"}],"curies":[{"name":"wp","href":"https:\/\/api.w.org\/{rel}","templated":true}]}}