{"id":12018,"date":"2019-11-22T12:37:03","date_gmt":"2019-11-22T11:37:03","guid":{"rendered":"https:\/\/www.2x3.pl\/?page_id=12018"},"modified":"2024-11-28T15:08:44","modified_gmt":"2024-11-28T14:08:44","slug":"tablice-mobilne-eco","status":"publish","type":"page","link":"https:\/\/www.2x3.pl\/pl\/tablice-mobilne-eco\/","title":{"rendered":"Tablice mobilne ECO"},"content":{"rendered":"<p><br \/>\n<a id=\"tos\" name=\"tos\"><\/a><span class=\"product-code\">TOS ECO<\/span><\/p>\n<h2><\/h2>\n<p><\/a><br \/>\n\n\t\t<!-- MasterSlider -->\n\t\t<div id=\"P_MS69f03dbd09c3a\" class=\"master-slider-parent msl ms-parent-id-164\" style=\"max-width:1000px;\">\n\n\t\t\t\n\t\t\t<!-- MasterSlider Main -->\n\t\t\t<div id=\"MS69f03dbd09c3a\" class=\"master-slider ms-skin-default\" >\n\t\t\t\t \t\t\t\t \n\t\t\t\t<div  class=\"ms-slide\" data-delay=\"3\" data-fill-mode=\"fit\"  >\n\t\t\t\t\t<img decoding=\"async\" src=\"https:\/\/www.2x3.pl\/wp-content\/plugins\/master-slider\/public\/assets\/css\/blank.gif\" alt=\"\" title=\"\" data-src=\"https:\/\/www.2x3.pl\/wp-content\/uploads\/2022\/10\/1.GLOWNE-scaled.jpg\" \/>\n\n\n\t<div class=\"ms-thumb\" ><div class=\"ms-tab-context\"><div class=\"&quot;ms-tab-context&quot;\"><\/div><\/div>\n<\/div>\n\t\t\t\t<\/div>\n\n\t\t\t<\/div>\n\t\t\t<!-- END MasterSlider Main -->\n\n\t\t\t \n\t\t<\/div>\n\t\t<!-- END MasterSlider -->\n\n\t\t<script>\n\t\t(function ( $ ) {\n\t\t\t\"use strict\";\n\n\t\t\t$(function () {\n\t\t\t\tvar masterslider_9c3a = new MasterSlider();\n\n\t\t\t\t\/\/ slider controls\n\n\t\t\t\t\/\/ slider setup\n\t\t\t\tmasterslider_9c3a.setup(\"MS69f03dbd09c3a\", {\n\t\t\t\t\t\twidth           : 1000,\n\t\t\t\t\t\theight          : 600,\n\t\t\t\t\t\tminHeight       : 0,\n\t\t\t\t\t\tspace           : 0,\n\t\t\t\t\t\tstart           : 1,\n\t\t\t\t\t\tgrabCursor      : true,\n\t\t\t\t\t\tswipe           : true,\n\t\t\t\t\t\tmouse           : true,\n\t\t\t\t\t\tlayout          : \"boxed\",\n\t\t\t\t\t\twheel           : false,\n\t\t\t\t\t\tautoplay        : false,\n\t\t\t\t\t\tinstantStartLayers:false,\n\t\t\t\t\t\tloop            : false,\n\t\t\t\t\t\tshuffle         : false,\n\t\t\t\t\t\tpreload         : 0,\n\t\t\t\t\t\theightLimit     : true,\n\t\t\t\t\t\tautoHeight      : false,\n\t\t\t\t\t\tsmoothHeight    : true,\n\t\t\t\t\t\tendPause        : false,\n\t\t\t\t\t\toverPause       : true,\n\t\t\t\t\t\tfillMode        : \"fill\",\n\t\t\t\t\t\tcenterControls  : true,\n\t\t\t\t\t\tstartOnAppear   : false,\n\t\t\t\t\t\tlayersMode      : \"center\",\n\t\t\t\t\t\thideLayers      : false,\n\t\t\t\t\t\tfullscreenMargin: 0,\n\t\t\t\t\t\tspeed           : 20,\n\t\t\t\t\t\tdir             : \"h\",\n\t\t\t\t\t\tparallaxMode    : 'swipe',\n\t\t\t\t\t\tview            : \"basic\"\n\t\t\t\t});\n\n\t\t\t\t\n\t\t\t\twindow.masterslider_instances = window.masterslider_instances || [];\n\t\t\t\twindow.masterslider_instances.push( masterslider_9c3a );\n\t\t\t });\n\n\t\t})(jQuery);\n\t\t<\/script>\n\n<\/p>\n<p class=\"product-desc\">Tablica obrotowo-jezdna Eco. Dwustronna bia\u0142a tablica sucho\u015bcieralna obrotowa o powierzchni lakierowanej o w\u0142a\u015bciwo\u015bciach magnetycznych. Konstrukcja aluminiowa. Rama wyko\u0144czona jest eleganckimi, popielatymi naro\u017cnikami. Solidna konstrukcja zapewnia stabilno\u015b\u0107 produktu. Tablica obraca si\u0119 wok\u00f3\u0142 poziomej osi o 360\u00b0. <\/p>\n<p>Istnieje mo\u017cliwo\u015b\u0107 zablokowania jej w dowolnej pozycji, przy u\u017cyciu pokr\u0119t\u0142a bocznego. Podstawa jezdna wyposa\u017cona w k\u00f3\u0142ka z systemem blokuj\u0105cym, u\u0142atwiaj\u0105ce przemieszczanie si\u0119 tablicy w dowolne miejsce.<br \/>\n<br \/>\n\n<table id=\"wp-table-reloaded-id-280-no-1\" class=\"wp-table-reloaded wp-table-reloaded-id-280\">\n<thead>\n\t<tr class=\"row-1 odd\">\n\t\t<th class=\"column-1\">2x3 Art. <\/th><th class=\"column-2\">Wymiary \/ Size<\/th><th class=\"column-3\">Powierzchnia \/ Surface<\/th><th class=\"column-4\">Kontrukcja \/ Construction<\/th>\n\t<\/tr>\n<\/thead>\n<tbody class=\"row-hover\">\n\t<tr class=\"row-2 even\">\n\t\t<td class=\"column-1\">TOS129 ECO<\/td><td class=\"column-2\">120x90<\/td><td class=\"column-3\">lakierowana \/ lacquered<\/td><td class=\"column-4\">aluminium<\/td>\n\t<\/tr>\n\t<tr class=\"row-3 odd\">\n\t\t<td class=\"column-1\">TOS1510 ECO<\/td><td class=\"column-2\">150x100<\/td><td class=\"column-3\">lakierowana \/ lacquered<\/td><td class=\"column-4\">aluminium<\/td>\n\t<\/tr>\n\t<tr class=\"row-4 even\">\n\t\t<td class=\"column-1\">TOS1218 ECO<\/td><td class=\"column-2\">180x120<\/td><td class=\"column-3\">lakierowana \/ lacquered<\/td><td class=\"column-4\">aluminium<\/td>\n\t<\/tr>\n<\/tbody>\n<\/table>\n<\/p>\n<p class=\"warranty\"><strong>Gwarancja:<\/strong> 2 lata na produkt, 10 lat na powierzchni\u0119 lakierowan\u0105.<\/p>\n<div class=\"product-card\"><a class=\"pdf-file-32\" href=\"https:\/\/www.2x3.pl\/pdf\/TOS_ECO_.pdf\">Karta produktowa &#8211; TOS ECO<\/a><\/div>\n<p><\/p>\n<p><!--:--><\/p>\n","protected":false},"excerpt":{"rendered":"","protected":false},"author":18,"featured_media":0,"parent":0,"menu_order":0,"comment_status":"closed","ping_status":"closed","template":"","meta":{"ngg_post_thumbnail":0,"footnotes":""},"class_list":["post-12018","page","type-page","status-publish","hentry"],"_links":{"self":[{"href":"https:\/\/www.2x3.pl\/pl\/wp-json\/wp\/v2\/pages\/12018","targetHints":{"allow":["GET"]}}],"collection":[{"href":"https:\/\/www.2x3.pl\/pl\/wp-json\/wp\/v2\/pages"}],"about":[{"href":"https:\/\/www.2x3.pl\/pl\/wp-json\/wp\/v2\/types\/page"}],"author":[{"embeddable":true,"href":"https:\/\/www.2x3.pl\/pl\/wp-json\/wp\/v2\/users\/18"}],"replies":[{"embeddable":true,"href":"https:\/\/www.2x3.pl\/pl\/wp-json\/wp\/v2\/comments?post=12018"}],"version-history":[{"count":3,"href":"https:\/\/www.2x3.pl\/pl\/wp-json\/wp\/v2\/pages\/12018\/revisions"}],"predecessor-version":[{"id":15033,"href":"https:\/\/www.2x3.pl\/pl\/wp-json\/wp\/v2\/pages\/12018\/revisions\/15033"}],"wp:attachment":[{"href":"https:\/\/www.2x3.pl\/pl\/wp-json\/wp\/v2\/media?parent=12018"}],"curies":[{"name":"wp","href":"https:\/\/api.w.org\/{rel}","templated":true}]}}