{"id":12265,"date":"2020-04-03T15:43:35","date_gmt":"2020-04-03T13:43:35","guid":{"rendered":"https:\/\/www.2x3.pl\/?page_id=12265"},"modified":"2025-03-12T11:08:13","modified_gmt":"2025-03-12T10:08:13","slug":"bezpieczna-strefa","status":"publish","type":"page","link":"https:\/\/www.2x3.pl\/pl\/bezpieczna-strefa\/","title":{"rendered":"Bezpieczna przestrze\u0144"},"content":{"rendered":"<br \/>\n<img loading=\"lazy\" decoding=\"async\" src=\"https:\/\/www.2x3.pl\/wp-content\/uploads\/2020\/04\/stay_healthy_with_2x3_bg.png\" alt=\"\" width=\"1240\" height=\"261\" class=\"alignnone size-full wp-image-12383\" srcset=\"https:\/\/www.2x3.pl\/wp-content\/uploads\/2020\/04\/stay_healthy_with_2x3_bg.png 1240w, https:\/\/www.2x3.pl\/wp-content\/uploads\/2020\/04\/stay_healthy_with_2x3_bg-256x54.png 256w, https:\/\/www.2x3.pl\/wp-content\/uploads\/2020\/04\/stay_healthy_with_2x3_bg-1024x216.png 1024w, https:\/\/www.2x3.pl\/wp-content\/uploads\/2020\/04\/stay_healthy_with_2x3_bg-100x21.png 100w, https:\/\/www.2x3.pl\/wp-content\/uploads\/2020\/04\/stay_healthy_with_2x3_bg-768x162.png 768w, https:\/\/www.2x3.pl\/wp-content\/uploads\/2020\/04\/stay_healthy_with_2x3_bg-940x198.png 940w\" sizes=\"auto, (max-width: 1240px) 100vw, 1240px\" \/><br \/>\n<br \/>\n<strong>Bezpieczna przestrze\u0144 <\/strong>w miejscu pracy: w biurze, pracowni, fabryce, szpitalu lub przychodni.<br \/>\nOferujemy produkty, kt\u00f3re pomog\u0105 przeciwdzia\u0142a\u0107 rozprzestrzenianiu<br \/>\nbakterii i wirus\u00f3w.<\/p>\n<p>\n\t\t<!-- MasterSlider -->\n\t\t<div id=\"P_MS69f03dbd087fd\" class=\"master-slider-parent msl ms-parent-id-171\" style=\"max-width:1000px;\">\n\n\t\t\t\n\t\t\t<!-- MasterSlider Main -->\n\t\t\t<div id=\"MS69f03dbd087fd\" class=\"master-slider ms-skin-default\" >\n\t\t\t\t \t\t\t\t \n\t\t\t\t<div  class=\"ms-slide\" data-delay=\"3\" data-fill-mode=\"fit\"  >\n\t\t\t\t\t<img decoding=\"async\" src=\"https:\/\/www.2x3.pl\/wp-content\/plugins\/master-slider\/public\/assets\/css\/blank.gif\" alt=\"\" title=\"\" data-src=\"https:\/\/www.2x3.pl\/wp-content\/uploads\/2020\/04\/IMG_0369_m.png\" \/>\n\n\n\t<img decoding=\"async\" class=\"ms-thumb\" src=\"https:\/\/www.2x3.pl\/wp-content\/uploads\/2020\/04\/IMG_0369_m-100x80.png\" alt=\"\" \/>\n\t<div class=\"ms-thumb\" ><div class=\"ms-tab-context\"><div class=\"&quot;ms-tab-context&quot;\"><\/div><\/div>\n<\/div>\n\t\t\t\t<\/div>\n\t\t\t\t<div  class=\"ms-slide\" data-delay=\"3\" data-fill-mode=\"fit\"  >\n\t\t\t\t\t<img decoding=\"async\" src=\"https:\/\/www.2x3.pl\/wp-content\/plugins\/master-slider\/public\/assets\/css\/blank.gif\" alt=\"\" title=\"\" data-src=\"https:\/\/www.2x3.pl\/wp-content\/uploads\/2020\/04\/IMG_0365_m.png\" \/>\n\n\n\t<img decoding=\"async\" class=\"ms-thumb\" src=\"https:\/\/www.2x3.pl\/wp-content\/uploads\/2020\/04\/IMG_0365_m-100x80.png\" alt=\"\" \/>\n\t<div class=\"ms-thumb\" ><div class=\"ms-tab-context\"><div class=\"&quot;ms-tab-context&quot;\"><\/div><\/div>\n<\/div>\n\t\t\t\t<\/div>\n\t\t\t\t<div  class=\"ms-slide\" data-delay=\"3\" data-fill-mode=\"fit\"  >\n\t\t\t\t\t<img decoding=\"async\" src=\"https:\/\/www.2x3.pl\/wp-content\/plugins\/master-slider\/public\/assets\/css\/blank.gif\" alt=\"\" title=\"\" data-src=\"https:\/\/www.2x3.pl\/wp-content\/uploads\/2020\/04\/MG_5419_sq.jpg\" \/>\n\n\n\t<img decoding=\"async\" class=\"ms-thumb\" src=\"https:\/\/www.2x3.pl\/wp-content\/uploads\/2020\/04\/MG_5419_sq-100x80.jpg\" alt=\"\" \/>\n\t<div class=\"ms-thumb\" ><div class=\"ms-tab-context\"><div class=\"&quot;ms-tab-context&quot;\"><\/div><\/div>\n<\/div>\n\t\t\t\t<\/div>\n\t\t\t\t<div  class=\"ms-slide\" data-delay=\"3\" data-fill-mode=\"fit\"  >\n\t\t\t\t\t<img decoding=\"async\" src=\"https:\/\/www.2x3.pl\/wp-content\/plugins\/master-slider\/public\/assets\/css\/blank.gif\" alt=\"\" title=\"\" data-src=\"https:\/\/www.2x3.pl\/wp-content\/uploads\/2020\/04\/TM_SH.png\" \/>\n\n\n\t<img decoding=\"async\" class=\"ms-thumb\" src=\"https:\/\/www.2x3.pl\/wp-content\/uploads\/2020\/04\/TM_SH-100x80.png\" alt=\"\" \/>\n\t<div class=\"ms-thumb\" ><div class=\"ms-tab-context\"><div class=\"&quot;ms-tab-context&quot;\"><\/div><\/div>\n<\/div>\n\t\t\t\t<\/div>\n\t\t\t\t<div  class=\"ms-slide\" data-delay=\"3\" data-fill-mode=\"fit\"  >\n\t\t\t\t\t<img decoding=\"async\" src=\"https:\/\/www.2x3.pl\/wp-content\/plugins\/master-slider\/public\/assets\/css\/blank.gif\" alt=\"\" title=\"\" data-src=\"https:\/\/www.2x3.pl\/wp-content\/uploads\/2020\/04\/TM_SH2x3_glass_100x60_ShortLegs_P-1.png\" \/>\n\n\n\t<img decoding=\"async\" class=\"ms-thumb\" src=\"https:\/\/www.2x3.pl\/wp-content\/uploads\/2020\/04\/TM_SH2x3_glass_100x60_ShortLegs_P-1-100x80.png\" alt=\"\" \/>\n\t<div class=\"ms-thumb\" ><div class=\"ms-tab-context\"><div class=\"&quot;ms-tab-context&quot;\"><\/div><\/div>\n<\/div>\n\t\t\t\t<\/div>\n\t\t\t\t<div  class=\"ms-slide\" data-delay=\"3\" data-fill-mode=\"fit\"  >\n\t\t\t\t\t<img decoding=\"async\" src=\"https:\/\/www.2x3.pl\/wp-content\/plugins\/master-slider\/public\/assets\/css\/blank.gif\" alt=\"\" title=\"\" data-src=\"https:\/\/www.2x3.pl\/wp-content\/uploads\/2020\/04\/MTS_CV_MEDIUM_glass_4mm.png\" \/>\n\n\n\t<img decoding=\"async\" class=\"ms-thumb\" src=\"https:\/\/www.2x3.pl\/wp-content\/uploads\/2020\/04\/MTS_CV_MEDIUM_glass_4mm-100x80.png\" alt=\"\" \/>\n\t<div class=\"ms-thumb\" ><div class=\"ms-tab-context\"><div class=\"&quot;ms-tab-context&quot;\"><\/div><\/div>\n<\/div>\n\t\t\t\t<\/div>\n\t\t\t\t<div  class=\"ms-slide\" data-delay=\"3\" data-fill-mode=\"fit\"  >\n\t\t\t\t\t<img decoding=\"async\" src=\"https:\/\/www.2x3.pl\/wp-content\/plugins\/master-slider\/public\/assets\/css\/blank.gif\" alt=\"\" title=\"\" data-src=\"https:\/\/www.2x3.pl\/wp-content\/uploads\/2020\/04\/MG_5421_sq.jpg\" \/>\n\n\n\t<img decoding=\"async\" class=\"ms-thumb\" src=\"https:\/\/www.2x3.pl\/wp-content\/uploads\/2020\/04\/MG_5421_sq-100x80.jpg\" alt=\"\" \/>\n\t<div class=\"ms-thumb\" ><div class=\"ms-tab-context\"><div class=\"&quot;ms-tab-context&quot;\"><\/div><\/div>\n<\/div>\n\t\t\t\t<\/div>\n\t\t\t\t<div  class=\"ms-slide\" data-delay=\"3\" data-fill-mode=\"fit\"  >\n\t\t\t\t\t<img decoding=\"async\" src=\"https:\/\/www.2x3.pl\/wp-content\/plugins\/master-slider\/public\/assets\/css\/blank.gif\" alt=\"\" title=\"\" data-src=\"https:\/\/www.2x3.pl\/wp-content\/uploads\/2020\/04\/divider__IMG_0381_m.png\" \/>\n\n\n\t<img decoding=\"async\" class=\"ms-thumb\" src=\"https:\/\/www.2x3.pl\/wp-content\/uploads\/2020\/04\/divider__IMG_0381_m-100x80.png\" alt=\"\" \/>\n\t<div class=\"ms-thumb\" ><div class=\"ms-tab-context\"><div class=\"&quot;ms-tab-context&quot;\"><\/div><\/div>\n<\/div>\n\t\t\t\t<\/div>\n\t\t\t\t<div  class=\"ms-slide\" data-delay=\"3\" data-fill-mode=\"fit\"  >\n\t\t\t\t\t<img decoding=\"async\" src=\"https:\/\/www.2x3.pl\/wp-content\/plugins\/master-slider\/public\/assets\/css\/blank.gif\" alt=\"\" title=\"\" data-src=\"https:\/\/www.2x3.pl\/wp-content\/uploads\/2020\/04\/TM_SH2x3_glass_40x60_ShortLegs_P-1.png\" \/>\n\n\n\t<img decoding=\"async\" class=\"ms-thumb\" src=\"https:\/\/www.2x3.pl\/wp-content\/uploads\/2020\/04\/TM_SH2x3_glass_40x60_ShortLegs_P-1-100x80.png\" alt=\"\" \/>\n\t<div class=\"ms-thumb\" ><div class=\"ms-tab-context\"><div class=\"&quot;ms-tab-context&quot;\"><\/div><\/div>\n<\/div>\n\t\t\t\t<\/div>\n\t\t\t\t<div  class=\"ms-slide\" data-delay=\"3\" data-fill-mode=\"fit\"  >\n\t\t\t\t\t<img decoding=\"async\" src=\"https:\/\/www.2x3.pl\/wp-content\/plugins\/master-slider\/public\/assets\/css\/blank.gif\" alt=\"\" title=\"\" data-src=\"https:\/\/www.2x3.pl\/wp-content\/uploads\/2020\/04\/dividerbasket__IMG_0381_m.png\" \/>\n\n\n\t<img decoding=\"async\" class=\"ms-thumb\" src=\"https:\/\/www.2x3.pl\/wp-content\/uploads\/2020\/04\/dividerbasket__IMG_0381_m-100x80.png\" alt=\"\" \/>\n\t<div class=\"ms-thumb\" ><div class=\"ms-tab-context\"><div class=\"&quot;ms-tab-context&quot;\"><\/div><\/div>\n<\/div>\n\t\t\t\t<\/div>\n\t\t\t\t<div  class=\"ms-slide\" data-delay=\"3\" data-fill-mode=\"fit\"  >\n\t\t\t\t\t<img decoding=\"async\" src=\"https:\/\/www.2x3.pl\/wp-content\/plugins\/master-slider\/public\/assets\/css\/blank.gif\" alt=\"\" title=\"\" data-src=\"https:\/\/www.2x3.pl\/wp-content\/uploads\/2020\/04\/TM_SH2x3_glass_100x60_ShortLegs_sideProtection_P_m.png\" \/>\n\n\n\t<img decoding=\"async\" class=\"ms-thumb\" src=\"https:\/\/www.2x3.pl\/wp-content\/uploads\/2020\/04\/TM_SH2x3_glass_100x60_ShortLegs_sideProtection_P_m-100x80.png\" alt=\"\" \/>\n\t<div class=\"ms-thumb\" ><div class=\"ms-tab-context\"><div class=\"&quot;ms-tab-context&quot;\"><\/div><\/div>\n<\/div>\n\t\t\t\t<\/div>\n\t\t\t\t<div  class=\"ms-slide\" data-delay=\"3\" data-fill-mode=\"fit\"  >\n\t\t\t\t\t<img decoding=\"async\" src=\"https:\/\/www.2x3.pl\/wp-content\/plugins\/master-slider\/public\/assets\/css\/blank.gif\" alt=\"\" title=\"\" data-src=\"https:\/\/www.2x3.pl\/wp-content\/uploads\/2020\/04\/ekran_ochronny_90x120.png\" \/>\n\n\n\t<img decoding=\"async\" class=\"ms-thumb\" src=\"https:\/\/www.2x3.pl\/wp-content\/uploads\/2020\/04\/ekran_ochronny_90x120-100x80.png\" alt=\"\" \/>\n\t<div class=\"ms-thumb\" ><div class=\"ms-tab-context\"><div class=\"&quot;ms-tab-context&quot;\"><\/div><\/div>\n<\/div>\n\t\t\t\t<\/div>\n\t\t\t\t<div  class=\"ms-slide\" data-delay=\"3\" data-fill-mode=\"fit\"  >\n\t\t\t\t\t<img decoding=\"async\" src=\"https:\/\/www.2x3.pl\/wp-content\/plugins\/master-slider\/public\/assets\/css\/blank.gif\" alt=\"\" title=\"\" data-src=\"https:\/\/www.2x3.pl\/wp-content\/uploads\/2020\/04\/MTS_CV_MEDIUM_glass_4mm_v2.png\" \/>\n\n\n\t<img decoding=\"async\" class=\"ms-thumb\" src=\"https:\/\/www.2x3.pl\/wp-content\/uploads\/2020\/04\/MTS_CV_MEDIUM_glass_4mm_v2-100x80.png\" alt=\"\" \/>\n\t<div class=\"ms-thumb\" ><div class=\"ms-tab-context\"><div class=\"&quot;ms-tab-context&quot;\"><\/div><\/div>\n<\/div>\n\t\t\t\t<\/div>\n\t\t\t\t<div  class=\"ms-slide\" data-delay=\"3\" data-fill-mode=\"fit\"  >\n\t\t\t\t\t<img decoding=\"async\" src=\"https:\/\/www.2x3.pl\/wp-content\/plugins\/master-slider\/public\/assets\/css\/blank.gif\" alt=\"\" title=\"\" data-src=\"https:\/\/www.2x3.pl\/wp-content\/uploads\/2020\/04\/MG_6838_sq.png\" \/>\n\n\n\t<img decoding=\"async\" class=\"ms-thumb\" src=\"https:\/\/www.2x3.pl\/wp-content\/uploads\/2020\/04\/MG_6838_sq-100x80.png\" alt=\"\" \/>\n\t<div class=\"ms-thumb\" ><div class=\"ms-tab-context\"><div class=\"&quot;ms-tab-context&quot;\"><\/div><\/div>\n<\/div>\n\t\t\t\t<\/div>\n\t\t\t\t<div  class=\"ms-slide\" data-delay=\"3\" data-fill-mode=\"fit\"  >\n\t\t\t\t\t<img decoding=\"async\" src=\"https:\/\/www.2x3.pl\/wp-content\/plugins\/master-slider\/public\/assets\/css\/blank.gif\" alt=\"\" title=\"\" data-src=\"https:\/\/www.2x3.pl\/wp-content\/uploads\/2020\/04\/MTS_CV_HEAVYDUTY_magneticglass.png\" \/>\n\n\n\t<img decoding=\"async\" class=\"ms-thumb\" src=\"https:\/\/www.2x3.pl\/wp-content\/uploads\/2020\/04\/MTS_CV_HEAVYDUTY_magneticglass-100x80.png\" alt=\"\" \/>\n\t<div class=\"ms-thumb\" ><div class=\"ms-tab-context\"><div class=\"&quot;ms-tab-context&quot;\"><\/div><\/div>\n<\/div>\n\t\t\t\t<\/div>\n\t\t\t\t<div  class=\"ms-slide\" data-delay=\"3\" data-fill-mode=\"fit\"  >\n\t\t\t\t\t<img decoding=\"async\" src=\"https:\/\/www.2x3.pl\/wp-content\/plugins\/master-slider\/public\/assets\/css\/blank.gif\" alt=\"\" title=\"\" data-src=\"https:\/\/www.2x3.pl\/wp-content\/uploads\/2020\/04\/MTS_CV_LIGHT_plexi.png\" \/>\n\n\n\t<img decoding=\"async\" class=\"ms-thumb\" src=\"https:\/\/www.2x3.pl\/wp-content\/uploads\/2020\/04\/MTS_CV_LIGHT_plexi-100x80.png\" alt=\"\" \/>\n\t<div class=\"ms-thumb\" ><div class=\"ms-tab-context\"><div class=\"&quot;ms-tab-context&quot;\"><\/div><\/div>\n<\/div>\n\t\t\t\t<\/div>\n\n\t\t\t<\/div>\n\t\t\t<!-- END MasterSlider Main -->\n\n\t\t\t \n\t\t<\/div>\n\t\t<!-- END MasterSlider -->\n\n\t\t<script>\n\t\t(function ( $ ) {\n\t\t\t\"use strict\";\n\n\t\t\t$(function () {\n\t\t\t\tvar masterslider_87fd = new MasterSlider();\n\n\t\t\t\t\/\/ slider controls\n\t\t\t\tmasterslider_87fd.control('arrows'     ,{ autohide:true, overVideo:true  });\n\t\t\t\tmasterslider_87fd.control('thumblist'  ,{ autohide:false, overVideo:true, dir:'h', speed:17, inset:false, arrows:false, hover:false, customClass:'', align:'bottom',type:'thumbs', margin:10, width:100, height:80, space:5, fillMode:'fill'  });\n\t\t\t\t\/\/ slider setup\n\t\t\t\tmasterslider_87fd.setup(\"MS69f03dbd087fd\", {\n\t\t\t\t\t\twidth           : 1000,\n\t\t\t\t\t\theight          : 500,\n\t\t\t\t\t\tminHeight       : 0,\n\t\t\t\t\t\tspace           : 0,\n\t\t\t\t\t\tstart           : 1,\n\t\t\t\t\t\tgrabCursor      : true,\n\t\t\t\t\t\tswipe           : true,\n\t\t\t\t\t\tmouse           : true,\n\t\t\t\t\t\tlayout          : \"boxed\",\n\t\t\t\t\t\twheel           : false,\n\t\t\t\t\t\tautoplay        : true,\n\t\t\t\t\t\tinstantStartLayers:false,\n\t\t\t\t\t\tloop            : false,\n\t\t\t\t\t\tshuffle         : false,\n\t\t\t\t\t\tpreload         : 0,\n\t\t\t\t\t\theightLimit     : true,\n\t\t\t\t\t\tautoHeight      : false,\n\t\t\t\t\t\tsmoothHeight    : true,\n\t\t\t\t\t\tendPause        : false,\n\t\t\t\t\t\toverPause       : true,\n\t\t\t\t\t\tfillMode        : \"fill\",\n\t\t\t\t\t\tcenterControls  : true,\n\t\t\t\t\t\tstartOnAppear   : false,\n\t\t\t\t\t\tlayersMode      : \"center\",\n\t\t\t\t\t\thideLayers      : false,\n\t\t\t\t\t\tfullscreenMargin: 0,\n\t\t\t\t\t\tspeed           : 20,\n\t\t\t\t\t\tdir             : \"h\",\n\t\t\t\t\t\tparallaxMode    : 'swipe',\n\t\t\t\t\t\tview            : \"basic\"\n\t\t\t\t});\n\n\t\t\t\t\n\t\t\t\twindow.masterslider_instances = window.masterslider_instances || [];\n\t\t\t\twindow.masterslider_instances.push( masterslider_87fd );\n\t\t\t });\n\n\t\t})(jQuery);\n\t\t<\/script>\n\n<\/p>\n<hr>\n<p><strong>Oferta:<\/strong><\/p>\n<ul>\n<li><a href=\"https:\/\/www.2x3.pl\/bezpieczna-strefa\/divider\/\">Przegrody na biurka i lady<\/a><\/li>\n<li> <a href=\"https:\/\/www.2x3.pl\/bezpieczna-strefa\/protection-screen\/\">Ekran ochronny<\/a><\/li>\n<li> <a href=\"https:\/\/www.2x3.pl\/bezpieczna-strefa\/stand\/\"> Stojaki<\/a><\/li>\n<li>  <a href=\"https:\/\/www.2x3.pl\/bezpieczna-strefa\/walls\/\">\u015acianki dzia\u0142owe<\/a><\/li>\n<li>  <a href=\"https:\/\/www.2x3.pl\/higienic-surface\/\">Hygienic surface<\/a><\/li>\n<\/ul>\n<hr>\n<p><img loading=\"lazy\" decoding=\"async\" src=\"https:\/\/www.2x3.pl\/wp-content\/uploads\/2020\/04\/oferta_2_stay_healthy_with_2x3_PL.jpg\" alt=\"\" width=\"1240\" height=\"886\" class=\"alignnone size-full wp-image-12421\" srcset=\"https:\/\/www.2x3.pl\/wp-content\/uploads\/2020\/04\/oferta_2_stay_healthy_with_2x3_PL.jpg 1240w, https:\/\/www.2x3.pl\/wp-content\/uploads\/2020\/04\/oferta_2_stay_healthy_with_2x3_PL-256x183.jpg 256w, https:\/\/www.2x3.pl\/wp-content\/uploads\/2020\/04\/oferta_2_stay_healthy_with_2x3_PL-1024x732.jpg 1024w, https:\/\/www.2x3.pl\/wp-content\/uploads\/2020\/04\/oferta_2_stay_healthy_with_2x3_PL-100x71.jpg 100w, https:\/\/www.2x3.pl\/wp-content\/uploads\/2020\/04\/oferta_2_stay_healthy_with_2x3_PL-768x549.jpg 768w\" sizes=\"auto, (max-width: 1240px) 100vw, 1240px\" \/><br \/>\n\n\n","protected":false},"excerpt":{"rendered":"","protected":false},"author":18,"featured_media":0,"parent":0,"menu_order":0,"comment_status":"closed","ping_status":"closed","template":"","meta":{"ngg_post_thumbnail":0,"footnotes":""},"class_list":["post-12265","page","type-page","status-publish","hentry"],"_links":{"self":[{"href":"https:\/\/www.2x3.pl\/pl\/wp-json\/wp\/v2\/pages\/12265","targetHints":{"allow":["GET"]}}],"collection":[{"href":"https:\/\/www.2x3.pl\/pl\/wp-json\/wp\/v2\/pages"}],"about":[{"href":"https:\/\/www.2x3.pl\/pl\/wp-json\/wp\/v2\/types\/page"}],"author":[{"embeddable":true,"href":"https:\/\/www.2x3.pl\/pl\/wp-json\/wp\/v2\/users\/18"}],"replies":[{"embeddable":true,"href":"https:\/\/www.2x3.pl\/pl\/wp-json\/wp\/v2\/comments?post=12265"}],"version-history":[{"count":3,"href":"https:\/\/www.2x3.pl\/pl\/wp-json\/wp\/v2\/pages\/12265\/revisions"}],"predecessor-version":[{"id":15165,"href":"https:\/\/www.2x3.pl\/pl\/wp-json\/wp\/v2\/pages\/12265\/revisions\/15165"}],"wp:attachment":[{"href":"https:\/\/www.2x3.pl\/pl\/wp-json\/wp\/v2\/media?parent=12265"}],"curies":[{"name":"wp","href":"https:\/\/api.w.org\/{rel}","templated":true}]}}