{"id":12274,"date":"2020-04-03T15:55:54","date_gmt":"2020-04-03T13:55:54","guid":{"rendered":"https:\/\/www.2x3.pl\/?page_id=12274"},"modified":"2024-11-28T08:55:22","modified_gmt":"2024-11-28T07:55:22","slug":"divider","status":"publish","type":"page","link":"https:\/\/www.2x3.pl\/pl\/bezpieczna-strefa\/divider\/","title":{"rendered":"Przegrody na biurka i lady"},"content":{"rendered":"<p><img loading=\"lazy\" decoding=\"async\" class=\"alignnone size-full wp-image-12355\" src=\"https:\/\/www.2x3.pl\/wp-content\/uploads\/2020\/04\/stay.png\" alt=\"\" width=\"954\" height=\"120\" srcset=\"https:\/\/www.2x3.pl\/wp-content\/uploads\/2020\/04\/stay.png 954w, https:\/\/www.2x3.pl\/wp-content\/uploads\/2020\/04\/stay-256x32.png 256w, https:\/\/www.2x3.pl\/wp-content\/uploads\/2020\/04\/stay-100x13.png 100w, https:\/\/www.2x3.pl\/wp-content\/uploads\/2020\/04\/stay-768x97.png 768w\" sizes=\"auto, (max-width: 954px) 100vw, 954px\" \/><br \/>\n<\/p>\n<p><a id=\"deskdivider\" name=\"deskdivider\"><\/a><\/p>\n<p>&nbsp;<\/p>\n<h2>\u015aciany ochronne na pod\u0142og\u0119 lub blatowe<\/h2>\n<p class=\"product-purpose\"><strong>Zastosowanie:<\/strong> Bezpieczna przestrze\u0144 w miejscu pracy: w biurze, pracowni, fabryce, szpitalu lub przychodni. Oferujemy produkty, kt\u00f3re pomog\u0105 przeciwdzia\u0142a\u0107 rozprzestrzenianiu bakterii i wirus\u00f3w.<\/p>\n<p class=\"product-purpose\">\u015aciana ochronna stanowi skuteczn\u0105 barier\u0119 w miejscu pracy \u2013 biurze, szkole, szpitalu lub przychodni oraz wsz\u0119dzie tam, gdzie wa\u017cne jest bezpiecze\u0144stwo i dystans (np. restauracje, kawiarnie lub poczekalnie, dworce i lotniska).<\/p>\n<p class=\"product-purpose\">Aluminiowy mobilny stojak \/ szerokie stalowe stopy podstawy \/ przezroczysta 3 mm plexi<\/p>\n<p><img loading=\"lazy\" decoding=\"async\" class=\"alignnone size-full wp-image-13119\" src=\"https:\/\/www.2x3.pl\/wp-content\/uploads\/2020\/10\/so.png\" alt=\"\" width=\"631\" height=\"779\" srcset=\"https:\/\/www.2x3.pl\/wp-content\/uploads\/2020\/10\/so.png 631w, https:\/\/www.2x3.pl\/wp-content\/uploads\/2020\/10\/so-215x265.png 215w, https:\/\/www.2x3.pl\/wp-content\/uploads\/2020\/10\/so-81x100.png 81w\" sizes=\"auto, (max-width: 631px) 100vw, 631px\" \/><\/p>\n<hr>\n<p><a id=\"deskdivider\" name=\"deskdivider\"><\/a><\/p>\n<h2>&nbsp;<\/h2>\n<h2>Zestaw uchwyt\u00f3w z ochronnym panelem \/ przegrod\u0105<\/h2>\n<p class=\"product-purpose\"><strong>Zastosowanie:<\/strong> Bezpieczna przestrze\u0144 w miejscu pracy: w biurze, pracowni, fabryce, szpitalu lub przychodni. Oferujemy produkty, kt\u00f3re pomog\u0105 przeciwdzia\u0142a\u0107 rozprzestrzenianiu bakterii i wirus\u00f3w.<\/p>\n<p class=\"product-purpose\">Zestaw zaprojektowany, by stworzy\u0107 skuteczn\u0105 barier\u0119 na sto\u0142ach w kawiarni lub restauracji, biurku lub ladzie.<\/p>\n<p class=\"product-purpose\">Uchwyty idealne do blat\u00f3w o grubo\u015bci od 6 do 40 mm, mog\u0105 utrzyma\u0107 panel o grubo\u015bci od 2 do 8 mm.<\/p>\n<p class=\"product-purpose\">Elementy zestawu s\u0105 \u0142atwe w monta\u017cu i przenoszeniu oraz dogodnym mocowaniu wzgl\u0119dem blatu i panelu.<\/p>\n<p><img loading=\"lazy\" decoding=\"async\" class=\"alignnone size-full wp-image-13117\" src=\"https:\/\/www.2x3.pl\/wp-content\/uploads\/2020\/10\/zu.png\" alt=\"\" width=\"636\" height=\"540\" srcset=\"https:\/\/www.2x3.pl\/wp-content\/uploads\/2020\/10\/zu.png 636w, https:\/\/www.2x3.pl\/wp-content\/uploads\/2020\/10\/zu-256x217.png 256w, https:\/\/www.2x3.pl\/wp-content\/uploads\/2020\/10\/zu-100x85.png 100w\" sizes=\"auto, (max-width: 636px) 100vw, 636px\" \/><\/p>\n<hr>\n<p><a id=\"deskdivider\" name=\"deskdivider\"><\/a><\/p>\n<p>&nbsp;<\/p>\n<h2>Przegroda na biurko \/ lad\u0119<\/h2>\n\n\t\t<!-- MasterSlider -->\n\t\t<div id=\"P_MS69f1c532ef81c\" class=\"master-slider-parent msl ms-parent-id-165\" style=\"max-width:1000px;\">\n\n\t\t\t\n\t\t\t<!-- MasterSlider Main -->\n\t\t\t<div id=\"MS69f1c532ef81c\" class=\"master-slider ms-skin-default\" >\n\t\t\t\t \t\t\t\t \n\t\t\t\t<div  class=\"ms-slide\" data-delay=\"3\" data-fill-mode=\"fit\"  >\n\t\t\t\t\t<img decoding=\"async\" src=\"https:\/\/www.2x3.pl\/wp-content\/plugins\/master-slider\/public\/assets\/css\/blank.gif\" alt=\"\" title=\"\" data-src=\"https:\/\/www.2x3.pl\/wp-content\/uploads\/2020\/04\/TM_SH2x3_glass_100x60_LongLegs.png\" \/>\n\n\n\t<img decoding=\"async\" class=\"ms-thumb\" src=\"https:\/\/www.2x3.pl\/wp-content\/uploads\/2020\/04\/TM_SH2x3_glass_100x60_LongLegs-100x80.png\" alt=\"\" \/>\n\t<div class=\"ms-thumb\" ><div class=\"ms-tab-context\"><div class=\"&quot;ms-tab-context&quot;\"><\/div><\/div>\n<\/div>\n\t\t\t\t<\/div>\n\t\t\t\t<div  class=\"ms-slide\" data-delay=\"3\" data-fill-mode=\"fit\"  >\n\t\t\t\t\t<img decoding=\"async\" src=\"https:\/\/www.2x3.pl\/wp-content\/plugins\/master-slider\/public\/assets\/css\/blank.gif\" alt=\"\" title=\"\" data-src=\"https:\/\/www.2x3.pl\/wp-content\/uploads\/2020\/04\/TM_SH2x3_glass_40x60_LongLegs.png\" \/>\n\n\n\t<img decoding=\"async\" class=\"ms-thumb\" src=\"https:\/\/www.2x3.pl\/wp-content\/uploads\/2020\/04\/TM_SH2x3_glass_40x60_LongLegs-100x80.png\" alt=\"\" \/>\n\t<div class=\"ms-thumb\" ><div class=\"ms-tab-context\"><div class=\"&quot;ms-tab-context&quot;\"><\/div><\/div>\n<\/div>\n\t\t\t\t<\/div>\n\t\t\t\t<div  class=\"ms-slide\" data-delay=\"3\" data-fill-mode=\"fit\"  >\n\t\t\t\t\t<img decoding=\"async\" src=\"https:\/\/www.2x3.pl\/wp-content\/plugins\/master-slider\/public\/assets\/css\/blank.gif\" alt=\"\" title=\"\" data-src=\"https:\/\/www.2x3.pl\/wp-content\/uploads\/2020\/04\/TM_SH2x3_glass_100x60_LongLegs_P.png\" \/>\n\n\n\t<img decoding=\"async\" class=\"ms-thumb\" src=\"https:\/\/www.2x3.pl\/wp-content\/uploads\/2020\/04\/TM_SH2x3_glass_100x60_LongLegs_P-100x80.png\" alt=\"\" \/>\n\t<div class=\"ms-thumb\" ><div class=\"ms-tab-context\"><div class=\"&quot;ms-tab-context&quot;\"><\/div><\/div>\n<\/div>\n\t\t\t\t<\/div>\n\t\t\t\t<div  class=\"ms-slide\" data-delay=\"3\" data-fill-mode=\"fit\"  >\n\t\t\t\t\t<img decoding=\"async\" src=\"https:\/\/www.2x3.pl\/wp-content\/plugins\/master-slider\/public\/assets\/css\/blank.gif\" alt=\"\" title=\"\" data-src=\"https:\/\/www.2x3.pl\/wp-content\/uploads\/2020\/04\/TM_SH2x3_glass_40x60_LongLegs_P.png\" \/>\n\n\n\t<img decoding=\"async\" class=\"ms-thumb\" src=\"https:\/\/www.2x3.pl\/wp-content\/uploads\/2020\/04\/TM_SH2x3_glass_40x60_LongLegs_P-100x80.png\" alt=\"\" \/>\n\t<div class=\"ms-thumb\" ><div class=\"ms-tab-context\"><div class=\"&quot;ms-tab-context&quot;\"><\/div><\/div>\n<\/div>\n\t\t\t\t<\/div>\n\t\t\t\t<div  class=\"ms-slide\" data-delay=\"3\" data-fill-mode=\"fit\"  >\n\t\t\t\t\t<img decoding=\"async\" src=\"https:\/\/www.2x3.pl\/wp-content\/plugins\/master-slider\/public\/assets\/css\/blank.gif\" alt=\"\" title=\"\" data-src=\"https:\/\/www.2x3.pl\/wp-content\/uploads\/2020\/04\/TM_SH2x3_glass_100x60_ShortLegs.png\" \/>\n\n\n\t<img decoding=\"async\" class=\"ms-thumb\" src=\"https:\/\/www.2x3.pl\/wp-content\/uploads\/2020\/04\/TM_SH2x3_glass_100x60_ShortLegs-100x80.png\" alt=\"\" \/>\n\t<div class=\"ms-thumb\" ><div class=\"ms-tab-context\"><div class=\"&quot;ms-tab-context&quot;\"><\/div><\/div>\n<\/div>\n\t\t\t\t<\/div>\n\t\t\t\t<div  class=\"ms-slide\" data-delay=\"3\" data-fill-mode=\"fit\"  >\n\t\t\t\t\t<img decoding=\"async\" src=\"https:\/\/www.2x3.pl\/wp-content\/plugins\/master-slider\/public\/assets\/css\/blank.gif\" alt=\"\" title=\"\" data-src=\"https:\/\/www.2x3.pl\/wp-content\/uploads\/2020\/04\/TM_SH2x3_glass_40x60_ShortLegs.png\" \/>\n\n\n\t<img decoding=\"async\" class=\"ms-thumb\" src=\"https:\/\/www.2x3.pl\/wp-content\/uploads\/2020\/04\/TM_SH2x3_glass_40x60_ShortLegs-100x80.png\" alt=\"\" \/>\n\t<div class=\"ms-thumb\" ><div class=\"ms-tab-context\"><div class=\"&quot;ms-tab-context&quot;\"><\/div><\/div>\n<\/div>\n\t\t\t\t<\/div>\n\t\t\t\t<div  class=\"ms-slide\" data-delay=\"3\" data-fill-mode=\"fit\"  >\n\t\t\t\t\t<img decoding=\"async\" src=\"https:\/\/www.2x3.pl\/wp-content\/plugins\/master-slider\/public\/assets\/css\/blank.gif\" alt=\"\" title=\"\" data-src=\"https:\/\/www.2x3.pl\/wp-content\/uploads\/2020\/04\/TM_SH2x3_glass_100x60_ShortLegs_P.png\" \/>\n\n\n\t<img decoding=\"async\" class=\"ms-thumb\" src=\"https:\/\/www.2x3.pl\/wp-content\/uploads\/2020\/04\/TM_SH2x3_glass_100x60_ShortLegs_P-100x80.png\" alt=\"\" \/>\n\t<div class=\"ms-thumb\" ><div class=\"ms-tab-context\"><div class=\"&quot;ms-tab-context&quot;\"><\/div><\/div>\n<\/div>\n\t\t\t\t<\/div>\n\t\t\t\t<div  class=\"ms-slide\" data-delay=\"3\" data-fill-mode=\"fit\"  >\n\t\t\t\t\t<img decoding=\"async\" src=\"https:\/\/www.2x3.pl\/wp-content\/plugins\/master-slider\/public\/assets\/css\/blank.gif\" alt=\"\" title=\"\" data-src=\"https:\/\/www.2x3.pl\/wp-content\/uploads\/2020\/04\/TM_SH2x3_glass_40x60_ShortLegs_P.png\" \/>\n\n\n\t<img decoding=\"async\" class=\"ms-thumb\" src=\"https:\/\/www.2x3.pl\/wp-content\/uploads\/2020\/04\/TM_SH2x3_glass_40x60_ShortLegs_P-100x80.png\" alt=\"\" \/>\n\t<div class=\"ms-thumb\" ><div class=\"ms-tab-context\"><div class=\"&quot;ms-tab-context&quot;\"><\/div><\/div>\n<\/div>\n\t\t\t\t<\/div>\n\n\t\t\t<\/div>\n\t\t\t<!-- END MasterSlider Main -->\n\n\t\t\t \n\t\t<\/div>\n\t\t<!-- END MasterSlider -->\n\n\t\t<script>\n\t\t(function ( $ ) {\n\t\t\t\"use strict\";\n\n\t\t\t$(function () {\n\t\t\t\tvar masterslider_f81c = new MasterSlider();\n\n\t\t\t\t\/\/ slider controls\n\n\t\t\t\tmasterslider_f81c.control('thumblist'  ,{ autohide:false, overVideo:true, dir:'h', speed:17, inset:false, arrows:false, hover:false, customClass:'', align:'bottom',type:'thumbs', margin:10, width:100, height:80, space:5, fillMode:'fill'  });\n\t\t\t\t\/\/ slider setup\n\t\t\t\tmasterslider_f81c.setup(\"MS69f1c532ef81c\", {\n\t\t\t\t\t\twidth           : 1000,\n\t\t\t\t\t\theight          : 500,\n\t\t\t\t\t\tminHeight       : 0,\n\t\t\t\t\t\tspace           : 0,\n\t\t\t\t\t\tstart           : 1,\n\t\t\t\t\t\tgrabCursor      : true,\n\t\t\t\t\t\tswipe           : true,\n\t\t\t\t\t\tmouse           : true,\n\t\t\t\t\t\tlayout          : \"boxed\",\n\t\t\t\t\t\twheel           : false,\n\t\t\t\t\t\tautoplay        : false,\n\t\t\t\t\t\tinstantStartLayers:false,\n\t\t\t\t\t\tloop            : false,\n\t\t\t\t\t\tshuffle         : false,\n\t\t\t\t\t\tpreload         : 0,\n\t\t\t\t\t\theightLimit     : true,\n\t\t\t\t\t\tautoHeight      : false,\n\t\t\t\t\t\tsmoothHeight    : true,\n\t\t\t\t\t\tendPause        : false,\n\t\t\t\t\t\toverPause       : true,\n\t\t\t\t\t\tfillMode        : \"fill\",\n\t\t\t\t\t\tcenterControls  : true,\n\t\t\t\t\t\tstartOnAppear   : false,\n\t\t\t\t\t\tlayersMode      : \"center\",\n\t\t\t\t\t\thideLayers      : false,\n\t\t\t\t\t\tfullscreenMargin: 0,\n\t\t\t\t\t\tspeed           : 20,\n\t\t\t\t\t\tdir             : \"h\",\n\t\t\t\t\t\tparallaxMode    : 'swipe',\n\t\t\t\t\t\tview            : \"basic\"\n\t\t\t\t});\n\n\t\t\t\t\n\t\t\t\twindow.masterslider_instances = window.masterslider_instances || [];\n\t\t\t\twindow.masterslider_instances.push( masterslider_f81c );\n\t\t\t });\n\n\t\t})(jQuery);\n\t\t<\/script>\n\n\n<p class=\"product-purpose\"><strong>Zastosowanie:<\/strong> Bezpieczna przestrze\u0144 w miejscu pracy: w biurze, pracowni, fabryce, szpitalu lub przychodni. Oferujemy produkty, kt\u00f3re pomog\u0105 przeciwdzia\u0142a\u0107 rozprzestrzenianiu bakterii i wirus\u00f3w.<\/p>\n\n<table id=\"wp-table-reloaded-id-281-no-1\" class=\"wp-table-reloaded wp-table-reloaded-id-281\">\n<thead>\n\t<tr class=\"row-1 odd\">\n\t\t<th class=\"column-1\">2x3 Art.<\/th><th class=\"column-2\">Wymiary A x B [cm] \/ Size<\/th><th class=\"column-3\">Komplet \/ Pack<\/th><th class=\"column-4\">Powierzchnia \/  Surface<\/th><th class=\"column-5\">Wysoko\u015b\u0107 szczeliny \/ Gap height<br \/>\r\n<\/th>\n\t<\/tr>\n<\/thead>\n<tbody class=\"row-hover\">\n\t<tr class=\"row-2 even\">\n\t\t<td class=\"column-1\">D64G<br \/>\r\n<\/td><td class=\"column-2\">40x65<\/td><td class=\"column-3\">1<\/td><td class=\"column-4\">przezroczyste szk\u0142o 4mm \/ transparent glass 4mm<\/td><td class=\"column-5\">20cm<\/td>\n\t<\/tr>\n\t<tr class=\"row-3 odd\">\n\t\t<td class=\"column-1\">D66G<br \/>\r\n<\/td><td class=\"column-2\">60x65<br \/>\r\n<\/td><td class=\"column-3\">1<\/td><td class=\"column-4\">przezroczyste szk\u0142o 4mm \/ transparent glass 4mm<\/td><td class=\"column-5\">20cm<\/td>\n\t<\/tr>\n\t<tr class=\"row-4 even\">\n\t\t<td class=\"column-1\">D86G<br \/>\r\n<\/td><td class=\"column-2\">80x65<br \/>\r\n<\/td><td class=\"column-3\">1<\/td><td class=\"column-4\">przezroczyste szk\u0142o 4mm \/ transparent glass 4mm<\/td><td class=\"column-5\">20cm<\/td>\n\t<\/tr>\n\t<tr class=\"row-5 odd\">\n\t\t<td class=\"column-1\">D106G<br \/>\r\n<\/td><td class=\"column-2\">100x65<br \/>\r\n<\/td><td class=\"column-3\">1<\/td><td class=\"column-4\">przezroczyste szk\u0142o 4mm \/ transparent glass 4mm<\/td><td class=\"column-5\">20cm<\/td>\n\t<\/tr>\n\t<tr class=\"row-6 even\">\n\t\t<td class=\"column-1\">D64P<br \/>\r\n<\/td><td class=\"column-2\">40x65<br \/>\r\n<\/td><td class=\"column-3\">1<\/td><td class=\"column-4\">przezroczysta plexi 3mm<br \/>\r\n \/ transparent plexiglass 3mm<\/td><td class=\"column-5\">20cm<\/td>\n\t<\/tr>\n\t<tr class=\"row-7 odd\">\n\t\t<td class=\"column-1\">D66P<br \/>\r\n<\/td><td class=\"column-2\">60x65<br \/>\r\n<\/td><td class=\"column-3\">1<\/td><td class=\"column-4\">przezroczysta plexi 3mm<br \/>\r\n \/ transparent plexiglass 3mm<\/td><td class=\"column-5\">20cm<\/td>\n\t<\/tr>\n\t<tr class=\"row-8 even\">\n\t\t<td class=\"column-1\">D86P<br \/>\r\n<\/td><td class=\"column-2\">80x65<br \/>\r\n<\/td><td class=\"column-3\">1<\/td><td class=\"column-4\">przezroczysta plexi 3mm<br \/>\r\n \/ transparent plexiglass 3mm<\/td><td class=\"column-5\">20cm<\/td>\n\t<\/tr>\n\t<tr class=\"row-9 odd\">\n\t\t<td class=\"column-1\">D106P<br \/>\r\n<\/td><td class=\"column-2\">100x65<br \/>\r\n<\/td><td class=\"column-3\">1<\/td><td class=\"column-4\">przezroczysta plexi 3mm<br \/>\r\n \/ transparent plexiglass 3mm<\/td><td class=\"column-5\">20cm<\/td>\n\t<\/tr>\n\t<tr class=\"row-10 even\">\n\t\t<td class=\"column-1\">D64P5<br \/>\r\n<\/td><td class=\"column-2\">40x65<br \/>\r\n<\/td><td class=\"column-3\">1<\/td><td class=\"column-4\">przezroczysta plexi 5mm<br \/>\r\n \/ transparent plexiglass 5mm<\/td><td class=\"column-5\">20cm<\/td>\n\t<\/tr>\n\t<tr class=\"row-11 odd\">\n\t\t<td class=\"column-1\">D66P5<br \/>\r\n<\/td><td class=\"column-2\">60x65<br \/>\r\n<\/td><td class=\"column-3\">1<\/td><td class=\"column-4\">przezroczysta plexi 5mm<br \/>\r\n \/ transparent plexiglass 5mm<\/td><td class=\"column-5\">20cm<\/td>\n\t<\/tr>\n\t<tr class=\"row-12 even\">\n\t\t<td class=\"column-1\">D86P5<br \/>\r\n<\/td><td class=\"column-2\">80x65<br \/>\r\n<\/td><td class=\"column-3\">1<\/td><td class=\"column-4\">przezroczysta plexi 5mm<br \/>\r\n \/ transparent plexiglass 5mm<\/td><td class=\"column-5\">20cm<\/td>\n\t<\/tr>\n\t<tr class=\"row-13 odd\">\n\t\t<td class=\"column-1\">D106P5<br \/>\r\n<\/td><td class=\"column-2\">100x65<br \/>\r\n<\/td><td class=\"column-3\">1<\/td><td class=\"column-4\">przezroczysta plexi 5mm<br \/>\r\n \/ transparent plexiglass 5mm<\/td><td class=\"column-5\">20cm<\/td>\n\t<\/tr>\n<\/tbody>\n<\/table>\n\n<div class=\"product-card\"><a class=\"pdf-file-32\" href=\"https:\/\/www.2x3.pl\/wp-content\/uploads\/2020\/05\/D.pdf\">Karta produktowa &#8211; D<\/a><\/div>\n<hr>\n<p><a id=\"deskdivider\" name=\"deskdivider\"><\/a><\/p>\n<h2>&nbsp;<\/h2>\n<h2>Przegroda na biurko \/ lad\u0119 z bocznymi \u015bciankami<\/h2>\n<p><img loading=\"lazy\" decoding=\"async\" class=\"alignnone size-full wp-image-12466\" src=\"https:\/\/www.2x3.pl\/wp-content\/uploads\/2020\/04\/TM_SH2x3_glass_100x60_ShortLegs_sideProtection_P_m-1.png\" alt=\"\" width=\"1240\" height=\"930\" srcset=\"https:\/\/www.2x3.pl\/wp-content\/uploads\/2020\/04\/TM_SH2x3_glass_100x60_ShortLegs_sideProtection_P_m-1.png 1240w, https:\/\/www.2x3.pl\/wp-content\/uploads\/2020\/04\/TM_SH2x3_glass_100x60_ShortLegs_sideProtection_P_m-1-256x192.png 256w, https:\/\/www.2x3.pl\/wp-content\/uploads\/2020\/04\/TM_SH2x3_glass_100x60_ShortLegs_sideProtection_P_m-1-1024x768.png 1024w, https:\/\/www.2x3.pl\/wp-content\/uploads\/2020\/04\/TM_SH2x3_glass_100x60_ShortLegs_sideProtection_P_m-1-100x75.png 100w, https:\/\/www.2x3.pl\/wp-content\/uploads\/2020\/04\/TM_SH2x3_glass_100x60_ShortLegs_sideProtection_P_m-1-768x576.png 768w\" sizes=\"auto, (max-width: 1240px) 100vw, 1240px\" \/><\/p>\n<p class=\"product-purpose\"><strong>Zastosowanie:<\/strong> Bezpieczna przestrze\u0144 w miejscu pracy: w biurze, pracowni, fabryce, szpitalu lub przychodni. Oferujemy produkty, kt\u00f3re pomog\u0105 przeciwdzia\u0142a\u0107 rozprzestrzenianiu bakterii i wirus\u00f3w.<\/p>\n\n<table id=\"wp-table-reloaded-id-286-no-1\" class=\"wp-table-reloaded wp-table-reloaded-id-286\">\n<thead>\n\t<tr class=\"row-1 odd\">\n\t\t<th class=\"column-1\">2x3 Art.<\/th><th class=\"column-2\">Wymiary A\u00d7B [cm] \/ Size A\u00d7B <\/th><th class=\"column-3\">Komplet \/ Pack<\/th><th class=\"column-4\">Powierzchnia \/ Surface<\/th><th class=\"column-5\">Wysoko\u015b\u0107 szczeliny \/Gap height<\/th>\n\t<\/tr>\n<\/thead>\n<tbody class=\"row-hover\">\n\t<tr class=\"row-2 even\">\n\t\t<td class=\"column-1\">DSC64P<\/td><td class=\"column-2\">40x65<\/td><td class=\"column-3\">1<\/td><td class=\"column-4\">przezroczysta plexi 3mm \/ transparent plexiglass 3mm<\/td><td class=\"column-5\">20cm<\/td>\n\t<\/tr>\n\t<tr class=\"row-3 odd\">\n\t\t<td class=\"column-1\">DSC66P<\/td><td class=\"column-2\">60x65<\/td><td class=\"column-3\">1<\/td><td class=\"column-4\">przezroczysta plexi 3mm \/ transparent plexiglass 3mm<\/td><td class=\"column-5\">20cm<\/td>\n\t<\/tr>\n\t<tr class=\"row-4 even\">\n\t\t<td class=\"column-1\">DSC86P<\/td><td class=\"column-2\">80x65<\/td><td class=\"column-3\">1<\/td><td class=\"column-4\">przezroczysta plexi 3mm \/ transparent plexiglass 3mm<\/td><td class=\"column-5\">20cm<\/td>\n\t<\/tr>\n\t<tr class=\"row-5 odd\">\n\t\t<td class=\"column-1\">DSC106P<\/td><td class=\"column-2\">100x65<\/td><td class=\"column-3\">1<\/td><td class=\"column-4\">przezroczysta plexi 3mm \/ transparent plexiglass 3mm<\/td><td class=\"column-5\">20cm<\/td>\n\t<\/tr>\n\t<tr class=\"row-6 even\">\n\t\t<td class=\"column-1\">DSC64P5<\/td><td class=\"column-2\">40x65<\/td><td class=\"column-3\">1<\/td><td class=\"column-4\">przezroczysta plexi 5mm \/ transparent plexiglass 5mm<\/td><td class=\"column-5\">20cm<\/td>\n\t<\/tr>\n\t<tr class=\"row-7 odd\">\n\t\t<td class=\"column-1\">DSC66P5<\/td><td class=\"column-2\">60x65<\/td><td class=\"column-3\">1<\/td><td class=\"column-4\">przezroczysta plexi 5mm \/ transparent plexiglass 5mm<\/td><td class=\"column-5\">20cm<\/td>\n\t<\/tr>\n\t<tr class=\"row-8 even\">\n\t\t<td class=\"column-1\">DSC86P5<\/td><td class=\"column-2\">80x65<\/td><td class=\"column-3\">1<\/td><td class=\"column-4\">przezroczysta plexi 5mm \/ transparent plexiglass 5mm<\/td><td class=\"column-5\">20cm<\/td>\n\t<\/tr>\n\t<tr class=\"row-9 odd\">\n\t\t<td class=\"column-1\">DSC106P5<\/td><td class=\"column-2\">100x65<\/td><td class=\"column-3\">1<\/td><td class=\"column-4\">przezroczysta plexi 5mm \/ transparent plexiglass 5mm<\/td><td class=\"column-5\">20cm<\/td>\n\t<\/tr>\n<\/tbody>\n<\/table>\n\n<div class=\"product-card\"><a class=\"pdf-file-32\" href=\"https:\/\/www.2x3.pl\/wp-content\/uploads\/2020\/05\/DSC.pdf\">Karta produktowa &#8211; DSC<\/a><\/div>\n<hr>\n<p><a id=\"plexidivider\" name=\"plexidivider\"><\/a><\/p>\n<h2>&nbsp;<\/h2>\n<h2>Przegroda z plexi<\/h2>\n<p><center><img loading=\"lazy\" decoding=\"async\" class=\"alignnone size-full wp-image-12495\" src=\"https:\/\/www.2x3.pl\/wp-content\/uploads\/2020\/04\/pure.png\" alt=\"\" width=\"411\" height=\"357\" srcset=\"https:\/\/www.2x3.pl\/wp-content\/uploads\/2020\/04\/pure.png 411w, https:\/\/www.2x3.pl\/wp-content\/uploads\/2020\/04\/pure-256x222.png 256w, https:\/\/www.2x3.pl\/wp-content\/uploads\/2020\/04\/pure-100x87.png 100w\" sizes=\"auto, (max-width: 411px) 100vw, 411px\" \/><\/center><\/p>\n<p class=\"product-purpose\"><strong>Zastosowanie:<\/strong> Bezpieczna przestrze\u0144 w miejscu pracy: w biurze, pracowni, fabryce, szpitalu lub przychodni. Oferujemy produkty, kt\u00f3re pomog\u0105 przeciwdzia\u0142a\u0107 rozprzestrzenianiu bakterii i wirus\u00f3w.<\/p>\n\n<table id=\"wp-table-reloaded-id-284-no-1\" class=\"wp-table-reloaded wp-table-reloaded-id-284\">\n<thead>\n\t<tr class=\"row-1 odd\">\n\t\t<th class=\"column-1\">2x3 Art. <\/th><th class=\"column-2\">Wymiary A\u00d7B [cm] \/ Size A\u00d7B [cm] <\/th><th class=\"column-3\">Powierzchnia \/ Surface<br \/>\r\n<\/th><th class=\"column-4\">Wysoko\u015b\u0107 \/ Szeroko\u015b\u0107 szczeliny \/ Gap height<br \/>\r\n<\/th>\n\t<\/tr>\n<\/thead>\n<tbody class=\"row-hover\">\n\t<tr class=\"row-2 even\">\n\t\t<td class=\"column-1\">ES8570<\/td><td class=\"column-2\">85x70<br \/>\r\n<\/td><td class=\"column-3\">Pleksi 5 mm w poziomie \/5mm plexi horizontal<\/td><td class=\"column-4\">20cm \/ 25cm<\/td>\n\t<\/tr>\n\t<tr class=\"row-3 odd\">\n\t\t<td class=\"column-1\">ES7085<\/td><td class=\"column-2\">70x85<br \/>\r\n<\/td><td class=\"column-3\">Pleksi 5 mm w pionie \/ 5mm plexi vertical<\/td><td class=\"column-4\">20cm \/ 25cm<\/td>\n\t<\/tr>\n\t<tr class=\"row-4 even\">\n\t\t<td class=\"column-1\">ES5085<\/td><td class=\"column-2\">50x85<br \/>\r\n<\/td><td class=\"column-3\">Pleksi 5mm \/ 5mm plexi <\/td><td class=\"column-4\">20cm \/ 25cm<\/td>\n\t<\/tr>\n<\/tbody>\n<\/table>\n\n<div class=\"product-card\"><a class=\"pdf-file-32\" href=\"https:\/\/www.2x3.pl\/wp-content\/uploads\/2020\/05\/es.pdf\">Karta produktowa &#8211; ES<\/a><\/div>\n<hr>\n<p><a id=\"plexidivider\" name=\"plexidivider\"><\/a><\/p>\n<h2>&nbsp;<\/h2>\n<h2>Przegroda z plexi z bocznymi \u015bciankami<\/h2>\n<p><center><img loading=\"lazy\" decoding=\"async\" class=\"alignnone size-full wp-image-12700\" src=\"https:\/\/www.2x3.pl\/wp-content\/uploads\/2020\/04\/przegroda-plexi.png\" alt=\"\" width=\"355\" height=\"506\" srcset=\"https:\/\/www.2x3.pl\/wp-content\/uploads\/2020\/04\/przegroda-plexi.png 355w, https:\/\/www.2x3.pl\/wp-content\/uploads\/2020\/04\/przegroda-plexi-186x265.png 186w, https:\/\/www.2x3.pl\/wp-content\/uploads\/2020\/04\/przegroda-plexi-70x100.png 70w\" sizes=\"auto, (max-width: 355px) 100vw, 355px\" \/><\/center><\/p>\n<p class=\"product-purpose\"><strong>Zastosowanie:<\/strong> Bezpieczna przestrze\u0144 w miejscu pracy: w biurze, pracowni, fabryce, szpitalu lub przychodni. Oferujemy produkty, kt\u00f3re pomog\u0105 przeciwdzia\u0142a\u0107 rozprzestrzenianiu bakterii i wirus\u00f3w.<\/p>\n<p>Wykonana z plexi o grubo\u015bci 5 mm, posiada boczne \u015bcianki dla jeszcze lepszej ochrony.<\/p>\n\n<table id=\"wp-table-reloaded-id-291-no-1\" class=\"wp-table-reloaded wp-table-reloaded-id-291\">\n<thead>\n\t<tr class=\"row-1 odd\">\n\t\t<th class=\"column-1\">2x3 Art<\/th><th class=\"column-2\">Wymiary A\u00d7B [cm] \/ Size A\u00d7B [cm] <\/th><th class=\"column-3\">Powierzchnia \/ Surface<br \/>\r\n<\/th><th class=\"column-4\">Wysoko\u015b\u0107 \/ Szeroko\u015b\u0107 szczeliny \/ Gap height \/ width<br \/>\r\n<\/th>\n\t<\/tr>\n<\/thead>\n<tbody class=\"row-hover\">\n\t<tr class=\"row-2 even\">\n\t\t<td class=\"column-1\">EBX760<\/td><td class=\"column-2\">przednia \u015bcianka: 60x70 <br \/>\r\nboczne \u015bcianki:40x70<br \/>\r\n\/<br \/>\r\nfront wall: 60x70 <br \/>\r\nside walls: 40x70<\/td><td class=\"column-3\">Pleksi 5mm \/ 5mm plexi <\/td><td class=\"column-4\">20cm \/ 25cm<\/td>\n\t<\/tr>\n\t<tr class=\"row-3 odd\">\n\t\t<td class=\"column-1\">EBX780<\/td><td class=\"column-2\">przednia \u015bcianka: 80x70 <br \/>\r\nboczne \u015bcianki:40x70\/<br \/>\r\nfront wall: 80x70 <br \/>\r\nside walls: 40x70<br \/>\r\n<br \/>\r\n<br \/>\r\n<\/td><td class=\"column-3\">Pleksi 5mm \/ 5mm plexi <\/td><td class=\"column-4\">20cm \/ 25cm<\/td>\n\t<\/tr>\n\t<tr class=\"row-4 even\">\n\t\t<td class=\"column-1\">EBX7100<\/td><td class=\"column-2\">przednia \u015bcianka: 100x70 <br \/>\r\nboczne \u015bcianki:40x70 \/ <br \/>\r\nfront wall: 100x70 <br \/>\r\nside walls: 40x70<br \/>\r\n<br \/>\r\n<\/td><td class=\"column-3\">Pleksi 5mm\/ 5mm plexi <\/td><td class=\"column-4\">20cm \/ 25cm<\/td>\n\t<\/tr>\n<\/tbody>\n<\/table>\n\n<div class=\"product-card\"><a class=\"pdf-file-32\" href=\"https:\/\/www.2x3.pl\/wp-content\/uploads\/2020\/05\/EBX.pdf\">Karta produktowa &#8211; EBX<\/a><\/div>\n<p><\/p>\n\n","protected":false},"excerpt":{"rendered":"","protected":false},"author":18,"featured_media":0,"parent":12265,"menu_order":0,"comment_status":"closed","ping_status":"closed","template":"","meta":{"ngg_post_thumbnail":0,"footnotes":""},"class_list":["post-12274","page","type-page","status-publish","hentry"],"_links":{"self":[{"href":"https:\/\/www.2x3.pl\/pl\/wp-json\/wp\/v2\/pages\/12274","targetHints":{"allow":["GET"]}}],"collection":[{"href":"https:\/\/www.2x3.pl\/pl\/wp-json\/wp\/v2\/pages"}],"about":[{"href":"https:\/\/www.2x3.pl\/pl\/wp-json\/wp\/v2\/types\/page"}],"author":[{"embeddable":true,"href":"https:\/\/www.2x3.pl\/pl\/wp-json\/wp\/v2\/users\/18"}],"replies":[{"embeddable":true,"href":"https:\/\/www.2x3.pl\/pl\/wp-json\/wp\/v2\/comments?post=12274"}],"version-history":[{"count":2,"href":"https:\/\/www.2x3.pl\/pl\/wp-json\/wp\/v2\/pages\/12274\/revisions"}],"predecessor-version":[{"id":14998,"href":"https:\/\/www.2x3.pl\/pl\/wp-json\/wp\/v2\/pages\/12274\/revisions\/14998"}],"up":[{"embeddable":true,"href":"https:\/\/www.2x3.pl\/pl\/wp-json\/wp\/v2\/pages\/12265"}],"wp:attachment":[{"href":"https:\/\/www.2x3.pl\/pl\/wp-json\/wp\/v2\/media?parent=12274"}],"curies":[{"name":"wp","href":"https:\/\/api.w.org\/{rel}","templated":true}]}}