{"id":12284,"date":"2020-04-03T16:01:07","date_gmt":"2020-04-03T14:01:07","guid":{"rendered":"https:\/\/www.2x3.pl\/?page_id=12284"},"modified":"2024-11-28T09:41:40","modified_gmt":"2024-11-28T08:41:40","slug":"walls","status":"publish","type":"page","link":"https:\/\/www.2x3.pl\/pl\/bezpieczna-strefa\/walls\/","title":{"rendered":"\u015acianki dzia\u0142owe"},"content":{"rendered":"<p><img loading=\"lazy\" decoding=\"async\" src=\"https:\/\/www.2x3.pl\/wp-content\/uploads\/2020\/04\/stay.png\" alt=\"\" width=\"954\" height=\"120\" class=\"alignnone size-full wp-image-12355\" srcset=\"https:\/\/www.2x3.pl\/wp-content\/uploads\/2020\/04\/stay.png 954w, https:\/\/www.2x3.pl\/wp-content\/uploads\/2020\/04\/stay-256x32.png 256w, https:\/\/www.2x3.pl\/wp-content\/uploads\/2020\/04\/stay-100x13.png 100w, https:\/\/www.2x3.pl\/wp-content\/uploads\/2020\/04\/stay-768x97.png 768w\" sizes=\"auto, (max-width: 954px) 100vw, 954px\" \/><br \/>\n<br \/>\n<a id=\"moderation\" name=\"moderation\"><\/a><span class=\"product-code\"><\/span><\/p>\n<h2>\u015acianki dzia\u0142owe<\/h2>\n<p><img loading=\"lazy\" decoding=\"async\" src=\"https:\/\/www.2x3.pl\/wp-content\/uploads\/2020\/04\/moder.jpg\" alt=\"\" width=\"884\" height=\"672\" class=\"alignnone size-full wp-image-12448\" srcset=\"https:\/\/www.2x3.pl\/wp-content\/uploads\/2020\/04\/moder.jpg 884w, https:\/\/www.2x3.pl\/wp-content\/uploads\/2020\/04\/moder-256x195.jpg 256w, https:\/\/www.2x3.pl\/wp-content\/uploads\/2020\/04\/moder-100x76.jpg 100w, https:\/\/www.2x3.pl\/wp-content\/uploads\/2020\/04\/moder-768x584.jpg 768w\" sizes=\"auto, (max-width: 884px) 100vw, 884px\" \/><\/p>\n<p class=\"product-purpose\"><strong>Zastosowanie:<\/strong> Bezpieczna przestrze\u0144 w miejscu pracy: w biurze, pracowni, fabryce, szpitalu lub przychodni. Oferujemy produkty, kt\u00f3re pomog\u0105 przeciwdzia\u0142a\u0107 rozprzestrzenianiu bakterii i wirus\u00f3w. Jest to skuteczna fizyczna bariera, kt\u00f3ra mo\u017ce spe\u0142nia\u0107 dodatkowe funkcje (informacyjna powierzchnia, na kt\u00f3rej mo\u017cna pisa\u0107 lub umieszcza\u0107 notatki za pomoc\u0105 magnes\u00f3w).<\/p>\n\n<table id=\"wp-table-reloaded-id-287-no-1\" class=\"wp-table-reloaded wp-table-reloaded-id-287\">\n<thead>\n\t<tr class=\"row-1 odd\">\n\t\t<th class=\"column-1\">2x3 Art.<\/th><th class=\"column-2\">Wymiary A\u00d7B [cm]\/Size A\u00d7B <\/th><th class=\"column-3\">Komplet \/ Pack<\/th><th class=\"column-4\">Powierzchnia \/ Surface<\/th>\n\t<\/tr>\n<\/thead>\n<tbody class=\"row-hover\">\n\t<tr class=\"row-2 even\">\n\t\t<td class=\"column-1\">MP1215<br \/>\r\n<\/td><td class=\"column-2\">120\u00d7150<br \/>\r\n<\/td><td class=\"column-3\">1<\/td><td class=\"column-4\">przezroczysta plexi 3mm, na k\u00f3\u0142kach \/ PLEXIGLASS 3mm TRANSPARENT on wheels<\/td>\n\t<\/tr>\n\t<tr class=\"row-3 odd\">\n\t\t<td class=\"column-1\">MP1218<br \/>\r\n<\/td><td class=\"column-2\">120x180<br \/>\r\n<\/td><td class=\"column-3\">1<\/td><td class=\"column-4\">przezroczysta plexi 3mm, na k\u00f3\u0142kach \/ PLEXIGLASS 3mm TRANSPARENT on wheels<\/td>\n\t<\/tr>\n<\/tbody>\n<\/table>\n\n<div class=\"product-card\"><a class=\"pdf-file-32\" href=\"https:\/\/www.2x3.pl\/wp-content\/uploads\/2023\/06\/MP_MG_MGW.pdf\">Karta produktowa &#8211; MP<\/a><\/div>\n<hr \/>\n<p><a id=\"moderation\" name=\"moderation\"><\/a><span class=\"product-code\"><\/span><\/p>\n<h2>\u015acianki dzia\u0142owe Heavy Duty<\/h2>\n<p><img loading=\"lazy\" decoding=\"async\" src=\"https:\/\/www.2x3.pl\/wp-content\/uploads\/2020\/04\/sh.png\" alt=\"\" width=\"778\" height=\"510\" class=\"alignnone size-full wp-image-12475\" srcset=\"https:\/\/www.2x3.pl\/wp-content\/uploads\/2020\/04\/sh.png 778w, https:\/\/www.2x3.pl\/wp-content\/uploads\/2020\/04\/sh-256x168.png 256w, https:\/\/www.2x3.pl\/wp-content\/uploads\/2020\/04\/sh-100x66.png 100w, https:\/\/www.2x3.pl\/wp-content\/uploads\/2020\/04\/sh-768x503.png 768w\" sizes=\"auto, (max-width: 778px) 100vw, 778px\" \/><\/p>\n<p class=\"product-purpose\"><strong>Zastosowanie:<\/strong> Bezpieczna przestrze\u0144 w miejscu pracy: w biurze, pracowni, fabryce, szpitalu lub przychodni. Oferujemy produkty, kt\u00f3re pomog\u0105 przeciwdzia\u0142a\u0107 rozprzestrzenianiu bakterii i wirus\u00f3w. Jest to skuteczna fizyczna bariera, kt\u00f3ra mo\u017ce spe\u0142nia\u0107 dodatkowe funkcje (informacyjna powierzchnia, na kt\u00f3rej mo\u017cna pisa\u0107 lub umieszcza\u0107 notatki za pomoc\u0105 magnes\u00f3w).<\/p>\n\n<table id=\"wp-table-reloaded-id-290-no-1\" class=\"wp-table-reloaded wp-table-reloaded-id-290\">\n<thead>\n\t<tr class=\"row-1 odd\">\n\t\t<th class=\"column-1\">2x3 Art. <\/th><th class=\"column-2\">Wymiary \/ Size<\/th><th class=\"column-3\">Komplet \/ Pack<\/th><th class=\"column-4\">Powierzchnia \/ Surface<\/th>\n\t<\/tr>\n<\/thead>\n<tbody class=\"row-hover\">\n\t<tr class=\"row-2 even\">\n\t\t<td class=\"column-1\">SWP1215<\/td><td class=\"column-2\">120\u00d7150<br \/>\r\n<\/td><td class=\"column-3\">1<\/td><td class=\"column-4\">przezroczysta 5mm \/ transparent 5mm<\/td>\n\t<\/tr>\n\t<tr class=\"row-3 odd\">\n\t\t<td class=\"column-1\">SWP1215W<\/td><td class=\"column-2\">120\u00d7150<br \/>\r\n<\/td><td class=\"column-3\">1<\/td><td class=\"column-4\">przezroczysta 5mm \/ transparent 5mm<\/td>\n\t<\/tr>\n\t<tr class=\"row-4 even\">\n\t\t<td class=\"column-1\">SWP1218<\/td><td class=\"column-2\">120x180<br \/>\r\n<\/td><td class=\"column-3\">1<\/td><td class=\"column-4\">przezroczysta 5mm \/ transparent 5mm<\/td>\n\t<\/tr>\n\t<tr class=\"row-5 odd\">\n\t\t<td class=\"column-1\">SWP1218W<\/td><td class=\"column-2\">120x180<br \/>\r\n<\/td><td class=\"column-3\">1<\/td><td class=\"column-4\">przezroczysta 5mm \/ transparent 5mm<\/td>\n\t<\/tr>\n<\/tbody>\n<\/table>\n\n<div class=\"product-card\"><a class=\"pdf-file-32\" href=\"https:\/\/www.2x3.pl\/wp-content\/uploads\/2020\/05\/SWP.pdf\">Karta produktowa &#8211; SWP<\/a><\/div>\n<hr \/>\n<p><a id=\"partition\" name=\"partition\"><\/a><span class=\"product-code\"><\/span><\/p>\n<h2>\u015acianki dzia\u0142owe modu\u0142owe &#8211; tablice<\/h2>\n\n\t\t<!-- MasterSlider -->\n\t\t<div id=\"P_MS69f03ddd65d93\" class=\"master-slider-parent msl ms-parent-id-170\" style=\"max-width:1000px;\">\n\n\t\t\t\n\t\t\t<!-- MasterSlider Main -->\n\t\t\t<div id=\"MS69f03ddd65d93\" class=\"master-slider ms-skin-default\" >\n\t\t\t\t \t\t\t\t \n\t\t\t\t<div  class=\"ms-slide\" data-delay=\"3\" data-fill-mode=\"fit\"  >\n\t\t\t\t\t<img decoding=\"async\" src=\"https:\/\/www.2x3.pl\/wp-content\/plugins\/master-slider\/public\/assets\/css\/blank.gif\" alt=\"\" title=\"\" data-src=\"https:\/\/www.2x3.pl\/wp-content\/uploads\/2020\/04\/mod-1.png\" \/>\n\n\n\t<div class=\"ms-thumb\" ><div class=\"ms-tab-context\"><div class=\"&quot;ms-tab-context&quot;\"><\/div><\/div>\n<\/div>\n\t\t\t\t<\/div>\n\n\t\t\t<\/div>\n\t\t\t<!-- END MasterSlider Main -->\n\n\t\t\t \n\t\t<\/div>\n\t\t<!-- END MasterSlider -->\n\n\t\t<script>\n\t\t(function ( $ ) {\n\t\t\t\"use strict\";\n\n\t\t\t$(function () {\n\t\t\t\tvar masterslider_5d93 = new MasterSlider();\n\n\t\t\t\t\/\/ slider controls\n\n\t\t\t\t\/\/ slider setup\n\t\t\t\tmasterslider_5d93.setup(\"MS69f03ddd65d93\", {\n\t\t\t\t\t\twidth           : 1000,\n\t\t\t\t\t\theight          : 500,\n\t\t\t\t\t\tminHeight       : 0,\n\t\t\t\t\t\tspace           : 0,\n\t\t\t\t\t\tstart           : 1,\n\t\t\t\t\t\tgrabCursor      : true,\n\t\t\t\t\t\tswipe           : true,\n\t\t\t\t\t\tmouse           : true,\n\t\t\t\t\t\tlayout          : \"boxed\",\n\t\t\t\t\t\twheel           : false,\n\t\t\t\t\t\tautoplay        : false,\n\t\t\t\t\t\tinstantStartLayers:false,\n\t\t\t\t\t\tloop            : false,\n\t\t\t\t\t\tshuffle         : false,\n\t\t\t\t\t\tpreload         : 0,\n\t\t\t\t\t\theightLimit     : true,\n\t\t\t\t\t\tautoHeight      : false,\n\t\t\t\t\t\tsmoothHeight    : true,\n\t\t\t\t\t\tendPause        : false,\n\t\t\t\t\t\toverPause       : true,\n\t\t\t\t\t\tfillMode        : \"fill\",\n\t\t\t\t\t\tcenterControls  : true,\n\t\t\t\t\t\tstartOnAppear   : false,\n\t\t\t\t\t\tlayersMode      : \"center\",\n\t\t\t\t\t\thideLayers      : false,\n\t\t\t\t\t\tfullscreenMargin: 0,\n\t\t\t\t\t\tspeed           : 20,\n\t\t\t\t\t\tdir             : \"h\",\n\t\t\t\t\t\tparallaxMode    : 'swipe',\n\t\t\t\t\t\tview            : \"basic\"\n\t\t\t\t});\n\n\t\t\t\t\n\t\t\t\twindow.masterslider_instances = window.masterslider_instances || [];\n\t\t\t\twindow.masterslider_instances.push( masterslider_5d93 );\n\t\t\t });\n\n\t\t})(jQuery);\n\t\t<\/script>\n\n\n<p class=\"product-purpose\"><strong>Zastosowanie:<\/strong> Bezpieczna przestrze\u0144 w miejscu pracy: w biurze, pracowni, fabryce, szpitalu lub przychodni. Oferujemy produkty, kt\u00f3re pomog\u0105 przeciwdzia\u0142a\u0107 rozprzestrzenianiu bakterii i wirus\u00f3w. Jest to skuteczna fizyczna bariera, kt\u00f3ra mo\u017ce spa\u0142nia\u0107 dodatkowe funkcje (informacyjna powierzchnia, na kt\u00f3rej mo\u017cna pisa\u0107 lub umieszcza\u0107 notatki za pomoc\u0105 magnes\u00f3w).<\/p>\n<p><strong>\u015aCIANKI DZIA\u0141OWE <\/strong>(dwustronne, opcjonalnie na k\u00f3\u0142kach)<br \/>\nLIGHT, MEDIUM oraz HEAVY DUTY panele o wymiarach: 120 x 30, 120 x 90, 120 x 120, 120 x 180 cm<br \/>\nzamocowane na 160 lub 190 cm nogach. Mo\u017cliwo\u015b\u0107 zamocowania k\u00f3\u0142ek.<br \/>\n<\/P><\/p>\n\n<table id=\"wp-table-reloaded-id-285-no-1\" class=\"wp-table-reloaded wp-table-reloaded-id-285\">\n<thead>\n\t<tr class=\"row-1 odd\">\n\t\t<th class=\"column-1\">2x3 Art. <\/th><th class=\"column-2\">Wymiary \/ Size<\/th><th class=\"column-3\">Powierzchnia \/ Surface<\/th><th class=\"column-4\">Komplet \/ pack<\/th>\n\t<\/tr>\n<\/thead>\n<tbody class=\"row-hover\">\n\t<tr class=\"row-2 even\">\n\t\t<td class=\"column-1\">TMP123<br \/>\r\n<\/td><td class=\"column-2\">120x30<br \/>\r\n<\/td><td class=\"column-3\">Przezroczysta plexi 3mm<br \/>\r\n\/ PLEXIGLASS 3mm TRANSPARENT <br \/>\r\n<\/td><td class=\"column-4\">1<\/td>\n\t<\/tr>\n\t<tr class=\"row-3 odd\">\n\t\t<td class=\"column-1\">TMP126<br \/>\r\n<\/td><td class=\"column-2\">120x60<br \/>\r\n<\/td><td class=\"column-3\">Przezroczysta plexi 3mm<br \/>\r\n\/ PLEXIGLASS 3mm TRANSPARENT <br \/>\r\n<\/td><td class=\"column-4\">1<\/td>\n\t<\/tr>\n\t<tr class=\"row-4 even\">\n\t\t<td class=\"column-1\">TMP129<br \/>\r\n<\/td><td class=\"column-2\">120x90<br \/>\r\n<\/td><td class=\"column-3\">Przezroczysta plexi 3mm<br \/>\r\n\/ PLEXIGLASS 3mm TRANSPARENT <br \/>\r\n<\/td><td class=\"column-4\">1<\/td>\n\t<\/tr>\n\t<tr class=\"row-5 odd\">\n\t\t<td class=\"column-1\">TMP1212<br \/>\r\n<\/td><td class=\"column-2\">120x120<br \/>\r\n<\/td><td class=\"column-3\">Przezroczysta plexi 3mm<br \/>\r\n\/ PLEXIGLASS 3mm TRANSPARENT <br \/>\r\n<\/td><td class=\"column-4\">1<\/td>\n\t<\/tr>\n\t<tr class=\"row-6 even\">\n\t\t<td class=\"column-1\">TMP1218<br \/>\r\n<\/td><td class=\"column-2\">120x180<br \/>\r\n<\/td><td class=\"column-3\">Przezroczysta plexi <br \/>\r\n\/ PLEXIGLASSTRANSPARENT <br \/>\r\n<\/td><td class=\"column-4\">1<\/td>\n\t<\/tr>\n\t<tr class=\"row-7 odd\">\n\t\t<td colspan=\"4\" class=\"column-1 colspan-4\">Akcesoria \/ Accessories<\/td>\n\t<\/tr>\n\t<tr class=\"row-8 even\">\n\t\t<td class=\"column-1\">NTM190<\/td><td class=\"column-2\">wysoko\u015b\u0107 190cm \/ height 190 cm<\/td><td class=\"column-3\">Stojak na tablic\u0119 190cm<br \/>\r\n\/ Stand for board 190 cm<\/td><td class=\"column-4\">1<\/td>\n\t<\/tr>\n\t<tr class=\"row-9 odd\">\n\t\t<td class=\"column-1\">NTMU<\/td><td class=\"column-2\">-<\/td><td class=\"column-3\">Holder tdo tablicy moderacyjnej<br \/>\r\n\/Moderation board holder<br \/>\r\n<\/td><td class=\"column-4\">2 szt \/ 2 pcs<\/td>\n\t<\/tr>\n\t<tr class=\"row-10 even\">\n\t\t<td class=\"column-1\">NTK<\/td><td class=\"column-2\">-<\/td><td class=\"column-3\">Ko\u0142a do stojaka - 2 szt.<br \/>\r\n\/ Wheels for stand - 2 pcs.<br \/>\r\n<\/td><td class=\"column-4\">2 szt \/ 2 pcs<\/td>\n\t<\/tr>\n\t<tr class=\"row-11 odd\">\n\t\t<td class=\"column-1\">NTM160<\/td><td class=\"column-2\">wysoko\u015b\u0107 160cm<br \/>\r\n\/ height 160 cm<br \/>\r\n<\/td><td class=\"column-3\">Stojak na tablic\u0119 160cm<br \/>\r\n\/ Stand for board 160 cm<br \/>\r\n<\/td><td class=\"column-4\">1<\/td>\n\t<\/tr>\n<\/tbody>\n<\/table>\n\n<div class=\"product-card\"><a class=\"pdf-file-32\" href=\"https:\/\/www.2x3.pl\/wp-content\/uploads\/2020\/06\/TMP_TMG_TMGW.pdf\">Karta produktowa &#8211; TMP<\/a><\/div>\n<p><br \/>\n<\/p>\n","protected":false},"excerpt":{"rendered":"","protected":false},"author":18,"featured_media":0,"parent":12265,"menu_order":0,"comment_status":"closed","ping_status":"closed","template":"","meta":{"ngg_post_thumbnail":0,"footnotes":""},"class_list":["post-12284","page","type-page","status-publish","hentry"],"_links":{"self":[{"href":"https:\/\/www.2x3.pl\/pl\/wp-json\/wp\/v2\/pages\/12284","targetHints":{"allow":["GET"]}}],"collection":[{"href":"https:\/\/www.2x3.pl\/pl\/wp-json\/wp\/v2\/pages"}],"about":[{"href":"https:\/\/www.2x3.pl\/pl\/wp-json\/wp\/v2\/types\/page"}],"author":[{"embeddable":true,"href":"https:\/\/www.2x3.pl\/pl\/wp-json\/wp\/v2\/users\/18"}],"replies":[{"embeddable":true,"href":"https:\/\/www.2x3.pl\/pl\/wp-json\/wp\/v2\/comments?post=12284"}],"version-history":[{"count":2,"href":"https:\/\/www.2x3.pl\/pl\/wp-json\/wp\/v2\/pages\/12284\/revisions"}],"predecessor-version":[{"id":15007,"href":"https:\/\/www.2x3.pl\/pl\/wp-json\/wp\/v2\/pages\/12284\/revisions\/15007"}],"up":[{"embeddable":true,"href":"https:\/\/www.2x3.pl\/pl\/wp-json\/wp\/v2\/pages\/12265"}],"wp:attachment":[{"href":"https:\/\/www.2x3.pl\/pl\/wp-json\/wp\/v2\/media?parent=12284"}],"curies":[{"name":"wp","href":"https:\/\/api.w.org\/{rel}","templated":true}]}}