{"id":12914,"date":"2020-06-15T11:05:02","date_gmt":"2020-06-15T09:05:02","guid":{"rendered":"https:\/\/www.2x3.pl\/?page_id=12914"},"modified":"2020-09-28T10:03:46","modified_gmt":"2020-09-28T08:03:46","slug":"pa","status":"publish","type":"page","link":"https:\/\/www.2x3.pl\/pl\/pa\/","title":{"rendered":"Portal akcjonariuszy"},"content":{"rendered":"<h4>&nbsp;<\/h4>\n<h2 style=\"text-align: center;\">ZAWIADOMIENIE<\/h2>\n<h4>ZARZ\u0104D SP\u00d3\u0141KI <strong>2&#215;3 S.A.<\/strong> ZAWIADAMIA O WEZWANIU AKCJONARIUSZY SP\u00d3\u0141KI AKCYJNEJ 2&#215;3 Z SIEDZIB\u0104 W KRZ\u0118CINIE PRZY UL. S\u0141ONECZNEJ 3 DO Z\u0141O\u017bENIA DOKUMENTU AKCJI NA DZIE\u0143 <strong>14.10.2020 GODZ 12:00<\/strong><\/h4>\n","protected":false},"excerpt":{"rendered":"<p>&nbsp; ZAWIADOMIENIE ZARZ\u0104D SP\u00d3\u0141KI 2&#215;3 S.A. ZAWIADAMIA O WEZWANIU AKCJONARIUSZY SP\u00d3\u0141KI AKCYJNEJ 2&#215;3 Z SIEDZIB\u0104 W KRZ\u0118CINIE PRZY UL. S\u0141ONECZNEJ 3 DO Z\u0141O\u017bENIA DOKUMENTU AKCJI NA DZIE\u0143 14.10.2020 GODZ 12:00<\/p>\n","protected":false},"author":18,"featured_media":0,"parent":0,"menu_order":0,"comment_status":"closed","ping_status":"closed","template":"","meta":{"ngg_post_thumbnail":0,"footnotes":""},"class_list":["post-12914","page","type-page","status-publish","hentry"],"_links":{"self":[{"href":"https:\/\/www.2x3.pl\/pl\/wp-json\/wp\/v2\/pages\/12914","targetHints":{"allow":["GET"]}}],"collection":[{"href":"https:\/\/www.2x3.pl\/pl\/wp-json\/wp\/v2\/pages"}],"about":[{"href":"https:\/\/www.2x3.pl\/pl\/wp-json\/wp\/v2\/types\/page"}],"author":[{"embeddable":true,"href":"https:\/\/www.2x3.pl\/pl\/wp-json\/wp\/v2\/users\/18"}],"replies":[{"embeddable":true,"href":"https:\/\/www.2x3.pl\/pl\/wp-json\/wp\/v2\/comments?post=12914"}],"version-history":[{"count":0,"href":"https:\/\/www.2x3.pl\/pl\/wp-json\/wp\/v2\/pages\/12914\/revisions"}],"wp:attachment":[{"href":"https:\/\/www.2x3.pl\/pl\/wp-json\/wp\/v2\/media?parent=12914"}],"curies":[{"name":"wp","href":"https:\/\/api.w.org\/{rel}","templated":true}]}}