{"id":13079,"date":"2020-10-19T11:29:52","date_gmt":"2020-10-19T09:29:52","guid":{"rendered":"https:\/\/www.2x3.pl\/?page_id=13079"},"modified":"2024-11-28T08:53:15","modified_gmt":"2024-11-28T07:53:15","slug":"higienic-surface","status":"publish","type":"page","link":"https:\/\/www.2x3.pl\/pl\/higienic-surface\/","title":{"rendered":"Hygienic Surface"},"content":{"rendered":"<p><br \/>\n<img loading=\"lazy\" decoding=\"async\" class=\"alignnone size-full wp-image-12355\" src=\"https:\/\/www.2x3.pl\/wp-content\/uploads\/2020\/04\/stay.png\" alt=\"\" width=\"954\" height=\"120\" srcset=\"https:\/\/www.2x3.pl\/wp-content\/uploads\/2020\/04\/stay.png 954w, https:\/\/www.2x3.pl\/wp-content\/uploads\/2020\/04\/stay-256x32.png 256w, https:\/\/www.2x3.pl\/wp-content\/uploads\/2020\/04\/stay-100x13.png 100w, https:\/\/www.2x3.pl\/wp-content\/uploads\/2020\/04\/stay-768x97.png 768w\" sizes=\"auto, (max-width: 954px) 100vw, 954px\" \/><br \/>\n&nbsp;<\/p>\n<h2>Flipchart StarBoard HS &#8211; TFS04HS<\/h2>\n<p><img loading=\"lazy\" decoding=\"async\" class=\"alignnone size-full wp-image-13097\" src=\"https:\/\/www.2x3.pl\/wp-content\/uploads\/2020\/10\/flip.png\" alt=\"\" width=\"481\" height=\"555\" srcset=\"https:\/\/www.2x3.pl\/wp-content\/uploads\/2020\/10\/flip.png 481w, https:\/\/www.2x3.pl\/wp-content\/uploads\/2020\/10\/flip-230x265.png 230w, https:\/\/www.2x3.pl\/wp-content\/uploads\/2020\/10\/flip-87x100.png 87w\" sizes=\"auto, (max-width: 481px) 100vw, 481px\" \/><br \/>\nTablica sucho\u015bcieralno magnetyczna z powierzchni\u0105 ceramiczn\u0105 higieniczn\u0105 HYGIENIC SURFACE. Antybakteryjna powierzchnia HS zawiera mikrocz\u0105steczki srebra usuwaj\u0105ce 99% bakterii. Mocna rama aluminiowa z czarnymi plastikowymi wyko\u0144czeniami. Tr\u00f3jno\u017cny stojak \u2013 aluminium lakierowane (popiel).<\/p>\n<ul>\n<li>Regulacja wysoko\u015bci (max. 185 cm).<\/li>\n<li>Uniwersalny uchwyt na blok (regulowany rozstaw hak\u00f3w).<\/li>\n<li>Otwierana p\u00f3\u0142ka na przybory.<br \/>\nRozk\u0142adane ramiona boczne (+ 4 klamerki) do zawieszania<br \/>\narkuszy papieru<\/li>\n<li>Wymiary tablicy &#8211; 71,5 x 108<\/li>\n<\/ul>\n<hr>\n<h2>&nbsp;<\/h2>\n<h2>tablica StarBoard HS &#8211; TSS HS<\/h2>\n<p><img loading=\"lazy\" decoding=\"async\" class=\"alignnone size-full wp-image-13101\" src=\"https:\/\/www.2x3.pl\/wp-content\/uploads\/2020\/10\/flip-1.png\" alt=\"\" width=\"484\" height=\"331\" srcset=\"https:\/\/www.2x3.pl\/wp-content\/uploads\/2020\/10\/flip-1.png 484w, https:\/\/www.2x3.pl\/wp-content\/uploads\/2020\/10\/flip-1-256x175.png 256w, https:\/\/www.2x3.pl\/wp-content\/uploads\/2020\/10\/flip-1-100x68.png 100w\" sizes=\"auto, (max-width: 484px) 100vw, 484px\" \/><br \/>\nTablica sucho\u015bcieralno magnetyczna z powierzchni\u0105 ceramiczn\u0105 higieniczn\u0105 HYGIENIC SURFACE. Antybakteryjna powierzchnia HS zawiera mikrocz\u0105steczki srebra usuwaj\u0105ce 99% bakterii. Mocna<br \/>\nrama aluminiowa z czarnymi plastikowymi wyko\u0144czeniami. 2 otwierane p\u00f3\u0142ki na przybory. Wzmocnienie ty\u0142u blach\u0105 ocynkowan\u0105. \u0141atwy monta\u017c (haki dopasowane do profilu ramy).<\/p>\n<p><b>Dost\u0119pne wymiary:<\/b><\/p>\n<ul>\n<li>90 \u00d7 60 TSS96HS<\/li>\n<li>120 \u00d7 90 TSS129HS<\/li>\n<li>150 \u00d7 100 TSS1510HS<\/li>\n<li>180 \u00d7 90 TSS1890HS<\/li>\n<li>180 \u00d7 120 TSS1218HS<\/li>\n<li>200 \u00d7 100 TSS1020HS<\/li>\n<li>240 \u00d7 120 TSS1224HS<\/li>\n<\/ul>\n<hr>\n<h2>&nbsp;<\/h2>\n<h2>tablica obrotowa HS &#8211; TOS HS&nbsp;<\/h2>\n<p><img loading=\"lazy\" decoding=\"async\" class=\"alignnone size-full wp-image-13105\" src=\"https:\/\/www.2x3.pl\/wp-content\/uploads\/2020\/10\/flip-2.png\" alt=\"\" width=\"529\" height=\"627\" srcset=\"https:\/\/www.2x3.pl\/wp-content\/uploads\/2020\/10\/flip-2.png 529w, https:\/\/www.2x3.pl\/wp-content\/uploads\/2020\/10\/flip-2-224x265.png 224w, https:\/\/www.2x3.pl\/wp-content\/uploads\/2020\/10\/flip-2-84x100.png 84w\" sizes=\"auto, (max-width: 529px) 100vw, 529px\" \/><\/p>\n<p>Tablica sucho\u015bcieralno magnetyczna obrotowa z powierzchni\u0105 ceramiczn\u0105 higieniczn\u0105 HYGIENIC SURFACE. Antybakteryjna powierzchnia HS zawiera mikrocz\u0105steczki srebra usuwaj\u0105ce 99% bakterii.<\/p>\n<p>Aluminiowy profil w kolorze srebrnym. Rama wyko\u0144czona jest eleganckimi, popielatymi naro\u017cnikami. Solidna konstrukcja zapewnia stabilno\u015b\u0107 produktu. Tablica obraca si\u0119 wok\u00f3\u0142 poziomej osi o 360\u00b0.<\/p>\n<p>Istnieje mo\u017cliwo\u015b\u0107 zablokowania jej w dowolnej pozycji, przy u\u017cyciu pokr\u0119t\u0142a bocznego w kolorze grafitowym. Podstawa jezdna wyposa\u017cona w k\u00f3\u0142ka z systemem blokuj\u0105cym,<br \/>\nu\u0142atwiaj\u0105ce przemieszczanie si\u0119 tablicy w dowolne miejsce.<\/p>\n<p><strong>Dost\u0119pne wymiary:<\/strong><\/p>\n<ul>\n<li>120 \u00d7 90 TOS129HS&nbsp;<\/li>\n<li>150 \u00d7 100 TOS1510HS&nbsp;<\/li>\n<li>180 \u00d7 120 TOS1218HS<\/li>\n<\/ul>\n<p><img loading=\"lazy\" decoding=\"async\" class=\"alignnone size-full wp-image-12355\" src=\"https:\/\/www.2x3.pl\/wp-content\/uploads\/2020\/04\/stay.png\" alt=\"\" width=\"954\" height=\"120\" srcset=\"https:\/\/www.2x3.pl\/wp-content\/uploads\/2020\/04\/stay.png 954w, https:\/\/www.2x3.pl\/wp-content\/uploads\/2020\/04\/stay-256x32.png 256w, https:\/\/www.2x3.pl\/wp-content\/uploads\/2020\/04\/stay-100x13.png 100w, https:\/\/www.2x3.pl\/wp-content\/uploads\/2020\/04\/stay-768x97.png 768w\" sizes=\"auto, (max-width: 954px) 100vw, 954px\" \/><\/p>\n<hr>\n<p><br \/>\n<\/p>\n","protected":false},"excerpt":{"rendered":"","protected":false},"author":18,"featured_media":0,"parent":0,"menu_order":0,"comment_status":"closed","ping_status":"closed","template":"","meta":{"ngg_post_thumbnail":0,"footnotes":""},"class_list":["post-13079","page","type-page","status-publish","hentry"],"_links":{"self":[{"href":"https:\/\/www.2x3.pl\/pl\/wp-json\/wp\/v2\/pages\/13079","targetHints":{"allow":["GET"]}}],"collection":[{"href":"https:\/\/www.2x3.pl\/pl\/wp-json\/wp\/v2\/pages"}],"about":[{"href":"https:\/\/www.2x3.pl\/pl\/wp-json\/wp\/v2\/types\/page"}],"author":[{"embeddable":true,"href":"https:\/\/www.2x3.pl\/pl\/wp-json\/wp\/v2\/users\/18"}],"replies":[{"embeddable":true,"href":"https:\/\/www.2x3.pl\/pl\/wp-json\/wp\/v2\/comments?post=13079"}],"version-history":[{"count":1,"href":"https:\/\/www.2x3.pl\/pl\/wp-json\/wp\/v2\/pages\/13079\/revisions"}],"predecessor-version":[{"id":14996,"href":"https:\/\/www.2x3.pl\/pl\/wp-json\/wp\/v2\/pages\/13079\/revisions\/14996"}],"wp:attachment":[{"href":"https:\/\/www.2x3.pl\/pl\/wp-json\/wp\/v2\/media?parent=13079"}],"curies":[{"name":"wp","href":"https:\/\/api.w.org\/{rel}","templated":true}]}}