{"id":13672,"date":"2021-12-17T09:47:20","date_gmt":"2021-12-17T08:47:20","guid":{"rendered":"https:\/\/www.2x3.pl\/?page_id=13672"},"modified":"2024-05-27T11:48:57","modified_gmt":"2024-05-27T09:48:57","slug":"sygnalista","status":"publish","type":"page","link":"https:\/\/www.2x3.pl\/pl\/sygnalista\/","title":{"rendered":"Sygnalista"},"content":{"rendered":"<br \/>\n<style>\n      .container {\n        display: flex;\n        align-items: center;\n        justify-content: left;\n     color: #666;\nfont-weight:bold;\n      }    \n      .image {\n        flex-basis: 5%\n      }\n      .text {\n        font-size: 12px;\n        padding-left: 10px;   \n     color: #666;\nfont-weight:bold;   \n      }\n       A:link, A:visited{\n      text-decoration:none;\n     color: #666;\n      }\nh3{\nfont-weight: bold;\n}  \nh2{\nfont-weight: bold;\ncolor: black;\npadding-top:20px;\n}\n#content h3{\n    margin: 10px 0px 0px; \n    font-weight: bold;\n    color: #666;\n}<\/p>\n<\/style>\n<div class=\"container\">\n<div class=\"image\">\n        <img decoding=\"async\" src=\"https:\/\/www.2x3.pl\/wp-content\/uploads\/2021\/12\/2.png\">\n      <\/div>\n<div class=\"text\">\n<h3>Kontakt przez telefon<\/h3>\n<h4>\n          95 784 11 69<br \/>\n        <\/h4>\n<\/p><\/div>\n<\/p><\/div>\n<div class=\"container\">\n<div class=\"image\">\n        <img decoding=\"async\" src=\"https:\/\/www.2x3.pl\/wp-content\/uploads\/2021\/12\/4.png\">\n      <\/div>\n<div class=\"text\">\n<h3>Kontakt mailowy<\/h3>\n<h4>\n          <a href=\"mailto:sygnalista@2x3.pl\">sygnalista@2&#215;3.pl<\/a><br \/>\n        <\/h4>\n<\/p><\/div>\n<hr><\/div>\n<hr>\n<p>Zgodnie z art. 13 ust. 1 og\u00f3lnego rozporz\u0105dzenia o ochronie danych osobowych z dnia 27 kwietnia 2016 r. (RODO), informuj\u0119, i\u017c:<br \/>\n1.\tAdministratorem Pani\/Pana danych osobowych jest firma 2&#215;3 S.A. z siedzib\u0105 przy ulicy S\u0142onecznej 3, 73-231 Krz\u0119cin.<br \/>\n2.\tW sprawach zwi\u0105zanych z ochron\u0105 danych osobowych mo\u017cna skontaktowa\u0107 si\u0119 z Inspektorem Ochrony Danych Osobowych za po\u015brednictwem poczty elektronicznej na adres e-mail <a href=\"mailto:iodo@2x3.pl\">iodo@2&#215;3.pl<\/a> lub pisemnie na adres siedziby firmy.<br \/>\n3.\tPani\/Pana dane osobowe przetwarzane b\u0119d\u0105 na podstawie art. 6 ust. 1 lit. c RODO w celu wype\u0142nienia obowi\u0105zku prawnego ci\u0105\u017c\u0105cego na administratorze.<br \/>\n4.\tOdbiorcami Pani\/Pana danych osobowych mog\u0105 by\u0107 podmioty obs\u0142uguj\u0105ce nasze systemy teleinformatyczne tj. firmy hostingowe, dostawcy us\u0142ug IT.<br \/>\n5.\tPani\/Pana dane osobowe nie b\u0119d\u0105 przekazywane do pa\u0144stw trzecich a wi\u0119c poza teren Europejskiego Obszaru Gospodarczego.<br \/>\n6.\tPani\/Pana dane osobowe b\u0119d\u0105 przechowywane przez okres nie d\u0142u\u017cszy ni\u017c jest to niezb\u0119dne do realizacji celu.<br \/>\n7.\tPrzys\u0142uguje Pani\/Panu prawo do:<br \/>\na)    dost\u0119pu do swoich danych oraz otrzymania ich kopii;<br \/>\nb)    \u017c\u0105dania sprostowania (poprawiania) swoich danych osobowych;<br \/>\nc)    usuni\u0119cia danych osobowych;<br \/>\nd)    ograniczenia przetwarzania danych osobowych;<br \/>\ne)    przenoszenia danych;<br \/>\nW zakresie, w jakim postaw\u0105 przetwarzania Pani\/Pana danych osobowych jest zgoda wyra\u017cona na podstawie przepis\u00f3w RODO, przys\u0142uguje Pani\/Panu prawo do cofni\u0119cia takiej zgody. Wycofanie zgody nie ma wp\u0142ywu ma przetwarzanie, kt\u00f3rego dokonano przed jej wycofaniem.<br \/>\n8.\tJe\u015bli uzna Pani\/Pan, i\u017c przetwarzanie danych osobowych Pani\/Pana dotycz\u0105cych narusza przepisy RODO, przys\u0142uguje Pani\/Panu prawo wniesienia skargi do Prezesa Urz\u0119du Ochrony Danych Osobowych.<br \/>\n9.\tPodanie przez Pani\u0105\/Pana danych osobowych jest dobrowolne, jednak odmowa podania danych skutkuje brakiem mo\u017cliwo\u015bci zg\u0142oszenia przypadk\u00f3w naruszenia.<br \/>\n10.\tPani\/Pana dane nie b\u0119d\u0105 przetwarzane w spos\u00f3b zautomatyzowany, w tym w formie profilowania.<br \/>\n11.\tZgodnie z art. 21 ust. 4 RODO informuj\u0119, i\u017c przys\u0142uguje Pani\/Panu prawo wniesienia sprzeciwu wobec przetwarzania dotycz\u0105cych Pani\/Panu danych osobowych. Sprzeciw nale\u017cy z\u0142o\u017cy\u0107 Inspektorowi Ochrony Danych, kt\u00f3rego dane kontaktowe wskazane s\u0105 w pkt 2. Zgodnie z art. 21 ust. 1 RODO, sk\u0142adaj\u0105c sprzeciw, nale\u017cy wskaza\u0107 jego przyczyny zwi\u0105zane z Pani\/Pana szczeg\u00f3ln\u0105 sytuacj\u0105.<\/p>\n","protected":false},"excerpt":{"rendered":"<p>Kontakt przez telefon 95 784 11 69 Kontakt mailowy sygnalista@2&#215;3.pl Zgodnie z art. 13 ust. 1 og\u00f3lnego rozporz\u0105dzenia o ochronie danych osobowych z dnia 27 kwietnia 2016 r. (RODO), informuj\u0119, i\u017c: 1. Administratorem Pani\/Pana danych osobowych jest firma 2&#215;3 S.A. &hellip; <a href=\"https:\/\/www.2x3.pl\/pl\/sygnalista\/\">Continue reading <span class=\"meta-nav\">&rarr;<\/span><\/a><\/p>\n","protected":false},"author":18,"featured_media":0,"parent":0,"menu_order":0,"comment_status":"closed","ping_status":"closed","template":"","meta":{"ngg_post_thumbnail":0,"footnotes":""},"class_list":["post-13672","page","type-page","status-publish","hentry"],"_links":{"self":[{"href":"https:\/\/www.2x3.pl\/pl\/wp-json\/wp\/v2\/pages\/13672","targetHints":{"allow":["GET"]}}],"collection":[{"href":"https:\/\/www.2x3.pl\/pl\/wp-json\/wp\/v2\/pages"}],"about":[{"href":"https:\/\/www.2x3.pl\/pl\/wp-json\/wp\/v2\/types\/page"}],"author":[{"embeddable":true,"href":"https:\/\/www.2x3.pl\/pl\/wp-json\/wp\/v2\/users\/18"}],"replies":[{"embeddable":true,"href":"https:\/\/www.2x3.pl\/pl\/wp-json\/wp\/v2\/comments?post=13672"}],"version-history":[{"count":0,"href":"https:\/\/www.2x3.pl\/pl\/wp-json\/wp\/v2\/pages\/13672\/revisions"}],"wp:attachment":[{"href":"https:\/\/www.2x3.pl\/pl\/wp-json\/wp\/v2\/media?parent=13672"}],"curies":[{"name":"wp","href":"https:\/\/api.w.org\/{rel}","templated":true}]}}