{"id":147,"date":"2013-05-02T11:20:00","date_gmt":"2013-05-02T09:20:00","guid":{"rendered":"http:\/\/www.2x3.pl\/?page_id=147"},"modified":"2025-04-24T08:19:33","modified_gmt":"2025-04-24T06:19:33","slug":"tablice-rozkladane-tryptyki","status":"publish","type":"page","link":"https:\/\/www.2x3.pl\/pl\/office\/tablice-rozkladane-tryptyki\/","title":{"rendered":"Tablice rozk\u0142adane (tryptyki)"},"content":{"rendered":"\n<p class=\"product-purpose\">Tryptyki polecane s\u0105 wsz\u0119dzie tam, gdzie potrzebna jest <strong>du\u017ca powierzchnia do pisania<\/strong>, ale zachodzi potrzeba by \u015bciana frontowa sali czasowo spe\u0142nia\u0142a te\u017c inn\u0105 funkcj\u0119 ni\u017c tylko tablicy do pisania.<\/p>\n<p><a id=\"suchoscieralne\" name=\"suchoscieralne\"><span class=\"product-code\">TRS<\/span><\/a><\/p>\n<h2>Tablica rozk\u0142adana sucho\u015bcieralno-magnetyczna<\/h2>\n<p><img loading=\"lazy\" decoding=\"async\" class=\"aligncenter size-full wp-image-1094\" src=\"http:\/\/www.2x3.pl\/wp-content\/uploads\/2011\/05\/TRS_2_600x247.jpg\" alt=\"Tablica rozk\u0142adana sucho\u015bcieralna magnetyczna\" width=\"600\" height=\"247\" srcset=\"https:\/\/www.2x3.pl\/wp-content\/uploads\/2011\/05\/TRS_2_600x247.jpg 600w, https:\/\/www.2x3.pl\/wp-content\/uploads\/2011\/05\/TRS_2_600x247-150x61.jpg 150w, https:\/\/www.2x3.pl\/wp-content\/uploads\/2011\/05\/TRS_2_600x247-300x123.jpg 300w\" sizes=\"auto, (max-width: 600px) 100vw, 600px\" \/><\/a><br \/>\n<img loading=\"lazy\" decoding=\"async\" src=\"http:\/\/www.2x3.pl\/wp-content\/uploads\/2011\/05\/TRS_closed.jpg\" alt=\"Tablica rozk\u0142adana; skrzyd\u0142a boczne zamkni\u0119te\" title=\"TRS\" width=\"392\" height=\"297\" class=\"aligncenter size-full wp-image-1098\" srcset=\"https:\/\/www.2x3.pl\/wp-content\/uploads\/2011\/05\/TRS_closed.jpg 392w, https:\/\/www.2x3.pl\/wp-content\/uploads\/2011\/05\/TRS_closed-150x113.jpg 150w, https:\/\/www.2x3.pl\/wp-content\/uploads\/2011\/05\/TRS_closed-300x227.jpg 300w\" sizes=\"auto, (max-width: 392px) 100vw, 392px\" \/><\/p>\n<hr>\n\n\t\t<!-- MasterSlider -->\n\t\t<div id=\"P_MS69f03d22418e7\" class=\"master-slider-parent msl ms-parent-id-94\" style=\"max-width:600px;\">\n\n\t\t\t\n\t\t\t<!-- MasterSlider Main -->\n\t\t\t<div id=\"MS69f03d22418e7\" class=\"master-slider ms-skin-default\" >\n\t\t\t\t \t\t\t\t \n\t\t\t\t<div  class=\"ms-slide\" data-delay=\"3\" data-fill-mode=\"fill\"  >\n\t\t\t\t\t<img decoding=\"async\" src=\"https:\/\/www.2x3.pl\/wp-content\/plugins\/master-slider\/public\/assets\/css\/blank.gif\" alt=\"\" title=\"\" data-src=\"https:\/\/www.2x3.pl\/wp-content\/uploads\/2016\/10\/trs_det1.jpg\" \/>\n\n\n\t<img decoding=\"async\" class=\"ms-thumb\" src=\"https:\/\/www.2x3.pl\/wp-content\/uploads\/2016\/10\/trs_det1-100x80.jpg\" alt=\"\" \/>\n\t<div class=\"ms-thumb\" ><div class=\"ms-tab-context\"><div class=\"&quot;ms-tab-context&quot;\"><\/div><\/div>\n<\/div>\n\t\t\t\t<\/div>\n\t\t\t\t<div  class=\"ms-slide\" data-delay=\"3\" data-fill-mode=\"fill\"  >\n\t\t\t\t\t<img decoding=\"async\" src=\"https:\/\/www.2x3.pl\/wp-content\/plugins\/master-slider\/public\/assets\/css\/blank.gif\" alt=\"\" title=\"\" data-src=\"https:\/\/www.2x3.pl\/wp-content\/uploads\/2016\/10\/trs_det2.jpg\" \/>\n\n\n\t<img decoding=\"async\" class=\"ms-thumb\" src=\"https:\/\/www.2x3.pl\/wp-content\/uploads\/2016\/10\/trs_det2-100x80.jpg\" alt=\"\" \/>\n\t<div class=\"ms-thumb\" ><div class=\"ms-tab-context\"><div class=\"&quot;ms-tab-context&quot;\"><\/div><\/div>\n<\/div>\n\t\t\t\t<\/div>\n\t\t\t\t<div  class=\"ms-slide\" data-delay=\"3\" data-fill-mode=\"fill\"  >\n\t\t\t\t\t<img decoding=\"async\" src=\"https:\/\/www.2x3.pl\/wp-content\/plugins\/master-slider\/public\/assets\/css\/blank.gif\" alt=\"\" title=\"\" data-src=\"https:\/\/www.2x3.pl\/wp-content\/uploads\/2016\/10\/trs_det4.jpg\" \/>\n\n\n\t<img decoding=\"async\" class=\"ms-thumb\" src=\"https:\/\/www.2x3.pl\/wp-content\/uploads\/2016\/10\/trs_det4-100x80.jpg\" alt=\"\" \/>\n\t<div class=\"ms-thumb\" ><div class=\"ms-tab-context\"><div class=\"&quot;ms-tab-context&quot;\"><\/div><\/div>\n<\/div>\n\t\t\t\t<\/div>\n\t\t\t\t<div  class=\"ms-slide\" data-delay=\"3\" data-fill-mode=\"fill\"  >\n\t\t\t\t\t<img decoding=\"async\" src=\"https:\/\/www.2x3.pl\/wp-content\/plugins\/master-slider\/public\/assets\/css\/blank.gif\" alt=\"\" title=\"\" data-src=\"https:\/\/www.2x3.pl\/wp-content\/uploads\/2016\/10\/trs_det5.jpg\" \/>\n\n\n\t<img decoding=\"async\" class=\"ms-thumb\" src=\"https:\/\/www.2x3.pl\/wp-content\/uploads\/2016\/10\/trs_det5-100x80.jpg\" alt=\"\" \/>\n\t<div class=\"ms-thumb\" ><div class=\"ms-tab-context\"><div class=\"&quot;ms-tab-context&quot;\"><\/div><\/div>\n<\/div>\n\t\t\t\t<\/div>\n\n\t\t\t<\/div>\n\t\t\t<!-- END MasterSlider Main -->\n\n\t\t\t \n\t\t<\/div>\n\t\t<!-- END MasterSlider -->\n\n\t\t<script>\n\t\t(function ( $ ) {\n\t\t\t\"use strict\";\n\n\t\t\t$(function () {\n\t\t\t\tvar masterslider_18e7 = new MasterSlider();\n\n\t\t\t\t\/\/ slider controls\n\t\t\t\tmasterslider_18e7.control('arrows'     ,{ autohide:true, overVideo:true  });\t\t\t\tmasterslider_18e7.control('bullets'    ,{ autohide:true, overVideo:true, dir:'h', align:'bottom' , margin:10  });\n\n\t\t\t\tmasterslider_18e7.control('thumblist'  ,{ autohide:false, overVideo:true, dir:'h', speed:17, inset:false, arrows:false, hover:false, customClass:'', align:'bottom',type:'thumbs', margin:10, width:100, height:80, space:5, fillMode:'fill'  });\n\t\t\t\t\/\/ slider setup\n\t\t\t\tmasterslider_18e7.setup(\"MS69f03d22418e7\", {\n\t\t\t\t\t\twidth           : 600,\n\t\t\t\t\t\theight          : 450,\n\t\t\t\t\t\tminHeight       : 0,\n\t\t\t\t\t\tspace           : 0,\n\t\t\t\t\t\tstart           : 1,\n\t\t\t\t\t\tgrabCursor      : true,\n\t\t\t\t\t\tswipe           : true,\n\t\t\t\t\t\tmouse           : true,\n\t\t\t\t\t\tlayout          : \"boxed\",\n\t\t\t\t\t\twheel           : false,\n\t\t\t\t\t\tautoplay        : false,\n\t\t\t\t\t\tinstantStartLayers:false,\n\t\t\t\t\t\tloop            : false,\n\t\t\t\t\t\tshuffle         : false,\n\t\t\t\t\t\tpreload         : 0,\n\t\t\t\t\t\theightLimit     : true,\n\t\t\t\t\t\tautoHeight      : false,\n\t\t\t\t\t\tsmoothHeight    : true,\n\t\t\t\t\t\tendPause        : false,\n\t\t\t\t\t\toverPause       : true,\n\t\t\t\t\t\tfillMode        : \"fill\",\n\t\t\t\t\t\tcenterControls  : true,\n\t\t\t\t\t\tstartOnAppear   : false,\n\t\t\t\t\t\tlayersMode      : \"center\",\n\t\t\t\t\t\thideLayers      : false,\n\t\t\t\t\t\tfullscreenMargin: 0,\n\t\t\t\t\t\tspeed           : 20,\n\t\t\t\t\t\tdir             : \"h\",\n\t\t\t\t\t\tparallaxMode    : 'swipe',\n\t\t\t\t\t\tview            : \"basic\"\n\t\t\t\t});\n\n\t\t\t\t\n\t\t\t\twindow.masterslider_instances = window.masterslider_instances || [];\n\t\t\t\twindow.masterslider_instances.push( masterslider_18e7 );\n\t\t\t });\n\n\t\t})(jQuery);\n\t\t<\/script>\n\n\n<p class=\"product-desc\">Wysokiej jako\u015bci tablica rozk\u0142adana sucho\u015bcieralna bia\u0142a z powierzchni\u0105 lakierowan\u0105 lub ceramiczn\u0105 o w\u0142a\u015bciwo\u015bciach magnetycznych. Rama wykonana z profilu aluminiowego w kolorze srebrnym, wyko\u0144czona eleganckimi, popielatymi naro\u017cnikami. Ty\u0142 jest wzmocniony powierzchni\u0105 przeciwpr\u0119\u017cn\u0105, kt\u00f3ra zapewnia jej stabilno\u015b\u0107 i chroni przed wilgoci\u0105 oraz wyginaniem. Dodatkowo produkt posiada 2 uniwersalne uchwyty do zawieszenia bloku oraz wygodn\u0105 p\u00f3\u0142k\u0119 o d\u0142ugo\u015bci 30 cm, kt\u00f3ra zmie\u015bci wszelkiego rodzaju przybory niezb\u0119dne podczas prezentacji.<\/p>\n<p><span class=\"uwaga\">Uwaga!<\/span> Uchwyty do bloku mo\u017cna mocowa\u0107 tylko na skrzyd\u0142ach tablicy.<br \/>\n<strong>W zestawie<\/strong>: <a title=\"Akcesoria Office\" href=\"http:\/\/www.2x3.pl\/produkty\/office\/akcesoria\/#uchwyty\" rel=\"nofollow\">2 uniwersalne uchwyty<span class=\"prod-code\"> AS139<\/span><\/a>, p\u00f3\u0142ka na markery, elementy mocuj\u0105ce.<br \/>\n<img loading=\"lazy\" decoding=\"async\" class=\"aligncenter size-full wp-image-1096\" title=\"TRS\" src=\"http:\/\/www.2x3.pl\/wp-content\/uploads\/2011\/05\/TRK__TRS.png\" alt=\"rys. techn. - wymiary\" width=\"600\" height=\"229\" srcset=\"https:\/\/www.2x3.pl\/wp-content\/uploads\/2011\/05\/TRK__TRS.png 600w, https:\/\/www.2x3.pl\/wp-content\/uploads\/2011\/05\/TRK__TRS-150x57.png 150w, https:\/\/www.2x3.pl\/wp-content\/uploads\/2011\/05\/TRK__TRS-300x114.png 300w\" sizes=\"auto, (max-width: 600px) 100vw, 600px\" \/>\n<table id=\"wp-table-reloaded-id-47-no-1\" class=\"wp-table-reloaded wp-table-reloaded-id-47\">\n<thead>\n\t<tr class=\"row-1 odd\">\n\t\t<th class=\"column-1\"><\/th><th class=\"column-2\">2x3 Art. <\/th><th class=\"column-3\">Wymiar \/ Size<\/th><th class=\"column-4\">Komplet \/ Pack<\/th><th class=\"column-5\">Waga \/ Weight<\/th>\n\t<\/tr>\n<\/thead>\n<tbody class=\"row-hover\">\n\t<tr class=\"row-2 even\">\n\t\t<td class=\"column-1\">lakierowana \/ laquered<\/td><td class=\"column-2\">TRS129<\/td><td class=\"column-3\">240 \/ 120&nbsp;\u00d7&nbsp;90<\/td><td class=\"column-4\">1<\/td><td class=\"column-5\">26<\/td>\n\t<\/tr>\n\t<tr class=\"row-3 odd\">\n\t\t<td class=\"column-1\">lakierowana \/ laquered<\/td><td class=\"column-2\">TRS1510<\/td><td class=\"column-3\">300 \/ 150&nbsp;\u00d7&nbsp;100<\/td><td class=\"column-4\">1<\/td><td class=\"column-5\">30<\/td>\n\t<\/tr>\n\t<tr class=\"row-4 even\">\n\t\t<td class=\"column-1\">lakierowana \/ laquered<\/td><td class=\"column-2\">TRS1218<\/td><td class=\"column-3\">360 \/ 180&nbsp;\u00d7&nbsp;120<\/td><td class=\"column-4\">1<\/td><td class=\"column-5\">43<\/td>\n\t<\/tr>\n\t<tr class=\"row-5 odd\">\n\t\t<td class=\"column-1\">ceramiczna \/ ceramic<\/td><td class=\"column-2\">TRS129P3<\/td><td class=\"column-3\">240 \/ 120&nbsp;\u00d7&nbsp;90<\/td><td class=\"column-4\">1<\/td><td class=\"column-5\">30,6<\/td>\n\t<\/tr>\n\t<tr class=\"row-6 even\">\n\t\t<td class=\"column-1\">ceramiczna \/ ceramic<\/td><td class=\"column-2\">TRS1510P3<\/td><td class=\"column-3\">300 \/ 150&nbsp;\u00d7&nbsp;100<\/td><td class=\"column-4\">1<\/td><td class=\"column-5\">33<\/td>\n\t<\/tr>\n\t<tr class=\"row-7 odd\">\n\t\t<td class=\"column-1\">ceramiczna \/ ceramic<\/td><td class=\"column-2\">TRS1218P3<\/td><td class=\"column-3\">360 \/ 180&nbsp;\u00d7&nbsp;120<\/td><td class=\"column-4\">1<\/td><td class=\"column-5\">43,8<\/td>\n\t<\/tr>\n<\/tbody>\n<\/table>\n<\/p>\n<p class=\"warranty\"><strong>Gwarancja:<\/strong> Do\u017cywotnia na powierzchni\u0119 ceramiczn\u0105, 10 lat na powierzchni\u0119 lakierowan\u0105 oraz 2 lata na produkt.<\/p>\n<div class=\"product-card\"><a class=\"pdf-file-32\" href=\"http:\/\/www.2x3.pl\/pdf\/TRS.pdf\">Karta produktowa &#8211; TRS<\/a><\/div>\n<hr \/>\n<p><a id=\"kredowe\" name=\"kredowe\"><span class=\"product-code\">TRK<\/span><\/a><\/p>\n<h2>Tablica rozk\u0142adana kredowa magnetyczna<\/h2>\n<p><img loading=\"lazy\" decoding=\"async\" src=\"http:\/\/www.2x3.pl\/wp-content\/uploads\/2011\/05\/TRK_600x255.jpg\" alt=\"Tablica rozk\u0142adana kredowa magnetyczna\" width=\"600\" height=\"255\" class=\"aligncenter size-full wp-image-1101\" srcset=\"https:\/\/www.2x3.pl\/wp-content\/uploads\/2011\/05\/TRK_600x255.jpg 600w, https:\/\/www.2x3.pl\/wp-content\/uploads\/2011\/05\/TRK_600x255-150x63.jpg 150w, https:\/\/www.2x3.pl\/wp-content\/uploads\/2011\/05\/TRK_600x255-300x127.jpg 300w\" sizes=\"auto, (max-width: 600px) 100vw, 600px\" \/><\/a><br \/>\n<img loading=\"lazy\" decoding=\"async\" src=\"http:\/\/www.2x3.pl\/wp-content\/uploads\/2011\/05\/TRK_closed.jpg\" alt=\"Tablica rozk\u0142adana kredowa; skrzyd\u0142a boczne zamkni\u0119te\" title=\"Tablica rozk\u0142adana kredowa; skrzyd\u0142a boczne zamkni\u0119te\" width=\"392\" height=\"297\" class=\"aligncenter size-full wp-image-1099\" srcset=\"https:\/\/www.2x3.pl\/wp-content\/uploads\/2011\/05\/TRK_closed.jpg 392w, https:\/\/www.2x3.pl\/wp-content\/uploads\/2011\/05\/TRK_closed-150x113.jpg 150w, https:\/\/www.2x3.pl\/wp-content\/uploads\/2011\/05\/TRK_closed-300x227.jpg 300w\" sizes=\"auto, (max-width: 392px) 100vw, 392px\" \/><\/p>\n<p class=\"product-desc\">Tablica kredowa zielona z powierzchni\u0105 lakierowan\u0105 lub ceramiczn\u0105 o w\u0142a\u015bciwo\u015bciach magnetycznych. Rama wykonana z profilu aluminiowego w kolorze srebrnym, wyko\u0144czona eleganckimi, popielatymi naro\u017cnikami. Dla rozmiaru 150&nbsp;\u00d7&nbsp;100 cm i wi\u0119kszych, ty\u0142 jest wzmocniony powierzchni\u0105 przeciwpr\u0119\u017cn\u0105, aby zapewni\u0107 jej stabilno\u015b\u0107, chroni\u0105c przed wilgoci\u0105 oraz wyginaniem. Dodatkowo produkt posiada wygodn\u0105 p\u00f3\u0142k\u0119 na ca\u0142ej szeroko\u015bci, kt\u00f3ra zmie\u015bci wszelkiego rodzaju przybory niezb\u0119dne podczas prezentacji. Bardzo \u0142atwa i szybka w monta\u017cu. Istnieje mo\u017cliwo\u015b\u0107 zawieszenia tablicy zar\u00f3wno w pionie, jak i w poziomie.<\/p>\n<p><span class=\"uwaga\">Uwaga!<\/span> Uchwyty do bloku mo\u017cna mocowa\u0107 tylko na skrzyd\u0142ach tablicy.<br \/>\n<strong>W zestawie<\/strong>: <a title=\"Akcesoria Office\" href=\"http:\/\/www.2x3.pl\/produkty\/office\/akcesoria\/#uchwyty\" rel=\"nofollow\">2 uniwersalne uchwyty<span class=\"prod-code\"> AS139<\/span><\/a>, p\u00f3\u0142ka na markery, elementy mocuj\u0105ce.<br \/>\n<img loading=\"lazy\" decoding=\"async\" class=\"aligncenter size-full wp-image-1096\" title=\"TRS\" src=\"http:\/\/www.2x3.pl\/wp-content\/uploads\/2011\/05\/TRK__TRS.png\" alt=\"rys. techn. - wymiary\" width=\"600\" height=\"229\" srcset=\"https:\/\/www.2x3.pl\/wp-content\/uploads\/2011\/05\/TRK__TRS.png 600w, https:\/\/www.2x3.pl\/wp-content\/uploads\/2011\/05\/TRK__TRS-150x57.png 150w, https:\/\/www.2x3.pl\/wp-content\/uploads\/2011\/05\/TRK__TRS-300x114.png 300w\" sizes=\"auto, (max-width: 600px) 100vw, 600px\" \/>\n<table id=\"wp-table-reloaded-id-46-no-1\" class=\"wp-table-reloaded wp-table-reloaded-id-46\">\n<thead>\n\t<tr class=\"row-1 odd\">\n\t\t<th class=\"column-1\"><\/th><th class=\"column-2\">2x3 Art. <\/th><th class=\"column-3\">Wymiar  \/ Size<\/th><th class=\"column-4\">Komplet \/ Pack<\/th><th class=\"column-5\">Waga \/ Weight<\/th><th class=\"column-6\">Dostawa \/ Delivery<\/th>\n\t<\/tr>\n<\/thead>\n<tbody class=\"row-hover\">\n\t<tr class=\"row-2 even\">\n\t\t<td class=\"column-1\">lakierowana \/ laquered<\/td><td class=\"column-2\">TRK1510<\/td><td class=\"column-3\">300 \/ 150&nbsp;\u00d7&nbsp;100<\/td><td class=\"column-4\">1<\/td><td class=\"column-5\">26<\/td><td class=\"column-6\">2 dni \/ 2 days<\/td>\n\t<\/tr>\n\t<tr class=\"row-3 odd\">\n\t\t<td class=\"column-1\">ceramiczna \/ ceramic<\/td><td class=\"column-2\">TRK1218P3<\/td><td class=\"column-3\">360 \/ 180&nbsp;\u00d7&nbsp;120<\/td><td class=\"column-4\">1<\/td><td class=\"column-5\">42,6<\/td><td class=\"column-6\">10 dni \/ 10 days<\/td>\n\t<\/tr>\n<\/tbody>\n<\/table>\n<\/p>\n<p class=\"warranty\"><strong>Gwarancja:<\/strong> Do\u017cywotnia na powierzchni\u0119 ceramiczn\u0105, 10 lat na powierzchni\u0119 lakierowan\u0105 oraz 2 lata na produkt.<\/p>\n<div class=\"product-card\"><a class=\"pdf-file-32\" href=\"http:\/\/www.2x3.pl\/pdf\/TRK.pdf\">Karta produktowa &#8211; TRK<\/a><\/div>\n<p><\/p>\n","protected":false},"excerpt":{"rendered":"","protected":false},"author":18,"featured_media":1093,"parent":33,"menu_order":0,"comment_status":"closed","ping_status":"closed","template":"","meta":{"ngg_post_thumbnail":0,"footnotes":""},"class_list":["post-147","page","type-page","status-publish","has-post-thumbnail","hentry"],"_links":{"self":[{"href":"https:\/\/www.2x3.pl\/pl\/wp-json\/wp\/v2\/pages\/147","targetHints":{"allow":["GET"]}}],"collection":[{"href":"https:\/\/www.2x3.pl\/pl\/wp-json\/wp\/v2\/pages"}],"about":[{"href":"https:\/\/www.2x3.pl\/pl\/wp-json\/wp\/v2\/types\/page"}],"author":[{"embeddable":true,"href":"https:\/\/www.2x3.pl\/pl\/wp-json\/wp\/v2\/users\/18"}],"replies":[{"embeddable":true,"href":"https:\/\/www.2x3.pl\/pl\/wp-json\/wp\/v2\/comments?post=147"}],"version-history":[{"count":2,"href":"https:\/\/www.2x3.pl\/pl\/wp-json\/wp\/v2\/pages\/147\/revisions"}],"predecessor-version":[{"id":15186,"href":"https:\/\/www.2x3.pl\/pl\/wp-json\/wp\/v2\/pages\/147\/revisions\/15186"}],"up":[{"embeddable":true,"href":"https:\/\/www.2x3.pl\/pl\/wp-json\/wp\/v2\/pages\/33"}],"wp:featuredmedia":[{"embeddable":true,"href":"https:\/\/www.2x3.pl\/pl\/wp-json\/wp\/v2\/media\/1093"}],"wp:attachment":[{"href":"https:\/\/www.2x3.pl\/pl\/wp-json\/wp\/v2\/media?parent=147"}],"curies":[{"name":"wp","href":"https:\/\/api.w.org\/{rel}","templated":true}]}}