{"id":149,"date":"2013-05-02T09:20:46","date_gmt":"2013-05-02T07:20:46","guid":{"rendered":"http:\/\/www.2x3.pl\/?page_id=149"},"modified":"2024-11-28T15:36:15","modified_gmt":"2024-11-28T14:36:15","slug":"planery-magnetyczne","status":"publish","type":"page","link":"https:\/\/www.2x3.pl\/pl\/office\/planery-magnetyczne\/","title":{"rendered":"Planery magnetyczne"},"content":{"rendered":"\n<p class=\"product-purpose\"><a title=\"Planer (z u\u017cyciem symboli magnetycznych)\" href=\"https:\/\/www.2x3.pl\/wp-content\/gallery\/office-akcesoria-3\/as101_det.jpg\"><img decoding=\"async\" class=\"ngg-singlepic ngg-left\" src=\"https:\/\/www.2x3.pl\/wp-content\/gallery\/office-akcesoria-3\/thumbs\/thumbs_as101_det.jpg\" alt=\"planer magnetyczny\"><\/a><strong>Tablice do planowania<\/strong> \u2013 Polecane do u\u017cytku w biurach i szko\u0142ach, np. jako grafik dy\u017cur\u00f3w (pok\u00f3j nauczycielski, administracyjny). Pomocny w efektywnym planowaniu zada\u0144 zespo\u0142\u00f3w w firmie. Harmonogram na tablicy jest dobrze wyeksponowany, dlatego odczytywany jest \u0142atwo i na bie\u017c\u0105co. Plan mo\u017cna zapisywa\u0107 <a title=\"Akcesoria do tablic sucho\u015bcieralnych\" href=\"https:\/\/www.2x3.pl\/produkty\/office\/akcesoria\/#markery-suchoscieralne\" rel=\"nofollow\">markerami sucho\u015bcieralnymi<\/a> albo uk\u0142ada\u0107 u\u017cywaj\u0105c dedykowanych do tego celu <a title=\"Akcesoria do tablic magnetycznych\" href=\"https:\/\/www.2x3.pl\/produkty\/office\/akcesoria\/#szyldy-do-planerow\">szyld\u00f3w<\/a> czy <a title=\"Akcesoria do tablic magnetycznych\" href=\"https:\/\/www.2x3.pl\/produkty\/office\/akcesoria\/#symbole-magnetyczne\">symboli magnetycznych<\/a>.<\/p>\n<p><span class=\"product-code\">TP<\/span><\/p>\n<h2>Planer magnetyczny officeBoard<\/h2>\n\n\t\t<!-- MasterSlider -->\n\t\t<div id=\"P_MS69e3501f0b6cd\" class=\"master-slider-parent msl ms-parent-id-95\" style=\"max-width:600px;\">\n\n\t\t\t\n\t\t\t<!-- MasterSlider Main -->\n\t\t\t<div id=\"MS69e3501f0b6cd\" class=\"master-slider ms-skin-default\" >\n\t\t\t\t \t\t\t\t \n\t\t\t\t<div  class=\"ms-slide\" data-delay=\"3\" data-fill-mode=\"fill\"  >\n\t\t\t\t\t<img decoding=\"async\" src=\"https:\/\/www.2x3.pl\/wp-content\/plugins\/master-slider\/public\/assets\/css\/blank.gif\" alt=\"\" title=\"\" data-src=\"https:\/\/www.2x3.pl\/wp-content\/uploads\/2016\/10\/tp_det1.jpg\" \/>\n\n\n\t<img decoding=\"async\" class=\"ms-thumb\" src=\"https:\/\/www.2x3.pl\/wp-content\/uploads\/2016\/10\/tp_det1-100x80.jpg\" alt=\"\" \/>\n\t<div class=\"ms-thumb\" ><div class=\"ms-tab-context\"><div class=\"&quot;ms-tab-context&quot;\"><\/div><\/div>\n<\/div>\n\t\t\t\t<\/div>\n\t\t\t\t<div  class=\"ms-slide\" data-delay=\"3\" data-fill-mode=\"fill\"  >\n\t\t\t\t\t<img decoding=\"async\" src=\"https:\/\/www.2x3.pl\/wp-content\/plugins\/master-slider\/public\/assets\/css\/blank.gif\" alt=\"\" title=\"\" data-src=\"https:\/\/www.2x3.pl\/wp-content\/uploads\/2016\/10\/tp_det2.jpg\" \/>\n\n\n\t<img decoding=\"async\" class=\"ms-thumb\" src=\"https:\/\/www.2x3.pl\/wp-content\/uploads\/2016\/10\/tp_det2-100x80.jpg\" alt=\"\" \/>\n\t<div class=\"ms-thumb\" ><div class=\"ms-tab-context\"><div class=\"&quot;ms-tab-context&quot;\"><\/div><\/div>\n<\/div>\n\t\t\t\t<\/div>\n\t\t\t\t<div  class=\"ms-slide\" data-delay=\"3\" data-fill-mode=\"fill\"  >\n\t\t\t\t\t<img decoding=\"async\" src=\"https:\/\/www.2x3.pl\/wp-content\/plugins\/master-slider\/public\/assets\/css\/blank.gif\" alt=\"\" title=\"\" data-src=\"https:\/\/www.2x3.pl\/wp-content\/uploads\/2016\/10\/tp_det3.jpg\" \/>\n\n\n\t<img decoding=\"async\" class=\"ms-thumb\" src=\"https:\/\/www.2x3.pl\/wp-content\/uploads\/2016\/10\/tp_det3-100x80.jpg\" alt=\"\" \/>\n\t<div class=\"ms-thumb\" ><div class=\"ms-tab-context\"><div class=\"&quot;ms-tab-context&quot;\"><\/div><\/div>\n<\/div>\n\t\t\t\t<\/div>\n\t\t\t\t<div  class=\"ms-slide\" data-delay=\"3\" data-fill-mode=\"fill\"  >\n\t\t\t\t\t<img decoding=\"async\" src=\"https:\/\/www.2x3.pl\/wp-content\/plugins\/master-slider\/public\/assets\/css\/blank.gif\" alt=\"\" title=\"\" data-src=\"https:\/\/www.2x3.pl\/wp-content\/uploads\/2016\/10\/tp_det4.jpg\" \/>\n\n\n\t<img decoding=\"async\" class=\"ms-thumb\" src=\"https:\/\/www.2x3.pl\/wp-content\/uploads\/2016\/10\/tp_det4-100x80.jpg\" alt=\"\" \/>\n\t<div class=\"ms-thumb\" ><div class=\"ms-tab-context\"><div class=\"&quot;ms-tab-context&quot;\"><\/div><\/div>\n<\/div>\n\t\t\t\t<\/div>\n\t\t\t\t<div  class=\"ms-slide\" data-delay=\"3\" data-fill-mode=\"fill\"  >\n\t\t\t\t\t<img decoding=\"async\" src=\"https:\/\/www.2x3.pl\/wp-content\/plugins\/master-slider\/public\/assets\/css\/blank.gif\" alt=\"\" title=\"\" data-src=\"https:\/\/www.2x3.pl\/wp-content\/uploads\/2016\/10\/tp_det5.jpg\" \/>\n\n\n\t<img decoding=\"async\" class=\"ms-thumb\" src=\"https:\/\/www.2x3.pl\/wp-content\/uploads\/2016\/10\/tp_det5-100x80.jpg\" alt=\"\" \/>\n\t<div class=\"ms-thumb\" ><div class=\"ms-tab-context\"><div class=\"&quot;ms-tab-context&quot;\"><\/div><\/div>\n<\/div>\n\t\t\t\t<\/div>\n\n\t\t\t<\/div>\n\t\t\t<!-- END MasterSlider Main -->\n\n\t\t\t \n\t\t<\/div>\n\t\t<!-- END MasterSlider -->\n\n\t\t<script>\n\t\t(function ( $ ) {\n\t\t\t\"use strict\";\n\n\t\t\t$(function () {\n\t\t\t\tvar masterslider_b6cd = new MasterSlider();\n\n\t\t\t\t\/\/ slider controls\n\t\t\t\tmasterslider_b6cd.control('arrows'     ,{ autohide:true, overVideo:true  });\t\t\t\tmasterslider_b6cd.control('bullets'    ,{ autohide:true, overVideo:true, dir:'h', align:'bottom' , margin:10  });\n\n\t\t\t\tmasterslider_b6cd.control('thumblist'  ,{ autohide:false, overVideo:true, dir:'h', speed:17, inset:false, arrows:false, hover:false, customClass:'', align:'bottom',type:'thumbs', margin:10, width:100, height:80, space:5, fillMode:'fill'  });\n\t\t\t\t\/\/ slider setup\n\t\t\t\tmasterslider_b6cd.setup(\"MS69e3501f0b6cd\", {\n\t\t\t\t\t\twidth           : 600,\n\t\t\t\t\t\theight          : 450,\n\t\t\t\t\t\tminHeight       : 0,\n\t\t\t\t\t\tspace           : 0,\n\t\t\t\t\t\tstart           : 1,\n\t\t\t\t\t\tgrabCursor      : true,\n\t\t\t\t\t\tswipe           : true,\n\t\t\t\t\t\tmouse           : true,\n\t\t\t\t\t\tlayout          : \"boxed\",\n\t\t\t\t\t\twheel           : false,\n\t\t\t\t\t\tautoplay        : false,\n\t\t\t\t\t\tinstantStartLayers:false,\n\t\t\t\t\t\tloop            : false,\n\t\t\t\t\t\tshuffle         : false,\n\t\t\t\t\t\tpreload         : 0,\n\t\t\t\t\t\theightLimit     : true,\n\t\t\t\t\t\tautoHeight      : false,\n\t\t\t\t\t\tsmoothHeight    : true,\n\t\t\t\t\t\tendPause        : false,\n\t\t\t\t\t\toverPause       : true,\n\t\t\t\t\t\tfillMode        : \"fill\",\n\t\t\t\t\t\tcenterControls  : true,\n\t\t\t\t\t\tstartOnAppear   : false,\n\t\t\t\t\t\tlayersMode      : \"center\",\n\t\t\t\t\t\thideLayers      : false,\n\t\t\t\t\t\tfullscreenMargin: 0,\n\t\t\t\t\t\tspeed           : 20,\n\t\t\t\t\t\tdir             : \"h\",\n\t\t\t\t\t\tparallaxMode    : 'swipe',\n\t\t\t\t\t\tview            : \"basic\"\n\t\t\t\t});\n\n\t\t\t\t\n\t\t\t\twindow.masterslider_instances = window.masterslider_instances || [];\n\t\t\t\twindow.masterslider_instances.push( masterslider_b6cd );\n\t\t\t });\n\n\t\t})(jQuery);\n\t\t<\/script>\n\n\n<p class=\"product-desc\" style=\"margin-bottom: 37px;\">Tablica sucho\u015bcieralna z powierzchni\u0105 o w\u0142a\u015bciwo\u015bciach magnetycznych. Na powierzchni znajduje si\u0119 sta\u0142y nadruk terminarza (tygodniowego, miesi\u0119cznego lub rocznego), kt\u00f3ry u\u0142atwia planowanie zada\u0144 indywidualnych jak i zespo\u0142owych, w okre\u015blonych odst\u0119pach czasowych.<br \/>\nW modelach: TP007, TP008 tablice posiadaj\u0105 dodatkow\u0105 cz\u0119\u015b\u0107 specjalnie do sporz\u0105dzania notatek.<\/p>\n<p class=\"product-desc\" style=\"margin-top: 25px;\">Rama z profilu aluminiowego w kolorze srebrnym, wyko\u0144czona eleganckimi, popielatymi naro\u017cnikami. Produkt wyposa\u017cono w wygodn\u0105 p\u00f3\u0142k\u0119.<\/p>\n<p><strong>W zestawie<\/strong>: p\u00f3\u0142ka na markery (d\u0142. 30 cm), elementy mocuj\u0105ce, marker i 3 magnesy.<br \/>\n<img loading=\"lazy\" decoding=\"async\" class=\"aligncenter size-full wp-image-1083\" src=\"https:\/\/www.2x3.pl\/wp-content\/uploads\/2011\/05\/TSA__TP.png\" alt=\"TP - rys. techn. - wymiary\" width=\"600\" height=\"194\" srcset=\"https:\/\/www.2x3.pl\/wp-content\/uploads\/2011\/05\/TSA__TP.png 600w, https:\/\/www.2x3.pl\/wp-content\/uploads\/2011\/05\/TSA__TP-150x48.png 150w, https:\/\/www.2x3.pl\/wp-content\/uploads\/2011\/05\/TSA__TP-300x97.png 300w\" sizes=\"auto, (max-width: 600px) 100vw, 600px\" \/>\n<table id=\"wp-table-reloaded-id-48-no-1\" class=\"wp-table-reloaded wp-table-reloaded-id-48\">\n<thead>\n\t<tr class=\"row-1 odd\">\n\t\t<th class=\"column-1\"><\/th><th class=\"column-2\">2x3 Art. No<\/th><th class=\"column-3\">Typ\/ Type<\/th><th class=\"column-4\">Wymiar \/ Sizze<\/th><th class=\"column-5\">Komplet \/Pack<\/th><th class=\"column-6\">Waga \/ Weight<\/th><th class=\"column-7\">Dostawa \/Delivery<\/th>\n\t<\/tr>\n<\/thead>\n<tbody class=\"row-hover\">\n\t<tr class=\"row-2 even\">\n\t\t<td class=\"column-1\">lakierowana \/ laquered<\/td><td class=\"column-2\">TP004<\/td><td class=\"column-3\">miesi\u0119czny \/ monthly<\/td><td class=\"column-4\">90&nbsp;\u00d7&nbsp;60<\/td><td class=\"column-5\">1<\/td><td class=\"column-6\">4,5<\/td><td class=\"column-7\">2 dni\/2 days<\/td>\n\t<\/tr>\n\t<tr class=\"row-3 odd\">\n\t\t<td class=\"column-1\">lakierowana \/ laquered<\/td><td class=\"column-2\">TP007<\/td><td class=\"column-3\">miesi\u0119czny \/ monthly<\/td><td class=\"column-4\">120&nbsp;\u00d7&nbsp;90<\/td><td class=\"column-5\">1<\/td><td class=\"column-6\">7<\/td><td class=\"column-7\">2 dni\/2 days<\/td>\n\t<\/tr>\n\t<tr class=\"row-4 even\">\n\t\t<td class=\"column-1\">lakierowana \/ laquered<\/td><td class=\"column-2\">TP005<\/td><td class=\"column-3\">roczny \/ yearly<\/td><td class=\"column-4\">90&nbsp;\u00d7&nbsp;60<\/td><td class=\"column-5\">1<\/td><td class=\"column-6\">4,5<\/td><td class=\"column-7\">2 dni\/2 days<\/td>\n\t<\/tr>\n\t<tr class=\"row-5 odd\">\n\t\t<td class=\"column-1\">lakierowana \/ laquered<\/td><td class=\"column-2\">TP008<\/td><td class=\"column-3\">roczny \/ yearly<\/td><td class=\"column-4\">120&nbsp;\u00d7&nbsp;90<\/td><td class=\"column-5\">1<\/td><td class=\"column-6\">7<\/td><td class=\"column-7\">2 dni\/2 days<\/td>\n\t<\/tr>\n<\/tbody>\n<\/table>\n<\/p>\n<div id=\"attachment_11158\" style=\"width: 650px\" class=\"wp-caption alignnone\"><img loading=\"lazy\" decoding=\"async\" aria-describedby=\"caption-attachment-11158\" src=\"https:\/\/www.2x3.pl\/wp-content\/uploads\/2023\/03\/TP008-scaled.jpg\" alt=\"\" width=\"640\" height=\"515\" class=\"size-large wp-image-11158\" \/><p id=\"caption-attachment-11158\" class=\"wp-caption-text\">TP008<\/p><\/div>\n<div id=\"attachment_11157\" style=\"width: 650px\" class=\"wp-caption alignnone\"><img loading=\"lazy\" decoding=\"async\" aria-describedby=\"caption-attachment-11157\" src=\"https:\/\/www.2x3.pl\/wp-content\/uploads\/2023\/03\/TP007-scaled.jpg\" alt=\"\" width=\"640\" height=\"515\" class=\"size-large wp-image-11157\" \/><p id=\"caption-attachment-11157\" class=\"wp-caption-text\">TP007<\/p><\/div>\n<div id=\"attachment_11156\" style=\"width: 650px\" class=\"wp-caption alignnone\"><img loading=\"lazy\" decoding=\"async\" aria-describedby=\"caption-attachment-11156\" src=\"https:\/\/www.2x3.pl\/wp-content\/uploads\/2023\/03\/TP005-scaled.jpg\" alt=\"\" width=\"640\" height=\"515\" class=\"size-large wp-image-11156\" \/><p id=\"caption-attachment-11156\" class=\"wp-caption-text\">TP005<\/p><\/div>\n<div id=\"attachment_11155\" style=\"width: 650px\" class=\"wp-caption alignnone\"><img loading=\"lazy\" decoding=\"async\" aria-describedby=\"caption-attachment-11155\" src=\"https:\/\/www.2x3.pl\/wp-content\/uploads\/2023\/03\/TP004-scaled.jpg\" alt=\"\" width=\"640\" height=\"515\" class=\"size-large wp-image-11155\" \/><p id=\"caption-attachment-11155\" class=\"wp-caption-text\">TP004<\/p><\/div>\n<p class=\"warranty\"><strong>Gwarancja:<\/strong> 10 lat na powierzchni\u0119 lakierowan\u0105 oraz 2 lata na produkt.<\/p>\n<div class=\"product-card\"><a class=\"pdf-file-32\" href=\"https:\/\/www.2x3.pl\/pdf\/TP004.pdf\">Karta produktowa &#8211; TP004<\/a><\/div>\n<div class=\"product-card\"><a class=\"pdf-file-32\" href=\"https:\/\/www.2x3.pl\/pdf\/TP005.pdf\">Karta produktowa &#8211; TP005<\/a><\/div>\n<div class=\"product-card\"><a class=\"pdf-file-32\" href=\"https:\/\/www.2x3.pl\/pdf\/TP007.pdf\">Karta produktowa &#8211; TP007<\/a><\/div>\n<div class=\"product-card\"><a class=\"pdf-file-32\" href=\"https:\/\/www.2x3.pl\/pdf\/TP008.pdf\">Karta produktowa &#8211; TP008<\/a><\/div>\n<p><\/p>\n","protected":false},"excerpt":{"rendered":"","protected":false},"author":18,"featured_media":0,"parent":33,"menu_order":0,"comment_status":"closed","ping_status":"closed","template":"","meta":{"ngg_post_thumbnail":0,"footnotes":""},"class_list":["post-149","page","type-page","status-publish","hentry"],"_links":{"self":[{"href":"https:\/\/www.2x3.pl\/pl\/wp-json\/wp\/v2\/pages\/149","targetHints":{"allow":["GET"]}}],"collection":[{"href":"https:\/\/www.2x3.pl\/pl\/wp-json\/wp\/v2\/pages"}],"about":[{"href":"https:\/\/www.2x3.pl\/pl\/wp-json\/wp\/v2\/types\/page"}],"author":[{"embeddable":true,"href":"https:\/\/www.2x3.pl\/pl\/wp-json\/wp\/v2\/users\/18"}],"replies":[{"embeddable":true,"href":"https:\/\/www.2x3.pl\/pl\/wp-json\/wp\/v2\/comments?post=149"}],"version-history":[{"count":1,"href":"https:\/\/www.2x3.pl\/pl\/wp-json\/wp\/v2\/pages\/149\/revisions"}],"predecessor-version":[{"id":15074,"href":"https:\/\/www.2x3.pl\/pl\/wp-json\/wp\/v2\/pages\/149\/revisions\/15074"}],"up":[{"embeddable":true,"href":"https:\/\/www.2x3.pl\/pl\/wp-json\/wp\/v2\/pages\/33"}],"wp:attachment":[{"href":"https:\/\/www.2x3.pl\/pl\/wp-json\/wp\/v2\/media?parent=149"}],"curies":[{"name":"wp","href":"https:\/\/api.w.org\/{rel}","templated":true}]}}