{"id":156,"date":"2013-05-02T11:25:47","date_gmt":"2013-05-02T09:25:47","guid":{"rendered":"http:\/\/www.2x3.pl\/?page_id=156"},"modified":"2024-11-28T15:46:44","modified_gmt":"2024-11-28T14:46:44","slug":"tablice-tekstylne","status":"publish","type":"page","link":"https:\/\/www.2x3.pl\/pl\/office\/tablice-tekstylne\/","title":{"rendered":"Tablice tekstylne"},"content":{"rendered":"<p><span class=\"product-code\">TTA<\/span><\/p>\n<h2>Tablica tekstylna officeBoard<\/h2>\n<p><span class=\" officeboard\" title=\"Rama aluminiowa officeBoard | made by 2x3\">Rama z profilu aluminiowego<\/span><img loading=\"lazy\" decoding=\"async\" src=\"http:\/\/www.2x3.pl\/wp-content\/uploads\/2011\/05\/TTA.jpg\" alt=\"Tablica tekstylna w ramie aluminiowej officeBoard\" title=\"TTA\" width=\"567\" height=\"385\" class=\"aligncenter size-full wp-image-1140\" srcset=\"https:\/\/www.2x3.pl\/wp-content\/uploads\/2011\/05\/TTA.jpg 567w, https:\/\/www.2x3.pl\/wp-content\/uploads\/2011\/05\/TTA-150x101.jpg 150w, https:\/\/www.2x3.pl\/wp-content\/uploads\/2011\/05\/TTA-300x203.jpg 300w\" sizes=\"auto, (max-width: 567px) 100vw, 567px\" \/><br \/>\n\n\t\t<!-- MasterSlider -->\n\t\t<div id=\"P_MS69f03d79daec0\" class=\"master-slider-parent msl ms-parent-id-104\" style=\"max-width:600px;\">\n\n\t\t\t\n\t\t\t<!-- MasterSlider Main -->\n\t\t\t<div id=\"MS69f03d79daec0\" class=\"master-slider ms-skin-default\" >\n\t\t\t\t \t\t\t\t \n\t\t\t\t<div  class=\"ms-slide\" data-delay=\"3\" data-fill-mode=\"fill\"  >\n\t\t\t\t\t<img decoding=\"async\" src=\"https:\/\/www.2x3.pl\/wp-content\/plugins\/master-slider\/public\/assets\/css\/blank.gif\" alt=\"\" title=\"\" data-src=\"https:\/\/www.2x3.pl\/wp-content\/uploads\/2016\/10\/tta_det1.jpg\" \/>\n\n\n\t<img decoding=\"async\" class=\"ms-thumb\" src=\"https:\/\/www.2x3.pl\/wp-content\/uploads\/2016\/10\/tta_det1-100x80.jpg\" alt=\"\" \/>\n\t<div class=\"ms-thumb\" ><div class=\"ms-tab-context\"><div class=\"&quot;ms-tab-context&quot;\"><\/div><\/div>\n<\/div>\n\t\t\t\t<\/div>\n\t\t\t\t<div  class=\"ms-slide\" data-delay=\"3\" data-fill-mode=\"fill\"  >\n\t\t\t\t\t<img decoding=\"async\" src=\"https:\/\/www.2x3.pl\/wp-content\/plugins\/master-slider\/public\/assets\/css\/blank.gif\" alt=\"\" title=\"\" data-src=\"https:\/\/www.2x3.pl\/wp-content\/uploads\/2016\/10\/tta_det2.jpg\" \/>\n\n\n\t<img decoding=\"async\" class=\"ms-thumb\" src=\"https:\/\/www.2x3.pl\/wp-content\/uploads\/2016\/10\/tta_det2-100x80.jpg\" alt=\"\" \/>\n\t<div class=\"ms-thumb\" ><div class=\"ms-tab-context\"><div class=\"&quot;ms-tab-context&quot;\"><\/div><\/div>\n<\/div>\n\t\t\t\t<\/div>\n\t\t\t\t<div  class=\"ms-slide\" data-delay=\"3\" data-fill-mode=\"fill\"  >\n\t\t\t\t\t<img decoding=\"async\" src=\"https:\/\/www.2x3.pl\/wp-content\/plugins\/master-slider\/public\/assets\/css\/blank.gif\" alt=\"\" title=\"\" data-src=\"https:\/\/www.2x3.pl\/wp-content\/uploads\/2016\/10\/tta_det3.jpg\" \/>\n\n\n\t<img decoding=\"async\" class=\"ms-thumb\" src=\"https:\/\/www.2x3.pl\/wp-content\/uploads\/2016\/10\/tta_det3-100x80.jpg\" alt=\"\" \/>\n\t<div class=\"ms-thumb\" ><div class=\"ms-tab-context\"><div class=\"&quot;ms-tab-context&quot;\"><\/div><\/div>\n<\/div>\n\t\t\t\t<\/div>\n\t\t\t\t<div  class=\"ms-slide\" data-delay=\"3\" data-fill-mode=\"fill\"  >\n\t\t\t\t\t<img decoding=\"async\" src=\"https:\/\/www.2x3.pl\/wp-content\/plugins\/master-slider\/public\/assets\/css\/blank.gif\" alt=\"\" title=\"\" data-src=\"https:\/\/www.2x3.pl\/wp-content\/uploads\/2016\/10\/tta_det4.jpg\" \/>\n\n\n\t<img decoding=\"async\" class=\"ms-thumb\" src=\"https:\/\/www.2x3.pl\/wp-content\/uploads\/2016\/10\/tta_det4-100x80.jpg\" alt=\"\" \/>\n\t<div class=\"ms-thumb\" ><div class=\"ms-tab-context\"><div class=\"&quot;ms-tab-context&quot;\"><\/div><\/div>\n<\/div>\n\t\t\t\t<\/div>\n\n\t\t\t<\/div>\n\t\t\t<!-- END MasterSlider Main -->\n\n\t\t\t \n\t\t<\/div>\n\t\t<!-- END MasterSlider -->\n\n\t\t<script>\n\t\t(function ( $ ) {\n\t\t\t\"use strict\";\n\n\t\t\t$(function () {\n\t\t\t\tvar masterslider_aec0 = new MasterSlider();\n\n\t\t\t\t\/\/ slider controls\n\t\t\t\tmasterslider_aec0.control('arrows'     ,{ autohide:true, overVideo:true  });\t\t\t\tmasterslider_aec0.control('bullets'    ,{ autohide:true, overVideo:true, dir:'h', align:'bottom' , margin:10  });\n\n\t\t\t\tmasterslider_aec0.control('thumblist'  ,{ autohide:false, overVideo:true, dir:'h', speed:17, inset:false, arrows:false, hover:false, customClass:'', align:'bottom',type:'thumbs', margin:10, width:100, height:80, space:5, fillMode:'fill'  });\n\t\t\t\t\/\/ slider setup\n\t\t\t\tmasterslider_aec0.setup(\"MS69f03d79daec0\", {\n\t\t\t\t\t\twidth           : 600,\n\t\t\t\t\t\theight          : 450,\n\t\t\t\t\t\tminHeight       : 0,\n\t\t\t\t\t\tspace           : 0,\n\t\t\t\t\t\tstart           : 1,\n\t\t\t\t\t\tgrabCursor      : true,\n\t\t\t\t\t\tswipe           : true,\n\t\t\t\t\t\tmouse           : true,\n\t\t\t\t\t\tlayout          : \"boxed\",\n\t\t\t\t\t\twheel           : false,\n\t\t\t\t\t\tautoplay        : false,\n\t\t\t\t\t\tinstantStartLayers:false,\n\t\t\t\t\t\tloop            : false,\n\t\t\t\t\t\tshuffle         : false,\n\t\t\t\t\t\tpreload         : 0,\n\t\t\t\t\t\theightLimit     : true,\n\t\t\t\t\t\tautoHeight      : false,\n\t\t\t\t\t\tsmoothHeight    : true,\n\t\t\t\t\t\tendPause        : false,\n\t\t\t\t\t\toverPause       : true,\n\t\t\t\t\t\tfillMode        : \"fill\",\n\t\t\t\t\t\tcenterControls  : true,\n\t\t\t\t\t\tstartOnAppear   : false,\n\t\t\t\t\t\tlayersMode      : \"center\",\n\t\t\t\t\t\thideLayers      : false,\n\t\t\t\t\t\tfullscreenMargin: 0,\n\t\t\t\t\t\tspeed           : 20,\n\t\t\t\t\t\tdir             : \"h\",\n\t\t\t\t\t\tparallaxMode    : 'swipe',\n\t\t\t\t\t\tview            : \"basic\"\n\t\t\t\t});\n\n\t\t\t\t\n\t\t\t\twindow.masterslider_instances = window.masterslider_instances || [];\n\t\t\t\twindow.masterslider_instances.push( masterslider_aec0 );\n\t\t\t });\n\n\t\t})(jQuery);\n\t\t<\/script>\n\n<\/p>\n<p class=\"product-purpose\">Idealna do eksponowania r\u00f3\u017cnego rodzaju informacji, notatek, czy te\u017c zdj\u0119\u0107. Du\u017cy wyb\u00f3r kolor\u00f3w powierzchni tekstylnej pozwala na dostosowanie jej do wystroju ka\u017cdego wn\u0119trza.<\/p>\n<p class=\"product-desc\">Tablica informacyjna, kt\u00f3rej powierzchnia wykonana jest z najwy\u017cszej jako\u015bci materia\u0142\u00f3w, dost\u0119pna w dw\u00f3ch kolorach: niebieskim lub popielatym. Na specjalne \u017cyczenie istnieje mo\u017cliwo\u015b\u0107 wykonania tablicy r\u00f3wnie\u017c w kolorze: zielonym, czerwonym lub bordowym. Powierzchnia przeznaczona do u\u017cycia na niej pinezek.<br \/>\nRama wykonana z profilu aluminiowego w kolorze srebrnym, wyko\u0144czona eleganckimi, popielatymi naro\u017cnikami. \u0141atwa w monta\u017cu; z mo\u017cliwo\u015bci\u0105 zawieszenia zar\u00f3wno w pionie, jak i w poziomie.<\/p>\n<p><strong>W zestawie<\/strong>: elementy mocuj\u0105ce.<\/p>\n<p><img loading=\"lazy\" decoding=\"async\" src=\"http:\/\/www.2x3.pl\/wp-content\/uploads\/2011\/05\/TCA.png\" alt=\"rys. techn. - wymiary\" title=\"TTA\" width=\"600\" height=\"194\" class=\"aligncenter size-full wp-image-1137\" srcset=\"https:\/\/www.2x3.pl\/wp-content\/uploads\/2011\/05\/TCA.png 600w, https:\/\/www.2x3.pl\/wp-content\/uploads\/2011\/05\/TCA-150x48.png 150w, https:\/\/www.2x3.pl\/wp-content\/uploads\/2011\/05\/TCA-300x97.png 300w\" sizes=\"auto, (max-width: 600px) 100vw, 600px\" \/>\n<table id=\"wp-table-reloaded-id-53-no-1\" class=\"wp-table-reloaded wp-table-reloaded-id-53\">\n<thead>\n\t<tr class=\"row-1 odd\">\n\t\t<th class=\"column-1\"><\/th><th class=\"column-2\">2x3 Art. <\/th><th class=\"column-3\">Wymiary \/ Size<\/th><th class=\"column-4\">Komplet \/ Pack<\/th><th class=\"column-5\">Waga \/ Weight<\/th><th class=\"column-6\">Dostawa \/ Delivery<\/th>\n\t<\/tr>\n<\/thead>\n<tbody class=\"row-hover\">\n\t<tr class=\"row-2 even\">\n\t\t<td class=\"column-1\">tekstylna \/ felt<\/td><td class=\"column-2\">TTA96<\/td><td class=\"column-3\">90&nbsp;\u00d7&nbsp;60<\/td><td class=\"column-4\">1<\/td><td class=\"column-5\">2,8<\/td><td class=\"column-6\">10 dni \/ 10 days<\/td>\n\t<\/tr>\n\t<tr class=\"row-3 odd\">\n\t\t<td class=\"column-1\">tekstylna \/ felt<\/td><td class=\"column-2\">TTA129<\/td><td class=\"column-3\">120&nbsp;\u00d7&nbsp;90<\/td><td class=\"column-4\">1<\/td><td class=\"column-5\">5,3<\/td><td class=\"column-6\">10 dni \/ 10 days<\/td>\n\t<\/tr>\n\t<tr class=\"row-4 even\">\n\t\t<td class=\"column-1\">tekstylna \/ felt<\/td><td class=\"column-2\">TTA1510<\/td><td class=\"column-3\">150&nbsp;\u00d7&nbsp;100<\/td><td class=\"column-4\">1<\/td><td class=\"column-5\">8,1<\/td><td class=\"column-6\">10 dni \/ 10 days<\/td>\n\t<\/tr>\n\t<tr class=\"row-5 odd\">\n\t\t<td class=\"column-1\">tekstylna \/ felt<\/td><td class=\"column-2\">TTA1218<\/td><td class=\"column-3\">180&nbsp;\u00d7&nbsp;120<\/td><td class=\"column-4\">1<\/td><td class=\"column-5\">10,6<\/td><td class=\"column-6\">10 dni \/ 10 days<\/td>\n\t<\/tr>\n<\/tbody>\n<\/table>\n<\/p>\n<p><strong>Dost\u0119pne kolory:<\/strong><br \/>\n<img loading=\"lazy\" decoding=\"async\" class=\"alignnone size-full wp-image-690\" title=\"Dost\u0119pne kolory powierzchni tekstylnej\" src=\"http:\/\/www.2x3.pl\/wp-content\/uploads\/2011\/05\/surfaces_felt.png\" alt=\"Kolory materia\u0142u wierzchniego (filcu)\" width=\"500\" height=\"80\" srcset=\"https:\/\/www.2x3.pl\/wp-content\/uploads\/2011\/05\/surfaces_felt.png 500w, https:\/\/www.2x3.pl\/wp-content\/uploads\/2011\/05\/surfaces_felt-300x48.png 300w\" sizes=\"auto, (max-width: 500px) 100vw, 500px\" \/><\/p>\n<p class=\"warranty\"><strong>Gwarancja:<\/strong> 2 lata na produkt.<\/p>\n<div class=\"product-card\"><a class=\"pdf-file-32\" href=\"http:\/\/www.2x3.pl\/pdf\/TTA.pdf\">Karta produktowa &#8211; TTA<\/a><\/div>\n<p><\/p>\n","protected":false},"excerpt":{"rendered":"","protected":false},"author":18,"featured_media":0,"parent":33,"menu_order":0,"comment_status":"closed","ping_status":"closed","template":"","meta":{"ngg_post_thumbnail":0,"footnotes":""},"class_list":["post-156","page","type-page","status-publish","hentry"],"_links":{"self":[{"href":"https:\/\/www.2x3.pl\/pl\/wp-json\/wp\/v2\/pages\/156","targetHints":{"allow":["GET"]}}],"collection":[{"href":"https:\/\/www.2x3.pl\/pl\/wp-json\/wp\/v2\/pages"}],"about":[{"href":"https:\/\/www.2x3.pl\/pl\/wp-json\/wp\/v2\/types\/page"}],"author":[{"embeddable":true,"href":"https:\/\/www.2x3.pl\/pl\/wp-json\/wp\/v2\/users\/18"}],"replies":[{"embeddable":true,"href":"https:\/\/www.2x3.pl\/pl\/wp-json\/wp\/v2\/comments?post=156"}],"version-history":[{"count":2,"href":"https:\/\/www.2x3.pl\/pl\/wp-json\/wp\/v2\/pages\/156\/revisions"}],"predecessor-version":[{"id":15088,"href":"https:\/\/www.2x3.pl\/pl\/wp-json\/wp\/v2\/pages\/156\/revisions\/15088"}],"up":[{"embeddable":true,"href":"https:\/\/www.2x3.pl\/pl\/wp-json\/wp\/v2\/pages\/33"}],"wp:attachment":[{"href":"https:\/\/www.2x3.pl\/pl\/wp-json\/wp\/v2\/media?parent=156"}],"curies":[{"name":"wp","href":"https:\/\/api.w.org\/{rel}","templated":true}]}}