{"id":160,"date":"2013-05-02T11:27:52","date_gmt":"2013-05-02T09:27:52","guid":{"rendered":"http:\/\/www.2x3.pl\/?page_id=160"},"modified":"2024-11-28T15:36:51","modified_gmt":"2024-11-28T14:36:51","slug":"stojaki-do-tablic","status":"publish","type":"page","link":"https:\/\/www.2x3.pl\/pl\/office\/stojaki-do-tablic\/","title":{"rendered":"Stojaki do tablic"},"content":{"rendered":"\n<p class=\"product-purpose\">Stojaki maj\u0105 idealne zastosowanie, gdy istnieje potrzeba prezentacji z wykorzystaniem r\u00f3\u017cnych typ\u00f3w tablic, np. map.<\/p>\n<p><a id=\"mobilny-kolumnowy\" name=\"mobilny-kolumnowy\"><span class=\"product-code\">S01<\/span><\/a><\/p>\n<h2>Stojak mobilny do tablic (kolumnowy)<\/h2>\n<p><img loading=\"lazy\" decoding=\"async\" src=\"https:\/\/www.2x3.pl\/wp-content\/uploads\/2011\/05\/S01.jpg\" alt=\"Stojak mobilny (s\u0142upkowy) do tablic\" title=\"S01\" width=\"600\" height=\"502\" class=\"aligncenter size-full wp-image-1149\" srcset=\"https:\/\/www.2x3.pl\/wp-content\/uploads\/2011\/05\/S01.jpg 600w, https:\/\/www.2x3.pl\/wp-content\/uploads\/2011\/05\/S01-150x125.jpg 150w, https:\/\/www.2x3.pl\/wp-content\/uploads\/2011\/05\/S01-300x251.jpg 300w\" sizes=\"auto, (max-width: 600px) 100vw, 600px\" \/><br \/>\n\n\t\t<!-- MasterSlider -->\n\t\t<div id=\"P_MS69edad5824a8f\" class=\"master-slider-parent msl ms-parent-id-107\" style=\"max-width:600px;\">\n\n\t\t\t\n\t\t\t<!-- MasterSlider Main -->\n\t\t\t<div id=\"MS69edad5824a8f\" class=\"master-slider ms-skin-default\" >\n\t\t\t\t \t\t\t\t \n\t\t\t\t<div  class=\"ms-slide\" data-delay=\"3\" data-fill-mode=\"fill\"  >\n\t\t\t\t\t<img decoding=\"async\" src=\"https:\/\/www.2x3.pl\/wp-content\/plugins\/master-slider\/public\/assets\/css\/blank.gif\" alt=\"\" title=\"\" data-src=\"https:\/\/www.2x3.pl\/wp-content\/uploads\/2016\/10\/s01_det1-1.jpg\" \/>\n\n\n\t<img decoding=\"async\" class=\"ms-thumb\" src=\"https:\/\/www.2x3.pl\/wp-content\/uploads\/2016\/10\/s01_det1-1-100x80.jpg\" alt=\"\" \/>\n\t<div class=\"ms-thumb\" ><div class=\"ms-tab-context\"><div class=\"&quot;ms-tab-context&quot;\"><\/div><\/div>\n<\/div>\n\t\t\t\t<\/div>\n\t\t\t\t<div  class=\"ms-slide\" data-delay=\"3\" data-fill-mode=\"fill\"  >\n\t\t\t\t\t<img decoding=\"async\" src=\"https:\/\/www.2x3.pl\/wp-content\/plugins\/master-slider\/public\/assets\/css\/blank.gif\" alt=\"\" title=\"\" data-src=\"https:\/\/www.2x3.pl\/wp-content\/uploads\/2016\/10\/s01_det2.jpg\" \/>\n\n\n\t<img decoding=\"async\" class=\"ms-thumb\" src=\"https:\/\/www.2x3.pl\/wp-content\/uploads\/2016\/10\/s01_det2-100x80.jpg\" alt=\"\" \/>\n\t<div class=\"ms-thumb\" ><div class=\"ms-tab-context\"><div class=\"&quot;ms-tab-context&quot;\"><\/div><\/div>\n<\/div>\n\t\t\t\t<\/div>\n\t\t\t\t<div  class=\"ms-slide\" data-delay=\"3\" data-fill-mode=\"fill\"  >\n\t\t\t\t\t<img decoding=\"async\" src=\"https:\/\/www.2x3.pl\/wp-content\/plugins\/master-slider\/public\/assets\/css\/blank.gif\" alt=\"\" title=\"\" data-src=\"https:\/\/www.2x3.pl\/wp-content\/uploads\/2016\/10\/s01_det4.jpg\" \/>\n\n\n\t<img decoding=\"async\" class=\"ms-thumb\" src=\"https:\/\/www.2x3.pl\/wp-content\/uploads\/2016\/10\/s01_det4-100x80.jpg\" alt=\"\" \/>\n\t<div class=\"ms-thumb\" ><div class=\"ms-tab-context\"><div class=\"&quot;ms-tab-context&quot;\"><\/div><\/div>\n<\/div>\n\t\t\t\t<\/div>\n\n\t\t\t<\/div>\n\t\t\t<!-- END MasterSlider Main -->\n\n\t\t\t \n\t\t<\/div>\n\t\t<!-- END MasterSlider -->\n\n\t\t<script>\n\t\t(function ( $ ) {\n\t\t\t\"use strict\";\n\n\t\t\t$(function () {\n\t\t\t\tvar masterslider_4a8f = new MasterSlider();\n\n\t\t\t\t\/\/ slider controls\n\t\t\t\tmasterslider_4a8f.control('arrows'     ,{ autohide:true, overVideo:true  });\t\t\t\tmasterslider_4a8f.control('bullets'    ,{ autohide:true, overVideo:true, dir:'h', align:'bottom' , margin:10  });\n\n\t\t\t\tmasterslider_4a8f.control('thumblist'  ,{ autohide:false, overVideo:true, dir:'h', speed:17, inset:false, arrows:false, hover:false, customClass:'', align:'bottom',type:'thumbs', margin:10, width:100, height:80, space:5, fillMode:'fill'  });\n\t\t\t\t\/\/ slider setup\n\t\t\t\tmasterslider_4a8f.setup(\"MS69edad5824a8f\", {\n\t\t\t\t\t\twidth           : 600,\n\t\t\t\t\t\theight          : 450,\n\t\t\t\t\t\tminHeight       : 0,\n\t\t\t\t\t\tspace           : 0,\n\t\t\t\t\t\tstart           : 1,\n\t\t\t\t\t\tgrabCursor      : true,\n\t\t\t\t\t\tswipe           : true,\n\t\t\t\t\t\tmouse           : true,\n\t\t\t\t\t\tlayout          : \"boxed\",\n\t\t\t\t\t\twheel           : false,\n\t\t\t\t\t\tautoplay        : false,\n\t\t\t\t\t\tinstantStartLayers:false,\n\t\t\t\t\t\tloop            : false,\n\t\t\t\t\t\tshuffle         : false,\n\t\t\t\t\t\tpreload         : 0,\n\t\t\t\t\t\theightLimit     : true,\n\t\t\t\t\t\tautoHeight      : false,\n\t\t\t\t\t\tsmoothHeight    : true,\n\t\t\t\t\t\tendPause        : false,\n\t\t\t\t\t\toverPause       : true,\n\t\t\t\t\t\tfillMode        : \"fill\",\n\t\t\t\t\t\tcenterControls  : true,\n\t\t\t\t\t\tstartOnAppear   : false,\n\t\t\t\t\t\tlayersMode      : \"center\",\n\t\t\t\t\t\thideLayers      : false,\n\t\t\t\t\t\tfullscreenMargin: 0,\n\t\t\t\t\t\tspeed           : 20,\n\t\t\t\t\t\tdir             : \"h\",\n\t\t\t\t\t\tparallaxMode    : 'swipe',\n\t\t\t\t\t\tview            : \"basic\"\n\t\t\t\t});\n\n\t\t\t\t\n\t\t\t\twindow.masterslider_instances = window.masterslider_instances || [];\n\t\t\t\twindow.masterslider_instances.push( masterslider_4a8f );\n\t\t\t });\n\n\t\t})(jQuery);\n\t\t<\/script>\n\n<\/p>\n<p class=\"product-desc\">Stalowy stojak mobilny przeznaczony do ka\u017cdego rodzaju tablic w wymiarach od 60&nbsp;x&nbsp;45 do 120&nbsp;x&nbsp;90&nbsp;cm, z mo\u017cliwo\u015bci\u0105 regulacji wysoko\u015bci. Podstawa jezdna w kolorze popielatym, wyposa\u017cona w k\u00f3\u0142ka (z systemem blokuj\u0105cym), kt\u00f3re zapewniaj\u0105 mobilno\u015b\u0107 stojaka.<br \/>\n<strong>W zestawie<\/strong>: k\u00f3\u0142ka (5 szt.)<\/p>\n<p><img loading=\"lazy\" decoding=\"async\" src=\"https:\/\/www.2x3.pl\/wp-content\/uploads\/2011\/05\/S01.png\" alt=\"Stojak S01 - rys. techn. - wymiary\" title=\"S01\" width=\"600\" height=\"321\" class=\"aligncenter size-full wp-image-1152\" srcset=\"https:\/\/www.2x3.pl\/wp-content\/uploads\/2011\/05\/S01.png 600w, https:\/\/www.2x3.pl\/wp-content\/uploads\/2011\/05\/S01-150x80.png 150w, https:\/\/www.2x3.pl\/wp-content\/uploads\/2011\/05\/S01-300x160.png 300w\" sizes=\"auto, (max-width: 600px) 100vw, 600px\" \/>\n<table id=\"wp-table-reloaded-id-55-no-1\" class=\"wp-table-reloaded wp-table-reloaded-id-55\">\n<thead>\n\t<tr class=\"row-1 odd\">\n\t\t<th class=\"column-1\">2x3 Art.<\/th><th class=\"column-2\">Rozmiar tablicy [cm] \/ Size<\/th><th class=\"column-3\">Komplet \/ Pack<\/th><th class=\"column-4\">Waga \/ Weight<\/th><th class=\"column-5\">Dostawa \/ Delivery<\/th>\n\t<\/tr>\n<\/thead>\n<tbody class=\"row-hover\">\n\t<tr class=\"row-2 even\">\n\t\t<td class=\"column-1\">S01<\/td><td class=\"column-2\">60&nbsp;x&nbsp;45 do 120&nbsp;x&nbsp;90<\/td><td class=\"column-3\">1<\/td><td class=\"column-4\">8<\/td><td class=\"column-5\">2 dni \/ 2 days<\/td>\n\t<\/tr>\n<\/tbody>\n<\/table>\n<\/p>\n<p class=\"warranty\"><strong>Gwarancja:<\/strong> 2 lata na produkt.<\/p>\n<div class=\"product-card\"><a class=\"pdf-file-32\" href=\"https:\/\/www.2x3.pl\/pdf\/S01.pdf\">Karta produktowa &#8211; S01<\/a><\/div>\n<hr \/>\n<p><a id=\"trojnozny\" name=\"trojnozny\"><span class=\"product-code\">S02<\/span><\/a><\/p>\n<h2>Stojak tr\u00f3jno\u017cny do tablic<\/h2>\n<p><img loading=\"lazy\" decoding=\"async\" src=\"https:\/\/www.2x3.pl\/wp-content\/uploads\/2011\/05\/S02.jpg\" alt=\"Stojak tr\u00f3jno\u017cny do tablic\" title=\"S02\" width=\"600\" height=\"502\" class=\"aligncenter size-full wp-image-1150\" srcset=\"https:\/\/www.2x3.pl\/wp-content\/uploads\/2011\/05\/S02.jpg 600w, https:\/\/www.2x3.pl\/wp-content\/uploads\/2011\/05\/S02-150x125.jpg 150w, https:\/\/www.2x3.pl\/wp-content\/uploads\/2011\/05\/S02-300x251.jpg 300w\" sizes=\"auto, (max-width: 600px) 100vw, 600px\" \/><br \/>\n\n\t\t<!-- MasterSlider -->\n\t\t<div id=\"P_MS69edad582563d\" class=\"master-slider-parent msl ms-parent-id-108\" style=\"max-width:600px;\">\n\n\t\t\t\n\t\t\t<!-- MasterSlider Main -->\n\t\t\t<div id=\"MS69edad582563d\" class=\"master-slider ms-skin-default\" >\n\t\t\t\t \t\t\t\t \n\t\t\t\t<div  class=\"ms-slide\" data-delay=\"3\" data-fill-mode=\"fill\"  >\n\t\t\t\t\t<img decoding=\"async\" src=\"https:\/\/www.2x3.pl\/wp-content\/plugins\/master-slider\/public\/assets\/css\/blank.gif\" alt=\"\" title=\"\" data-src=\"https:\/\/www.2x3.pl\/wp-content\/uploads\/2016\/10\/s02_det2.jpg\" \/>\n\n\n\t<img decoding=\"async\" class=\"ms-thumb\" src=\"https:\/\/www.2x3.pl\/wp-content\/uploads\/2016\/10\/s02_det2-100x80.jpg\" alt=\"\" \/>\n\t<div class=\"ms-thumb\" ><div class=\"ms-tab-context\"><div class=\"&quot;ms-tab-context&quot;\"><\/div><\/div>\n<\/div>\n\t\t\t\t<\/div>\n\t\t\t\t<div  class=\"ms-slide\" data-delay=\"3\" data-fill-mode=\"fill\"  >\n\t\t\t\t\t<img decoding=\"async\" src=\"https:\/\/www.2x3.pl\/wp-content\/plugins\/master-slider\/public\/assets\/css\/blank.gif\" alt=\"\" title=\"\" data-src=\"https:\/\/www.2x3.pl\/wp-content\/uploads\/2016\/10\/s02_det3.jpg\" \/>\n\n\n\t<img decoding=\"async\" class=\"ms-thumb\" src=\"https:\/\/www.2x3.pl\/wp-content\/uploads\/2016\/10\/s02_det3-100x80.jpg\" alt=\"\" \/>\n\t<div class=\"ms-thumb\" ><div class=\"ms-tab-context\"><div class=\"&quot;ms-tab-context&quot;\"><\/div><\/div>\n<\/div>\n\t\t\t\t<\/div>\n\t\t\t\t<div  class=\"ms-slide\" data-delay=\"3\" data-fill-mode=\"fill\"  >\n\t\t\t\t\t<img decoding=\"async\" src=\"https:\/\/www.2x3.pl\/wp-content\/plugins\/master-slider\/public\/assets\/css\/blank.gif\" alt=\"\" title=\"\" data-src=\"https:\/\/www.2x3.pl\/wp-content\/uploads\/2016\/10\/s02_det4.jpg\" \/>\n\n\n\t<img decoding=\"async\" class=\"ms-thumb\" src=\"https:\/\/www.2x3.pl\/wp-content\/uploads\/2016\/10\/s02_det4-100x80.jpg\" alt=\"\" \/>\n\t<div class=\"ms-thumb\" ><div class=\"ms-tab-context\"><div class=\"&quot;ms-tab-context&quot;\"><\/div><\/div>\n<\/div>\n\t\t\t\t<\/div>\n\n\t\t\t<\/div>\n\t\t\t<!-- END MasterSlider Main -->\n\n\t\t\t \n\t\t<\/div>\n\t\t<!-- END MasterSlider -->\n\n\t\t<script>\n\t\t(function ( $ ) {\n\t\t\t\"use strict\";\n\n\t\t\t$(function () {\n\t\t\t\tvar masterslider_563d = new MasterSlider();\n\n\t\t\t\t\/\/ slider controls\n\t\t\t\tmasterslider_563d.control('arrows'     ,{ autohide:true, overVideo:true  });\t\t\t\tmasterslider_563d.control('bullets'    ,{ autohide:true, overVideo:true, dir:'h', align:'bottom' , margin:10  });\n\n\t\t\t\tmasterslider_563d.control('thumblist'  ,{ autohide:false, overVideo:true, dir:'h', speed:17, inset:false, arrows:false, hover:false, customClass:'', align:'bottom',type:'thumbs', margin:10, width:100, height:80, space:5, fillMode:'fill'  });\n\t\t\t\t\/\/ slider setup\n\t\t\t\tmasterslider_563d.setup(\"MS69edad582563d\", {\n\t\t\t\t\t\twidth           : 600,\n\t\t\t\t\t\theight          : 450,\n\t\t\t\t\t\tminHeight       : 0,\n\t\t\t\t\t\tspace           : 0,\n\t\t\t\t\t\tstart           : 1,\n\t\t\t\t\t\tgrabCursor      : true,\n\t\t\t\t\t\tswipe           : true,\n\t\t\t\t\t\tmouse           : true,\n\t\t\t\t\t\tlayout          : \"boxed\",\n\t\t\t\t\t\twheel           : false,\n\t\t\t\t\t\tautoplay        : false,\n\t\t\t\t\t\tinstantStartLayers:false,\n\t\t\t\t\t\tloop            : false,\n\t\t\t\t\t\tshuffle         : false,\n\t\t\t\t\t\tpreload         : 0,\n\t\t\t\t\t\theightLimit     : true,\n\t\t\t\t\t\tautoHeight      : false,\n\t\t\t\t\t\tsmoothHeight    : true,\n\t\t\t\t\t\tendPause        : false,\n\t\t\t\t\t\toverPause       : true,\n\t\t\t\t\t\tfillMode        : \"fill\",\n\t\t\t\t\t\tcenterControls  : true,\n\t\t\t\t\t\tstartOnAppear   : false,\n\t\t\t\t\t\tlayersMode      : \"center\",\n\t\t\t\t\t\thideLayers      : false,\n\t\t\t\t\t\tfullscreenMargin: 0,\n\t\t\t\t\t\tspeed           : 20,\n\t\t\t\t\t\tdir             : \"h\",\n\t\t\t\t\t\tparallaxMode    : 'swipe',\n\t\t\t\t\t\tview            : \"basic\"\n\t\t\t\t});\n\n\t\t\t\t\n\t\t\t\twindow.masterslider_instances = window.masterslider_instances || [];\n\t\t\t\twindow.masterslider_instances.push( masterslider_563d );\n\t\t\t });\n\n\t\t})(jQuery);\n\t\t<\/script>\n\n<\/p>\n<p class=\"product-desc\">Stojak mobilny przeznaczony dla ka\u017cdego rodzaju tablic w wymiarach od 60&nbsp;x&nbsp;45 do  90&nbsp;x&nbsp;60&nbsp;cm, z mo\u017cliwo\u015bci\u0105 regulacji wysoko\u015bci.<br \/>\nStela\u017c tr\u00f3jno\u017cny w kolorze popielatym zapewnia stabilno\u015b\u0107 stojaka.<\/p>\n<p><img loading=\"lazy\" decoding=\"async\" src=\"https:\/\/www.2x3.pl\/wp-content\/uploads\/2011\/05\/S02.png\" alt=\"Stojak S02 - rys. techn. - wymiary\" title=\"S02\" width=\"600\" height=\"320\" class=\"aligncenter size-full wp-image-1153\" srcset=\"https:\/\/www.2x3.pl\/wp-content\/uploads\/2011\/05\/S02.png 600w, https:\/\/www.2x3.pl\/wp-content\/uploads\/2011\/05\/S02-150x80.png 150w, https:\/\/www.2x3.pl\/wp-content\/uploads\/2011\/05\/S02-300x160.png 300w\" sizes=\"auto, (max-width: 600px) 100vw, 600px\" \/>\n<table id=\"wp-table-reloaded-id-56-no-1\" class=\"wp-table-reloaded wp-table-reloaded-id-56\">\n<thead>\n\t<tr class=\"row-1 odd\">\n\t\t<th class=\"column-1\">2x3 Art.<\/th><th class=\"column-2\">Rozmiar tablicy \/ size of board<\/th><th class=\"column-3\">Komplet  \/ Pack<\/th><th class=\"column-4\">Waga \/ Weight<\/th><th class=\"column-5\">Dostawa \/ Delivery<\/th>\n\t<\/tr>\n<\/thead>\n<tbody class=\"row-hover\">\n\t<tr class=\"row-2 even\">\n\t\t<td class=\"column-1\">S02<\/td><td class=\"column-2\">60&nbsp;x&nbsp;45 do 90&nbsp;x&nbsp;60<\/td><td class=\"column-3\">1<\/td><td class=\"column-4\">8<\/td><td class=\"column-5\">2 dni \/ 2 days<\/td>\n\t<\/tr>\n<\/tbody>\n<\/table>\n<\/p>\n<p class=\"warranty\"><strong>Gwarancja:<\/strong> 2 lata na produkt.<\/p>\n<div class=\"product-card\"><a class=\"pdf-file-32\" href=\"https:\/\/www.2x3.pl\/pdf\/S02.pdf\">Karta produktowa &#8211; S02<\/a><\/div>\n<hr \/>\n<p><a id=\"mobilny-ramowy\" name=\"mobilny-ramowy\"><span class=\"product-code\">S03<\/span><\/a><\/p>\n<h2>Stojak mobilny do tablic (ramowy)<\/h2>\n<p><img loading=\"lazy\" decoding=\"async\" src=\"https:\/\/www.2x3.pl\/wp-content\/uploads\/2011\/05\/S03.jpg\" alt=\"Stojak mobilny (ramowy) do tablic\" title=\"S03\" width=\"600\" height=\"502\" class=\"aligncenter size-full wp-image-1151\" srcset=\"https:\/\/www.2x3.pl\/wp-content\/uploads\/2011\/05\/S03.jpg 600w, https:\/\/www.2x3.pl\/wp-content\/uploads\/2011\/05\/S03-150x125.jpg 150w, https:\/\/www.2x3.pl\/wp-content\/uploads\/2011\/05\/S03-300x251.jpg 300w\" sizes=\"auto, (max-width: 600px) 100vw, 600px\" \/><\/p>\n<p class=\"product-desc\">Stalowy stojak przeznaczony do ka\u017cdego rodzaju tablic w wymiarach od 90&nbsp;x&nbsp;60 do 120&nbsp;x&nbsp;90&nbsp;cm, z mo\u017cliwo\u015bci\u0105 regulacji wysoko\u015bci.<br \/>\nPodstawa jezdna w kolorze popielatym, wyposa\u017cona w k\u00f3\u0142ka z systemem blokuj\u0105cym, kt\u00f3re zapewniaj\u0105 stabilno\u015b\u0107 stojaka.<br \/>\n<strong>W zestawie<\/strong>: k\u00f3\u0142ka (4 szt.)<\/p>\n<p><img loading=\"lazy\" decoding=\"async\" src=\"https:\/\/www.2x3.pl\/wp-content\/uploads\/2011\/05\/S03.png\" alt=\"Stojak S03 - rys. techn. - wymiary\" title=\"S03\" width=\"600\" height=\"493\" class=\"aligncenter size-full wp-image-1154\" \/>\n<table id=\"wp-table-reloaded-id-57-no-1\" class=\"wp-table-reloaded wp-table-reloaded-id-57\">\n<thead>\n\t<tr class=\"row-1 odd\">\n\t\t<th class=\"column-1\">2x3 Art. <\/th><th class=\"column-2\">Rozmiar tablicy [cm] \/ Size<\/th><th class=\"column-3\">Komplet \/ Pack<\/th><th class=\"column-4\">Waga \/ Weight<\/th><th class=\"column-5\">Dostawa \/ Delivery<\/th>\n\t<\/tr>\n<\/thead>\n<tbody class=\"row-hover\">\n\t<tr class=\"row-2 even\">\n\t\t<td class=\"column-1\">S03\/80<\/td><td class=\"column-2\">90&nbsp;x&nbsp;60 do 120&nbsp;x&nbsp;90<\/td><td class=\"column-3\">1<\/td><td class=\"column-4\">10<\/td><td class=\"column-5\">2 dni \/ 2 days<\/td>\n\t<\/tr>\n\t<tr class=\"row-3 odd\">\n\t\t<td class=\"column-1\">S03\/140<\/td><td class=\"column-2\">150&nbsp;x&nbsp;100 do 180&nbsp;x&nbsp;120<\/td><td class=\"column-3\">1<\/td><td class=\"column-4\">12<\/td><td class=\"column-5\">2 dni \/ 2 days<\/td>\n\t<\/tr>\n<\/tbody>\n<\/table>\n<\/p>\n<p class=\"warranty\"><strong>Gwarancja:<\/strong> 2 lata na produkt.<\/p>\n<div class=\"product-card\"><a class=\"pdf-file-32\" href=\"https:\/\/www.2x3.pl\/pdf\/S03.pdf\">Karta produktowa &#8211; S03<\/a><\/div>\n<p><\/p>\n","protected":false},"excerpt":{"rendered":"","protected":false},"author":18,"featured_media":1167,"parent":33,"menu_order":0,"comment_status":"closed","ping_status":"closed","template":"","meta":{"ngg_post_thumbnail":0,"footnotes":""},"class_list":["post-160","page","type-page","status-publish","has-post-thumbnail","hentry"],"_links":{"self":[{"href":"https:\/\/www.2x3.pl\/pl\/wp-json\/wp\/v2\/pages\/160","targetHints":{"allow":["GET"]}}],"collection":[{"href":"https:\/\/www.2x3.pl\/pl\/wp-json\/wp\/v2\/pages"}],"about":[{"href":"https:\/\/www.2x3.pl\/pl\/wp-json\/wp\/v2\/types\/page"}],"author":[{"embeddable":true,"href":"https:\/\/www.2x3.pl\/pl\/wp-json\/wp\/v2\/users\/18"}],"replies":[{"embeddable":true,"href":"https:\/\/www.2x3.pl\/pl\/wp-json\/wp\/v2\/comments?post=160"}],"version-history":[{"count":1,"href":"https:\/\/www.2x3.pl\/pl\/wp-json\/wp\/v2\/pages\/160\/revisions"}],"predecessor-version":[{"id":15075,"href":"https:\/\/www.2x3.pl\/pl\/wp-json\/wp\/v2\/pages\/160\/revisions\/15075"}],"up":[{"embeddable":true,"href":"https:\/\/www.2x3.pl\/pl\/wp-json\/wp\/v2\/pages\/33"}],"wp:featuredmedia":[{"embeddable":true,"href":"https:\/\/www.2x3.pl\/pl\/wp-json\/wp\/v2\/media\/1167"}],"wp:attachment":[{"href":"https:\/\/www.2x3.pl\/pl\/wp-json\/wp\/v2\/media?parent=160"}],"curies":[{"name":"wp","href":"https:\/\/api.w.org\/{rel}","templated":true}]}}