{"id":162,"date":"2013-05-02T11:28:39","date_gmt":"2013-05-02T09:28:39","guid":{"rendered":"http:\/\/www.2x3.pl\/?page_id=162"},"modified":"2024-11-28T15:47:26","modified_gmt":"2024-11-28T14:47:26","slug":"tablice-mapy","status":"publish","type":"page","link":"https:\/\/www.2x3.pl\/pl\/office\/tablice-mapy\/","title":{"rendered":"Tablice-mapy"},"content":{"rendered":"\n<p class=\"product-purpose\"><strong>Zastosowanie:<\/strong> Idealne do zawieszenia na \u015bcianie lub na stojaku &#8211; u\u0142atwiaj\u0105 np. planowanie tras handlowc\u00f3w, czy te\u017c przemieszczanie transportu.<\/p>\n<p><a id=\"polski\" name=\"polski\"><span class=\"product-code\">TMPA<\/span><\/a><\/p>\n<h2>Tablica mapa officeBoard &#8211; Polska<\/h2>\n<p><span class=\" officeboard\" title=\"Rama aluminiowa officeBoard | made by 2x3\">Rama z profilu aluminiowego<\/span><img loading=\"lazy\" decoding=\"async\" src=\"https:\/\/www.2x3.pl\/wp-content\/uploads\/2011\/05\/TMPA1.jpg\" alt=\"Tablica mapa drogowa Polski, w ramie aluminiowej officeBoard\" title=\"TMPA1\" width=\"540\" height=\"463\" class=\"aligncenter size-full wp-image-1174\" srcset=\"https:\/\/www.2x3.pl\/wp-content\/uploads\/2011\/05\/TMPA1.jpg 540w, https:\/\/www.2x3.pl\/wp-content\/uploads\/2011\/05\/TMPA1-150x128.jpg 150w, https:\/\/www.2x3.pl\/wp-content\/uploads\/2011\/05\/TMPA1-300x257.jpg 300w\" sizes=\"auto, (max-width: 540px) 100vw, 540px\" \/><br \/>\n<span class=\"img-caption\">Mapa drogowa<\/span><br \/>\n<span class=\" officeboard\" title=\"Rama aluminiowa officeBoard | made by 2x3\">Rama z profilu aluminiowego<\/span><img loading=\"lazy\" decoding=\"async\" src=\"https:\/\/www.2x3.pl\/wp-content\/uploads\/2011\/05\/TMPA2.jpg\" alt=\"Tablica mapa administracyjno-drogowa Polski\" title=\"TMPA2\" width=\"540\" height=\"463\" class=\"aligncenter size-full wp-image-1175\" srcset=\"https:\/\/www.2x3.pl\/wp-content\/uploads\/2011\/05\/TMPA2.jpg 540w, https:\/\/www.2x3.pl\/wp-content\/uploads\/2011\/05\/TMPA2-150x128.jpg 150w, https:\/\/www.2x3.pl\/wp-content\/uploads\/2011\/05\/TMPA2-300x257.jpg 300w\" sizes=\"auto, (max-width: 540px) 100vw, 540px\" \/><br \/>\n<span class=\"img-caption\">Mapa administracyjno-drogowa<\/span><\/p>\n<p class=\"product-desc\">Wysokiej jako\u015bci mapa \u015bcienna Polski, dost\u0119pna na p\u0142ycie mi\u0119kkiej (umo\u017cliwia u\u017cywanie pinezek) lub o powierzchni magnetycznej (twardej). Rama wykonana z profilu aluminiowego w kolorze srebrnym, wyko\u0144czona eleganckimi, popielatymi naro\u017cnikami. Wyj\u0105tkowo \u0142atwa i szybka w monta\u017cu.<br \/>\nW zestawie: elementy monta\u017cowe.<\/p>\n<p><img loading=\"lazy\" decoding=\"async\" src=\"https:\/\/www.2x3.pl\/wp-content\/uploads\/2011\/05\/TCA.png\" alt=\"rys. techn. - wymiary\" class=\"aligncenter size-full wp-image-1137\" height=\"194\" width=\"600\" srcset=\"https:\/\/www.2x3.pl\/wp-content\/uploads\/2011\/05\/TCA.png 600w, https:\/\/www.2x3.pl\/wp-content\/uploads\/2011\/05\/TCA-150x48.png 150w, https:\/\/www.2x3.pl\/wp-content\/uploads\/2011\/05\/TCA-300x97.png 300w\" sizes=\"auto, (max-width: 600px) 100vw, 600px\" \/>\n<table id=\"wp-table-reloaded-id-59-no-1\" class=\"wp-table-reloaded wp-table-reloaded-id-59\">\n<thead>\n\t<tr class=\"row-1 odd\">\n\t\t<th class=\"column-1\">2x3 Art. No.<\/th><th class=\"column-2\">Typ \/ Type<\/th><th class=\"column-3\">Wymiary \/ Size<\/th><th class=\"column-4\">Komplet \/ Pack<\/th><th class=\"column-5\">Waga \/ Weight<\/th><th class=\"column-6\">Dostawa \/  Delivery<\/th>\n\t<\/tr>\n<\/thead>\n<tbody class=\"row-hover\">\n\t<tr class=\"row-2 even\">\n\t\t<td colspan=\"6\" class=\"column-1 colspan-6\">P\u0142yta mi\u0119kka \/ Soft (pin map)<\/td>\n\t<\/tr>\n\t<tr class=\"row-3 odd\">\n\t\t<td class=\"column-1\">TMPA1<\/td><td class=\"column-2\">drogowa \/ road<\/td><td class=\"column-3\">102,5 \u00d7 120<\/td><td class=\"column-4\">1<\/td><td class=\"column-5\">4,5<\/td><td class=\"column-6\">10 dni \/ 10 days<\/td>\n\t<\/tr>\n\t<tr class=\"row-4 even\">\n\t\t<td class=\"column-1\">TMPA2<\/td><td class=\"column-2\">administracyjna \/ administrative<\/td><td class=\"column-3\">102,5 \u00d7 120<\/td><td class=\"column-4\">1<\/td><td class=\"column-5\">4,5<\/td><td class=\"column-6\">10 dni \/ 10 days<\/td>\n\t<\/tr>\n\t<tr class=\"row-5 odd\">\n\t\t<td colspan=\"6\" class=\"column-1 colspan-6\">P\u0142yta magnetyczna \/Hard (magnetic)<\/td>\n\t<\/tr>\n\t<tr class=\"row-6 even\">\n\t\t<td class=\"column-1\">TMPA1M<\/td><td class=\"column-2\">drogowa \/ road<\/td><td class=\"column-3\">102,5 \u00d7 120<\/td><td class=\"column-4\">1<\/td><td class=\"column-5\">6,5<\/td><td class=\"column-6\">10 dni \/ 10 days<\/td>\n\t<\/tr>\n\t<tr class=\"row-7 odd\">\n\t\t<td class=\"column-1\">TMPA2M<\/td><td class=\"column-2\">administracyjna \/ administrative<\/td><td class=\"column-3\">102,5 \u00d7 120<\/td><td class=\"column-4\">1<\/td><td class=\"column-5\">6,5<\/td><td class=\"column-6\">10 dni \/ 10 days<\/td>\n\t<\/tr>\n<\/tbody>\n<\/table>\n<\/p>\n<p class=\"warranty\"><strong>Gwarancja:<\/strong> 2 lata na produkt.<\/p>\n<div class=\"product-card\"><a class=\"pdf-file-32\" href=\"https:\/\/www.2x3.pl\/pdf\/TMPA.pdf\">Karta produktowa \u2013 TMPA<\/a> (mapy Polski)<\/div>\n<p><\/p>\n","protected":false},"excerpt":{"rendered":"","protected":false},"author":18,"featured_media":0,"parent":33,"menu_order":0,"comment_status":"closed","ping_status":"closed","template":"","meta":{"ngg_post_thumbnail":0,"footnotes":""},"class_list":["post-162","page","type-page","status-publish","hentry"],"_links":{"self":[{"href":"https:\/\/www.2x3.pl\/pl\/wp-json\/wp\/v2\/pages\/162","targetHints":{"allow":["GET"]}}],"collection":[{"href":"https:\/\/www.2x3.pl\/pl\/wp-json\/wp\/v2\/pages"}],"about":[{"href":"https:\/\/www.2x3.pl\/pl\/wp-json\/wp\/v2\/types\/page"}],"author":[{"embeddable":true,"href":"https:\/\/www.2x3.pl\/pl\/wp-json\/wp\/v2\/users\/18"}],"replies":[{"embeddable":true,"href":"https:\/\/www.2x3.pl\/pl\/wp-json\/wp\/v2\/comments?post=162"}],"version-history":[{"count":1,"href":"https:\/\/www.2x3.pl\/pl\/wp-json\/wp\/v2\/pages\/162\/revisions"}],"predecessor-version":[{"id":15089,"href":"https:\/\/www.2x3.pl\/pl\/wp-json\/wp\/v2\/pages\/162\/revisions\/15089"}],"up":[{"embeddable":true,"href":"https:\/\/www.2x3.pl\/pl\/wp-json\/wp\/v2\/pages\/33"}],"wp:attachment":[{"href":"https:\/\/www.2x3.pl\/pl\/wp-json\/wp\/v2\/media?parent=162"}],"curies":[{"name":"wp","href":"https:\/\/api.w.org\/{rel}","templated":true}]}}