{"id":1741,"date":"2014-12-05T09:19:41","date_gmt":"2014-12-05T08:19:41","guid":{"rendered":"http:\/\/www.2x3.pl\/?page_id=1741"},"modified":"2024-11-27T15:11:00","modified_gmt":"2024-11-27T14:11:00","slug":"pomoc-zdalna","status":"publish","type":"page","link":"https:\/\/www.2x3.pl\/pl\/pomoc-zdalna\/","title":{"rendered":"Wsparcie zdalne"},"content":{"rendered":"<p><br \/>\n<img loading=\"lazy\" decoding=\"async\" class=\"alignleft size-full wp-image-1764\" title=\"pomoc\" src=\"https:\/\/www.2x3.pl\/wp-content\/uploads\/2011\/10\/kolo-ratunkowe.jpg\" alt=\"ko\u0142o ratunkowe - pomoc online\" width=\"120\" height=\"121\"><\/p>\n<p style=\"margin-top: 30px;\">\u201eWsparcie zdalne\u201d zosta\u0142o stworzone z my\u015bl\u0105 o naszych Klientach, kt\u00f3rzy potrzebuj\u0105 pomocy technicznej z zakresu <strong><a title=\"Katalog produkt\u00f3w AV Solutions - audio-wizualnych, w tym interaktywnych\" href=\"https:\/\/www.2x3.pl\/produkty\/av-solutions\/\">produkt\u00f3w AV<\/a><\/strong>. Mamy mo\u017cliwo\u015b\u0107 \u0142\u0105czenia si\u0119 z komputerem Klienta, aby dokona\u0107 poprawnych ustawie\u0144 i konfiguracji tak, aby nasze produkty mog\u0142y prawid\u0142owo pracowa\u0107.<\/p>\n<h3>Zdalny dost\u0119p i pomoc przez Internet z wykorzystaniem programu TeamViewer<\/h3>\n<p>Aby mo\u017cliwe by\u0142o ustanowienie po\u0142\u0105czenia zdalnego z pulpitem Twojego komputera, powiniene\u015b uruchomi\u0107 ten niewielki programik (2,59 MB) inicjuj\u0105cy <strong>sesj\u0119 zdaln\u0105<\/strong>.<\/p>\n<p><a style=\"display: block; width: 234px; height: 60px; background: url('https:\/\/www.2x3.pl\/wp-content\/themes\/2x3_2011\/images\/team-viewer.png') no-repeat left; font-weight: bold; margin: 20px 0px 20px 190px; text-indent: -3000px;\" title=\"Pobierz program TeamViewerQS (2,59 MB)\" href=\"https:\/\/2x3.pl\/download\/TeamViewerQS.exe\">Pobierz program TeamViewerQS PL<\/a><\/p>\n<p>Uwaga: Program dzia\u0142a w po\u0142\u0105czeniu szyfrowanym (bezpiecznym).<\/p>\n<h3>Instrukcja obs\u0142ugi<\/h3>\n<div style=\"width: 150px; float: left; margin: 64px 40px 40px 0;\"><a title=\"Okno dialogowe pobierania pliku aplikacji (.exe)\" href=\"https:\/\/www.2x3.pl\/wp-content\/uploads\/2011\/09\/pobieranie_okno.png\"><img loading=\"lazy\" decoding=\"async\" class=\"alignleft size-thumbnail wp-image-1742\" style=\"margin-bottom: 20px;\" title=\"Powi\u0119ksz ten obrazek\" src=\"https:\/\/www.2x3.pl\/wp-content\/uploads\/2011\/09\/pobieranie_okno-150x96.png\" alt=\"Okno dialogowe pobierania (po klikni\u0119ciu na link \" width=\"150\" height=\"96\" srcset=\"https:\/\/www.2x3.pl\/wp-content\/uploads\/2011\/09\/pobieranie_okno-150x96.png 150w, https:\/\/www.2x3.pl\/wp-content\/uploads\/2011\/09\/pobieranie_okno-300x192.png 300w, https:\/\/www.2x3.pl\/wp-content\/uploads\/2011\/09\/pobieranie_okno.png 402w\" sizes=\"auto, (max-width: 150px) 100vw, 150px\" \/><\/a><a title=\"Interfejs programu TeamViewer QuickSupport\" href=\"https:\/\/www.2x3.pl\/wp-content\/uploads\/2014\/12\/TeamViewerQS_2x3_interface.png\"><img loading=\"lazy\" decoding=\"async\" class=\"alignnone wp-image-10254\" src=\"https:\/\/www.2x3.pl\/wp-content\/uploads\/2014\/12\/TeamViewerQS_2x3_interface.png\" alt=\"\" width=\"148\" height=\"202\" srcset=\"https:\/\/www.2x3.pl\/wp-content\/uploads\/2014\/12\/TeamViewerQS_2x3_interface.png 291w, https:\/\/www.2x3.pl\/wp-content\/uploads\/2014\/12\/TeamViewerQS_2x3_interface-73x100.png 73w, https:\/\/www.2x3.pl\/wp-content\/uploads\/2014\/12\/TeamViewerQS_2x3_interface-194x265.png 194w\" sizes=\"auto, (max-width: 148px) 100vw, 148px\" \/><\/a><\/div>\n<ul>\n<li>Kliknij na przycisk \u201e<strong><a title=\"Pobierz program TeamViewerQS(2,59 MB)\" href=\"https:\/\/2x3.pl\/download\/TeamViewerQS.exe\">Pobierz program TeamViewer QS<\/a><\/strong>\u201d<\/li>\n<li>Na ekranie Twojego komputera powinno pokaza\u0107 si\u0119 okno dialogowe prosz\u0105ce Ci\u0119 o potwierdzenie otwarcia pliku pobieranego z sieci. Naci\u015bnij \u201eUruchom\u201d, aby uruchomi\u0107 program.<\/li>\n<li>Nast\u0119pnie nale\u017cy skontaktowa\u0107 si\u0119 konsultantem Wsparcia Zdalnego w celu podania mu Twojego ID \u2014 9-cyfrowy numer, kt\u00f3ry przydzielany jest automatycznie, zaraz po uruchomieniu programu (pole zakre\u015blone na zielono)<\/li>\n<\/ul>\n<h3>Kontakt<\/h3>\n<div class=\"vcard\">\n<p style=\"font-size: 18px; line-height: 28px;\">tel.: <span class=\"tel\">664 437 354<\/span>, <span class=\"tel\">95 765 19 33<\/span><br \/>\ne-mail: <a class=\"email\" href=\"mailto:support@avsolutions.pl?Subject=Wsparcie%20zdalne\">support@avsolutions.pl<\/a><\/p>\n<p style=\"text-align: right;\">Od poniedzia\u0142ku do pi\u0105tku, w godz. 8\u201316, pomagaj\u0105 Pa\u0144stwu:<\/p>\n<p style=\"text-align: right;\"><strong class=\"&quot;fn\"><span class=\"given-name\">Jerzy<\/span> <span class=\"family-name\">Smo\u0142a<\/span><\/strong><br \/>\n<span class=\"role\" title=\"Konsultant ds. Produkt\u00f3w AV Solutions\">Konsultant ds. Rozwi\u0105za\u0144 Interaktywnych<\/span><br \/>\n<a class=\"skype-call\" title=\"Zadzwo\u0144 via Skype\" href=\"skype:jerzysmola?call\">Zadzwo\u0144<\/a> | <a class=\"skype-chat\" title=\"Pisz via Skype\" href=\"skype:jerzysmola?chat\">Pisz<\/a><\/p>\n<hr>\n<p><\/p>\n","protected":false},"excerpt":{"rendered":"","protected":false},"author":18,"featured_media":0,"parent":0,"menu_order":0,"comment_status":"closed","ping_status":"closed","template":"","meta":{"ngg_post_thumbnail":0,"footnotes":""},"class_list":["post-1741","page","type-page","status-publish","hentry"],"_links":{"self":[{"href":"https:\/\/www.2x3.pl\/pl\/wp-json\/wp\/v2\/pages\/1741","targetHints":{"allow":["GET"]}}],"collection":[{"href":"https:\/\/www.2x3.pl\/pl\/wp-json\/wp\/v2\/pages"}],"about":[{"href":"https:\/\/www.2x3.pl\/pl\/wp-json\/wp\/v2\/types\/page"}],"author":[{"embeddable":true,"href":"https:\/\/www.2x3.pl\/pl\/wp-json\/wp\/v2\/users\/18"}],"replies":[{"embeddable":true,"href":"https:\/\/www.2x3.pl\/pl\/wp-json\/wp\/v2\/comments?post=1741"}],"version-history":[{"count":3,"href":"https:\/\/www.2x3.pl\/pl\/wp-json\/wp\/v2\/pages\/1741\/revisions"}],"predecessor-version":[{"id":14975,"href":"https:\/\/www.2x3.pl\/pl\/wp-json\/wp\/v2\/pages\/1741\/revisions\/14975"}],"wp:attachment":[{"href":"https:\/\/www.2x3.pl\/pl\/wp-json\/wp\/v2\/media?parent=1741"}],"curies":[{"name":"wp","href":"https:\/\/api.w.org\/{rel}","templated":true}]}}