{"id":194,"date":"2014-01-31T13:58:05","date_gmt":"2014-01-31T12:58:05","guid":{"rendered":"http:\/\/www.2x3.pl\/?page_id=194"},"modified":"2024-11-28T15:54:42","modified_gmt":"2024-11-28T14:54:42","slug":"tablice-akademickie","status":"publish","type":"page","link":"https:\/\/www.2x3.pl\/pl\/tablice-szkolne\/tablice-akademickie\/","title":{"rendered":"Tablice akademickie"},"content":{"rendered":"<p><a id=\"kolumnowe\" name=\"kolumnowe\"><\/a><span class=\"product-code\">ST<\/span><\/p>\n<h2>Tablice w systemie kolumnowym<\/h2>\n<p><img loading=\"lazy\" decoding=\"async\" class=\"aligncenter size-full wp-image-4688\" src=\"https:\/\/www.2x3.pl\/wp-content\/uploads\/2014\/01\/ST_600px.jpg\" alt=\"Tablice przesuwne w pionie, w systemie kolumnowym, w ramie aluminiowej\" width=\"600\" height=\"474\" srcset=\"https:\/\/www.2x3.pl\/wp-content\/uploads\/2014\/01\/ST_600px.jpg 600w, https:\/\/www.2x3.pl\/wp-content\/uploads\/2014\/01\/ST_600px-100x79.jpg 100w, https:\/\/www.2x3.pl\/wp-content\/uploads\/2014\/01\/ST_600px-256x202.jpg 256w\" sizes=\"auto, (max-width: 600px) 100vw, 600px\" \/><\/p>\n<hr \/>\n\n\t\t<!-- MasterSlider -->\n\t\t<div id=\"P_MS69f8649220a26\" class=\"master-slider-parent msl ms-parent-id-71\" style=\"max-width:600px;\">\n\n\t\t\t\n\t\t\t<!-- MasterSlider Main -->\n\t\t\t<div id=\"MS69f8649220a26\" class=\"master-slider ms-skin-default\" >\n\t\t\t\t \t\t\t\t \n\t\t\t\t<div  class=\"ms-slide\" data-delay=\"3\" data-fill-mode=\"fill\"  >\n\t\t\t\t\t<img decoding=\"async\" src=\"https:\/\/www.2x3.pl\/wp-content\/plugins\/master-slider\/public\/assets\/css\/blank.gif\" alt=\"tablice w systemie kolumnowym\" title=\"\" data-src=\"https:\/\/www.2x3.pl\/wp-content\/uploads\/2016\/10\/st_det1.jpg\" \/>\n\n\n\t<img decoding=\"async\" class=\"ms-thumb\" src=\"https:\/\/www.2x3.pl\/wp-content\/uploads\/2016\/10\/st_det1-100x80.jpg\" alt=\"tablice w systemie kolumnowym\" \/>\n\t<div class=\"ms-thumb\" ><div class=\"ms-tab-context\"><div class=\"&quot;ms-tab-context&quot;\"><\/div><\/div>\n<\/div>\n\t\t\t\t<\/div>\n\t\t\t\t<div  class=\"ms-slide\" data-delay=\"3\" data-fill-mode=\"fill\"  >\n\t\t\t\t\t<img decoding=\"async\" src=\"https:\/\/www.2x3.pl\/wp-content\/plugins\/master-slider\/public\/assets\/css\/blank.gif\" alt=\"tablice w systemie kolumnowym\" title=\"\" data-src=\"https:\/\/www.2x3.pl\/wp-content\/uploads\/2016\/10\/tablice-akademickie_gto15_det1a.jpg\" \/>\n\n\n\t<img decoding=\"async\" class=\"ms-thumb\" src=\"https:\/\/www.2x3.pl\/wp-content\/uploads\/2016\/10\/tablice-akademickie_gto15_det1a-100x80.jpg\" alt=\"tablice w systemie kolumnowym\" \/>\n\t<div class=\"ms-thumb\" ><div class=\"ms-tab-context\"><div class=\"&quot;ms-tab-context&quot;\"><\/div><\/div>\n<\/div>\n\t\t\t\t<\/div>\n\t\t\t\t<div  class=\"ms-slide\" data-delay=\"3\" data-fill-mode=\"fill\"  >\n\t\t\t\t\t<img decoding=\"async\" src=\"https:\/\/www.2x3.pl\/wp-content\/plugins\/master-slider\/public\/assets\/css\/blank.gif\" alt=\"tablice w systemie kolumnowym\" title=\"\" data-src=\"https:\/\/www.2x3.pl\/wp-content\/uploads\/2016\/10\/tablice-akademickie_gto15_det2.jpg\" \/>\n\n\n\t<img decoding=\"async\" class=\"ms-thumb\" src=\"https:\/\/www.2x3.pl\/wp-content\/uploads\/2016\/10\/tablice-akademickie_gto15_det2-100x80.jpg\" alt=\"tablice w systemie kolumnowym\" \/>\n\t<div class=\"ms-thumb\" ><div class=\"ms-tab-context\"><div class=\"&quot;ms-tab-context&quot;\"><\/div><\/div>\n<\/div>\n\t\t\t\t<\/div>\n\n\t\t\t<\/div>\n\t\t\t<!-- END MasterSlider Main -->\n\n\t\t\t \n\t\t<\/div>\n\t\t<!-- END MasterSlider -->\n\n\t\t<script>\n\t\t(function ( $ ) {\n\t\t\t\"use strict\";\n\n\t\t\t$(function () {\n\t\t\t\tvar masterslider_0a26 = new MasterSlider();\n\n\t\t\t\t\/\/ slider controls\n\t\t\t\tmasterslider_0a26.control('arrows'     ,{ autohide:true, overVideo:true  });\t\t\t\tmasterslider_0a26.control('bullets'    ,{ autohide:true, overVideo:true, dir:'h', align:'bottom' , margin:10  });\n\n\t\t\t\tmasterslider_0a26.control('thumblist'  ,{ autohide:false, overVideo:true, dir:'h', speed:17, inset:false, arrows:false, hover:false, customClass:'', align:'bottom',type:'thumbs', margin:10, width:100, height:80, space:5, fillMode:'fill'  });\n\t\t\t\t\/\/ slider setup\n\t\t\t\tmasterslider_0a26.setup(\"MS69f8649220a26\", {\n\t\t\t\t\t\twidth           : 600,\n\t\t\t\t\t\theight          : 450,\n\t\t\t\t\t\tminHeight       : 0,\n\t\t\t\t\t\tspace           : 0,\n\t\t\t\t\t\tstart           : 1,\n\t\t\t\t\t\tgrabCursor      : true,\n\t\t\t\t\t\tswipe           : true,\n\t\t\t\t\t\tmouse           : true,\n\t\t\t\t\t\tlayout          : \"boxed\",\n\t\t\t\t\t\twheel           : false,\n\t\t\t\t\t\tautoplay        : false,\n\t\t\t\t\t\tinstantStartLayers:false,\n\t\t\t\t\t\tloop            : false,\n\t\t\t\t\t\tshuffle         : false,\n\t\t\t\t\t\tpreload         : 0,\n\t\t\t\t\t\theightLimit     : true,\n\t\t\t\t\t\tautoHeight      : false,\n\t\t\t\t\t\tsmoothHeight    : true,\n\t\t\t\t\t\tendPause        : false,\n\t\t\t\t\t\toverPause       : true,\n\t\t\t\t\t\tfillMode        : \"fill\",\n\t\t\t\t\t\tcenterControls  : true,\n\t\t\t\t\t\tstartOnAppear   : false,\n\t\t\t\t\t\tlayersMode      : \"center\",\n\t\t\t\t\t\thideLayers      : false,\n\t\t\t\t\t\tfullscreenMargin: 0,\n\t\t\t\t\t\tspeed           : 20,\n\t\t\t\t\t\tdir             : \"h\",\n\t\t\t\t\t\tparallaxMode    : 'swipe',\n\t\t\t\t\t\tview            : \"basic\"\n\t\t\t\t});\n\n\t\t\t\t\n\t\t\t\twindow.masterslider_instances = window.masterslider_instances || [];\n\t\t\t\twindow.masterslider_instances.push( masterslider_0a26 );\n\t\t\t });\n\n\t\t})(jQuery);\n\t\t<\/script>\n\n\n<p class=\"product-desc\">System kolumnowy umo\u017cliwia przesuwanie tablic w pionie <strong>niezale\u017cnie wzgl\u0119dem siebie<\/strong>.<\/p>\n<p class=\"product-desc\">Dolny profil ka\u017cdej tablicy jest jednocze\u015bnie p\u00f3\u0142k\u0105 (na ca\u0142ej szeroko\u015bci) i uchwytem s\u0142u\u017c\u0105cym do zmiany wysoko\u015bci.<\/p>\n<p class=\"product-desc\">\nKonstrukcja jest stabilna i ca\u0142kowicie bezpieczna. Kolumny wykonane s\u0105 z anodowanego aluminium. Tablice s\u0105 prowadzone przez <strong>8<\/strong> nylonowych rolek na \u0142o\u017cyskach kulkowych.<\/p>\n<p class=\"product-desc\">Ci\u0119\u017carki zatrzymuj\u0105 si\u0119 na spr\u0119\u017cynie z gumow\u0105 nak\u0142adk\u0105. Standardowa wysoko\u015b\u0107 kolumny wynosi 265 cm.<\/p>\n<p class=\"product-desc\">Istnieje mo\u017cliwo\u015b\u0107 zam\u00f3wienia systemu<strong> o max. wysoko\u015bci 295 cm<\/strong>.<\/p>\n<p><strong>Uwaga!<\/strong> Istnieje mo\u017cliwo\u015b\u0107 produkcji tablic z nadrukiem (linie lub kratka).<\/p>\n<p><img loading=\"lazy\" decoding=\"async\" class=\"aligncenter size-full wp-image-4694\" src=\"https:\/\/www.2x3.pl\/wp-content\/uploads\/2014\/01\/ST.png\" alt=\"ST - rys. techn. - wymiary\" width=\"600\" height=\"290\" srcset=\"https:\/\/www.2x3.pl\/wp-content\/uploads\/2014\/01\/ST.png 600w, https:\/\/www.2x3.pl\/wp-content\/uploads\/2014\/01\/ST-100x48.png 100w, https:\/\/www.2x3.pl\/wp-content\/uploads\/2014\/01\/ST-256x123.png 256w\" sizes=\"auto, (max-width: 600px) 100vw, 600px\" \/>\n<table id=\"wp-table-reloaded-id-73-no-1\" class=\"wp-table-reloaded wp-table-reloaded-id-73\">\n<thead>\n\t<tr class=\"row-1 odd\">\n\t\t<th class=\"column-1\"><\/th><th class=\"column-2\">2x3 Art. <\/th><th class=\"column-3\">Wymiary \/Size<\/th><th class=\"column-4\">Kolor \/ Colour<\/th><th class=\"column-5\">Komplet \/ Pack<\/th><th class=\"column-6\">Waga \/ Weight<\/th>\n\t<\/tr>\n<\/thead>\n<tbody class=\"row-hover\">\n\t<tr class=\"row-2 even\">\n\t\t<td class=\"column-1\">ceramiczna \/ ceramic<\/td><td class=\"column-2\">STSK1220P3<\/td><td class=\"column-3\">200&nbsp;\u00d7&nbsp;120<\/td><td class=\"column-4\">zielony i bia\u0142y \/ green and white<\/td><td class=\"column-5\">1<\/td><td class=\"column-6\">170<\/td>\n\t<\/tr>\n\t<tr class=\"row-3 odd\">\n\t\t<td class=\"column-1\">ceramiczna \/ ceramic<\/td><td class=\"column-2\">STKK1220P3<\/td><td class=\"column-3\">200&nbsp;\u00d7&nbsp;120<\/td><td class=\"column-4\">zielony \/  green<\/td><td class=\"column-5\">1<\/td><td class=\"column-6\">170<\/td>\n\t<\/tr>\n\t<tr class=\"row-4 even\">\n\t\t<td class=\"column-1\">ceramiczna \/ ceramic<\/td><td class=\"column-2\">STSS1220P3<\/td><td class=\"column-3\">200&nbsp;\u00d7&nbsp;120<\/td><td class=\"column-4\">bia\u0142y \/ white<\/td><td class=\"column-5\">1<\/td><td class=\"column-6\">170<\/td>\n\t<\/tr>\n\t<tr class=\"row-5 odd\">\n\t\t<td class=\"column-1\">ceramiczna \/ ceramic<\/td><td class=\"column-2\">STSK1225P3<\/td><td class=\"column-3\">250&nbsp;\u00d7&nbsp;120<\/td><td class=\"column-4\">zielony i bia\u0142y \/ green and white<\/td><td class=\"column-5\">1<\/td><td class=\"column-6\">206<\/td>\n\t<\/tr>\n\t<tr class=\"row-6 even\">\n\t\t<td class=\"column-1\">ceramiczna \/ ceramic<\/td><td class=\"column-2\">STKK1225P3<\/td><td class=\"column-3\">250&nbsp;\u00d7&nbsp;120<\/td><td class=\"column-4\">zielony \/  green<\/td><td class=\"column-5\">1<\/td><td class=\"column-6\">206<\/td>\n\t<\/tr>\n\t<tr class=\"row-7 odd\">\n\t\t<td class=\"column-1\">ceramiczna \/ ceramic<\/td><td class=\"column-2\">STSS1225P3<\/td><td class=\"column-3\">250&nbsp;\u00d7&nbsp;120<\/td><td class=\"column-4\">bia\u0142y \/ white<\/td><td class=\"column-5\">1<\/td><td class=\"column-6\">206<\/td>\n\t<\/tr>\n\t<tr class=\"row-8 even\">\n\t\t<td class=\"column-1\">ceramiczna \/ ceramic<\/td><td class=\"column-2\">STSK1230P3<\/td><td class=\"column-3\">300&nbsp;\u00d7&nbsp;120<\/td><td class=\"column-4\">zielony i bia\u0142y \/ green and white<\/td><td class=\"column-5\">1<\/td><td class=\"column-6\">245<\/td>\n\t<\/tr>\n\t<tr class=\"row-9 odd\">\n\t\t<td class=\"column-1\">ceramiczna \/ ceramic<\/td><td class=\"column-2\">STKK1230P3<\/td><td class=\"column-3\">300&nbsp;\u00d7&nbsp;120<\/td><td class=\"column-4\">zielony \/ green<\/td><td class=\"column-5\">1<\/td><td class=\"column-6\">245<\/td>\n\t<\/tr>\n\t<tr class=\"row-10 even\">\n\t\t<td class=\"column-1\">ceramiczna \/ ceramic<\/td><td class=\"column-2\">STSS1230P3<\/td><td class=\"column-3\">300&nbsp;\u00d7&nbsp;120<\/td><td class=\"column-4\">bia\u0142y \/ white<\/td><td class=\"column-5\">1<\/td><td class=\"column-6\">245<\/td>\n\t<\/tr>\n\t<tr class=\"row-11 odd\">\n\t\t<td class=\"column-1\">lakierowana \/ laquered<\/td><td class=\"column-2\">STSK1220<\/td><td class=\"column-3\">200&nbsp;\u00d7&nbsp;120<\/td><td class=\"column-4\">zielony i bia\u0142y \/ green and white<\/td><td class=\"column-5\">1<\/td><td class=\"column-6\">170<\/td>\n\t<\/tr>\n\t<tr class=\"row-12 even\">\n\t\t<td class=\"column-1\">lakierowana \/ laquered<\/td><td class=\"column-2\">STKK1220<\/td><td class=\"column-3\">200&nbsp;\u00d7&nbsp;120<\/td><td class=\"column-4\">zielony \/ green<\/td><td class=\"column-5\">1<\/td><td class=\"column-6\">170<\/td>\n\t<\/tr>\n\t<tr class=\"row-13 odd\">\n\t\t<td class=\"column-1\">lakierowana \/ laquered<\/td><td class=\"column-2\">STSS1220<\/td><td class=\"column-3\">200&nbsp;\u00d7&nbsp;120<\/td><td class=\"column-4\">bia\u0142y \/ white<\/td><td class=\"column-5\">1<\/td><td class=\"column-6\">170<\/td>\n\t<\/tr>\n\t<tr class=\"row-14 even\">\n\t\t<td class=\"column-1\">lakierowana \/ laquered<\/td><td class=\"column-2\">STSK1225<\/td><td class=\"column-3\">250&nbsp;\u00d7&nbsp;120<\/td><td class=\"column-4\">zielony i bia\u0142y \/ green and white<\/td><td class=\"column-5\">1<\/td><td class=\"column-6\">206<\/td>\n\t<\/tr>\n\t<tr class=\"row-15 odd\">\n\t\t<td class=\"column-1\">lakierowana \/ laquered<\/td><td class=\"column-2\">STKK1225<\/td><td class=\"column-3\">250&nbsp;\u00d7&nbsp;120<\/td><td class=\"column-4\">zielony \/ green<\/td><td class=\"column-5\">1<\/td><td class=\"column-6\">206<\/td>\n\t<\/tr>\n\t<tr class=\"row-16 even\">\n\t\t<td class=\"column-1\">lakierowana \/ laquered<\/td><td class=\"column-2\">STSS1225<\/td><td class=\"column-3\">250&nbsp;\u00d7&nbsp;120<\/td><td class=\"column-4\">bia\u0142y \/ white<\/td><td class=\"column-5\">1<\/td><td class=\"column-6\">206<\/td>\n\t<\/tr>\n\t<tr class=\"row-17 odd\">\n\t\t<td class=\"column-1\">lakierowana \/ laquered<\/td><td class=\"column-2\">STSK1230<\/td><td class=\"column-3\">300&nbsp;\u00d7&nbsp;120<\/td><td class=\"column-4\">zielony i bia\u0142y \/ green and white<\/td><td class=\"column-5\">1<\/td><td class=\"column-6\">245<\/td>\n\t<\/tr>\n\t<tr class=\"row-18 even\">\n\t\t<td class=\"column-1\">lakierowana \/ laquered<\/td><td class=\"column-2\">STKK1230<\/td><td class=\"column-3\">300&nbsp;\u00d7&nbsp;120<\/td><td class=\"column-4\">zielony \/ green<\/td><td class=\"column-5\">1<\/td><td class=\"column-6\">245<\/td>\n\t<\/tr>\n\t<tr class=\"row-19 odd\">\n\t\t<td class=\"column-1\">lakierowana \/ laquered<\/td><td class=\"column-2\">STSS1230<\/td><td class=\"column-3\">300&nbsp;\u00d7&nbsp;120<\/td><td class=\"column-4\">bia\u0142y \/ white<\/td><td class=\"column-5\">1<\/td><td class=\"column-6\">245<\/td>\n\t<\/tr>\n<\/tbody>\n<\/table>\n<\/p>\n<p class=\"warranty\"><strong>Gwarancja:<\/strong> Do\u017cywotnia na powierzchni\u0119 ceramiczn\u0105; 10 lat na powierzchni\u0119 lakierowan\u0105; 2 lata na produkt.<\/p>\n<div class=\"product-card\"><a class=\"pdf-file-32\" href=\"https:\/\/www.2x3.pl\/pdf\/ST.pdf\">Karta produktowa &#8211; STSK, STKK, STSS<\/a><\/div>\n<hr \/>\n<p><a id=\"wielkoformatowe\" name=\"wielkoformatowe\"><\/a><span class=\"product-code\">TAS, TAK<\/span><\/p>\n<h2>Tablica akademicka wielkoformatowa<\/h2>\n<p><img loading=\"lazy\" decoding=\"async\" class=\"size-large wp-image-9079\" src=\"https:\/\/www.2x3.pl\/wp-content\/uploads\/2014\/01\/TAK1250-1-1024x261.jpg\" alt=\"Tablica akademicka w ramie aluminiowej GTO. Powierzchnia kredowa magnetyczna (ceramiczna - do\u017cywotnia gwarancja). Wymiar: 500 x 120 cm.\" width=\"640\" height=\"163\" srcset=\"https:\/\/www.2x3.pl\/wp-content\/uploads\/2014\/01\/TAK1250-1-1024x261.jpg 1024w, https:\/\/www.2x3.pl\/wp-content\/uploads\/2014\/01\/TAK1250-1-100x25.jpg 100w, https:\/\/www.2x3.pl\/wp-content\/uploads\/2014\/01\/TAK1250-1-256x65.jpg 256w, https:\/\/www.2x3.pl\/wp-content\/uploads\/2014\/01\/TAK1250-1-768x196.jpg 768w\" sizes=\"auto, (max-width: 640px) 100vw, 640px\" \/><\/p>\n<p class=\"product-desc\">Wyj\u0105tkowa <a href=\"https:\/\/www.2x3.pl\/produkty\/tablice-szkolne\/tablice-kredowe\/\">tablica kredowa<\/a> lub <a href=\"https:\/\/www.2x3.pl\/produkty\/tablice-szkolne\/tablice-suchoscieralne\/\">sucho\u015bcieralna <\/a>o powierzchni magnetycznej lakierowanej lub ceramicznej, kt\u00f3rej wymiary si\u0119gaj\u0105 a\u017c <strong><a title=\"Tablica akademicka o szeroko\u015bci 5 m\" href=\"https:\/\/www.2x3.pl\/wp-content\/uploads\/2014\/01\/TAK1250.jpg\" rel=\"highslide\">do 500 cm<\/a><\/strong>.<\/p>\n<p class=\"product-desc\">Elegancka rama wykonana z profilu aluminiowego <strong>GTO15<\/strong> w kolorze srebrnym, wyko\u0144czona popielatymi naro\u017cnikami. Solidna a zarazem &#8211; mimo ogromnego rozmiaru &#8211; lekka konstrukcja, dzi\u0119ki wype\u0142nieniu o strukturze plastra miodu.<\/p>\n<p class=\"product-desc\">Idealnie r\u00f3wna powierzchnia dzi\u0119ki u\u017cyciu technologii <dfn title=\"klejenie termotopliwe\">Hot Melt<\/dfn>. Dodatkowo produkt posiada wygodn\u0105 <a title=\"Profil-p\u00f3\u0142ka w tablicach akademickich\" href=\"https:\/\/www.2x3.pl\/wp-content\/gallery\/szkolne-tablice-akademickie-kolumnowe\/tablice-akademickie_gto15_det1a.jpg\" rel=\"highslide\">p\u00f3\u0142k\u0119<\/a> na ca\u0142ej szeroko\u015bci tablicy &#8211; scalon\u0105 z profilem ramy.<\/p>\n<p class=\"product-desc\">Dla utrzymania stabilno\u015bci tablica jest mocowana w<strong> 8 miejscach.<br \/>\n<\/strong><br \/>\n<strong>W zestawie:<\/strong> elementy mocuj\u0105ce.<\/p>\n<p><img loading=\"lazy\" decoding=\"async\" class=\"aligncenter size-full wp-image-4695\" src=\"https:\/\/www.2x3.pl\/wp-content\/uploads\/2014\/01\/TAS__TAK.png\" alt=\"TAS, TAK - rys. techn. - wymiary\" width=\"600\" height=\"180\" \/>\n<table id=\"wp-table-reloaded-id-236-no-1\" class=\"wp-table-reloaded wp-table-reloaded-id-236\">\n<thead>\n\t<tr class=\"row-1 odd\">\n\t\t<th class=\"column-1\"><\/th><th class=\"column-2\">2x3 Art. <\/th><th class=\"column-3\">Wymiary \/ Size<\/th><th class=\"column-4\">Kolor \/ Colour<\/th><th class=\"column-5\">Komplet \/ Pack<\/th><th class=\"column-6\">Waga \/ Weight<\/th>\n\t<\/tr>\n<\/thead>\n<tbody class=\"row-hover\">\n\t<tr class=\"row-2 even\">\n\t\t<td class=\"column-1\">lakierowana \/ laquered<\/td><td class=\"column-2\">TAS1230<\/td><td class=\"column-3\">300&nbsp;\u00d7&nbsp;120<\/td><td class=\"column-4\">bia\u0142y \/ white<\/td><td class=\"column-5\">1<\/td><td class=\"column-6\">30<\/td>\n\t<\/tr>\n\t<tr class=\"row-3 odd\">\n\t\t<td class=\"column-1\">lakierowana \/ laquered<\/td><td class=\"column-2\">TAK1230<\/td><td class=\"column-3\">300&nbsp;\u00d7&nbsp;120<\/td><td class=\"column-4\">zielony \/ green<\/td><td class=\"column-5\">1<\/td><td class=\"column-6\">28<\/td>\n\t<\/tr>\n\t<tr class=\"row-4 even\">\n\t\t<td class=\"column-1\">lakierowana \/ laquered<\/td><td class=\"column-2\">TAS1235<\/td><td class=\"column-3\">350&nbsp;\u00d7&nbsp;120<\/td><td class=\"column-4\">bia\u0142y \/ white<\/td><td class=\"column-5\">1<\/td><td class=\"column-6\">38<\/td>\n\t<\/tr>\n\t<tr class=\"row-5 odd\">\n\t\t<td class=\"column-1\">lakierowana \/ laquered<\/td><td class=\"column-2\">TAK1235<\/td><td class=\"column-3\">350&nbsp;\u00d7&nbsp;120<\/td><td class=\"column-4\">zielony \/ green<\/td><td class=\"column-5\">1<\/td><td class=\"column-6\">35<\/td>\n\t<\/tr>\n\t<tr class=\"row-6 even\">\n\t\t<td class=\"column-1\">lakierowana \/ laquered<\/td><td class=\"column-2\">TAS1240<\/td><td class=\"column-3\">400&nbsp;\u00d7&nbsp;120<\/td><td class=\"column-4\">bia\u0142y \/ white<\/td><td class=\"column-5\">1<\/td><td class=\"column-6\">45<\/td>\n\t<\/tr>\n\t<tr class=\"row-7 odd\">\n\t\t<td class=\"column-1\">lakierowana \/ laquered<\/td><td class=\"column-2\">TAK1240<\/td><td class=\"column-3\">400&nbsp;\u00d7&nbsp;120<\/td><td class=\"column-4\">zielony \/ green<\/td><td class=\"column-5\">1<\/td><td class=\"column-6\">40<\/td>\n\t<\/tr>\n\t<tr class=\"row-8 even\">\n\t\t<td class=\"column-1\">lakierowana \/ laquered<\/td><td class=\"column-2\">TAS1245<\/td><td class=\"column-3\">450&nbsp;\u00d7&nbsp;120<\/td><td class=\"column-4\">bia\u0142y \/ white<\/td><td class=\"column-5\">1<\/td><td class=\"column-6\">52<\/td>\n\t<\/tr>\n\t<tr class=\"row-9 odd\">\n\t\t<td class=\"column-1\">lakierowana \/ laquered<\/td><td class=\"column-2\">TAK1245<\/td><td class=\"column-3\">450&nbsp;\u00d7&nbsp;120<\/td><td class=\"column-4\">zielony \/ green<\/td><td class=\"column-5\">1<\/td><td class=\"column-6\">45<\/td>\n\t<\/tr>\n\t<tr class=\"row-10 even\">\n\t\t<td class=\"column-1\">lakierowana \/ laquered<\/td><td class=\"column-2\">TAS1250<\/td><td class=\"column-3\">500&nbsp;\u00d7&nbsp;120<\/td><td class=\"column-4\">bia\u0142y \/ white<\/td><td class=\"column-5\">1<\/td><td class=\"column-6\">59<\/td>\n\t<\/tr>\n\t<tr class=\"row-11 odd\">\n\t\t<td class=\"column-1\">lakierowana \/ laquered<\/td><td class=\"column-2\">TAK1250<\/td><td class=\"column-3\">500&nbsp;\u00d7&nbsp;120<\/td><td class=\"column-4\">zielony \/ green<\/td><td class=\"column-5\">1<\/td><td class=\"column-6\">51<\/td>\n\t<\/tr>\n\t<tr class=\"row-12 even\">\n\t\t<td class=\"column-1\">ceramiczna \/ ceramic<\/td><td class=\"column-2\">TAS1230P3<\/td><td class=\"column-3\">300&nbsp;\u00d7&nbsp;120<\/td><td class=\"column-4\">bia\u0142y \/ white<\/td><td class=\"column-5\">1<\/td><td class=\"column-6\">35<\/td>\n\t<\/tr>\n\t<tr class=\"row-13 odd\">\n\t\t<td class=\"column-1\">ceramiczna \/ ceramic<\/td><td class=\"column-2\">TAK1230P3<\/td><td class=\"column-3\">300&nbsp;\u00d7&nbsp;120<\/td><td class=\"column-4\">zielony \/ green<\/td><td class=\"column-5\">1<\/td><td class=\"column-6\">33<\/td>\n\t<\/tr>\n\t<tr class=\"row-14 even\">\n\t\t<td class=\"column-1\">ceramiczna \/ ceramic<\/td><td class=\"column-2\">TAS1235P3<\/td><td class=\"column-3\">350&nbsp;\u00d7&nbsp;120<\/td><td class=\"column-4\">bia\u0142y \/ white<\/td><td class=\"column-5\">1<\/td><td class=\"column-6\">44<\/td>\n\t<\/tr>\n\t<tr class=\"row-15 odd\">\n\t\t<td class=\"column-1\">ceramiczna \/ ceramic<\/td><td class=\"column-2\">TAK1235P3<\/td><td class=\"column-3\">350&nbsp;\u00d7&nbsp;120<\/td><td class=\"column-4\">zielony \/ green<\/td><td class=\"column-5\">1<\/td><td class=\"column-6\">40<\/td>\n\t<\/tr>\n\t<tr class=\"row-16 even\">\n\t\t<td class=\"column-1\">ceramiczna \/ ceramic<\/td><td class=\"column-2\">TAS1240P3<\/td><td class=\"column-3\">400&nbsp;\u00d7&nbsp;120<\/td><td class=\"column-4\">bia\u0142y \/ white<\/td><td class=\"column-5\">1<\/td><td class=\"column-6\">51<\/td>\n\t<\/tr>\n\t<tr class=\"row-17 odd\">\n\t\t<td class=\"column-1\">ceramiczna \/ ceramic<\/td><td class=\"column-2\">TAK1240P3<\/td><td class=\"column-3\">400&nbsp;\u00d7&nbsp;120<\/td><td class=\"column-4\">zielony \/ green<\/td><td class=\"column-5\">1<\/td><td class=\"column-6\">46<\/td>\n\t<\/tr>\n\t<tr class=\"row-18 even\">\n\t\t<td class=\"column-1\">ceramiczna \/ ceramic<\/td><td class=\"column-2\">TAS1245P3<\/td><td class=\"column-3\">450&nbsp;\u00d7&nbsp;120<\/td><td class=\"column-4\">bia\u0142y \/ white<\/td><td class=\"column-5\">1<\/td><td class=\"column-6\">55<\/td>\n\t<\/tr>\n\t<tr class=\"row-19 odd\">\n\t\t<td class=\"column-1\">ceramiczna \/ ceramic<\/td><td class=\"column-2\">TAK1245P3<\/td><td class=\"column-3\">450&nbsp;\u00d7&nbsp;120<\/td><td class=\"column-4\">zielony \/ green<\/td><td class=\"column-5\">1<\/td><td class=\"column-6\">53<\/td>\n\t<\/tr>\n\t<tr class=\"row-20 even\">\n\t\t<td class=\"column-1\">ceramiczna \/ ceramic<\/td><td class=\"column-2\">TAS1250P3<\/td><td class=\"column-3\">500&nbsp;\u00d7&nbsp;120<\/td><td class=\"column-4\">bia\u0142y \/ white<\/td><td class=\"column-5\">1<\/td><td class=\"column-6\">59<\/td>\n\t<\/tr>\n\t<tr class=\"row-21 odd\">\n\t\t<td class=\"column-1\">ceramiczna \/ ceramic<\/td><td class=\"column-2\">TAK1250P3<\/td><td class=\"column-3\">500&nbsp;\u00d7&nbsp;120<\/td><td class=\"column-4\">zielony \/ green<\/td><td class=\"column-5\">1<\/td><td class=\"column-6\">58<\/td>\n\t<\/tr>\n<\/tbody>\n<\/table>\n<\/p>\n<p class=\"warranty\"><strong>Gwarancja:<\/strong> Do\u017cywotnia na powierzchni\u0119 ceramiczn\u0105; 10 lat na powierzchni\u0119 lakierowan\u0105; 2 lata na produkt.<\/p>\n<div class=\"product-card\"><a class=\"pdf-file-32\" href=\"https:\/\/www.2x3.pl\/pdf\/TAS_TAK.pdf\">Karta produktowa \u2013 TAS, TAK<\/a><\/div>\n<p><\/p>\n","protected":false},"excerpt":{"rendered":"","protected":false},"author":18,"featured_media":1232,"parent":37,"menu_order":0,"comment_status":"closed","ping_status":"closed","template":"","meta":{"ngg_post_thumbnail":0,"footnotes":""},"class_list":["post-194","page","type-page","status-publish","has-post-thumbnail","hentry"],"_links":{"self":[{"href":"https:\/\/www.2x3.pl\/pl\/wp-json\/wp\/v2\/pages\/194","targetHints":{"allow":["GET"]}}],"collection":[{"href":"https:\/\/www.2x3.pl\/pl\/wp-json\/wp\/v2\/pages"}],"about":[{"href":"https:\/\/www.2x3.pl\/pl\/wp-json\/wp\/v2\/types\/page"}],"author":[{"embeddable":true,"href":"https:\/\/www.2x3.pl\/pl\/wp-json\/wp\/v2\/users\/18"}],"replies":[{"embeddable":true,"href":"https:\/\/www.2x3.pl\/pl\/wp-json\/wp\/v2\/comments?post=194"}],"version-history":[{"count":1,"href":"https:\/\/www.2x3.pl\/pl\/wp-json\/wp\/v2\/pages\/194\/revisions"}],"predecessor-version":[{"id":15102,"href":"https:\/\/www.2x3.pl\/pl\/wp-json\/wp\/v2\/pages\/194\/revisions\/15102"}],"up":[{"embeddable":true,"href":"https:\/\/www.2x3.pl\/pl\/wp-json\/wp\/v2\/pages\/37"}],"wp:featuredmedia":[{"embeddable":true,"href":"https:\/\/www.2x3.pl\/pl\/wp-json\/wp\/v2\/media\/1232"}],"wp:attachment":[{"href":"https:\/\/www.2x3.pl\/pl\/wp-json\/wp\/v2\/media?parent=194"}],"curies":[{"name":"wp","href":"https:\/\/api.w.org\/{rel}","templated":true}]}}