{"id":196,"date":"2013-05-02T13:58:42","date_gmt":"2013-05-02T11:58:42","guid":{"rendered":"http:\/\/www.2x3.pl\/?page_id=196"},"modified":"2024-11-28T16:00:19","modified_gmt":"2024-11-28T15:00:19","slug":"tryptyki","status":"publish","type":"page","link":"https:\/\/www.2x3.pl\/pl\/tablice-szkolne\/tryptyki\/","title":{"rendered":"Tryptyki"},"content":{"rendered":"<p><a id=\"kredowe\" name=\"kredowe\"><\/a><span class=\"product-code\">TRK UKF<\/span><\/p>\n<h2>Tablica rozk\u0142adana kredowa magnetyczna<\/h2>\n<p><img loading=\"lazy\" decoding=\"async\" class=\"size-large wp-image-9064\" src=\"https:\/\/www.2x3.pl\/wp-content\/uploads\/2013\/05\/TRK_UKF-1024x324-1-1024x324.jpg\" alt=\"tablica tryptyk ukf\" width=\"640\" height=\"203\" srcset=\"https:\/\/www.2x3.pl\/wp-content\/uploads\/2013\/05\/TRK_UKF-1024x324-1.jpg 1024w, https:\/\/www.2x3.pl\/wp-content\/uploads\/2013\/05\/TRK_UKF-1024x324-1-100x32.jpg 100w, https:\/\/www.2x3.pl\/wp-content\/uploads\/2013\/05\/TRK_UKF-1024x324-1-256x81.jpg 256w, https:\/\/www.2x3.pl\/wp-content\/uploads\/2013\/05\/TRK_UKF-1024x324-1-768x243.jpg 768w\" sizes=\"auto, (max-width: 640px) 100vw, 640px\" \/><\/p>\n<hr \/>\n\n\t\t<!-- MasterSlider -->\n\t\t<div id=\"P_MS69f03d4cac73a\" class=\"master-slider-parent msl ms-parent-id-69\" style=\"max-width:600px;\">\n\n\t\t\t\n\t\t\t<!-- MasterSlider Main -->\n\t\t\t<div id=\"MS69f03d4cac73a\" class=\"master-slider ms-skin-default\" >\n\t\t\t\t \t\t\t\t \n\t\t\t\t<div  class=\"ms-slide\" data-delay=\"3\" data-fill-mode=\"fill\"  >\n\t\t\t\t\t<img decoding=\"async\" src=\"https:\/\/www.2x3.pl\/wp-content\/plugins\/master-slider\/public\/assets\/css\/blank.gif\" alt=\"tablica tryptyk ukf\" title=\"\" data-src=\"https:\/\/www.2x3.pl\/wp-content\/uploads\/2016\/10\/TRK_UKF.jpg\" \/>\n\n\n\t<img decoding=\"async\" class=\"ms-thumb\" src=\"https:\/\/www.2x3.pl\/wp-content\/uploads\/2016\/10\/TRK_UKF-100x80.jpg\" alt=\"tablica tryptyk ukf\" \/>\n\t<div class=\"ms-thumb\" ><div class=\"ms-tab-context\"><div class=\"&quot;ms-tab-context&quot;\"><\/div><\/div>\n<\/div>\n\t\t\t\t<\/div>\n\t\t\t\t<div  class=\"ms-slide\" data-delay=\"3\" data-fill-mode=\"fill\"  >\n\t\t\t\t\t<img decoding=\"async\" src=\"https:\/\/www.2x3.pl\/wp-content\/plugins\/master-slider\/public\/assets\/css\/blank.gif\" alt=\"tablica tryptyk ukf\" title=\"\" data-src=\"https:\/\/www.2x3.pl\/wp-content\/uploads\/2016\/10\/TRK_UKF_det1.jpg\" \/>\n\n\n\t<img decoding=\"async\" class=\"ms-thumb\" src=\"https:\/\/www.2x3.pl\/wp-content\/uploads\/2016\/10\/TRK_UKF_det1-100x80.jpg\" alt=\"tablica tryptyk ukf\" \/>\n\t<div class=\"ms-thumb\" ><div class=\"ms-tab-context\"><div class=\"&quot;ms-tab-context&quot;\"><\/div><\/div>\n<\/div>\n\t\t\t\t<\/div>\n\t\t\t\t<div  class=\"ms-slide\" data-delay=\"3\" data-fill-mode=\"fill\"  >\n\t\t\t\t\t<img decoding=\"async\" src=\"https:\/\/www.2x3.pl\/wp-content\/plugins\/master-slider\/public\/assets\/css\/blank.gif\" alt=\"tablica tryptyk ukf\" title=\"\" data-src=\"https:\/\/www.2x3.pl\/wp-content\/uploads\/2016\/10\/TRK_UKF_det2.jpg\" \/>\n\n\n\t<img decoding=\"async\" class=\"ms-thumb\" src=\"https:\/\/www.2x3.pl\/wp-content\/uploads\/2016\/10\/TRK_UKF_det2-100x80.jpg\" alt=\"tablica tryptyk ukf\" \/>\n\t<div class=\"ms-thumb\" ><div class=\"ms-tab-context\"><div class=\"&quot;ms-tab-context&quot;\"><\/div><\/div>\n<\/div>\n\t\t\t\t<\/div>\n\n\t\t\t<\/div>\n\t\t\t<!-- END MasterSlider Main -->\n\n\t\t\t \n\t\t<\/div>\n\t\t<!-- END MasterSlider -->\n\n\t\t<script>\n\t\t(function ( $ ) {\n\t\t\t\"use strict\";\n\n\t\t\t$(function () {\n\t\t\t\tvar masterslider_c73a = new MasterSlider();\n\n\t\t\t\t\/\/ slider controls\n\t\t\t\tmasterslider_c73a.control('arrows'     ,{ autohide:true, overVideo:true  });\t\t\t\tmasterslider_c73a.control('bullets'    ,{ autohide:true, overVideo:true, dir:'h', align:'bottom' , margin:10  });\n\n\t\t\t\tmasterslider_c73a.control('thumblist'  ,{ autohide:false, overVideo:true, dir:'h', speed:17, inset:false, arrows:false, hover:false, customClass:'', align:'bottom',type:'thumbs', margin:10, width:100, height:80, space:5, fillMode:'fill'  });\n\t\t\t\t\/\/ slider setup\n\t\t\t\tmasterslider_c73a.setup(\"MS69f03d4cac73a\", {\n\t\t\t\t\t\twidth           : 600,\n\t\t\t\t\t\theight          : 450,\n\t\t\t\t\t\tminHeight       : 0,\n\t\t\t\t\t\tspace           : 0,\n\t\t\t\t\t\tstart           : 1,\n\t\t\t\t\t\tgrabCursor      : true,\n\t\t\t\t\t\tswipe           : true,\n\t\t\t\t\t\tmouse           : true,\n\t\t\t\t\t\tlayout          : \"boxed\",\n\t\t\t\t\t\twheel           : false,\n\t\t\t\t\t\tautoplay        : false,\n\t\t\t\t\t\tinstantStartLayers:false,\n\t\t\t\t\t\tloop            : false,\n\t\t\t\t\t\tshuffle         : false,\n\t\t\t\t\t\tpreload         : 0,\n\t\t\t\t\t\theightLimit     : true,\n\t\t\t\t\t\tautoHeight      : false,\n\t\t\t\t\t\tsmoothHeight    : true,\n\t\t\t\t\t\tendPause        : false,\n\t\t\t\t\t\toverPause       : true,\n\t\t\t\t\t\tfillMode        : \"fill\",\n\t\t\t\t\t\tcenterControls  : true,\n\t\t\t\t\t\tstartOnAppear   : false,\n\t\t\t\t\t\tlayersMode      : \"center\",\n\t\t\t\t\t\thideLayers      : false,\n\t\t\t\t\t\tfullscreenMargin: 0,\n\t\t\t\t\t\tspeed           : 20,\n\t\t\t\t\t\tdir             : \"h\",\n\t\t\t\t\t\tparallaxMode    : 'swipe',\n\t\t\t\t\t\tview            : \"basic\"\n\t\t\t\t});\n\n\t\t\t\t\n\t\t\t\twindow.masterslider_instances = window.masterslider_instances || [];\n\t\t\t\twindow.masterslider_instances.push( masterslider_c73a );\n\t\t\t });\n\n\t\t})(jQuery);\n\t\t<\/script>\n\n\n<p class=\"product-purpose\">Po\u0142\u0105czenie <strong>trzycz\u0119\u015bciowej formy<\/strong> i klasycznej kolorystyki z nowoczesn\u0105 technologi\u0105. Odpowiednia dla szk\u00f3\u0142, uczelni, do sal konferencyjnych i szkoleniowych. Jej zalet\u0105 jest du\u017ca powierzchnia do nanoszenia notatek, mo\u017cliwo\u015b\u0107 zakrywania cz\u0119\u015bci informacji i od\u0142o\u017cenia przybor\u00f3w na odpowiedniej p\u00f3\u0142ce, a tym samym u\u0142atwienie prowadzenia lekcji, wyk\u0142adu czy szkolenia.<\/p>\n<p class=\"product-desc\"><strong>Wysokiej jako\u015bci<\/strong> tablica rozk\u0142adana kredowa zielona z powierzchni\u0105 lakierowan\u0105 lub ceramiczn\u0105 o w\u0142a\u015bciwo\u015bciach magnetycznych.<br \/>\nRama wykonana z profilu aluminiowego <strong>UKF<\/strong>, w kolorze srebrnym, wyko\u0144czona eleganckimi, popielatymi naro\u017cnikami.<\/p>\n<p class=\"product-desc\">\n<strong>W zestawie:<\/strong> elementy mocuj\u0105ce.<\/p>\n<p><img loading=\"lazy\" decoding=\"async\" class=\"aligncenter size-full wp-image-4360\" src=\"https:\/\/www.2x3.pl\/wp-content\/uploads\/2013\/05\/TRK_UKF.png\" alt=\"rys. techn. - wymiary\" width=\"600\" height=\"229\" srcset=\"https:\/\/www.2x3.pl\/wp-content\/uploads\/2013\/05\/TRK_UKF.png 600w, https:\/\/www.2x3.pl\/wp-content\/uploads\/2013\/05\/TRK_UKF-100x38.png 100w, https:\/\/www.2x3.pl\/wp-content\/uploads\/2013\/05\/TRK_UKF-256x97.png 256w\" sizes=\"auto, (max-width: 600px) 100vw, 600px\" \/>\n<table id=\"wp-table-reloaded-id-75-no-1\" class=\"wp-table-reloaded wp-table-reloaded-id-75\">\n<thead>\n\t<tr class=\"row-1 odd\">\n\t\t<th class=\"column-1\"><\/th><th class=\"column-2\">2x3 Art. <\/th><th class=\"column-3\">Wymiary \/ size<\/th><th class=\"column-4\">Komplet \/ pack<\/th><th class=\"column-5\">Waga \/ weight<\/th><th class=\"column-6\">Dostawa \/ delivery<\/th>\n\t<\/tr>\n<\/thead>\n<tbody class=\"row-hover\">\n\t<tr class=\"row-2 even\">\n\t\t<td class=\"column-1\">lakierowana \/ laquered<\/td><td class=\"column-2\">TRK1710SZ<\/td><td class=\"column-3\">340 \/ 170&nbsp;\u00d7&nbsp;100<\/td><td class=\"column-4\">1<\/td><td class=\"column-5\">34,4<\/td><td class=\"column-6\">2 dni \/ 2 days<\/td>\n\t<\/tr>\n\t<tr class=\"row-3 odd\">\n\t\t<td class=\"column-1\">ceramiczna \/ ceramic<\/td><td class=\"column-2\">TRK1710P3SZ<\/td><td class=\"column-3\">340 \/ 170&nbsp;\u00d7&nbsp;100<\/td><td class=\"column-4\">1<\/td><td class=\"column-5\">35<\/td><td class=\"column-6\">10 dni \/ 10 days<\/td>\n\t<\/tr>\n<\/tbody>\n<\/table>\n<\/p>\n<p class=\"warranty\"><strong>Gwarancja:<\/strong> Do\u017cywotnia na powierzchni\u0119 ceramiczn\u0105, 10 lat na powierzchni\u0119 lakierowan\u0105 oraz 2 lata na produkt.<\/p>\n<div class=\"product-card\"><a class=\"pdf-file-32\" href=\"https:\/\/www.2x3.pl\/pdf\/TRK_UKF_n.pdf\">Karta produktowa &#8211; TRK UKF N<\/a><\/div>\n<hr \/>\n<p><a id=\"suchoscieralne\" name=\"suchoscieralne\"><\/a><span class=\"product-code\">TRS UKF<\/span><\/p>\n<h2>Tablica rozk\u0142adana sucho\u015bcieralno-magnetyczna<\/h2>\n<p><img loading=\"lazy\" decoding=\"async\" class=\"alignnone size-large wp-image-8284\" src=\"https:\/\/www.2x3.pl\/wp-content\/uploads\/2013\/05\/TRS_UKF-1-1024x324.jpg\" alt=\"TRS_UKF\" width=\"640\" height=\"203\" srcset=\"https:\/\/www.2x3.pl\/wp-content\/uploads\/2013\/05\/TRS_UKF-1-1024x324.jpg 1024w, https:\/\/www.2x3.pl\/wp-content\/uploads\/2013\/05\/TRS_UKF-1-100x32.jpg 100w, https:\/\/www.2x3.pl\/wp-content\/uploads\/2013\/05\/TRS_UKF-1-256x81.jpg 256w, https:\/\/www.2x3.pl\/wp-content\/uploads\/2013\/05\/TRS_UKF-1-768x243.jpg 768w\" sizes=\"auto, (max-width: 640px) 100vw, 640px\" \/><\/p>\n<hr \/>\n\n\t\t<!-- MasterSlider -->\n\t\t<div id=\"P_MS69f03d4cacf80\" class=\"master-slider-parent msl ms-parent-id-70\" style=\"max-width:600px;\">\n\n\t\t\t\n\t\t\t<!-- MasterSlider Main -->\n\t\t\t<div id=\"MS69f03d4cacf80\" class=\"master-slider ms-skin-default\" >\n\t\t\t\t \t\t\t\t \n\t\t\t\t<div  class=\"ms-slide\" data-delay=\"3\" data-fill-mode=\"fill\"  >\n\t\t\t\t\t<img decoding=\"async\" src=\"https:\/\/www.2x3.pl\/wp-content\/plugins\/master-slider\/public\/assets\/css\/blank.gif\" alt=\"tablica tryptyk ukf\" title=\"\" data-src=\"https:\/\/www.2x3.pl\/wp-content\/uploads\/2016\/10\/TRS_UKF_det2.jpg\" \/>\n\n\n\t<img decoding=\"async\" class=\"ms-thumb\" src=\"https:\/\/www.2x3.pl\/wp-content\/uploads\/2016\/10\/TRS_UKF_det2-100x80.jpg\" alt=\"tablica tryptyk ukf\" \/>\n\t<div class=\"ms-thumb\" ><div class=\"ms-tab-context\"><div class=\"&quot;ms-tab-context&quot;\"><\/div><\/div>\n<\/div>\n\t\t\t\t<\/div>\n\t\t\t\t<div  class=\"ms-slide\" data-delay=\"3\" data-fill-mode=\"fill\"  >\n\t\t\t\t\t<img decoding=\"async\" src=\"https:\/\/www.2x3.pl\/wp-content\/plugins\/master-slider\/public\/assets\/css\/blank.gif\" alt=\"tablica tryptyk ukf\" title=\"\" data-src=\"https:\/\/www.2x3.pl\/wp-content\/uploads\/2016\/10\/TRS_UKF_det1.jpg\" \/>\n\n\n\t<img decoding=\"async\" class=\"ms-thumb\" src=\"https:\/\/www.2x3.pl\/wp-content\/uploads\/2016\/10\/TRS_UKF_det1-100x80.jpg\" alt=\"tablica tryptyk ukf\" \/>\n\t<div class=\"ms-thumb\" ><div class=\"ms-tab-context\"><div class=\"&quot;ms-tab-context&quot;\"><\/div><\/div>\n<\/div>\n\t\t\t\t<\/div>\n\t\t\t\t<div  class=\"ms-slide\" data-delay=\"3\" data-fill-mode=\"fill\"  >\n\t\t\t\t\t<img decoding=\"async\" src=\"https:\/\/www.2x3.pl\/wp-content\/plugins\/master-slider\/public\/assets\/css\/blank.gif\" alt=\"tablica tryptyk ukf\" title=\"\" data-src=\"https:\/\/www.2x3.pl\/wp-content\/uploads\/2016\/10\/TRS_UKF.jpg\" \/>\n\n\n\t<img decoding=\"async\" class=\"ms-thumb\" src=\"https:\/\/www.2x3.pl\/wp-content\/uploads\/2016\/10\/TRS_UKF-100x80.jpg\" alt=\"tablica tryptyk ukf\" \/>\n\t<div class=\"ms-thumb\" ><div class=\"ms-tab-context\"><div class=\"&quot;ms-tab-context&quot;\"><\/div><\/div>\n<\/div>\n\t\t\t\t<\/div>\n\n\t\t\t<\/div>\n\t\t\t<!-- END MasterSlider Main -->\n\n\t\t\t \n\t\t<\/div>\n\t\t<!-- END MasterSlider -->\n\n\t\t<script>\n\t\t(function ( $ ) {\n\t\t\t\"use strict\";\n\n\t\t\t$(function () {\n\t\t\t\tvar masterslider_cf80 = new MasterSlider();\n\n\t\t\t\t\/\/ slider controls\n\t\t\t\tmasterslider_cf80.control('arrows'     ,{ autohide:true, overVideo:true  });\t\t\t\tmasterslider_cf80.control('bullets'    ,{ autohide:true, overVideo:true, dir:'h', align:'bottom' , margin:10  });\n\n\t\t\t\tmasterslider_cf80.control('thumblist'  ,{ autohide:false, overVideo:true, dir:'h', speed:17, inset:false, arrows:false, hover:false, customClass:'', align:'bottom',type:'thumbs', margin:10, width:100, height:80, space:5, fillMode:'fill'  });\n\t\t\t\t\/\/ slider setup\n\t\t\t\tmasterslider_cf80.setup(\"MS69f03d4cacf80\", {\n\t\t\t\t\t\twidth           : 600,\n\t\t\t\t\t\theight          : 450,\n\t\t\t\t\t\tminHeight       : 0,\n\t\t\t\t\t\tspace           : 0,\n\t\t\t\t\t\tstart           : 1,\n\t\t\t\t\t\tgrabCursor      : true,\n\t\t\t\t\t\tswipe           : true,\n\t\t\t\t\t\tmouse           : true,\n\t\t\t\t\t\tlayout          : \"boxed\",\n\t\t\t\t\t\twheel           : false,\n\t\t\t\t\t\tautoplay        : false,\n\t\t\t\t\t\tinstantStartLayers:false,\n\t\t\t\t\t\tloop            : false,\n\t\t\t\t\t\tshuffle         : false,\n\t\t\t\t\t\tpreload         : 0,\n\t\t\t\t\t\theightLimit     : true,\n\t\t\t\t\t\tautoHeight      : false,\n\t\t\t\t\t\tsmoothHeight    : true,\n\t\t\t\t\t\tendPause        : false,\n\t\t\t\t\t\toverPause       : true,\n\t\t\t\t\t\tfillMode        : \"fill\",\n\t\t\t\t\t\tcenterControls  : true,\n\t\t\t\t\t\tstartOnAppear   : false,\n\t\t\t\t\t\tlayersMode      : \"center\",\n\t\t\t\t\t\thideLayers      : false,\n\t\t\t\t\t\tfullscreenMargin: 0,\n\t\t\t\t\t\tspeed           : 20,\n\t\t\t\t\t\tdir             : \"h\",\n\t\t\t\t\t\tparallaxMode    : 'swipe',\n\t\t\t\t\t\tview            : \"basic\"\n\t\t\t\t});\n\n\t\t\t\t\n\t\t\t\twindow.masterslider_instances = window.masterslider_instances || [];\n\t\t\t\twindow.masterslider_instances.push( masterslider_cf80 );\n\t\t\t });\n\n\t\t})(jQuery);\n\t\t<\/script>\n\n\n<p class=\"product-purpose\">Idealna dla szk\u00f3\u0142, uczelni, do sal konferencyjnych i szkoleniowych. Jej zalet\u0105 jest du\u017ca powierzchnia do nanoszenia notatek, mo\u017cliwo\u015b\u0107 zakrywania cz\u0119\u015bci informacji, umieszczenia bloku kartek na specjalnych uchwytach, a tym samym mo\u017cliwo\u015b\u0107 uatrakcyjnienia lekcji, wyk\u0142adu czy szkolenia. Klasyczna, sprawdzona od lat, trzycz\u0119\u015bciowa forma po\u0142\u0105czona z najnowsz\u0105 technologi\u0105, kt\u00f3ra umo\u017cliwia \u0142atwe, bezpy\u0142owe, szybkie pisanie i \u015bcieranie oraz pozwala usprawni\u0107 proces nauczania.<\/p>\n<p class=\"product-desc\"><strong>Wysokiej jako\u015bci<\/strong> tablica rozk\u0142adana sucho\u015bcieralna bia\u0142a z powierzchni\u0105 lakierowan\u0105 lub ceramiczn\u0105 o w\u0142a\u015bciwo\u015bciach magnetycznych.<\/p>\n<p>Rama wykonana z profilu aluminiowego <strong>UKF,<\/strong> w kolorze srebrnym, wyko\u0144czona eleganckimi, popielatymi naro\u017cnikami.<br \/>\n<strong>W zestawie:<\/strong> elementy mocuj\u0105ce<\/p>\n<p><img loading=\"lazy\" decoding=\"async\" class=\"aligncenter size-full wp-image-4360\" src=\"https:\/\/www.2x3.pl\/wp-content\/uploads\/2013\/05\/TRK_UKF.png\" alt=\"rys. techn. - wymiary\" width=\"600\" height=\"229\" srcset=\"https:\/\/www.2x3.pl\/wp-content\/uploads\/2013\/05\/TRK_UKF.png 600w, https:\/\/www.2x3.pl\/wp-content\/uploads\/2013\/05\/TRK_UKF-100x38.png 100w, https:\/\/www.2x3.pl\/wp-content\/uploads\/2013\/05\/TRK_UKF-256x97.png 256w\" sizes=\"auto, (max-width: 600px) 100vw, 600px\" \/>\n<table id=\"wp-table-reloaded-id-74-no-1\" class=\"wp-table-reloaded wp-table-reloaded-id-74\">\n<thead>\n\t<tr class=\"row-1 odd\">\n\t\t<th class=\"column-1\"><\/th><th class=\"column-2\">2x3 Art.<\/th><th class=\"column-3\">Wymiary \/ Size<\/th><th class=\"column-4\">Komplet \/ Pack<\/th><th class=\"column-5\">Waga \/ weight<\/th><th class=\"column-6\">Dostawa \/ delivery<\/th>\n\t<\/tr>\n<\/thead>\n<tbody class=\"row-hover\">\n\t<tr class=\"row-2 even\">\n\t\t<td class=\"column-1\">lakierowana \/ laquered<\/td><td class=\"column-2\">TRS1710SZ<\/td><td class=\"column-3\">340 \/ 170&nbsp;\u00d7&nbsp;100<\/td><td class=\"column-4\">1<\/td><td class=\"column-5\">34,4<\/td><td class=\"column-6\">2 dni \/ 2 days<\/td>\n\t<\/tr>\n\t<tr class=\"row-3 odd\">\n\t\t<td class=\"column-1\">ceramiczna \/ ceramic<\/td><td class=\"column-2\">TRS1710P3SZ<\/td><td class=\"column-3\">340 \/ 170&nbsp;\u00d7&nbsp;100<\/td><td class=\"column-4\">1<\/td><td class=\"column-5\">35<\/td><td class=\"column-6\">10 dni \/ 10 days<\/td>\n\t<\/tr>\n<\/tbody>\n<\/table>\n<\/p>\n<p class=\"warranty\"><strong>Gwarancja:<\/strong> Do\u017cywotnia na powierzchni\u0119 ceramiczn\u0105, 10 lat na powierzchni\u0119 lakierowan\u0105 oraz 2 lata na produkt.<\/p>\n<div class=\"product-card\"><a class=\"pdf-file-32\" href=\"https:\/\/www.2x3.pl\/pdf\/TRS_UKF_n.pdf\">Karta produktowa &#8211; TRS UKF N<\/a><\/div>\n<p><\/p>\n","protected":false},"excerpt":{"rendered":"","protected":false},"author":18,"featured_media":4368,"parent":37,"menu_order":0,"comment_status":"closed","ping_status":"closed","template":"","meta":{"ngg_post_thumbnail":0,"footnotes":""},"class_list":["post-196","page","type-page","status-publish","has-post-thumbnail","hentry"],"_links":{"self":[{"href":"https:\/\/www.2x3.pl\/pl\/wp-json\/wp\/v2\/pages\/196","targetHints":{"allow":["GET"]}}],"collection":[{"href":"https:\/\/www.2x3.pl\/pl\/wp-json\/wp\/v2\/pages"}],"about":[{"href":"https:\/\/www.2x3.pl\/pl\/wp-json\/wp\/v2\/types\/page"}],"author":[{"embeddable":true,"href":"https:\/\/www.2x3.pl\/pl\/wp-json\/wp\/v2\/users\/18"}],"replies":[{"embeddable":true,"href":"https:\/\/www.2x3.pl\/pl\/wp-json\/wp\/v2\/comments?post=196"}],"version-history":[{"count":2,"href":"https:\/\/www.2x3.pl\/pl\/wp-json\/wp\/v2\/pages\/196\/revisions"}],"predecessor-version":[{"id":15112,"href":"https:\/\/www.2x3.pl\/pl\/wp-json\/wp\/v2\/pages\/196\/revisions\/15112"}],"up":[{"embeddable":true,"href":"https:\/\/www.2x3.pl\/pl\/wp-json\/wp\/v2\/pages\/37"}],"wp:featuredmedia":[{"embeddable":true,"href":"https:\/\/www.2x3.pl\/pl\/wp-json\/wp\/v2\/media\/4368"}],"wp:attachment":[{"href":"https:\/\/www.2x3.pl\/pl\/wp-json\/wp\/v2\/media?parent=196"}],"curies":[{"name":"wp","href":"https:\/\/api.w.org\/{rel}","templated":true}]}}