{"id":200,"date":"2013-10-15T13:30:26","date_gmt":"2013-10-15T11:30:26","guid":{"rendered":"http:\/\/www.2x3.pl\/?page_id=200"},"modified":"2024-11-28T15:58:32","modified_gmt":"2024-11-28T14:58:32","slug":"tablice-suchoscieralne","status":"publish","type":"page","link":"https:\/\/www.2x3.pl\/pl\/tablice-szkolne\/tablice-suchoscieralne\/","title":{"rendered":"Tablice sucho\u015bcieralne"},"content":{"rendered":"<p>Tablice na\u015bcienne do pisania markerami sucho\u015bcieralnymi \u2014 Przydatne w szkole, w przedszkolu, na \u015bwietlicy i wsz\u0119dzie tam, gdzie istnieje potrzeba szybkiej zmiany informacji czy notatki. Prosta, acz elegancka forma, po\u0142\u0105czona z wyj\u0105tkow\u0105 trwa\u0142o\u015bci\u0105 (szczeg\u00f3lnie w przypadku <a title=\"TSF SZ\" href=\"https:\/\/www.2x3.pl\/produkty\/tablice-szkolne\/tablice-suchoscieralne\/#ceramiczne\">powierzchni ceramicznej<\/a>). U\u017cywane z rekomendowanymi przez nas <a title=\"Akcesoria\" href=\"https:\/\/www.2x3.pl\/produkty\/office\/akcesoria\/#markery-suchoscieralne\">markerami<\/a> (i innymi akcesoriami do tablic sucho\u015bcieralnych) stanowi\u0105 nieprzecenione usprawnienie w prowadzeniu zaj\u0119\u0107 szkolnych, szczeg\u00f3lnie w sporz\u0105dzaniu bie\u017c\u0105cych zapisk\u00f3w i przekazywaniu informacji.<\/p>\n<p><a id=\"ceramiczne\" name=\"ceramiczne\"><\/a><span class=\"product-code\">TSF SZ<\/span><\/p>\n<h2>Tablica sucho\u015bcieralno-magnetyczna<\/h2>\n<p><img loading=\"lazy\" decoding=\"async\" class=\"aligncenter size-full wp-image-1249\" title=\"TSF\" src=\"https:\/\/www.2x3.pl\/wp-content\/uploads\/2011\/05\/TSF.jpg\" alt=\"Tablica na\u015bcienna sucho\u015bcieralno-magnetyczna ceramiczna\" width=\"600\" height=\"363\" srcset=\"https:\/\/www.2x3.pl\/wp-content\/uploads\/2011\/05\/TSF.jpg 600w, https:\/\/www.2x3.pl\/wp-content\/uploads\/2011\/05\/TSF-150x90.jpg 150w, https:\/\/www.2x3.pl\/wp-content\/uploads\/2011\/05\/TSF-300x181.jpg 300w\" sizes=\"auto, (max-width: 600px) 100vw, 600px\" \/><\/p>\n<hr \/>\n\n\t\t<!-- MasterSlider -->\n\t\t<div id=\"P_MS69f03d7b79060\" class=\"master-slider-parent msl ms-parent-id-66\" style=\"max-width:600px;\">\n\n\t\t\t\n\t\t\t<!-- MasterSlider Main -->\n\t\t\t<div id=\"MS69f03d7b79060\" class=\"master-slider ms-skin-default\" >\n\t\t\t\t \t\t\t\t \n\t\t\t\t<div  class=\"ms-slide\" data-delay=\"3\" data-fill-mode=\"fill\"  >\n\t\t\t\t\t<img decoding=\"async\" src=\"https:\/\/www.2x3.pl\/wp-content\/plugins\/master-slider\/public\/assets\/css\/blank.gif\" alt=\"tablica szkolna tsf\" title=\"\" data-src=\"https:\/\/www.2x3.pl\/wp-content\/uploads\/2016\/10\/tsf_det1.jpg\" \/>\n\n\n\t<img decoding=\"async\" class=\"ms-thumb\" src=\"https:\/\/www.2x3.pl\/wp-content\/uploads\/2016\/10\/tsf_det1-100x80.jpg\" alt=\"tablica szkolna tsf\" \/>\n\t<div class=\"ms-thumb\" ><div class=\"ms-tab-context\"><div class=\"&quot;ms-tab-context&quot;\"><\/div><\/div>\n<\/div>\n\t\t\t\t<\/div>\n\t\t\t\t<div  class=\"ms-slide\" data-delay=\"3\" data-fill-mode=\"fill\"  >\n\t\t\t\t\t<img decoding=\"async\" src=\"https:\/\/www.2x3.pl\/wp-content\/plugins\/master-slider\/public\/assets\/css\/blank.gif\" alt=\"tablica szkolna tsf\" title=\"\" data-src=\"https:\/\/www.2x3.pl\/wp-content\/uploads\/2016\/10\/tsf_det2.jpg\" \/>\n\n\n\t<img decoding=\"async\" class=\"ms-thumb\" src=\"https:\/\/www.2x3.pl\/wp-content\/uploads\/2016\/10\/tsf_det2-100x80.jpg\" alt=\"tablica szkolna tsf\" \/>\n\t<div class=\"ms-thumb\" ><div class=\"ms-tab-context\"><div class=\"&quot;ms-tab-context&quot;\"><\/div><\/div>\n<\/div>\n\t\t\t\t<\/div>\n\t\t\t\t<div  class=\"ms-slide\" data-delay=\"3\" data-fill-mode=\"fill\"  >\n\t\t\t\t\t<img decoding=\"async\" src=\"https:\/\/www.2x3.pl\/wp-content\/plugins\/master-slider\/public\/assets\/css\/blank.gif\" alt=\"tablica szkolna tsf\" title=\"\" data-src=\"https:\/\/www.2x3.pl\/wp-content\/uploads\/2016\/10\/tsf_det3.jpg\" \/>\n\n\n\t<img decoding=\"async\" class=\"ms-thumb\" src=\"https:\/\/www.2x3.pl\/wp-content\/uploads\/2016\/10\/tsf_det3-100x80.jpg\" alt=\"tablica szkolna tsf\" \/>\n\t<div class=\"ms-thumb\" ><div class=\"ms-tab-context\"><div class=\"&quot;ms-tab-context&quot;\"><\/div><\/div>\n<\/div>\n\t\t\t\t<\/div>\n\t\t\t\t<div  class=\"ms-slide\" data-delay=\"3\" data-fill-mode=\"fill\"  >\n\t\t\t\t\t<img decoding=\"async\" src=\"https:\/\/www.2x3.pl\/wp-content\/plugins\/master-slider\/public\/assets\/css\/blank.gif\" alt=\"tablica szkolna tsf\" title=\"\" data-src=\"https:\/\/www.2x3.pl\/wp-content\/uploads\/2016\/10\/tsf_det4.jpg\" \/>\n\n\n\t<img decoding=\"async\" class=\"ms-thumb\" src=\"https:\/\/www.2x3.pl\/wp-content\/uploads\/2016\/10\/tsf_det4-100x80.jpg\" alt=\"tablica szkolna tsf\" \/>\n\t<div class=\"ms-thumb\" ><div class=\"ms-tab-context\"><div class=\"&quot;ms-tab-context&quot;\"><\/div><\/div>\n<\/div>\n\t\t\t\t<\/div>\n\n\t\t\t<\/div>\n\t\t\t<!-- END MasterSlider Main -->\n\n\t\t\t \n\t\t<\/div>\n\t\t<!-- END MasterSlider -->\n\n\t\t<script>\n\t\t(function ( $ ) {\n\t\t\t\"use strict\";\n\n\t\t\t$(function () {\n\t\t\t\tvar masterslider_9060 = new MasterSlider();\n\n\t\t\t\t\/\/ slider controls\n\t\t\t\tmasterslider_9060.control('arrows'     ,{ autohide:true, overVideo:true  });\n\t\t\t\tmasterslider_9060.control('thumblist'  ,{ autohide:false, overVideo:true, dir:'h', speed:17, inset:false, arrows:false, hover:false, customClass:'', align:'bottom',type:'thumbs', margin:10, width:100, height:80, space:5, fillMode:'fill'  });\n\t\t\t\tmasterslider_9060.control('timebar'    ,{ autohide:false, overVideo:true, align:'bottom', color:'#FFFFFF'  , width:4 });\n\t\t\t\t\/\/ slider setup\n\t\t\t\tmasterslider_9060.setup(\"MS69f03d7b79060\", {\n\t\t\t\t\t\twidth           : 600,\n\t\t\t\t\t\theight          : 450,\n\t\t\t\t\t\tminHeight       : 0,\n\t\t\t\t\t\tspace           : 0,\n\t\t\t\t\t\tstart           : 1,\n\t\t\t\t\t\tgrabCursor      : true,\n\t\t\t\t\t\tswipe           : true,\n\t\t\t\t\t\tmouse           : true,\n\t\t\t\t\t\tlayout          : \"boxed\",\n\t\t\t\t\t\twheel           : false,\n\t\t\t\t\t\tautoplay        : false,\n\t\t\t\t\t\tinstantStartLayers:false,\n\t\t\t\t\t\tloop            : false,\n\t\t\t\t\t\tshuffle         : false,\n\t\t\t\t\t\tpreload         : 0,\n\t\t\t\t\t\theightLimit     : true,\n\t\t\t\t\t\tautoHeight      : false,\n\t\t\t\t\t\tsmoothHeight    : true,\n\t\t\t\t\t\tendPause        : false,\n\t\t\t\t\t\toverPause       : true,\n\t\t\t\t\t\tfillMode        : \"fill\",\n\t\t\t\t\t\tcenterControls  : true,\n\t\t\t\t\t\tstartOnAppear   : false,\n\t\t\t\t\t\tlayersMode      : \"center\",\n\t\t\t\t\t\thideLayers      : false,\n\t\t\t\t\t\tfullscreenMargin: 0,\n\t\t\t\t\t\tspeed           : 20,\n\t\t\t\t\t\tdir             : \"h\",\n\t\t\t\t\t\tparallaxMode    : 'swipe',\n\t\t\t\t\t\tview            : \"basic\"\n\t\t\t\t});\n\n\t\t\t\t\n\t\t\t\twindow.masterslider_instances = window.masterslider_instances || [];\n\t\t\t\twindow.masterslider_instances.push( masterslider_9060 );\n\t\t\t });\n\n\t\t})(jQuery);\n\t\t<\/script>\n\n\n<p class=\"product-desc\">Tablica bia\u0142a sucho\u015bcieralna o powierzchni magnetycznej ceramicznej. Elegancka rama wykonana z profilu aluminiowego w kolorze srebrnym, wyko\u0144czona eleganckimi, popielatymi naro\u017cnikami.<\/p>\n<p> Dodatkowo produkt posiada wygodn\u0105 p\u00f3\u0142k\u0119 o d\u0142ugo\u015bci <strong>30 cm<\/strong>, kt\u00f3ra zmie\u015bci wszelkiego rodzaju przybory niezb\u0119dne podczas prezentacji.<\/p>\n<p>Wyj\u0105tkowo \u0142atwa i szybka w monta\u017cu. Istnieje mo\u017cliwo\u015b\u0107 zawieszenia tablicy zar\u00f3wno w pionie, jak i w poziomie.<\/p>\n<p><strong>W zestawie<\/strong>: elementy mocuj\u0105ce<\/p>\n<p><img loading=\"lazy\" decoding=\"async\" class=\"aligncenter size-full wp-image-1251\" src=\"https:\/\/www.2x3.pl\/wp-content\/uploads\/2011\/05\/SF.png\" alt=\"rys. tech. - wymiary\" width=\"600\" height=\"190\" srcset=\"https:\/\/www.2x3.pl\/wp-content\/uploads\/2011\/05\/SF.png 600w, https:\/\/www.2x3.pl\/wp-content\/uploads\/2011\/05\/SF-150x47.png 150w, https:\/\/www.2x3.pl\/wp-content\/uploads\/2011\/05\/SF-300x95.png 300w\" sizes=\"auto, (max-width: 600px) 100vw, 600px\" \/>\n<table id=\"wp-table-reloaded-id-78-no-1\" class=\"wp-table-reloaded wp-table-reloaded-id-78\">\n<thead>\n\t<tr class=\"row-1 odd\">\n\t\t<th class=\"column-1\"><\/th><th class=\"column-2\">[2x3 Art. <\/th><th class=\"column-3\">Wymiary  \/ Size<\/th><th class=\"column-4\">Komplet \/ pack<\/th><th class=\"column-5\">waga \/ weight<\/th><th class=\"column-6\">Dostawa \/ delivery<\/th>\n\t<\/tr>\n<\/thead>\n<tbody class=\"row-hover\">\n\t<tr class=\"row-2 even\">\n\t\t<td class=\"column-1\">ceramiczna \/ ceramic<\/td><td class=\"column-2\">TSF8510P3SZ<\/td><td class=\"column-3\">100&nbsp;\u00d7&nbsp;85<\/td><td class=\"column-4\">1<\/td><td class=\"column-5\">8,1<\/td><td class=\"column-6\">2 dni \/ 2 days<\/td>\n\t<\/tr>\n\t<tr class=\"row-3 odd\">\n\t\t<td class=\"column-1\">ceramiczna \/ ceramic<\/td><td class=\"column-2\">TSF1710P3SZ<\/td><td class=\"column-3\">170&nbsp;\u00d7&nbsp;100<\/td><td class=\"column-4\">1<\/td><td class=\"column-5\">16,5<\/td><td class=\"column-6\">2 dni \/ 2 days<\/td>\n\t<\/tr>\n<\/tbody>\n<\/table>\n<\/p>\n<p class=\"warranty\"><strong>Gwarancja:<\/strong> 2 lata na produkt, <strong>do\u017cywotnia gwarancja na powierzchni\u0119 ceramiczn\u0105<\/strong>.<\/p>\n<div class=\"product-card\"><a class=\"pdf-file-32\" href=\"https:\/\/www.2x3.pl\/pdf\/TSF.pdf\">Karta produktowa \u2013 TSF<\/a><\/div>\n<p>Pe\u0142n\u0105 satysfakcj\u0119 z produktu uzyskasz u\u017cywaj\u0105c tylko oryginalnych akcesori\u00f3w do tablic firmy 2&#215;3.<\/p>\n<hr \/>\n<p><a id=\"lakierowane\" name=\"lakierowane\"><\/a><span class=\"product-code\">TSU<\/span><\/p>\n<h2>Tablica sucho\u015bcieralno-magnetyczna w ramie UKF<\/h2>\n<p><img loading=\"lazy\" decoding=\"async\" class=\"alignnone size-full wp-image-4356\" src=\"https:\/\/www.2x3.pl\/wp-content\/uploads\/2013\/05\/ukf_sucho-magnet_170x100cm.jpg\" alt=\"Tablica szkolna sucho\u015b\u009ccieralno-magnetyczna - w ramie aluminiowej UKF\" width=\"600\" height=\"360\" srcset=\"https:\/\/www.2x3.pl\/wp-content\/uploads\/2013\/05\/ukf_sucho-magnet_170x100cm.jpg 1217w, https:\/\/www.2x3.pl\/wp-content\/uploads\/2013\/05\/ukf_sucho-magnet_170x100cm-100x59.jpg 100w, https:\/\/www.2x3.pl\/wp-content\/uploads\/2013\/05\/ukf_sucho-magnet_170x100cm-256x153.jpg 256w, https:\/\/www.2x3.pl\/wp-content\/uploads\/2013\/05\/ukf_sucho-magnet_170x100cm-1024x614.jpg 1024w\" sizes=\"auto, (max-width: 600px) 100vw, 600px\" \/><\/p>\n<hr \/>\n\n\t\t<!-- MasterSlider -->\n\t\t<div id=\"P_MS69f03d7b79c06\" class=\"master-slider-parent msl ms-parent-id-67\" style=\"max-width:600px;\">\n\n\t\t\t\n\t\t\t<!-- MasterSlider Main -->\n\t\t\t<div id=\"MS69f03d7b79c06\" class=\"master-slider ms-skin-default\" >\n\t\t\t\t \t\t\t\t \n\t\t\t\t<div  class=\"ms-slide\" data-delay=\"3\" data-fill-mode=\"fill\"  >\n\t\t\t\t\t<img decoding=\"async\" src=\"https:\/\/www.2x3.pl\/wp-content\/plugins\/master-slider\/public\/assets\/css\/blank.gif\" alt=\"Tablica szkolna w ramie aluminiowej UKF - spos\u00f3b monta\u017cu\" title=\"\" data-src=\"https:\/\/www.2x3.pl\/wp-content\/uploads\/2016\/10\/tablica_ukf_det1.jpg\" \/>\n\n\n\t<img decoding=\"async\" class=\"ms-thumb\" src=\"https:\/\/www.2x3.pl\/wp-content\/uploads\/2016\/10\/tablica_ukf_det1-100x80.jpg\" alt=\"Tablica szkolna w ramie aluminiowej UKF - spos\u00f3b monta\u017cu\" \/>\n\t<div class=\"ms-thumb\" ><div class=\"ms-tab-context\"><div class=\"&quot;ms-tab-context&quot;\"><\/div><\/div>\n<\/div>\n\t\t\t\t<\/div>\n\t\t\t\t<div  class=\"ms-slide\" data-delay=\"3\" data-fill-mode=\"fill\"  >\n\t\t\t\t\t<img decoding=\"async\" src=\"https:\/\/www.2x3.pl\/wp-content\/plugins\/master-slider\/public\/assets\/css\/blank.gif\" alt=\"Tablica szkolna w ramie aluminiowej UKF - spos\u00f3b monta\u017cu\" title=\"\" data-src=\"https:\/\/www.2x3.pl\/wp-content\/uploads\/2016\/10\/tablica_ukf_det2.jpg\" \/>\n\n\n\t<img decoding=\"async\" class=\"ms-thumb\" src=\"https:\/\/www.2x3.pl\/wp-content\/uploads\/2016\/10\/tablica_ukf_det2-100x80.jpg\" alt=\"Tablica szkolna w ramie aluminiowej UKF - spos\u00f3b monta\u017cu\" \/>\n\t<div class=\"ms-thumb\" ><div class=\"ms-tab-context\"><div class=\"&quot;ms-tab-context&quot;\"><\/div><\/div>\n<\/div>\n\t\t\t\t<\/div>\n\t\t\t\t<div  class=\"ms-slide\" data-delay=\"3\" data-fill-mode=\"fill\"  >\n\t\t\t\t\t<img decoding=\"async\" src=\"https:\/\/www.2x3.pl\/wp-content\/plugins\/master-slider\/public\/assets\/css\/blank.gif\" alt=\"Tablica szkolna w ramie aluminiowej UKF - spos\u00f3b monta\u017cu\" title=\"\" data-src=\"https:\/\/www.2x3.pl\/wp-content\/uploads\/2016\/10\/tablica_ukf_det4.jpg\" \/>\n\n\n\t<img decoding=\"async\" class=\"ms-thumb\" src=\"https:\/\/www.2x3.pl\/wp-content\/uploads\/2016\/10\/tablica_ukf_det4-100x80.jpg\" alt=\"Tablica szkolna w ramie aluminiowej UKF - spos\u00f3b monta\u017cu\" \/>\n\t<div class=\"ms-thumb\" ><div class=\"ms-tab-context\"><div class=\"&quot;ms-tab-context&quot;\"><\/div><\/div>\n<\/div>\n\t\t\t\t<\/div>\n\t\t\t\t<div  class=\"ms-slide\" data-delay=\"3\" data-fill-mode=\"fill\"  >\n\t\t\t\t\t<img decoding=\"async\" src=\"https:\/\/www.2x3.pl\/wp-content\/plugins\/master-slider\/public\/assets\/css\/blank.gif\" alt=\"Tablica szkolna w ramie aluminiowej UKF - spos\u00f3b monta\u017cu\" title=\"\" data-src=\"https:\/\/www.2x3.pl\/wp-content\/uploads\/2016\/10\/tablica_ukf_det6.jpg\" \/>\n\n\n\t<img decoding=\"async\" class=\"ms-thumb\" src=\"https:\/\/www.2x3.pl\/wp-content\/uploads\/2016\/10\/tablica_ukf_det6-100x80.jpg\" alt=\"Tablica szkolna w ramie aluminiowej UKF - spos\u00f3b monta\u017cu\" \/>\n\t<div class=\"ms-thumb\" ><div class=\"ms-tab-context\"><div class=\"&quot;ms-tab-context&quot;\"><\/div><\/div>\n<\/div>\n\t\t\t\t<\/div>\n\n\t\t\t<\/div>\n\t\t\t<!-- END MasterSlider Main -->\n\n\t\t\t \n\t\t<\/div>\n\t\t<!-- END MasterSlider -->\n\n\t\t<script>\n\t\t(function ( $ ) {\n\t\t\t\"use strict\";\n\n\t\t\t$(function () {\n\t\t\t\tvar masterslider_9c06 = new MasterSlider();\n\n\t\t\t\t\/\/ slider controls\n\t\t\t\tmasterslider_9c06.control('arrows'     ,{ autohide:true, overVideo:true  });\t\t\t\tmasterslider_9c06.control('bullets'    ,{ autohide:true, overVideo:true, dir:'h', align:'bottom' , margin:10  });\n\n\t\t\t\tmasterslider_9c06.control('thumblist'  ,{ autohide:false, overVideo:true, dir:'h', speed:17, inset:false, arrows:false, hover:false, customClass:'', align:'bottom',type:'thumbs', margin:10, width:100, height:80, space:5, fillMode:'fill'  });\n\t\t\t\t\/\/ slider setup\n\t\t\t\tmasterslider_9c06.setup(\"MS69f03d7b79c06\", {\n\t\t\t\t\t\twidth           : 600,\n\t\t\t\t\t\theight          : 450,\n\t\t\t\t\t\tminHeight       : 0,\n\t\t\t\t\t\tspace           : 0,\n\t\t\t\t\t\tstart           : 1,\n\t\t\t\t\t\tgrabCursor      : true,\n\t\t\t\t\t\tswipe           : true,\n\t\t\t\t\t\tmouse           : true,\n\t\t\t\t\t\tlayout          : \"boxed\",\n\t\t\t\t\t\twheel           : false,\n\t\t\t\t\t\tautoplay        : false,\n\t\t\t\t\t\tinstantStartLayers:false,\n\t\t\t\t\t\tloop            : false,\n\t\t\t\t\t\tshuffle         : false,\n\t\t\t\t\t\tpreload         : 0,\n\t\t\t\t\t\theightLimit     : true,\n\t\t\t\t\t\tautoHeight      : false,\n\t\t\t\t\t\tsmoothHeight    : true,\n\t\t\t\t\t\tendPause        : false,\n\t\t\t\t\t\toverPause       : true,\n\t\t\t\t\t\tfillMode        : \"fill\",\n\t\t\t\t\t\tcenterControls  : true,\n\t\t\t\t\t\tstartOnAppear   : false,\n\t\t\t\t\t\tlayersMode      : \"center\",\n\t\t\t\t\t\thideLayers      : false,\n\t\t\t\t\t\tfullscreenMargin: 0,\n\t\t\t\t\t\tspeed           : 20,\n\t\t\t\t\t\tdir             : \"h\",\n\t\t\t\t\t\tparallaxMode    : 'swipe',\n\t\t\t\t\t\tview            : \"basic\"\n\t\t\t\t});\n\n\t\t\t\t\n\t\t\t\twindow.masterslider_instances = window.masterslider_instances || [];\n\t\t\t\twindow.masterslider_instances.push( masterslider_9c06 );\n\t\t\t });\n\n\t\t})(jQuery);\n\t\t<\/script>\n\n\n<p class=\"product-desc\">Tablica bia\u0142a sucho\u015bcieralna o powierzchni magnetycznej lakierowanej. Rama aluminiowa z profilu <strong>UKF<\/strong>. <\/p>\n<p><strong>W zestawie<\/strong>: p\u00f3\u0142ka (<strong>d\u0142. 30 cm<\/strong>), elementy mocuj\u0105ce<\/p>\n<p><img loading=\"lazy\" decoding=\"async\" class=\"aligncenter size-full wp-image-4357\" src=\"https:\/\/www.2x3.pl\/wp-content\/uploads\/2013\/05\/TSU.png\" alt=\"TSU\" width=\"600\" height=\"190\" srcset=\"https:\/\/www.2x3.pl\/wp-content\/uploads\/2013\/05\/TSU.png 600w, https:\/\/www.2x3.pl\/wp-content\/uploads\/2013\/05\/TSU-100x31.png 100w, https:\/\/www.2x3.pl\/wp-content\/uploads\/2013\/05\/TSU-256x81.png 256w\" sizes=\"auto, (max-width: 600px) 100vw, 600px\" \/>\n<table id=\"wp-table-reloaded-id-79-no-1\" class=\"wp-table-reloaded wp-table-reloaded-id-79\">\n<thead>\n\t<tr class=\"row-1 odd\">\n\t\t<th class=\"column-1\"><\/th><th class=\"column-2\">2x3 Art. <\/th><th class=\"column-3\">Wymiary \/ Size<\/th><th class=\"column-4\">Komplet \/ Pack<\/th><th class=\"column-5\">Waga \/ Weight<\/th><th class=\"column-6\">Dostawa \/ delivery<\/th>\n\t<\/tr>\n<\/thead>\n<tbody class=\"row-hover\">\n\t<tr class=\"row-2 even\">\n\t\t<td class=\"column-1\">lakierowana \/ laquered<\/td><td class=\"column-2\">TSU8510<\/td><td class=\"column-3\">100&nbsp;\u00d7&nbsp;85<\/td><td class=\"column-4\">1<\/td><td class=\"column-5\">8,1<\/td><td class=\"column-6\">2 dni \/ 2 days<\/td>\n\t<\/tr>\n\t<tr class=\"row-3 odd\">\n\t\t<td class=\"column-1\">lakierowana \/ laquered<\/td><td class=\"column-2\">TSU1710<\/td><td class=\"column-3\">170&nbsp;\u00d7&nbsp;100<\/td><td class=\"column-4\">1<\/td><td class=\"column-5\">16<\/td><td class=\"column-6\">2 dni \/ 2 days<\/td>\n\t<\/tr>\n<\/tbody>\n<\/table>\n<\/p>\n<p class=\"warranty\"><strong>Gwarancja:<\/strong> 2 lata na produkt, <strong>10 lat na powierzchni\u0119 lakierowan\u0105<\/strong>.<\/p>\n<div class=\"product-card\"><a class=\"pdf-file-32\" href=\"https:\/\/www.2x3.pl\/pdf\/TSU.pdf\">Karta produktowa &#8211; TSU<\/a><\/div>\n<p>Pe\u0142n\u0105 satysfakcj\u0119 z produktu uzyskasz u\u017cywaj\u0105c tylko oryginalnych akcesori\u00f3w do tablic firmy 2&#215;3.<\/p>\n<hr \/>\n<p>Sprawd\u017a te\u017c:<\/p>\n<ul>\n<li><a title=\"w ramie MDF oraz officeBoard (aluminiowej)\" href=\"https:\/\/www.2x3.pl\/produkty\/office\/tablice-suchoscieralne\/\">Tablice sucho\u015bcieralne linii Office<\/a><\/li>\n<\/ul>\n<p><\/p>\n","protected":false},"excerpt":{"rendered":"","protected":false},"author":18,"featured_media":0,"parent":37,"menu_order":0,"comment_status":"closed","ping_status":"closed","template":"","meta":{"ngg_post_thumbnail":0,"footnotes":""},"class_list":["post-200","page","type-page","status-publish","hentry"],"_links":{"self":[{"href":"https:\/\/www.2x3.pl\/pl\/wp-json\/wp\/v2\/pages\/200","targetHints":{"allow":["GET"]}}],"collection":[{"href":"https:\/\/www.2x3.pl\/pl\/wp-json\/wp\/v2\/pages"}],"about":[{"href":"https:\/\/www.2x3.pl\/pl\/wp-json\/wp\/v2\/types\/page"}],"author":[{"embeddable":true,"href":"https:\/\/www.2x3.pl\/pl\/wp-json\/wp\/v2\/users\/18"}],"replies":[{"embeddable":true,"href":"https:\/\/www.2x3.pl\/pl\/wp-json\/wp\/v2\/comments?post=200"}],"version-history":[{"count":1,"href":"https:\/\/www.2x3.pl\/pl\/wp-json\/wp\/v2\/pages\/200\/revisions"}],"predecessor-version":[{"id":15107,"href":"https:\/\/www.2x3.pl\/pl\/wp-json\/wp\/v2\/pages\/200\/revisions\/15107"}],"up":[{"embeddable":true,"href":"https:\/\/www.2x3.pl\/pl\/wp-json\/wp\/v2\/pages\/37"}],"wp:attachment":[{"href":"https:\/\/www.2x3.pl\/pl\/wp-json\/wp\/v2\/media?parent=200"}],"curies":[{"name":"wp","href":"https:\/\/api.w.org\/{rel}","templated":true}]}}