{"id":202,"date":"2013-10-15T11:31:10","date_gmt":"2013-10-15T09:31:10","guid":{"rendered":"http:\/\/www.2x3.pl\/?page_id=202"},"modified":"2024-11-28T15:56:54","modified_gmt":"2024-11-28T14:56:54","slug":"tablice-kredowe","status":"publish","type":"page","link":"https:\/\/www.2x3.pl\/pl\/tablice-szkolne\/tablice-kredowe\/","title":{"rendered":"Tablice kredowe"},"content":{"rendered":"\n<p class=\"product-purpose\"><a title=\"tablice do pisania kred\u0105\" href=\"https:\/\/www.2x3.pl\/wp-content\/gallery\/szkolne-tablice-w-systemie-kolumnowym\/tka_det5.jpg\"><img decoding=\"async\" class=\"ngg-singlepic ngg-left\" src=\"https:\/\/www.2x3.pl\/wp-content\/gallery\/szkolne-tablice-w-systemie-kolumnowym\/thumbs\/thumbs_tka_det5.jpg\" alt=\"tablica kredowa\" \/><\/a><strong>Tablice szkolne do pisania kred\u0105<\/strong>, w klasycznym ciemnozielonym kolorze. Wykonane z materia\u0142\u00f3w o wysokiej odporno\u015bci na zu\u017cycie. Trwa\u0142e, u\u017cyteczne i wygodne.<br \/>\nPowierzchnia magnetyczna i wygodna p\u00f3\u0142ka na przybory podnosz\u0105 komfort u\u017cytkowania i pomagaj\u0105 si\u0119 skupi\u0107 na procesie lekcyjnym.<\/p>\n<div class=\"clear\"><\/div>\n<p><a id=\"ceramiczne\" name=\"ceramiczne\"><\/a><span class=\"product-code\">TKF<\/span><\/p>\n<h2>Tablica kredowa magnetyczna<\/h2>\n<p><img loading=\"lazy\" decoding=\"async\" class=\"aligncenter size-full wp-image-1271\" title=\"TKF\" src=\"https:\/\/www.2x3.pl\/wp-content\/uploads\/2011\/05\/TKF.jpg\" alt=\"Tablica kredowa magnetyczna ceramiczna na\u015bcienna\" width=\"600\" height=\"397\" srcset=\"https:\/\/www.2x3.pl\/wp-content\/uploads\/2011\/05\/TKF.jpg 600w, https:\/\/www.2x3.pl\/wp-content\/uploads\/2011\/05\/TKF-150x99.jpg 150w, https:\/\/www.2x3.pl\/wp-content\/uploads\/2011\/05\/TKF-300x198.jpg 300w\" sizes=\"auto, (max-width: 600px) 100vw, 600px\" \/><\/p>\n<hr \/>\n\n\t\t<!-- MasterSlider -->\n\t\t<div id=\"P_MS69f1c4aa116ec\" class=\"master-slider-parent msl ms-parent-id-64\" style=\"max-width:600px;\">\n\n\t\t\t\n\t\t\t<!-- MasterSlider Main -->\n\t\t\t<div id=\"MS69f1c4aa116ec\" class=\"master-slider ms-skin-default\" >\n\t\t\t\t \t\t\t\t \n\t\t\t\t<div  class=\"ms-slide\" data-delay=\"3\" data-fill-mode=\"fill\"  >\n\t\t\t\t\t<img decoding=\"async\" src=\"https:\/\/www.2x3.pl\/wp-content\/plugins\/master-slider\/public\/assets\/css\/blank.gif\" alt=\"tablica kredowa magnetyczna tkf\" title=\"\" data-src=\"https:\/\/www.2x3.pl\/wp-content\/uploads\/2016\/10\/tkf_det1.jpg\" \/>\n\n\n\t<img decoding=\"async\" class=\"ms-thumb\" src=\"https:\/\/www.2x3.pl\/wp-content\/uploads\/2016\/10\/tkf_det1-100x80.jpg\" alt=\"tablica kredowa magnetyczna tkf\" \/>\n\t<div class=\"ms-thumb\" ><div class=\"ms-tab-context\"><div class=\"&quot;ms-tab-context&quot;\"><\/div><\/div>\n<\/div>\n\t\t\t\t<\/div>\n\t\t\t\t<div  class=\"ms-slide\" data-delay=\"3\" data-fill-mode=\"fill\"  >\n\t\t\t\t\t<img decoding=\"async\" src=\"https:\/\/www.2x3.pl\/wp-content\/plugins\/master-slider\/public\/assets\/css\/blank.gif\" alt=\"tablica kredowa magnetyczna tkf\" title=\"\" data-src=\"https:\/\/www.2x3.pl\/wp-content\/uploads\/2016\/10\/tkf_det2.jpg\" \/>\n\n\n\t<img decoding=\"async\" class=\"ms-thumb\" src=\"https:\/\/www.2x3.pl\/wp-content\/uploads\/2016\/10\/tkf_det2-100x80.jpg\" alt=\"tablica kredowa magnetyczna tkf\" \/>\n\t<div class=\"ms-thumb\" ><div class=\"ms-tab-context\"><div class=\"&quot;ms-tab-context&quot;\"><\/div><\/div>\n<\/div>\n\t\t\t\t<\/div>\n\t\t\t\t<div  class=\"ms-slide\" data-delay=\"3\" data-fill-mode=\"fill\"  >\n\t\t\t\t\t<img decoding=\"async\" src=\"https:\/\/www.2x3.pl\/wp-content\/plugins\/master-slider\/public\/assets\/css\/blank.gif\" alt=\"tablica kredowa magnetyczna tkf\" title=\"\" data-src=\"https:\/\/www.2x3.pl\/wp-content\/uploads\/2016\/10\/tkf_det4.jpg\" \/>\n\n\n\t<img decoding=\"async\" class=\"ms-thumb\" src=\"https:\/\/www.2x3.pl\/wp-content\/uploads\/2016\/10\/tkf_det4-100x80.jpg\" alt=\"tablica kredowa magnetyczna tkf\" \/>\n\t<div class=\"ms-thumb\" ><div class=\"ms-tab-context\"><div class=\"&quot;ms-tab-context&quot;\"><\/div><\/div>\n<\/div>\n\t\t\t\t<\/div>\n\t\t\t\t<div  class=\"ms-slide\" data-delay=\"3\" data-fill-mode=\"fill\"  >\n\t\t\t\t\t<img decoding=\"async\" src=\"https:\/\/www.2x3.pl\/wp-content\/plugins\/master-slider\/public\/assets\/css\/blank.gif\" alt=\"tablica kredowa magnetyczna tkf\" title=\"\" data-src=\"https:\/\/www.2x3.pl\/wp-content\/uploads\/2016\/10\/tkf_det5-1.jpg\" \/>\n\n\n\t<img decoding=\"async\" class=\"ms-thumb\" src=\"https:\/\/www.2x3.pl\/wp-content\/uploads\/2016\/10\/tkf_det5-1-100x80.jpg\" alt=\"tablica kredowa magnetyczna tkf\" \/>\n\t<div class=\"ms-thumb\" ><div class=\"ms-tab-context\"><div class=\"&quot;ms-tab-context&quot;\"><\/div><\/div>\n<\/div>\n\t\t\t\t<\/div>\n\n\t\t\t<\/div>\n\t\t\t<!-- END MasterSlider Main -->\n\n\t\t\t \n\t\t<\/div>\n\t\t<!-- END MasterSlider -->\n\n\t\t<script>\n\t\t(function ( $ ) {\n\t\t\t\"use strict\";\n\n\t\t\t$(function () {\n\t\t\t\tvar masterslider_16ec = new MasterSlider();\n\n\t\t\t\t\/\/ slider controls\n\t\t\t\tmasterslider_16ec.control('arrows'     ,{ autohide:true, overVideo:true  });\t\t\t\tmasterslider_16ec.control('bullets'    ,{ autohide:true, overVideo:true, dir:'h', align:'bottom' , margin:10  });\n\n\t\t\t\tmasterslider_16ec.control('thumblist'  ,{ autohide:false, overVideo:true, dir:'h', speed:17, inset:false, arrows:false, hover:false, customClass:'', align:'bottom',type:'thumbs', margin:10, width:100, height:80, space:5, fillMode:'fill'  });\n\t\t\t\t\/\/ slider setup\n\t\t\t\tmasterslider_16ec.setup(\"MS69f1c4aa116ec\", {\n\t\t\t\t\t\twidth           : 600,\n\t\t\t\t\t\theight          : 450,\n\t\t\t\t\t\tminHeight       : 0,\n\t\t\t\t\t\tspace           : 0,\n\t\t\t\t\t\tstart           : 1,\n\t\t\t\t\t\tgrabCursor      : true,\n\t\t\t\t\t\tswipe           : true,\n\t\t\t\t\t\tmouse           : true,\n\t\t\t\t\t\tlayout          : \"boxed\",\n\t\t\t\t\t\twheel           : false,\n\t\t\t\t\t\tautoplay        : false,\n\t\t\t\t\t\tinstantStartLayers:false,\n\t\t\t\t\t\tloop            : false,\n\t\t\t\t\t\tshuffle         : false,\n\t\t\t\t\t\tpreload         : 0,\n\t\t\t\t\t\theightLimit     : true,\n\t\t\t\t\t\tautoHeight      : false,\n\t\t\t\t\t\tsmoothHeight    : true,\n\t\t\t\t\t\tendPause        : false,\n\t\t\t\t\t\toverPause       : true,\n\t\t\t\t\t\tfillMode        : \"fill\",\n\t\t\t\t\t\tcenterControls  : true,\n\t\t\t\t\t\tstartOnAppear   : false,\n\t\t\t\t\t\tlayersMode      : \"center\",\n\t\t\t\t\t\thideLayers      : false,\n\t\t\t\t\t\tfullscreenMargin: 0,\n\t\t\t\t\t\tspeed           : 20,\n\t\t\t\t\t\tdir             : \"h\",\n\t\t\t\t\t\tparallaxMode    : 'swipe',\n\t\t\t\t\t\tview            : \"basic\"\n\t\t\t\t});\n\n\t\t\t\t\n\t\t\t\twindow.masterslider_instances = window.masterslider_instances || [];\n\t\t\t\twindow.masterslider_instances.push( masterslider_16ec );\n\t\t\t });\n\n\t\t})(jQuery);\n\t\t<\/script>\n\n\n<p class=\"product-desc\">Tablica kredowa zielona o powierzchni magnetycznej ceramicznej. Elegancka rama wykonana z profilu aluminiowego w kolorze srebrnym, wyko\u0144czona eleganckimi, popielatymi naro\u017cnikami.<\/p>\n<p class=\"product-desc\"> Dodatkowo produkt wyposa\u017cony jest w wygodn\u0105 p\u00f3\u0142k\u0119 na ca\u0142ej szeroko\u015bci, kt\u00f3ra zmie\u015bci wszystkie niezb\u0119dne przybory.<\/p>\n<p>Wyj\u0105tkowo \u0142atwa i szybka w monta\u017cu.<\/p>\n<p class=\"product-desc\"><em>Istnieje mo\u017cliwo\u015b\u0107 zawieszenia tablicy zar\u00f3wno w pionie, jak i w poziomie.<\/em><\/p>\n<p><strong>Elementy mocuj\u0105ce w zestawie.<\/strong><\/p>\n<p><img loading=\"lazy\" decoding=\"async\" class=\"aligncenter size-full wp-image-1274\" title=\"TKF\" src=\"https:\/\/www.2x3.pl\/wp-content\/uploads\/2011\/05\/KF.png\" alt=\"rys. tech. - wymiary\" width=\"600\" height=\"190\" srcset=\"https:\/\/www.2x3.pl\/wp-content\/uploads\/2011\/05\/KF.png 600w, https:\/\/www.2x3.pl\/wp-content\/uploads\/2011\/05\/KF-150x47.png 150w, https:\/\/www.2x3.pl\/wp-content\/uploads\/2011\/05\/KF-300x95.png 300w\" sizes=\"auto, (max-width: 600px) 100vw, 600px\" \/>\n<table id=\"wp-table-reloaded-id-80-no-1\" class=\"wp-table-reloaded wp-table-reloaded-id-80\">\n<thead>\n\t<tr class=\"row-1 odd\">\n\t\t<th class=\"column-1\"><\/th><th class=\"column-2\">2x3 Art. <\/th><th class=\"column-3\">Wymiary \/ Size<\/th><th class=\"column-4\">Komplet \/ pack<\/th><th class=\"column-5\">waga \/ weight<\/th><th class=\"column-6\">Dostawa \/ delivery<\/th>\n\t<\/tr>\n<\/thead>\n<tbody class=\"row-hover\">\n\t<tr class=\"row-2 even\">\n\t\t<td class=\"column-1\">ceramiczna \/ ceramic<\/td><td class=\"column-2\">TKF8510P3SZ<\/td><td class=\"column-3\">100&nbsp;\u00d7&nbsp;85<\/td><td class=\"column-4\">1<\/td><td class=\"column-5\">8,1<\/td><td class=\"column-6\">2 dni \/ 2 days<\/td>\n\t<\/tr>\n\t<tr class=\"row-3 odd\">\n\t\t<td class=\"column-1\">ceramiczna \/ ceramic<\/td><td class=\"column-2\">TKF1710P3SZ<\/td><td class=\"column-3\">170&nbsp;\u00d7&nbsp;100<\/td><td class=\"column-4\">1<\/td><td class=\"column-5\">16,5<\/td><td class=\"column-6\">2 dni \/ 2 days<\/td>\n\t<\/tr>\n<\/tbody>\n<\/table>\n<\/p>\n<p class=\"warranty\"><strong>Gwarancja:<\/strong> 2 lata na produkt, <strong>do\u017cywotnia gwarancja na powierzchni\u0119 ceramiczn\u0105<\/strong>.<\/p>\n<div class=\"product-card\"><a class=\"pdf-file-32\" href=\"https:\/\/www.2x3.pl\/pdf\/TKF.pdf\">Karta produktowa \u2013 TKF<\/a><\/div>\n<hr \/>\n<p><a id=\"lakierowane\" name=\"lakierowane\"><\/a><span class=\"product-code\">TKU<\/span><\/p>\n<h2>Tablica kredowa magnetyczna w ramie UKF<\/h2>\n<p><img loading=\"lazy\" decoding=\"async\" class=\"aligncenter size-full wp-image-4348\" src=\"https:\/\/www.2x3.pl\/wp-content\/uploads\/2013\/05\/ukf_kredowa_170x100cm.jpg\" alt=\"Tablica szkolna kredowa magnetyczna - w ramie aluminiowej UKF\" width=\"600\" height=\"360\" srcset=\"https:\/\/www.2x3.pl\/wp-content\/uploads\/2013\/05\/ukf_kredowa_170x100cm.jpg 1217w, https:\/\/www.2x3.pl\/wp-content\/uploads\/2013\/05\/ukf_kredowa_170x100cm-100x59.jpg 100w, https:\/\/www.2x3.pl\/wp-content\/uploads\/2013\/05\/ukf_kredowa_170x100cm-256x153.jpg 256w, https:\/\/www.2x3.pl\/wp-content\/uploads\/2013\/05\/ukf_kredowa_170x100cm-1024x614.jpg 1024w\" sizes=\"auto, (max-width: 600px) 100vw, 600px\" \/><\/p>\n<hr \/>\n\n\t\t<!-- MasterSlider -->\n\t\t<div id=\"P_MS69f1c4aa12512\" class=\"master-slider-parent msl ms-parent-id-65\" style=\"max-width:600px;\">\n\n\t\t\t\n\t\t\t<!-- MasterSlider Main -->\n\t\t\t<div id=\"MS69f1c4aa12512\" class=\"master-slider ms-skin-default\" >\n\t\t\t\t \t\t\t\t \n\t\t\t\t<div  class=\"ms-slide\" data-delay=\"3\" data-fill-mode=\"fill\"  >\n\t\t\t\t\t<img decoding=\"async\" src=\"https:\/\/www.2x3.pl\/wp-content\/plugins\/master-slider\/public\/assets\/css\/blank.gif\" alt=\"tablica szkolna kredowa \" title=\"\" data-src=\"https:\/\/www.2x3.pl\/wp-content\/uploads\/2016\/10\/tku_det1.jpg\" \/>\n\n\n\t<img decoding=\"async\" class=\"ms-thumb\" src=\"https:\/\/www.2x3.pl\/wp-content\/uploads\/2016\/10\/tku_det1.jpg\" alt=\"tablica szkolna kredowa \" \/>\n\t<div class=\"ms-thumb\" ><div class=\"ms-tab-context\"><div class=\"&quot;ms-tab-context&quot;\"><\/div><\/div>\n<\/div>\n\t\t\t\t<\/div>\n\t\t\t\t<div  class=\"ms-slide\" data-delay=\"3\" data-fill-mode=\"fill\"  >\n\t\t\t\t\t<img decoding=\"async\" src=\"https:\/\/www.2x3.pl\/wp-content\/plugins\/master-slider\/public\/assets\/css\/blank.gif\" alt=\"tablica szkolna kredowa \" title=\"\" data-src=\"https:\/\/www.2x3.pl\/wp-content\/uploads\/2016\/10\/tku_det2.jpg\" \/>\n\n\n\t<img decoding=\"async\" class=\"ms-thumb\" src=\"https:\/\/www.2x3.pl\/wp-content\/uploads\/2016\/10\/tku_det2.jpg\" alt=\"tablica szkolna kredowa \" \/>\n\t<div class=\"ms-thumb\" ><div class=\"ms-tab-context\"><div class=\"&quot;ms-tab-context&quot;\"><\/div><\/div>\n<\/div>\n\t\t\t\t<\/div>\n\t\t\t\t<div  class=\"ms-slide\" data-delay=\"3\" data-fill-mode=\"fill\"  >\n\t\t\t\t\t<img decoding=\"async\" src=\"https:\/\/www.2x3.pl\/wp-content\/plugins\/master-slider\/public\/assets\/css\/blank.gif\" alt=\"tablica szkolna kredowa \" title=\"\" data-src=\"https:\/\/www.2x3.pl\/wp-content\/uploads\/2016\/10\/tku_det4.jpg\" \/>\n\n\n\t<img decoding=\"async\" class=\"ms-thumb\" src=\"https:\/\/www.2x3.pl\/wp-content\/uploads\/2016\/10\/tku_det4.jpg\" alt=\"tablica szkolna kredowa \" \/>\n\t<div class=\"ms-thumb\" ><div class=\"ms-tab-context\"><div class=\"&quot;ms-tab-context&quot;\"><\/div><\/div>\n<\/div>\n\t\t\t\t<\/div>\n\t\t\t\t<div  class=\"ms-slide\" data-delay=\"3\" data-fill-mode=\"fill\"  >\n\t\t\t\t\t<img decoding=\"async\" src=\"https:\/\/www.2x3.pl\/wp-content\/plugins\/master-slider\/public\/assets\/css\/blank.gif\" alt=\"tablica szkolna kredowa \" title=\"\" data-src=\"https:\/\/www.2x3.pl\/wp-content\/uploads\/2016\/10\/tku_det6.jpg\" \/>\n\n\n\t<img decoding=\"async\" class=\"ms-thumb\" src=\"https:\/\/www.2x3.pl\/wp-content\/uploads\/2016\/10\/tku_det6-100x80.jpg\" alt=\"tablica szkolna kredowa \" \/>\n\t<div class=\"ms-thumb\" ><div class=\"ms-tab-context\"><div class=\"&quot;ms-tab-context&quot;\"><\/div><\/div>\n<\/div>\n\t\t\t\t<\/div>\n\n\t\t\t<\/div>\n\t\t\t<!-- END MasterSlider Main -->\n\n\t\t\t \n\t\t<\/div>\n\t\t<!-- END MasterSlider -->\n\n\t\t<script>\n\t\t(function ( $ ) {\n\t\t\t\"use strict\";\n\n\t\t\t$(function () {\n\t\t\t\tvar masterslider_2512 = new MasterSlider();\n\n\t\t\t\t\/\/ slider controls\n\t\t\t\tmasterslider_2512.control('arrows'     ,{ autohide:true, overVideo:true  });\t\t\t\tmasterslider_2512.control('bullets'    ,{ autohide:true, overVideo:true, dir:'h', align:'bottom' , margin:10  });\n\n\t\t\t\tmasterslider_2512.control('thumblist'  ,{ autohide:false, overVideo:true, dir:'h', speed:17, inset:false, arrows:false, hover:false, customClass:'', align:'bottom',type:'thumbs', margin:10, width:100, height:80, space:5, fillMode:'fill'  });\n\t\t\t\t\/\/ slider setup\n\t\t\t\tmasterslider_2512.setup(\"MS69f1c4aa12512\", {\n\t\t\t\t\t\twidth           : 600,\n\t\t\t\t\t\theight          : 450,\n\t\t\t\t\t\tminHeight       : 0,\n\t\t\t\t\t\tspace           : 0,\n\t\t\t\t\t\tstart           : 1,\n\t\t\t\t\t\tgrabCursor      : true,\n\t\t\t\t\t\tswipe           : true,\n\t\t\t\t\t\tmouse           : true,\n\t\t\t\t\t\tlayout          : \"boxed\",\n\t\t\t\t\t\twheel           : false,\n\t\t\t\t\t\tautoplay        : false,\n\t\t\t\t\t\tinstantStartLayers:false,\n\t\t\t\t\t\tloop            : false,\n\t\t\t\t\t\tshuffle         : false,\n\t\t\t\t\t\tpreload         : 0,\n\t\t\t\t\t\theightLimit     : true,\n\t\t\t\t\t\tautoHeight      : false,\n\t\t\t\t\t\tsmoothHeight    : true,\n\t\t\t\t\t\tendPause        : false,\n\t\t\t\t\t\toverPause       : true,\n\t\t\t\t\t\tfillMode        : \"fill\",\n\t\t\t\t\t\tcenterControls  : true,\n\t\t\t\t\t\tstartOnAppear   : false,\n\t\t\t\t\t\tlayersMode      : \"center\",\n\t\t\t\t\t\thideLayers      : false,\n\t\t\t\t\t\tfullscreenMargin: 0,\n\t\t\t\t\t\tspeed           : 20,\n\t\t\t\t\t\tdir             : \"h\",\n\t\t\t\t\t\tparallaxMode    : 'swipe',\n\t\t\t\t\t\tview            : \"basic\"\n\t\t\t\t});\n\n\t\t\t\t\n\t\t\t\twindow.masterslider_instances = window.masterslider_instances || [];\n\t\t\t\twindow.masterslider_instances.push( masterslider_2512 );\n\t\t\t });\n\n\t\t})(jQuery);\n\t\t<\/script>\n\n\n<p class=\"product-desc\">Tablica kredowa zielona o powierzchni magnetycznej lakierowanej. Rama aluminiowa z profilu <strong>UKF<\/strong>.<\/p>\n<p><img loading=\"lazy\" decoding=\"async\" class=\"aligncenter size-full wp-image-4349\" src=\"https:\/\/www.2x3.pl\/wp-content\/uploads\/2013\/05\/TKU.png\" alt=\"TKU - rys. techn. - wymiary\" width=\"600\" height=\"190\" srcset=\"https:\/\/www.2x3.pl\/wp-content\/uploads\/2013\/05\/TKU.png 600w, https:\/\/www.2x3.pl\/wp-content\/uploads\/2013\/05\/TKU-100x31.png 100w, https:\/\/www.2x3.pl\/wp-content\/uploads\/2013\/05\/TKU-256x81.png 256w\" sizes=\"auto, (max-width: 600px) 100vw, 600px\" \/>\n<table id=\"wp-table-reloaded-id-81-no-1\" class=\"wp-table-reloaded wp-table-reloaded-id-81\">\n<thead>\n\t<tr class=\"row-1 odd\">\n\t\t<th class=\"column-1\"><\/th><th class=\"column-2\">2x3 Art. <\/th><th class=\"column-3\">Wymiary \/ size<\/th><th class=\"column-4\">Komplet \/ pack<\/th><th class=\"column-5\">waga \/ weight<\/th><th class=\"column-6\">dostawa \/ delivery<\/th>\n\t<\/tr>\n<\/thead>\n<tbody class=\"row-hover\">\n\t<tr class=\"row-2 even\">\n\t\t<td class=\"column-1\">lakierowana \/ laquered<\/td><td class=\"column-2\">TKU8510<\/td><td class=\"column-3\">100&nbsp;\u00d7&nbsp;85<\/td><td class=\"column-4\">1<\/td><td class=\"column-5\">8,1<\/td><td class=\"column-6\">2 dni \/ 2 days<\/td>\n\t<\/tr>\n\t<tr class=\"row-3 odd\">\n\t\t<td class=\"column-1\">lakierowana \/ laquered<\/td><td class=\"column-2\">TKU1710<\/td><td class=\"column-3\">170&nbsp;\u00d7&nbsp;100<\/td><td class=\"column-4\">1<\/td><td class=\"column-5\">16<\/td><td class=\"column-6\">2 dni \/ 2 days<\/td>\n\t<\/tr>\n<\/tbody>\n<\/table>\n<\/p>\n<p class=\"warranty\"><strong>Gwarancja:<\/strong> 2 lata na produkt, <strong>10 lat na powierzchni\u0119 lakierowan\u0105<\/strong>.<\/p>\n<div class=\"product-card\"><a class=\"pdf-file-32\" href=\"https:\/\/www.2x3.pl\/pdf\/TKU.pdf\">Karta produktowa &#8211; TKU<\/a><\/div>\n<p><\/p>\n","protected":false},"excerpt":{"rendered":"","protected":false},"author":18,"featured_media":4403,"parent":37,"menu_order":0,"comment_status":"closed","ping_status":"closed","template":"","meta":{"ngg_post_thumbnail":0,"footnotes":""},"class_list":["post-202","page","type-page","status-publish","has-post-thumbnail","hentry"],"_links":{"self":[{"href":"https:\/\/www.2x3.pl\/pl\/wp-json\/wp\/v2\/pages\/202","targetHints":{"allow":["GET"]}}],"collection":[{"href":"https:\/\/www.2x3.pl\/pl\/wp-json\/wp\/v2\/pages"}],"about":[{"href":"https:\/\/www.2x3.pl\/pl\/wp-json\/wp\/v2\/types\/page"}],"author":[{"embeddable":true,"href":"https:\/\/www.2x3.pl\/pl\/wp-json\/wp\/v2\/users\/18"}],"replies":[{"embeddable":true,"href":"https:\/\/www.2x3.pl\/pl\/wp-json\/wp\/v2\/comments?post=202"}],"version-history":[{"count":1,"href":"https:\/\/www.2x3.pl\/pl\/wp-json\/wp\/v2\/pages\/202\/revisions"}],"predecessor-version":[{"id":15105,"href":"https:\/\/www.2x3.pl\/pl\/wp-json\/wp\/v2\/pages\/202\/revisions\/15105"}],"up":[{"embeddable":true,"href":"https:\/\/www.2x3.pl\/pl\/wp-json\/wp\/v2\/pages\/37"}],"wp:featuredmedia":[{"embeddable":true,"href":"https:\/\/www.2x3.pl\/pl\/wp-json\/wp\/v2\/media\/4403"}],"wp:attachment":[{"href":"https:\/\/www.2x3.pl\/pl\/wp-json\/wp\/v2\/media?parent=202"}],"curies":[{"name":"wp","href":"https:\/\/api.w.org\/{rel}","templated":true}]}}