{"id":204,"date":"2013-05-02T11:35:14","date_gmt":"2013-05-02T09:35:14","guid":{"rendered":"http:\/\/www.2x3.pl\/?page_id=204"},"modified":"2024-11-28T15:56:11","modified_gmt":"2024-11-28T14:56:11","slug":"tablice-kredowe-z-nadrukiem","status":"publish","type":"page","link":"https:\/\/www.2x3.pl\/pl\/tablice-szkolne\/tablice-kredowe-z-nadrukiem\/","title":{"rendered":"Tablice kredowe z nadrukiem"},"content":{"rendered":"\n<p class=\"product-purpose\"><a href=\"https:\/\/www.2x3.pl\/wp-content\/gallery\/szkolne-tablice-w-systemie-kolumnowym\/tka_det5.jpg\" title=\"tablice do pisania kred\u0105\"><img decoding=\"async\" src=\"https:\/\/www.2x3.pl\/wp-content\/gallery\/szkolne-tablice-w-systemie-kolumnowym\/thumbs\/thumbs_tka_det5.jpg\" alt=\"tablica kredowa\" class=\"ngg-singlepic ngg-left\" \/><\/a>Na\u015bcienne tablice do pisania kred\u0105 s\u0105 przydatne w szko\u0142ach, przedszkolach, \u015bwietlicach, domach kultury. W zale\u017cno\u015bci od nadruku \u2013 u\u0142atwiaj\u0105 nauk\u0119 pisania, skracaj\u0105 czas rozpisywania nut, danych liczbowych, wykres\u00f3w itp. Powierzchnia magnetyczna i dodatkowa p\u00f3\u0142ka na przybory podnosz\u0105 komfort u\u017cytkowania. Wyj\u0105tkowo trwa\u0142a konstrukcja (szczeg\u00f3lnie w przypadku <a href=\"https:\/\/www.2x3.pl\/produkty\/tablice-szkolne\/tablice-kredowe-z-nadrukiem\/#ceramiczne\" title=\"TKF K\">tablicy z powierzchni\u0105 ceramiczn\u0105<\/a>).<\/p>\n<div class=\"clear\"><\/div>\n<p><a id=\"ceramiczne\" name=\"ceramiczne\"><span class=\"product-code\">TKF K<\/span><\/a><\/p>\n<h2>Tablica kredowa z nadrukiem kratki<\/h2>\n<p><img loading=\"lazy\" decoding=\"async\" src=\"https:\/\/www.2x3.pl\/wp-content\/uploads\/2011\/05\/TKF_K.jpg\" alt=\"Tablica kredowa (zielona) z nadrukiem kratki, magnetyczna ceramiczna\" title=\"TKF K\" width=\"600\" height=\"397\" class=\"aligncenter size-full wp-image-1285\" srcset=\"https:\/\/www.2x3.pl\/wp-content\/uploads\/2011\/05\/TKF_K.jpg 600w, https:\/\/www.2x3.pl\/wp-content\/uploads\/2011\/05\/TKF_K-150x99.jpg 150w, https:\/\/www.2x3.pl\/wp-content\/uploads\/2011\/05\/TKF_K-300x198.jpg 300w\" sizes=\"auto, (max-width: 600px) 100vw, 600px\" \/><\/p>\n<p class=\"product-desc\">Tablica zielona z powierzchni\u0105 ceramiczn\u0105 o w\u0142a\u015bciwo\u015bciach magnetycznych. Sta\u0142y nadruk: kratka 5&nbsp;x&nbsp;5&nbsp;cm. Rama wykonana z profilu aluminiowego w kolorze srebrnym, wyko\u0144czona eleganckimi, popielatymi naro\u017cnikami.  Dodatkowo produkt posiada wygodn\u0105 p\u00f3\u0142k\u0119 (na ca\u0142ej szeroko\u015bci), kt\u00f3ra zmie\u015bci wszelkiego rodzaju przybory niezb\u0119dne podczas prezentacji. Wyj\u0105tkowo \u0142atwa i szybka w monta\u017cu. Mo\u017cliwe jest zawieszenie tablicy zar\u00f3wno w pionie, jaki i w poziomie.<\/p>\n<p>Elementy mocuj\u0105ce w zestawie.<\/p>\n<p><img loading=\"lazy\" decoding=\"async\" src=\"https:\/\/www.2x3.pl\/wp-content\/uploads\/2011\/05\/KF.png\" alt=\"rys. tech. - wymiary\" title=\"KF\" width=\"600\" height=\"190\" class=\"aligncenter size-full wp-image-1274\" srcset=\"https:\/\/www.2x3.pl\/wp-content\/uploads\/2011\/05\/KF.png 600w, https:\/\/www.2x3.pl\/wp-content\/uploads\/2011\/05\/KF-150x47.png 150w, https:\/\/www.2x3.pl\/wp-content\/uploads\/2011\/05\/KF-300x95.png 300w\" sizes=\"auto, (max-width: 600px) 100vw, 600px\" \/>\n<table id=\"wp-table-reloaded-id-84-no-1\" class=\"wp-table-reloaded wp-table-reloaded-id-84\">\n<thead>\n\t<tr class=\"row-1 odd\">\n\t\t<th class=\"column-1\"><\/th><th class=\"column-2\">2x3 Art.<\/th><th class=\"column-3\">nadruk \/ print<\/th><th class=\"column-4\">wymiary \/ size<\/th><th class=\"column-5\">Komplet \/ Pack<\/th><th class=\"column-6\">Waga \/ weight<\/th><th class=\"column-7\">Dostawa \/ delivery<\/th>\n\t<\/tr>\n<\/thead>\n<tbody class=\"row-hover\">\n\t<tr class=\"row-2 even\">\n\t\t<td class=\"column-1\">ceramiczna \/ ceramic<\/td><td class=\"column-2\">TKF8510KP3<\/td><td class=\"column-3\">kratka \/ grid<\/td><td class=\"column-4\">100&nbsp;\u00d7&nbsp;85<\/td><td class=\"column-5\">1<\/td><td class=\"column-6\">8,1<\/td><td class=\"column-7\">10 dni \/ 10 days<\/td>\n\t<\/tr>\n\t<tr class=\"row-3 odd\">\n\t\t<td class=\"column-1\">ceramiczna \/ ceramic<\/td><td class=\"column-2\">TKF1710KP3<\/td><td class=\"column-3\">kratka \/ grid<\/td><td class=\"column-4\">170&nbsp;\u00d7&nbsp;100<\/td><td class=\"column-5\">1<\/td><td class=\"column-6\">16,5<\/td><td class=\"column-7\">10 dni \/ 10 days<\/td>\n\t<\/tr>\n<\/tbody>\n<\/table>\n<\/p>\n<p class=\"warranty\"><strong>Gwarancja:<\/strong> Do\u017cywotnia na powierzchni\u0119 ceramiczn\u0105 oraz 2 lata na produkt.<\/p>\n<div class=\"product-card\"><a class=\"pdf-file-32\" href=\"https:\/\/www.2x3.pl\/pdf\/TKF_K.pdf\">Karta produktowa &#8211; TKF K<\/a><\/div>\n<hr \/>\n<p><a id=\"lakierowane\" name=\"lakierowane\"><span class=\"product-code\">TKU L, TKU K, TKU P<\/span><\/a><\/p>\n<h2>Tablica kredowa z nadrukiem \u2013 profil UKF<\/h2>\n<p class=\"product-desc\"><a href=\"https:\/\/www.2x3.pl\/wp-content\/uploads\/2011\/05\/TKC_P_det3.jpg\"><img loading=\"lazy\" decoding=\"async\" src=\"https:\/\/www.2x3.pl\/wp-content\/uploads\/2011\/05\/TKC_P_det3-150x150.jpg\" alt=\"kredowe z nadrukiem, rama c-line\" title=\"TKC_P\" width=\"150\" height=\"150\" class=\"alignleft size-thumbnail wp-image-1286\" srcset=\"https:\/\/www.2x3.pl\/wp-content\/uploads\/2011\/05\/TKC_P_det3-150x150.jpg 150w, https:\/\/www.2x3.pl\/wp-content\/uploads\/2011\/05\/TKC_P_det3.jpg 288w\" sizes=\"auto, (max-width: 150px) 100vw, 150px\" \/><\/a>Tablica zielona z powierzchni\u0105 lakierowan\u0105 o w\u0142a\u015bciwo\u015bciach magnetycznych. Sta\u0142y nadruk: <strong>kratka<\/strong> (5&nbsp;x&nbsp;5&nbsp;cm), <strong>linia<\/strong> lub <strong>pi\u0119ciolinia<\/strong>. <\/p>\n<p>Rama wykonana z profilu aluminiowego UKF w kolorze srebrnym, wyko\u0144czona eleganckimi, popielatymi naro\u017cnikami.Dodatkowo produkt posiada wygodn\u0105 p\u00f3\u0142k\u0119, kt\u00f3ra zmie\u015bci wszelkiego rodzaju przybory niezb\u0119dne podczas prezentacji. Wyj\u0105tkowo \u0142atwa i szybka w monta\u017cu.<br \/>\n<strong><br \/>\nW zestawie:<\/strong> elementy mocuj\u0105ce, p\u00f3\u0142ka (na ca\u0142ej szeroko\u015bci).<\/p>\n<p><img loading=\"lazy\" decoding=\"async\" src=\"https:\/\/www.2x3.pl\/wp-content\/uploads\/2013\/05\/TKU.png\" alt=\"rys. techn. - wymiary\" width=\"600\" height=\"190\" class=\"aligncenter size-full wp-image-4349\" srcset=\"https:\/\/www.2x3.pl\/wp-content\/uploads\/2013\/05\/TKU.png 600w, https:\/\/www.2x3.pl\/wp-content\/uploads\/2013\/05\/TKU-100x31.png 100w, https:\/\/www.2x3.pl\/wp-content\/uploads\/2013\/05\/TKU-256x81.png 256w\" sizes=\"auto, (max-width: 600px) 100vw, 600px\" \/>\n<table id=\"wp-table-reloaded-id-85-no-1\" class=\"wp-table-reloaded wp-table-reloaded-id-85\">\n<thead>\n\t<tr class=\"row-1 odd\">\n\t\t<th class=\"column-1\"><\/th><th class=\"column-2\">2x3 Art.<\/th><th class=\"column-3\">Nadruk \/ Print<\/th><th class=\"column-4\">Wymiary \/ Size<\/th><th class=\"column-5\">Komplet \/ Pack<\/th><th class=\"column-6\">Waga \/ Weight<\/th><th class=\"column-7\">Dostawa \/ delivery<\/th>\n\t<\/tr>\n<\/thead>\n<tbody class=\"row-hover\">\n\t<tr class=\"row-2 even\">\n\t\t<td class=\"column-1\">lakierowana \/ laquered<\/td><td class=\"column-2\">TKU8510L<\/td><td class=\"column-3\">linia \/ line<\/td><td class=\"column-4\">100&nbsp;\u00d7&nbsp;85<\/td><td class=\"column-5\">1<\/td><td class=\"column-6\">8,1<\/td><td class=\"column-7\">10 dni \/ 10 days<\/td>\n\t<\/tr>\n\t<tr class=\"row-3 odd\">\n\t\t<td class=\"column-1\">lakierowana \/ laquered<\/td><td class=\"column-2\">TKU1710L<\/td><td class=\"column-3\">linia \/ line<\/td><td class=\"column-4\">170&nbsp;\u00d7&nbsp;100<\/td><td class=\"column-5\">1<\/td><td class=\"column-6\">16,5<\/td><td class=\"column-7\">10 dni \/ 10 days<\/td>\n\t<\/tr>\n\t<tr class=\"row-4 even\">\n\t\t<td class=\"column-1\">lakierowana \/ laquered<\/td><td class=\"column-2\">TKU8510K<\/td><td class=\"column-3\">kratka \/ grid<\/td><td class=\"column-4\">100&nbsp;\u00d7&nbsp;85<\/td><td class=\"column-5\">1<\/td><td class=\"column-6\">8,1<\/td><td class=\"column-7\">10 dni \/ 10 days<\/td>\n\t<\/tr>\n\t<tr class=\"row-5 odd\">\n\t\t<td class=\"column-1\">lakierowana \/ laquered<\/td><td class=\"column-2\">TKU1710K<\/td><td class=\"column-3\">kratka \/ grid<\/td><td class=\"column-4\">170&nbsp;\u00d7&nbsp;100<\/td><td class=\"column-5\">1<\/td><td class=\"column-6\">16,5<\/td><td class=\"column-7\">10 dni \/ 10 days<\/td>\n\t<\/tr>\n\t<tr class=\"row-6 even\">\n\t\t<td class=\"column-1\">lakierowana \/ laquered<\/td><td class=\"column-2\">TKU8510P<\/td><td class=\"column-3\">pi\u0119ciolinia \/ stave<\/td><td class=\"column-4\">100&nbsp;\u00d7&nbsp;85<\/td><td class=\"column-5\">1<\/td><td class=\"column-6\">8,1<\/td><td class=\"column-7\">10 dni \/ 10 days<\/td>\n\t<\/tr>\n\t<tr class=\"row-7 odd\">\n\t\t<td class=\"column-1\">lakierowana \/ laquered<\/td><td class=\"column-2\">TKU1710P<\/td><td class=\"column-3\">pi\u0119ciolinia \/ stave<\/td><td class=\"column-4\">170&nbsp;\u00d7&nbsp;100<\/td><td class=\"column-5\">1<\/td><td class=\"column-6\">16,5<\/td><td class=\"column-7\">10 dni \/ 10 days<\/td>\n\t<\/tr>\n<\/tbody>\n<\/table>\n<\/p>\n<p class=\"warranty\"><strong>Gwarancja:<\/strong> 2 lata na produkt, <strong>10 lat na powierzchni\u0119 lakierowan\u0105<\/strong>.<\/p>\n<p><\/p>\n","protected":false},"excerpt":{"rendered":"","protected":false},"author":18,"featured_media":1286,"parent":37,"menu_order":0,"comment_status":"closed","ping_status":"closed","template":"","meta":{"ngg_post_thumbnail":0,"footnotes":""},"class_list":["post-204","page","type-page","status-publish","has-post-thumbnail","hentry"],"_links":{"self":[{"href":"https:\/\/www.2x3.pl\/pl\/wp-json\/wp\/v2\/pages\/204","targetHints":{"allow":["GET"]}}],"collection":[{"href":"https:\/\/www.2x3.pl\/pl\/wp-json\/wp\/v2\/pages"}],"about":[{"href":"https:\/\/www.2x3.pl\/pl\/wp-json\/wp\/v2\/types\/page"}],"author":[{"embeddable":true,"href":"https:\/\/www.2x3.pl\/pl\/wp-json\/wp\/v2\/users\/18"}],"replies":[{"embeddable":true,"href":"https:\/\/www.2x3.pl\/pl\/wp-json\/wp\/v2\/comments?post=204"}],"version-history":[{"count":1,"href":"https:\/\/www.2x3.pl\/pl\/wp-json\/wp\/v2\/pages\/204\/revisions"}],"predecessor-version":[{"id":15104,"href":"https:\/\/www.2x3.pl\/pl\/wp-json\/wp\/v2\/pages\/204\/revisions\/15104"}],"up":[{"embeddable":true,"href":"https:\/\/www.2x3.pl\/pl\/wp-json\/wp\/v2\/pages\/37"}],"wp:featuredmedia":[{"embeddable":true,"href":"https:\/\/www.2x3.pl\/pl\/wp-json\/wp\/v2\/media\/1286"}],"wp:attachment":[{"href":"https:\/\/www.2x3.pl\/pl\/wp-json\/wp\/v2\/media?parent=204"}],"curies":[{"name":"wp","href":"https:\/\/api.w.org\/{rel}","templated":true}]}}