{"id":206,"date":"2013-10-15T13:35:57","date_gmt":"2013-10-15T11:35:57","guid":{"rendered":"http:\/\/www.2x3.pl\/?page_id=206"},"modified":"2025-03-12T12:15:18","modified_gmt":"2025-03-12T11:15:18","slug":"tablice-tekstylne","status":"publish","type":"page","link":"https:\/\/www.2x3.pl\/pl\/tablice-szkolne\/tablice-tekstylne\/","title":{"rendered":"Tablice tekstylne"},"content":{"rendered":"<p><span class=\"product-code\">TTU<\/span><\/p>\n<h2>Tablica tekstylna w ramie UKF<\/h2>\n<p><img loading=\"lazy\" decoding=\"async\" class=\"aligncenter size-full wp-image-4385\" src=\"https:\/\/www.2x3.pl\/wp-content\/uploads\/2013\/05\/TTU1710.jpg\" alt=\"Tablica szkolna, tekstylna, w ramie aluminiowej UKF\" width=\"600\" height=\"360\" srcset=\"https:\/\/www.2x3.pl\/wp-content\/uploads\/2013\/05\/TTU1710.jpg 1217w, https:\/\/www.2x3.pl\/wp-content\/uploads\/2013\/05\/TTU1710-100x59.jpg 100w, https:\/\/www.2x3.pl\/wp-content\/uploads\/2013\/05\/TTU1710-256x153.jpg 256w, https:\/\/www.2x3.pl\/wp-content\/uploads\/2013\/05\/TTU1710-1024x614.jpg 1024w\" sizes=\"auto, (max-width: 600px) 100vw, 600px\" \/><\/p>\n<hr \/>\n<p class=\"product-purpose\"><strong>Zastosowanie:<\/strong> Idealna do eksponowania r\u00f3\u017cnego rodzaju informacji, notatek, zdj\u0119\u0107, prezentacji, gazetek okoliczno\u015bciowych itp. Du\u017cy wyb\u00f3r kolor\u00f3w powierzchni tekstylnej pozwala na dostosowanie jej do wystroju ka\u017cdego wn\u0119trza.<\/p>\n<p class=\"product-desc\"><strong>Tablica informacyjna<\/strong>, kt\u00f3rej powierzchnia wykonana jest z najwy\u017cszej jako\u015bci materia\u0142\u00f3w, dost\u0119pna w dw\u00f3ch kolorach: niebieskim lub popielatym.<\/p>\n<p class=\"product-desc\">Na specjalne \u017cyczenie istnieje mo\u017cliwo\u015b\u0107 wykonania tablicy r\u00f3wnie\u017c w kolorze: <strong>zielonym, czerwonym lub bordowym.<\/strong><\/p>\n<p>Rama wykonana z profilu aluminiowego w kolorze srebrnym, wyko\u0144czona eleganckimi, popielatymi naro\u017cnikami. Powierzchnia przeznaczona do u\u017cycia na niej pinezek. Wyj\u0105tkowo \u0142atwa i szybka w monta\u017cu.<\/p>\n<p class=\"product-desc\">Istnieje mo\u017cliwo\u015b\u0107 zawieszenie jej zar\u00f3wno w pionie, jaki i w poziomie.<\/p>\n<p><img loading=\"lazy\" decoding=\"async\" class=\"aligncenter size-full wp-image-4382\" src=\"https:\/\/www.2x3.pl\/wp-content\/uploads\/2013\/05\/TCU__TTU.png\" alt=\"TTU - rys. techn. - wymiary\" width=\"600\" height=\"190\" srcset=\"https:\/\/www.2x3.pl\/wp-content\/uploads\/2013\/05\/TCU__TTU.png 600w, https:\/\/www.2x3.pl\/wp-content\/uploads\/2013\/05\/TCU__TTU-100x31.png 100w, https:\/\/www.2x3.pl\/wp-content\/uploads\/2013\/05\/TCU__TTU-256x81.png 256w\" sizes=\"auto, (max-width: 600px) 100vw, 600px\" \/>\n<table id=\"wp-table-reloaded-id-86-no-1\" class=\"wp-table-reloaded wp-table-reloaded-id-86\">\n<thead>\n\t<tr class=\"row-1 odd\">\n\t\t<th class=\"column-1\"><\/th><th class=\"column-2\">2x3 Art. <\/th><th class=\"column-3\">Wymiary  \/ Size<\/th><th class=\"column-4\">Komplet \/ Pack<\/th><th class=\"column-5\">Waga \/ Weight<\/th><th class=\"column-6\">Dostawa \/ Delivery<\/th>\n\t<\/tr>\n<\/thead>\n<tbody class=\"row-hover\">\n\t<tr class=\"row-2 even\">\n\t\t<td class=\"column-1\">tekstylna \/felt<\/td><td class=\"column-2\">TTU8510<\/td><td class=\"column-3\">100&nbsp;\u00d7&nbsp;85<\/td><td class=\"column-4\">1<\/td><td class=\"column-5\">3<\/td><td class=\"column-6\">10 dni \/ 10 days<\/td>\n\t<\/tr>\n\t<tr class=\"row-3 odd\">\n\t\t<td class=\"column-1\">tekstylna \/felt<\/td><td class=\"column-2\">TTU1710<\/td><td class=\"column-3\">170&nbsp;\u00d7&nbsp;100<\/td><td class=\"column-4\">1<\/td><td class=\"column-5\">5,9<\/td><td class=\"column-6\">10 dni \/ 10 days<\/td>\n\t<\/tr>\n<\/tbody>\n<\/table>\n<\/p>\n<p><strong>Dost\u0119pne kolory:<\/strong><br \/>\n<img loading=\"lazy\" decoding=\"async\" class=\"alignnone size-full wp-image-690\" title=\"Dost\u0119pne kolory powierzchni tekstylnej\" src=\"https:\/\/www.2x3.pl\/wp-content\/uploads\/2011\/05\/surfaces_felt.png\" alt=\"Kolory materia\u0142u wierzchniego (filcu)\" width=\"500\" height=\"80\" srcset=\"https:\/\/www.2x3.pl\/wp-content\/uploads\/2011\/05\/surfaces_felt.png 500w, https:\/\/www.2x3.pl\/wp-content\/uploads\/2011\/05\/surfaces_felt-300x48.png 300w\" sizes=\"auto, (max-width: 500px) 100vw, 500px\" \/><\/p>\n<p class=\"warranty\"><strong>Gwarancja:<\/strong> 2 lata na produkt.<\/p>\n<div class=\"product-card\"><a class=\"pdf-file-32\" href=\"https:\/\/www.2x3.pl\/pdf\/TTU.pdf\">Karta produktowa &#8211; TTU<\/a><\/div>\n<p><\/p>\n","protected":false},"excerpt":{"rendered":"","protected":false},"author":18,"featured_media":4407,"parent":37,"menu_order":0,"comment_status":"closed","ping_status":"closed","template":"","meta":{"ngg_post_thumbnail":0,"footnotes":""},"class_list":["post-206","page","type-page","status-publish","has-post-thumbnail","hentry"],"_links":{"self":[{"href":"https:\/\/www.2x3.pl\/pl\/wp-json\/wp\/v2\/pages\/206","targetHints":{"allow":["GET"]}}],"collection":[{"href":"https:\/\/www.2x3.pl\/pl\/wp-json\/wp\/v2\/pages"}],"about":[{"href":"https:\/\/www.2x3.pl\/pl\/wp-json\/wp\/v2\/types\/page"}],"author":[{"embeddable":true,"href":"https:\/\/www.2x3.pl\/pl\/wp-json\/wp\/v2\/users\/18"}],"replies":[{"embeddable":true,"href":"https:\/\/www.2x3.pl\/pl\/wp-json\/wp\/v2\/comments?post=206"}],"version-history":[{"count":3,"href":"https:\/\/www.2x3.pl\/pl\/wp-json\/wp\/v2\/pages\/206\/revisions"}],"predecessor-version":[{"id":15171,"href":"https:\/\/www.2x3.pl\/pl\/wp-json\/wp\/v2\/pages\/206\/revisions\/15171"}],"up":[{"embeddable":true,"href":"https:\/\/www.2x3.pl\/pl\/wp-json\/wp\/v2\/pages\/37"}],"wp:featuredmedia":[{"embeddable":true,"href":"https:\/\/www.2x3.pl\/pl\/wp-json\/wp\/v2\/media\/4407"}],"wp:attachment":[{"href":"https:\/\/www.2x3.pl\/pl\/wp-json\/wp\/v2\/media?parent=206"}],"curies":[{"name":"wp","href":"https:\/\/api.w.org\/{rel}","templated":true}]}}