{"id":2077,"date":"2015-01-23T23:04:32","date_gmt":"2015-01-23T22:04:32","guid":{"rendered":"http:\/\/www.2x3.pl\/?page_id=2077"},"modified":"2024-11-27T15:12:39","modified_gmt":"2024-11-27T14:12:39","slug":"katalog","status":"publish","type":"page","link":"https:\/\/www.2x3.pl\/pl\/pobierz\/katalog\/","title":{"rendered":"Katalog produkt\u00f3w (PDF)"},"content":{"rendered":"<p>Katalog w 3 j\u0119zykach: polskim, rosyjskim i angielskim. Obejmuje produkty ze wszystkich dzia\u0142\u00f3w: <em>StarBoard<\/em>, <em>Office<\/em>, <em>Education Boards<\/em>, <em>ecoBoards<\/em>, <em>AV Solutions<\/em> oraz <em>Marketing Display<\/em> (teraz wcielony do <em>Office<\/em>).<\/p>\n<div class=\"download-file\"><a class=\"pdf-file-32\" title=\"Kliknij, aby pobra\u0107 plik PDF (34 MB)\" href=\"https:\/\/www.2x3.pl\/wp-content\/uploads\/2019\/08\/2x3_katalog_2019_sp_sec.pdf\">Katalog produkt\u00f3w 2019 (34 MB)<\/a><\/div>\n<p>\u041a\u0430\u0442\u0430\u043b\u043e\u0433 \u043d\u0430 \u0442\u0440\u0435\u0445 \u044f\u0437\u044b\u043a\u0430\u0445: \u043f\u043e\u043b\u044c\u0441\u043a\u043e\u043c, \u0440\u0443\u0441\u0441\u043a\u043e\u043c \u0438 \u0430\u043d\u0433\u043b\u0438\u0439\u0441\u043a\u043e\u043c. \u0412\u043a\u043b\u044e\u0447\u0430\u0435\u0442 \u0432 \u0441\u0435\u0431\u044f \u043f\u0440\u043e\u0434\u0443\u043a\u0442\u044b \u0438\u0437 \u0432\u0441\u0435\u0445 \u043e\u0442\u0434\u0435\u043b\u043e\u0432: <em>StarBoard<\/em>, <em>Office<\/em>, <em>Education Boards<\/em>, <em>ecoBoards<\/em>, <em>AV Solutions<\/em> \u0438 <em>Marketing Display<\/em> (\u0441\u0435\u0439\u0447\u0430\u0441 \u0432 <em>Office<\/em>).<\/p>\n<div class=\"download-file\"><a class=\"pdf-file-32\" title=\"\u041a\u043b\u0438\u043a\u043d\u0438\u0442\u0435, \u0447\u0442\u043e\u0431\u044b \u0441\u043a\u0430\u0447\u0430\u0442\u044c \u0444\u0430\u0439\u043b PDF (34 MB)\" href=\"https:\/\/www.2x3.pl\/wp-content\/uploads\/2019\/08\/2x3_katalog_2019_sp_sec.pdf\">\u041a\u0430\u0442\u0430\u043b\u043e\u0433 \u041f\u0440\u043e\u0434\u0443\u043a\u0442\u043e\u0432 2019 (34 MB)<\/a><\/div>\n<p>The catalog in three languages: Polish, Russian and English. It includes products of all sections: <em>StarBoard<\/em>, <em>Office<\/em>, <em>Education Boards<\/em>, <em>ecoBoards<\/em>, <em>AV Solutions<\/em>, and <em>Marketing Display<\/em> (now included into <em>Office<\/em>).<\/p>\n<div class=\"download-file\"><a class=\"pdf-file-32\" title=\"Click to download PDF file (34 MB)\" href=\"https:\/\/www.2x3.pl\/wp-content\/uploads\/2019\/08\/2x3_katalog_2019_sp_sec.pdf\">Product Catalog 2019 (34 MB)<\/a><\/div>\n","protected":false},"excerpt":{"rendered":"<p>Katalog w 3 j\u0119zykach: polskim, rosyjskim i angielskim. Obejmuje produkty ze wszystkich dzia\u0142\u00f3w: StarBoard, Office, Education Boards, ecoBoards, AV Solutions oraz Marketing Display (teraz wcielony do Office). Katalog produkt\u00f3w 2019 (34 MB) \u041a\u0430\u0442\u0430\u043b\u043e\u0433 \u043d\u0430 \u0442\u0440\u0435\u0445 \u044f\u0437\u044b\u043a\u0430\u0445: \u043f\u043e\u043b\u044c\u0441\u043a\u043e\u043c, \u0440\u0443\u0441\u0441\u043a\u043e\u043c \u0438 \u0430\u043d\u0433\u043b\u0438\u0439\u0441\u043a\u043e\u043c. &hellip; <a href=\"https:\/\/www.2x3.pl\/pl\/pobierz\/katalog\/\">Continue reading <span class=\"meta-nav\">&rarr;<\/span><\/a><\/p>\n","protected":false},"author":18,"featured_media":0,"parent":2075,"menu_order":0,"comment_status":"closed","ping_status":"closed","template":"","meta":{"ngg_post_thumbnail":0,"footnotes":""},"class_list":["post-2077","page","type-page","status-publish","hentry"],"_links":{"self":[{"href":"https:\/\/www.2x3.pl\/pl\/wp-json\/wp\/v2\/pages\/2077","targetHints":{"allow":["GET"]}}],"collection":[{"href":"https:\/\/www.2x3.pl\/pl\/wp-json\/wp\/v2\/pages"}],"about":[{"href":"https:\/\/www.2x3.pl\/pl\/wp-json\/wp\/v2\/types\/page"}],"author":[{"embeddable":true,"href":"https:\/\/www.2x3.pl\/pl\/wp-json\/wp\/v2\/users\/18"}],"replies":[{"embeddable":true,"href":"https:\/\/www.2x3.pl\/pl\/wp-json\/wp\/v2\/comments?post=2077"}],"version-history":[{"count":2,"href":"https:\/\/www.2x3.pl\/pl\/wp-json\/wp\/v2\/pages\/2077\/revisions"}],"predecessor-version":[{"id":14977,"href":"https:\/\/www.2x3.pl\/pl\/wp-json\/wp\/v2\/pages\/2077\/revisions\/14977"}],"up":[{"embeddable":true,"href":"https:\/\/www.2x3.pl\/pl\/wp-json\/wp\/v2\/pages\/2075"}],"wp:attachment":[{"href":"https:\/\/www.2x3.pl\/pl\/wp-json\/wp\/v2\/media?parent=2077"}],"curies":[{"name":"wp","href":"https:\/\/api.w.org\/{rel}","templated":true}]}}