{"id":212,"date":"2014-08-05T14:40:20","date_gmt":"2014-08-05T12:40:20","guid":{"rendered":"http:\/\/www.2x3.pl\/?page_id=212"},"modified":"2024-11-28T15:53:24","modified_gmt":"2024-11-28T14:53:24","slug":"akcesoria","status":"publish","type":"page","link":"https:\/\/www.2x3.pl\/pl\/tablice-szkolne\/akcesoria\/","title":{"rendered":"Akcesoria"},"content":{"rendered":"<p><a id=\"przymiary-tablicowe\" name=\"przymiary-tablicowe\"><span class=\"product-code\">AS140<\/span><\/a><\/p>\n<h2>Przymiary tablicowe<\/h2>\n<p><img loading=\"lazy\" decoding=\"async\" src=\"https:\/\/www.2x3.pl\/wp-content\/uploads\/2014\/08\/AS140_600x270.jpg\" alt=\"Przymiary tablicowe\" width=\"600\" height=\"270\" class=\"aligncenter size-full wp-image-5041\" srcset=\"https:\/\/www.2x3.pl\/wp-content\/uploads\/2014\/08\/AS140_600x270.jpg 600w, https:\/\/www.2x3.pl\/wp-content\/uploads\/2014\/08\/AS140_600x270-100x45.jpg 100w, https:\/\/www.2x3.pl\/wp-content\/uploads\/2014\/08\/AS140_600x270-256x115.jpg 256w\" sizes=\"auto, (max-width: 600px) 100vw, 600px\" \/><\/a><\/p>\n<hr>\n\n\t\t<!-- MasterSlider -->\n\t\t<div id=\"P_MS69f03d79dd3c5\" class=\"master-slider-parent msl ms-parent-id-59\" style=\"max-width:600px;\">\n\n\t\t\t\n\t\t\t<!-- MasterSlider Main -->\n\t\t\t<div id=\"MS69f03d79dd3c5\" class=\"master-slider ms-skin-default\" >\n\t\t\t\t \t\t\t\t \n\t\t\t\t<div  class=\"ms-slide\" data-delay=\"3\" data-fill-mode=\"fill\"  >\n\t\t\t\t\t<img decoding=\"async\" src=\"https:\/\/www.2x3.pl\/wp-content\/plugins\/master-slider\/public\/assets\/css\/blank.gif\" alt=\"Przymiary tablicowe (AS140). Ekierki\" title=\"\" data-src=\"https:\/\/www.2x3.pl\/wp-content\/uploads\/2016\/10\/as140_3.jpg\" \/>\n\n\n\t<img decoding=\"async\" class=\"ms-thumb\" src=\"https:\/\/www.2x3.pl\/wp-content\/uploads\/2016\/10\/as140_3-100x80.jpg\" alt=\"Przymiary tablicowe (AS140). Ekierki\" \/>\n\t<div class=\"ms-thumb\" ><div class=\"ms-tab-context\"><div class=\"&quot;ms-tab-context&quot;\"><\/div><\/div>\n<\/div>\n\t\t\t\t<\/div>\n\t\t\t\t<div  class=\"ms-slide\" data-delay=\"3\" data-fill-mode=\"fill\"  >\n\t\t\t\t\t<img decoding=\"async\" src=\"https:\/\/www.2x3.pl\/wp-content\/plugins\/master-slider\/public\/assets\/css\/blank.gif\" alt=\"Przymiary tablicowe (AS140). K\u0105tomierz.\" title=\"\" data-src=\"https:\/\/www.2x3.pl\/wp-content\/uploads\/2016\/10\/as140_4.jpg\" \/>\n\n\n\t<img decoding=\"async\" class=\"ms-thumb\" src=\"https:\/\/www.2x3.pl\/wp-content\/uploads\/2016\/10\/as140_4-100x80.jpg\" alt=\"Przymiary tablicowe (AS140). K\u0105tomierz.\" \/>\n\t<div class=\"ms-thumb\" ><div class=\"ms-tab-context\"><div class=\"&quot;ms-tab-context&quot;\"><\/div><\/div>\n<\/div>\n\t\t\t\t<\/div>\n\t\t\t\t<div  class=\"ms-slide\" data-delay=\"3\" data-fill-mode=\"fill\"  >\n\t\t\t\t\t<img decoding=\"async\" src=\"https:\/\/www.2x3.pl\/wp-content\/plugins\/master-slider\/public\/assets\/css\/blank.gif\" alt=\"Przymiary tablicowe (AS140). Cyrkiel\" title=\"\" data-src=\"https:\/\/www.2x3.pl\/wp-content\/uploads\/2016\/10\/as140_5.jpg\" \/>\n\n\n\t<img decoding=\"async\" class=\"ms-thumb\" src=\"https:\/\/www.2x3.pl\/wp-content\/uploads\/2016\/10\/as140_5-100x80.jpg\" alt=\"Przymiary tablicowe (AS140). Cyrkiel\" \/>\n\t<div class=\"ms-thumb\" ><div class=\"ms-tab-context\"><div class=\"&quot;ms-tab-context&quot;\"><\/div><\/div>\n<\/div>\n\t\t\t\t<\/div>\n\t\t\t\t<div  class=\"ms-slide\" data-delay=\"3\" data-fill-mode=\"fill\"  >\n\t\t\t\t\t<img decoding=\"async\" src=\"https:\/\/www.2x3.pl\/wp-content\/plugins\/master-slider\/public\/assets\/css\/blank.gif\" alt=\"Przymiary tablicowe (AS140). Przegubowe ko\u0144c\u00f3wki cyrkla.\" title=\"\" data-src=\"https:\/\/www.2x3.pl\/wp-content\/uploads\/2016\/10\/as140_7.jpg\" \/>\n\n\n\t<img decoding=\"async\" class=\"ms-thumb\" src=\"https:\/\/www.2x3.pl\/wp-content\/uploads\/2016\/10\/as140_7-100x80.jpg\" alt=\"Przymiary tablicowe (AS140). Przegubowe ko\u0144c\u00f3wki cyrkla.\" \/>\n\t<div class=\"ms-thumb\" ><div class=\"ms-tab-context\"><div class=\"&quot;ms-tab-context&quot;\"><\/div><\/div>\n<\/div>\n\t\t\t\t<\/div>\n\t\t\t\t<div  class=\"ms-slide\" data-delay=\"3\" data-fill-mode=\"fill\"  >\n\t\t\t\t\t<img decoding=\"async\" src=\"https:\/\/www.2x3.pl\/wp-content\/plugins\/master-slider\/public\/assets\/css\/blank.gif\" alt=\"Przymiary tablicowe (AS140). Paski magnetyczne na tylnej stronie.\" title=\"\" data-src=\"https:\/\/www.2x3.pl\/wp-content\/uploads\/2016\/10\/as140_8.jpg\" \/>\n\n\n\t<img decoding=\"async\" class=\"ms-thumb\" src=\"https:\/\/www.2x3.pl\/wp-content\/uploads\/2016\/10\/as140_8-100x80.jpg\" alt=\"Przymiary tablicowe (AS140). Paski magnetyczne na tylnej stronie.\" \/>\n\t<div class=\"ms-thumb\" ><div class=\"ms-tab-context\"><div class=\"&quot;ms-tab-context&quot;\"><\/div><\/div>\n<\/div>\n\t\t\t\t<\/div>\n\n\t\t\t<\/div>\n\t\t\t<!-- END MasterSlider Main -->\n\n\t\t\t \n\t\t<\/div>\n\t\t<!-- END MasterSlider -->\n\n\t\t<script>\n\t\t(function ( $ ) {\n\t\t\t\"use strict\";\n\n\t\t\t$(function () {\n\t\t\t\tvar masterslider_d3c5 = new MasterSlider();\n\n\t\t\t\t\/\/ slider controls\n\t\t\t\tmasterslider_d3c5.control('arrows'     ,{ autohide:true, overVideo:true  });\t\t\t\tmasterslider_d3c5.control('bullets'    ,{ autohide:true, overVideo:true, dir:'h', align:'bottom' , margin:10  });\n\n\t\t\t\tmasterslider_d3c5.control('thumblist'  ,{ autohide:false, overVideo:true, dir:'h', speed:17, inset:false, arrows:false, hover:false, customClass:'', align:'bottom',type:'thumbs', margin:10, width:100, height:80, space:5, fillMode:'fill'  });\n\t\t\t\t\/\/ slider setup\n\t\t\t\tmasterslider_d3c5.setup(\"MS69f03d79dd3c5\", {\n\t\t\t\t\t\twidth           : 600,\n\t\t\t\t\t\theight          : 450,\n\t\t\t\t\t\tminHeight       : 0,\n\t\t\t\t\t\tspace           : 0,\n\t\t\t\t\t\tstart           : 1,\n\t\t\t\t\t\tgrabCursor      : true,\n\t\t\t\t\t\tswipe           : true,\n\t\t\t\t\t\tmouse           : true,\n\t\t\t\t\t\tlayout          : \"boxed\",\n\t\t\t\t\t\twheel           : false,\n\t\t\t\t\t\tautoplay        : false,\n\t\t\t\t\t\tinstantStartLayers:false,\n\t\t\t\t\t\tloop            : false,\n\t\t\t\t\t\tshuffle         : false,\n\t\t\t\t\t\tpreload         : 0,\n\t\t\t\t\t\theightLimit     : true,\n\t\t\t\t\t\tautoHeight      : false,\n\t\t\t\t\t\tsmoothHeight    : true,\n\t\t\t\t\t\tendPause        : false,\n\t\t\t\t\t\toverPause       : true,\n\t\t\t\t\t\tfillMode        : \"fill\",\n\t\t\t\t\t\tcenterControls  : true,\n\t\t\t\t\t\tstartOnAppear   : false,\n\t\t\t\t\t\tlayersMode      : \"center\",\n\t\t\t\t\t\thideLayers      : false,\n\t\t\t\t\t\tfullscreenMargin: 0,\n\t\t\t\t\t\tspeed           : 20,\n\t\t\t\t\t\tdir             : \"h\",\n\t\t\t\t\t\tparallaxMode    : 'swipe',\n\t\t\t\t\t\tview            : \"basic\"\n\t\t\t\t});\n\n\t\t\t\t\n\t\t\t\twindow.masterslider_instances = window.masterslider_instances || [];\n\t\t\t\twindow.masterslider_instances.push( masterslider_d3c5 );\n\t\t\t });\n\n\t\t})(jQuery);\n\t\t<\/script>\n\n\n<p class=\"product-desc\">Wykonane z grubego, odpornego na zginanie spienionego PCV. Na spodniej stronie znajduj\u0105 si\u0119 magnesy umo\u017cliwiaj\u0105ce przytwierdzenie narz\u0119dzi do tablicy o powierzchni magnetycznej.<\/p>\n<p><strong>W zestawie:<\/strong> ekierka magnetyczna 60\u00b0, ekierka magnetyczna 45\u00b0, k\u0105tomierz magnetyczny, linijka magnetyczna 100 cm, cyrkiel z przyssawk\u0105 silikonow\u0105.<br \/>\n\n<table id=\"wp-table-reloaded-id-69-no-1\" class=\"wp-table-reloaded wp-table-reloaded-id-69\">\n<thead>\n\t<tr class=\"row-1 odd\">\n\t\t<th class=\"column-1\">2x3 Art. <\/th><th class=\"column-2\">Komplet \/ Pack<\/th><th class=\"column-3\">Waga \/ Weight<\/th><th class=\"column-4\">Dostawa \/ Delivery<\/th>\n\t<\/tr>\n<\/thead>\n<tbody class=\"row-hover\">\n\t<tr class=\"row-2 even\">\n\t\t<td class=\"column-1\">AS140<\/td><td class=\"column-2\">5<\/td><td class=\"column-3\">2,7<\/td><td class=\"column-4\">2 dni \/ 2 days<\/td>\n\t<\/tr>\n<\/tbody>\n<\/table>\n<\/p>\n<div class=\"product-card\"><a class=\"pdf-file-32\" href=\"https:\/\/www.2x3.pl\/pdf\/AS140.pdf\">Karta produktowa &#8211; AS140<\/a><\/div>\n<hr \/>\n<p><a id=\"czyscik-do-kredy\" name=\"czyscik-do-kredy\"><span class=\"product-code\">AS115<\/span><\/a><\/p>\n<h2>Wycierak do kredy<\/h2>\n<p><img loading=\"lazy\" decoding=\"async\" src=\"https:\/\/www.2x3.pl\/wp-content\/uploads\/2013\/05\/AS115_.jpg\" alt=\"czy\u015bcik do kredy\" width=\"600\" height=\"236\" class=\"aligncenter size-full wp-image-3667\" \/><\/p>\n<p class=\"product-desc\">Ergonomiczny kszta\u0142t, du\u017ca powierzchnia \u015bcieraj\u0105ca. Do wycierania na sucho.<\/p>\n\n<table id=\"wp-table-reloaded-id-70-no-1\" class=\"wp-table-reloaded wp-table-reloaded-id-70\">\n<thead>\n\t<tr class=\"row-1 odd\">\n\t\t<th class=\"column-1\">2x3 Art.<\/th><th class=\"column-2\">Komplet \/Pack<\/th><th class=\"column-3\">Waga \/ Weight<\/th><th class=\"column-4\">Dostawa \/ Delivery<\/th>\n\t<\/tr>\n<\/thead>\n<tbody class=\"row-hover\">\n\t<tr class=\"row-2 even\">\n\t\t<td class=\"column-1\">AS115<\/td><td class=\"column-2\">1<\/td><td class=\"column-3\">0,1<\/td><td class=\"column-4\">2 dni \/ 2 days<\/td>\n\t<\/tr>\n<\/tbody>\n<\/table>\n\n<div class=\"product-card\"><a class=\"pdf-file-32\" href=\"https:\/\/www.2x3.pl\/pdf\/AS115.pdf\">Karta produktowa &#8211; AS115<\/a><\/div>\n<hr \/>\n<p><a id=\"kreda\" name=\"kreda\"><span class=\"product-code\">AS132, AS133<\/span><\/a><\/p>\n<h2>Kreda bia\u0142a lub kolorowa<\/h2>\n<p><img loading=\"lazy\" decoding=\"async\" class=\"aligncenter size-full wp-image-1068\" title=\"AS132, AS133\" src=\"https:\/\/www.2x3.pl\/wp-content\/uploads\/2011\/05\/AS132_AS133.jpg\" alt=\"Kreda bia\u0142a \/ Kreda kolorowa\" width=\"500\" height=\"216\" srcset=\"https:\/\/www.2x3.pl\/wp-content\/uploads\/2011\/05\/AS132_AS133.jpg 500w, https:\/\/www.2x3.pl\/wp-content\/uploads\/2011\/05\/AS132_AS133-150x64.jpg 150w, https:\/\/www.2x3.pl\/wp-content\/uploads\/2011\/05\/AS132_AS133-300x129.jpg 300w\" sizes=\"auto, (max-width: 500px) 100vw, 500px\" \/><\/p>\n<p class=\"product-desc\">Kreda bia\u0142a okr\u0105g\u0142a lub kolorowa, ekologiczna, o \u015brednicy 10 mm. Ilo\u015b\u0107: 5 lasek.<\/p>\n\n<table id=\"wp-table-reloaded-id-71-no-1\" class=\"wp-table-reloaded wp-table-reloaded-id-71\">\n<thead>\n\t<tr class=\"row-1 odd\">\n\t\t<th class=\"column-1\">2x3 Art. <\/th><th class=\"column-2\">Rodzaj \/ Type<\/th><th class=\"column-3\">Komplet \/ Pack<\/th><th class=\"column-4\">Waga \/ Weight<\/th><th class=\"column-5\">Dostawa \/ Delivery<\/th>\n\t<\/tr>\n<\/thead>\n<tbody class=\"row-hover\">\n\t<tr class=\"row-2 even\">\n\t\t<td class=\"column-1\">AS132<\/td><td class=\"column-2\">bia\u0142a \/ white<\/td><td class=\"column-3\">5<\/td><td class=\"column-4\">0,2<\/td><td class=\"column-5\">2 dni \/ 2 days<\/td>\n\t<\/tr>\n\t<tr class=\"row-3 odd\">\n\t\t<td class=\"column-1\">AS132<\/td><td class=\"column-2\">kolorowa \/ coloured<\/td><td class=\"column-3\">5<\/td><td class=\"column-4\">0,2<\/td><td class=\"column-5\">2 dni \/ 2 days<\/td>\n\t<\/tr>\n<\/tbody>\n<\/table>\n\n<div class=\"product-card\"><a class=\"pdf-file-32\" href=\"https:\/\/www.2x3.pl\/pdf\/AS132_AS133.pdf\">Karta produktowa &#8211; AS132, AS133<\/a><\/div>\n<hr \/>\n<p><a id=\"zestaw-startowy-do-tablic-kredowych\" name=\"zestaw-startowy-do-tablic-kredowych\"><span class=\"product-code\">AS112<\/span><\/a><\/p>\n<h2>Zestaw startowy do tablic kredowych<\/h2>\n<p><img loading=\"lazy\" decoding=\"async\" src=\"https:\/\/www.2x3.pl\/wp-content\/uploads\/2013\/05\/AS112.jpg\" alt=\"Zestaw startowy do tablic kredowych\" width=\"600\" height=\"373\" class=\"aligncenter size-full wp-image-3855\" srcset=\"https:\/\/www.2x3.pl\/wp-content\/uploads\/2013\/05\/AS112.jpg 600w, https:\/\/www.2x3.pl\/wp-content\/uploads\/2013\/05\/AS112-100x62.jpg 100w, https:\/\/www.2x3.pl\/wp-content\/uploads\/2013\/05\/AS112-256x159.jpg 256w\" sizes=\"auto, (max-width: 600px) 100vw, 600px\" \/><\/p>\n<p class=\"product-desc\">Zestaw zawiera: wycierak do kredy, magnesy (10 szt.), 2 komplety kredy (bia\u0142ej i kolorowej \u2013 po 10 szt.).<\/p>\n\n<table id=\"wp-table-reloaded-id-220-no-1\" class=\"wp-table-reloaded wp-table-reloaded-id-220\">\n<thead>\n\t<tr class=\"row-1 odd\">\n\t\t<th class=\"column-1\">2x3 Art. <\/th><th class=\"column-2\">Komplet \/Pack<\/th><th class=\"column-3\">Waga\/Weight<\/th><th class=\"column-4\">Dostawa\/Delivery<\/th>\n\t<\/tr>\n<\/thead>\n<tbody class=\"row-hover\">\n\t<tr class=\"row-2 even\">\n\t\t<td class=\"column-1\">AS112<\/td><td class=\"column-2\">1<\/td><td class=\"column-3\">1,15<\/td><td class=\"column-4\">2 dni \/ 2days<\/td>\n\t<\/tr>\n<\/tbody>\n<\/table>\n\n<div class=\"product-card\"><a class=\"pdf-file-32\" href=\"https:\/\/www.2x3.pl\/pdf\/AS112.pdf\">Karta produktowa &#8211; AS112<\/a><\/div>\n<p><\/p>\n","protected":false},"excerpt":{"rendered":"","protected":false},"author":18,"featured_media":8957,"parent":37,"menu_order":0,"comment_status":"closed","ping_status":"closed","template":"","meta":{"ngg_post_thumbnail":0,"footnotes":""},"class_list":["post-212","page","type-page","status-publish","has-post-thumbnail","hentry"],"_links":{"self":[{"href":"https:\/\/www.2x3.pl\/pl\/wp-json\/wp\/v2\/pages\/212","targetHints":{"allow":["GET"]}}],"collection":[{"href":"https:\/\/www.2x3.pl\/pl\/wp-json\/wp\/v2\/pages"}],"about":[{"href":"https:\/\/www.2x3.pl\/pl\/wp-json\/wp\/v2\/types\/page"}],"author":[{"embeddable":true,"href":"https:\/\/www.2x3.pl\/pl\/wp-json\/wp\/v2\/users\/18"}],"replies":[{"embeddable":true,"href":"https:\/\/www.2x3.pl\/pl\/wp-json\/wp\/v2\/comments?post=212"}],"version-history":[{"count":1,"href":"https:\/\/www.2x3.pl\/pl\/wp-json\/wp\/v2\/pages\/212\/revisions"}],"predecessor-version":[{"id":15100,"href":"https:\/\/www.2x3.pl\/pl\/wp-json\/wp\/v2\/pages\/212\/revisions\/15100"}],"up":[{"embeddable":true,"href":"https:\/\/www.2x3.pl\/pl\/wp-json\/wp\/v2\/pages\/37"}],"wp:featuredmedia":[{"embeddable":true,"href":"https:\/\/www.2x3.pl\/pl\/wp-json\/wp\/v2\/media\/8957"}],"wp:attachment":[{"href":"https:\/\/www.2x3.pl\/pl\/wp-json\/wp\/v2\/media?parent=212"}],"curies":[{"name":"wp","href":"https:\/\/api.w.org\/{rel}","templated":true}]}}