{"id":2149,"date":"2016-05-11T11:24:03","date_gmt":"2016-05-11T09:24:03","guid":{"rendered":"http:\/\/www.2x3.pl\/?page_id=2149"},"modified":"2024-11-28T15:50:10","modified_gmt":"2024-11-28T14:50:10","slug":"esprit","status":"publish","type":"page","link":"https:\/\/www.2x3.pl\/pl\/oprogramowanie\/esprit\/","title":{"rendered":"Pobierz oprogramowanie \u00e9sprit"},"content":{"rendered":"\n<ul>\n<li>Instrukcja obs\u0142ugi PL &#8211; aktualizacja 17.10.2019: <a href=\"https:\/\/www.2x3.pl\/instrukcje\/Instrukcja_ESPRIT_pl.pdf\">PL <\/a><\/li>\n<li>Jak rozpozna\u0107 nasze tablice &#8211; aktualizacja 03.11.2023: <a href=\"https:\/\/www.2x3.pl\/instrukcje\/Esprit_opis_tablic.pdf\">Sprawd\u017a sw\u00f3j model<\/a><\/li>\n<li>Czy r\u00f3\u017cni si\u0119 oprogramowanie w wersji 1,2,3? &#8211; aktualizacja 17.10.2019: <a href=\"https:\/\/www.2x3.pl\/instrukcje\/Esprit_instalacja.pdf\">Instrukcja instalacji esprit<\/a><\/li>\n<\/ul>\n<hr>\n<p style=\"text-align: center;\"><span style=\"text-decoration: underline;\"><strong>Najnowsza wersja oprogramowania esprit! Esprit2 (wersja 1) &#8211; ClickOnce [03.11.2023]<\/strong><\/span><\/p>\n<p><a style=\"display: inline-block; padding: 30px 4px 30px 90px; background: url('https:\/\/www.2x3.pl\/wp-content\/themes\/2x3_2011\/images\/pobierz.png') no-repeat left; font-weight: bold; margin: 10px 0 10px 70px;\" title=\"Pobierz program \u00e9sprit 2\" href=\"https:\/\/dwanatrzy.home.pl\/software\/esprit\/update\/setup.exe\"> Pobierz: Esprit2 (wersja 1)<\/a><\/p>\n<p style=\"margin-left: 161px;\">Aktualna wersja: <strong>1.0.3.20 (nie wymaga klucza aktywacyjnego)<\/strong><\/p>\n<p><small>Dost\u0119pne j\u0119zyki interfejsu: polski, angielski, arabski, czeski, \u0142otewski, rosyjski, s\u0142owacki, niemiecki, francuski, litewski, ukrai\u0144ski.<\/small><br \/>\nAplikacja przeznaczona jest na komputery z systemem Windows 7, 8, 10, 11.<\/p>\n<p>Obs\u0142ugiwane tablice: esprit DT, Plus Pro, MT, MT Pro, MT Pro wersja 2, Mobile, ST, MT Pro Plus<\/p>\n<hr>\n<p style=\"text-align: center;\">&nbsp;<span style=\"text-decoration: underline;\"><strong>Najnowsza wersja oprogramowania esprit! Esprit2 (wersja 2) &#8211; Offline [05.03.2020]<\/strong><\/span><\/p>\n<p>Aby zainstalowa\u0107 oprogramowanie w tej wersji, nale\u017cy je pobra\u0107 klikaj\u0105c przycisk Pobierz: Esprit2 (wersja 2), a nast\u0119pnie zainstalowa\u0107 aplikacj\u0119 z pliku Setup.msi<span style=\"text-decoration: underline;\"><strong><br \/>\n<\/strong><br \/>\n<a style=\"display: inline-block; padding: 30px 4px 30px 90px; background: url('https:\/\/www.2x3.pl\/wp-content\/themes\/2x3_2011\/images\/pobierz.png') no-repeat left; font-weight: bold; margin: 10px 0 10px 70px;\" title=\"Pobierz program \u00e9sprit 2\" href=\"https:\/\/dwanatrzy.home.pl\/software\/esprit\/offline\/Setup.msi\">Pobierz: Esprit2 (wersja 2)<\/a><\/span><\/p>\n<p style=\"margin-left: 161px;\">Aktualna wersja: <strong>1.3.19 (nie wymaga klucza aktywacyjnego)<\/strong><\/p>\n<p><small>Dost\u0119pne j\u0119zyki interfejsu: polski, angielski, arabski, czeski, \u0142otewski, rosyjski, s\u0142owacki, niemiecki, francuski, litewski.<\/small><br \/>\nAplikacja przeznaczona jest na komputery z systemem Windows Vista, 7, 8, 10.<\/p>\n<p>Obs\u0142ugiwane tablice: esprit DT, Plus Pro, MT, MT Pro, Mobile, ST,&nbsp;MT Pro Plus<\/p>\n<hr>\n<p style=\"text-align: center;\"><strong><u>Starsza wersja oprogramowania esprit!<\/u><\/strong><\/p>\n<p><a style=\"display: inline-block; padding: 30px 4px 30px 90px; background: url('https:\/\/www.2x3.pl\/wp-content\/themes\/2x3_2011\/images\/pobierz.png') no-repeat left; font-weight: bold; margin: 10px 0 10px 70px;\" title=\"Pobierz program \u00e9sprit (129 MB)\" href=\"https:\/\/2x3.pl\/download\/esprit_setup.exe\"> Pobierz: esprit<\/a> (129 MB)<\/p>\n<p style=\"margin-left: 161px;\">Aktualna wersja: <strong>1.5.2.1<\/strong><\/p>\n<p><small>Dost\u0119pne j\u0119zyki interfejsu: angielski, arabski, czeski, \u0142otewski, polski, rosyjski, s\u0142owacki.<\/small><br \/>\nAplikacja przeznaczona jest na komputery z systemem Windows XP, Vista, 7.<\/p>\n<p><a class=\"pdf-file\" title=\"Pobierz plik PDF (1,24 MB)\" href=\"https:\/\/www.2x3.pl\/download\/esprit_instrukcja-obslugi.pdf\">Instrukcja obs\u0142ugi<\/a> (1,24 MB) [Inne wersje j\u0119zykowe: <a class=\"pdf-file\" title=\"\u00e9sprit - N\u00e1vod k obsluze\" href=\"https:\/\/www.2x3.pl\/download\/esprit_user-guide_cz.pdf\">CZ<\/a>, <a class=\"pdf-file\" title=\"\u00e9sprit - Operation manual\" href=\"https:\/\/www.2x3.pl\/download\/esprit_user-guide_en.pdf\">EN<\/a>, <a class=\"pdf-file\" title=\"\u00e9sprit - Mode d'emploi\" href=\"https:\/\/www.2x3.pl\/download\/esprit_user-guide_fr.pdf\">FR<\/a>, <a class=\"pdf-file\" title=\"\u00e9sprit - \u0418\u043d\u0441\u0442\u0440\u0443\u043a\u0446\u0438\u044f \u043f\u043e \u043e\u0431\u0441\u043b\u0443\u0436\u0438\u0432\u0430\u043d\u0438\u044e\" href=\"https:\/\/www.2x3.pl\/download\/esprit_user-guide_ru.pdf\">RU<\/a>, <a class=\"pdf-file\" title=\"\u00e9sprit - N\u00e1vod na obsluhu\" href=\"https:\/\/www.2x3.pl\/download\/esprit_user-guide_sk.pdf\">SK<\/a>]<\/p>\n<p>Obs\u0142ugiwane tablice: Esprit Plus<\/p>\n<p>Uwaga! Aby aktywowa\u0107 oprogramowanie nale\u017cy wys\u0142a\u0107 e-mail na adres: support@avsolutions.pl wraz z kodem umieszczonym na tylnej stronie tablicy.<\/p>\n<p><\/p>\n","protected":false},"excerpt":{"rendered":"","protected":false},"author":18,"featured_media":2159,"parent":2138,"menu_order":0,"comment_status":"closed","ping_status":"closed","template":"","meta":{"ngg_post_thumbnail":0,"footnotes":""},"class_list":["post-2149","page","type-page","status-publish","has-post-thumbnail","hentry"],"_links":{"self":[{"href":"https:\/\/www.2x3.pl\/pl\/wp-json\/wp\/v2\/pages\/2149","targetHints":{"allow":["GET"]}}],"collection":[{"href":"https:\/\/www.2x3.pl\/pl\/wp-json\/wp\/v2\/pages"}],"about":[{"href":"https:\/\/www.2x3.pl\/pl\/wp-json\/wp\/v2\/types\/page"}],"author":[{"embeddable":true,"href":"https:\/\/www.2x3.pl\/pl\/wp-json\/wp\/v2\/users\/18"}],"replies":[{"embeddable":true,"href":"https:\/\/www.2x3.pl\/pl\/wp-json\/wp\/v2\/comments?post=2149"}],"version-history":[{"count":2,"href":"https:\/\/www.2x3.pl\/pl\/wp-json\/wp\/v2\/pages\/2149\/revisions"}],"predecessor-version":[{"id":15094,"href":"https:\/\/www.2x3.pl\/pl\/wp-json\/wp\/v2\/pages\/2149\/revisions\/15094"}],"up":[{"embeddable":true,"href":"https:\/\/www.2x3.pl\/pl\/wp-json\/wp\/v2\/pages\/2138"}],"wp:featuredmedia":[{"embeddable":true,"href":"https:\/\/www.2x3.pl\/pl\/wp-json\/wp\/v2\/media\/2159"}],"wp:attachment":[{"href":"https:\/\/www.2x3.pl\/pl\/wp-json\/wp\/v2\/media?parent=2149"}],"curies":[{"name":"wp","href":"https:\/\/api.w.org\/{rel}","templated":true}]}}