{"id":2217,"date":"2014-09-10T10:25:13","date_gmt":"2014-09-10T08:25:13","guid":{"rendered":"http:\/\/www.2x3.pl\/?page_id=2217"},"modified":"2024-11-28T08:34:08","modified_gmt":"2024-11-28T07:34:08","slug":"logotypy","status":"publish","type":"page","link":"https:\/\/www.2x3.pl\/pl\/pobierz\/logotypy\/","title":{"rendered":"Logotypy"},"content":{"rendered":"<p>Poni\u017csza tabela zawiera komplet plik\u00f3w graficznych, wektorowych, w uniwersalnym formacie PDF; przygotowanych specjalnie do pobierania i \u0142atwego importowania w programach graficznych.<br \/>\n<small>[Wersja PDF: 1.3 (Acrobat 4) jest kompatybilna ze wszystkimi powszechnie stosowanymi programami do grafiki 2D i sk\u0142adu (DTP), np. Adobe InDesign, Adobe Illustrator, QuarkXPress, CorelDRAW \u2013 tak\u017ce we wczesnych wersjach.]<\/small><br \/>\n<strong>Dokumentacja kolorystyczna<\/strong> okre\u015bla warto\u015bci w modelach <strong>CMYK<\/strong> i <strong>RGB<\/strong>, a tak\u017ce numery kolor\u00f3w w paletach <strong>PANTONE<\/strong> oraz <strong>RAL<\/strong>.<\/p>\n<p>Uwaga: W programach biurowych (MS Office czy OpenOffice) polecamy wstawianie pliku rastrowego (obrazkowego), kt\u00f3ry tutaj dost\u0119pny jest po klikni\u0119ciu w obrazek miniatury.<br \/>\n<small>[Format PNG z przezroczystym t\u0142em.]<\/small><\/p>\n<p>\n<table id=\"wp-table-reloaded-id-202-no-1\" class=\"wp-table-reloaded wp-table-reloaded-id-202\">\n<thead>\n\t<tr class=\"row-1 odd\">\n\t\t<th colspan=\"2\" class=\"column-1 colspan-2\">Image (PNG transp.)  |  Swatch<\/th><th class=\"column-3\">Color Models<\/th><th class=\"column-4\">Color Palettes<\/th><th class=\"column-5\">PDF CMYK<\/th><th class=\"column-6\">PDF PANTONE<\/th>\n\t<\/tr>\n<\/thead>\n<tbody>\n\t<tr class=\"row-2 even\">\n\t\t<td rowspan=\"4\" class=\"column-1 rowspan-4\"><a title=\"2x3 - The Boards&rsquo; Company\"  href=\"https:\/\/www.2x3.pl\/wp-content\/uploads\/2013\/01\/logo_2x3_the-boards-company.png\"><img loading=\"lazy\" decoding=\"async\" src=\"https:\/\/www.2x3.pl\/wp-content\/uploads\/2013\/01\/logo_2x3_the-boards-company.png\" alt=\"2x3 The Boards Company\" width=\"100\" height=\"57\" \/><\/a><\/td><td rowspan=\"2\" class=\"column-2 rowspan-2\"><div class=\"swatch\" style=\"background-color:#83929b\"><\/div><\/td><td class=\"column-3\">CMYK: 20 0 0 50<\/td><td class=\"column-4\">PANTONE&nbsp;7544<\/td><td rowspan=\"4\" class=\"column-5 rowspan-4\"><a title=\"Download CMYK PDF\" class=\"pdf\" href=\"https:\/\/www.2x3.pl\/pdf\/logo_2x3_the-boards-company_cmyk.pdf\">Pobierz<\/a><\/td><td rowspan=\"4\" class=\"column-6 rowspan-4\"><a title=\"Download PANTONE PDF\" class=\"pdf\" href=\"https:\/\/www.2x3.pl\/pdf\/logo_2x3_the-boards-company_pantone.pdf\">Pobierz<\/a><\/td>\n\t<\/tr>\n\t<tr class=\"row-3 odd\">\n\t\t<td class=\"column-3\">RGB: #83929B<\/td><td class=\"column-4\">RAL 7000<\/td>\n\t<\/tr>\n\t<tr class=\"row-4 even\">\n\t\t<td rowspan=\"2\" class=\"column-2 rowspan-2\"><div class=\"swatch\" style=\"background-color:#c10a27\"><\/div><\/td><td class=\"column-3\">CMYK:&nbsp;0&nbsp;100&nbsp;79&nbsp;20<\/td><td class=\"column-4\">PANTONE 187<\/td>\n\t<\/tr>\n\t<tr class=\"row-5 odd\">\n\t\t<td class=\"column-3\">RGB: #C10A27<\/td><td class=\"column-4\">RAL 3002<\/td>\n\t<\/tr>\n\t<tr class=\"row-6 even\">\n\t\t<td rowspan=\"2\" class=\"column-1 rowspan-2\"><a title=\"StarBoard\"  href=\"https:\/\/www.2x3.pl\/wp-content\/uploads\/2012\/01\/logo_starboard_2x3.png\"><img loading=\"lazy\" decoding=\"async\" src=\"https:\/\/www.2x3.pl\/wp-content\/uploads\/2012\/01\/logo_starboard_2x3.png\" alt=\"Starboard\" width=\"120\" height=\"42\" \/><\/a><\/td><td rowspan=\"2\" class=\"column-2 rowspan-2\"><div class=\"swatch\" style=\"background-color:#83929b\"><\/div><\/td><td class=\"column-3\">CMYK: 20 0 0 50<\/td><td class=\"column-4\">PANTONE&nbsp;7544<\/td><td rowspan=\"2\" class=\"column-5 rowspan-2\"><a title=\"Download CMYK PDF\" class=\"pdf\" href=\"https:\/\/www.2x3.pl\/pdf\/logo_starboard_2x3_cmyk.pdf\">Pobierz<\/a><\/td><td rowspan=\"2\" class=\"column-6 rowspan-2\"><a title=\"Download PANTONE PDF\" class=\"pdf\" href=\"https:\/\/www.2x3.pl\/pdf\/logo_starboard_2x3_pantone.pdf\">Pobierz<\/a><\/td>\n\t<\/tr>\n\t<tr class=\"row-7 odd\">\n\t\t<td class=\"column-3\">RGB: #83929B<\/td><td class=\"column-4\">RAL 7000<\/td>\n\t<\/tr>\n\t<tr class=\"row-8 even\">\n\t\t<td rowspan=\"2\" class=\"column-1 rowspan-2\"><a title=\"ecoBoards\" href=\"https:\/\/www.2x3.pl\/wp-content\/uploads\/2013\/01\/logo_eco-boards_2x3.png\"><img loading=\"lazy\" decoding=\"async\" src=\"https:\/\/www.2x3.pl\/wp-content\/uploads\/2013\/01\/logo_eco-boards_2x3.png\" alt=\"ecoBoards\" width=\"120\" height=\"33\" \/><\/a><\/td><td rowspan=\"2\" class=\"column-2 rowspan-2\"><div class=\"swatch\" style=\"background-color:#50a438\"><\/div><\/td><td class=\"column-3\">CMYK: 70 0 100 9<\/td><td class=\"column-4\">PANTONE 362<\/td><td rowspan=\"2\" class=\"column-5 rowspan-2\"><a title=\"Download CMYK PDF\" class=\"pdf\" href=\"https:\/\/www.2x3.pl\/pdf\/logo_eco-boards_2x3_cmyk.pdf\">Pobierz<\/a><\/td><td rowspan=\"2\" class=\"column-6 rowspan-2\"><a title=\"Download PANTONE PDF\" class=\"pdf\" href=\"https:\/\/www.2x3.pl\/pdf\/logo_eco-boards_2x3_pantone.pdf\">Pobierz<\/a><\/td>\n\t<\/tr>\n\t<tr class=\"row-9 odd\">\n\t\t<td class=\"column-3\">RGB: #50A438<\/td><td class=\"column-4\">RAL 6018<\/td>\n\t<\/tr>\n\t<tr class=\"row-10 even\">\n\t\t<td rowspan=\"4\" class=\"column-1 rowspan-4\"><a title=\"\u00e9sprit plus PRO\"  href=\"https:\/\/www.2x3.pl\/wp-content\/uploads\/2014\/09\/logo_esprit-plus-pro_2x3.png\"><img loading=\"lazy\" decoding=\"async\" src=\"https:\/\/www.2x3.pl\/wp-content\/uploads\/2014\/09\/logo_esprit-plus-pro_2x3.png\" alt=\"esprit plus PRO\" width=\"120\" height=\"28\" \/><\/a><\/td><td rowspan=\"2\" class=\"column-2 rowspan-2\"><div class=\"swatch\" style=\"background-color:#4B5C66\"><\/div><\/td><td class=\"column-3\">CMYK: 33 0 0 72 <\/td><td class=\"column-4\">PANTONE&nbsp;7546<\/td><td rowspan=\"4\" class=\"column-5 rowspan-4\"><a title=\"Download CMYK PDF\" class=\"pdf\" href=\"https:\/\/www.2x3.pl\/pdf\/logo_esprit-plus-pro_2x3_cmyk.pdf\">Pobierz<\/a><\/td><td rowspan=\"4\" class=\"column-6 rowspan-4\"><a title=\"Download PANTONE PDF\" class=\"pdf\" href=\"https:\/\/www.2x3.pl\/pdf\/logo_esprit-plus-pro_2x3_pantone.pdf\">Pobierz<\/a><\/td>\n\t<\/tr>\n\t<tr class=\"row-11 odd\">\n\t\t<td class=\"column-3\">RGB: #4B5C66<\/td><td class=\"column-4\">RAL 7024<\/td>\n\t<\/tr>\n\t<tr class=\"row-12 even\">\n\t\t<td rowspan=\"2\" class=\"column-2 rowspan-2\"><div class=\"swatch\" style=\"background-color:#ff5100\"><\/div><\/td><td class=\"column-3\">CMYK: 0 71 90 0<\/td><td class=\"column-4\">PANTONE 021<\/td>\n\t<\/tr>\n\t<tr class=\"row-13 odd\">\n\t\t<td class=\"column-3\">RGB: #FF5100<\/td><td class=\"column-4\">RAL 2009<\/td>\n\t<\/tr>\n\t<tr class=\"row-14 even\">\n\t\t<td rowspan=\"4\" class=\"column-1 rowspan-4\"><a title=\"\u00e9sprit Dual Touch\" href=\"https:\/\/www.2x3.pl\/wp-content\/uploads\/2013\/08\/logo_esprit-dt_2x3.png\"><img loading=\"lazy\" decoding=\"async\" src=\"https:\/\/www.2x3.pl\/wp-content\/uploads\/2013\/08\/logo_esprit-dt_2x3.png\" alt=\"esprit DT\" width=\"110\" height=\"29\" \/><\/a><\/td><td rowspan=\"2\" class=\"column-2 rowspan-2\"><div class=\"swatch\" style=\"background-color:#4B5C66\"><\/div><\/td><td class=\"column-3\">CMYK: 33 0 0 72 <\/td><td class=\"column-4\">PANTONE&nbsp;7546<\/td><td rowspan=\"4\" class=\"column-5 rowspan-4\"><a title=\"Download CMYK PDF\" class=\"pdf\" href=\"https:\/\/www.2x3.pl\/pdf\/logo_esprit-dt_2x3_cmyk.pdf\">Pobierz<\/a><\/td><td rowspan=\"4\" class=\"column-6 rowspan-4\"><a title=\"Download PANTONE PDF\" class=\"pdf\" href=\"https:\/\/www.2x3.pl\/pdf\/logo_esprit-dt_2x3_pantone.pdf\">Pobierz<\/a><\/td>\n\t<\/tr>\n\t<tr class=\"row-15 odd\">\n\t\t<td class=\"column-3\">RGB: #4B5C66<\/td><td class=\"column-4\">RAL 7024<\/td>\n\t<\/tr>\n\t<tr class=\"row-16 even\">\n\t\t<td rowspan=\"2\" class=\"column-2 rowspan-2\"><div class=\"swatch\" style=\"background-color:#ff5100\"><\/div><\/td><td class=\"column-3\">CMYK: 0 71 90 0<\/td><td class=\"column-4\">PANTONE 021<\/td>\n\t<\/tr>\n\t<tr class=\"row-17 odd\">\n\t\t<td class=\"column-3\">RGB: #FF5100<\/td><td class=\"column-4\">RAL 2009<\/td>\n\t<\/tr>\n\t<tr class=\"row-18 even\">\n\t\t<td rowspan=\"4\" class=\"column-1 rowspan-4\"><a title=\"\u00e9sprit Multi Touch\" href=\"https:\/\/www.2x3.pl\/wp-content\/uploads\/2014\/01\/logo_esprit-mt_2x3.png\"><img loading=\"lazy\" decoding=\"async\" src=\"https:\/\/www.2x3.pl\/wp-content\/uploads\/2014\/01\/logo_esprit-mt_2x3.png\" alt=\"esprit MT\" width=\"115\" height=\"28\" \/><\/a><\/td><td rowspan=\"2\" class=\"column-2 rowspan-2\"><div class=\"swatch\" style=\"background-color:#4B5C66\"><\/div><\/td><td class=\"column-3\">CMYK: 33 0 0 72 <\/td><td class=\"column-4\">PANTONE&nbsp;7546<\/td><td rowspan=\"4\" class=\"column-5 rowspan-4\"><a title=\"Download CMYK PDF\" class=\"pdf\" href=\"https:\/\/www.2x3.pl\/pdf\/logo_esprit-mt_2x3_cmyk.pdf\">Pobierz<\/a><\/td><td rowspan=\"4\" class=\"column-6 rowspan-4\"><a title=\"Download PANTONE PDF\" class=\"pdf\" href=\"https:\/\/www.2x3.pl\/pdf\/logo_esprit-mt_2x3_pantone.pdf\">Pobierz<\/a><\/td>\n\t<\/tr>\n\t<tr class=\"row-19 odd\">\n\t\t<td class=\"column-3\">RGB: #4B5C66<\/td><td class=\"column-4\">RAL 7024<\/td>\n\t<\/tr>\n\t<tr class=\"row-20 even\">\n\t\t<td rowspan=\"2\" class=\"column-2 rowspan-2\"><div class=\"swatch\" style=\"background-color:#ff5100\"><\/div><\/td><td class=\"column-3\">CMYK: 0 71 90 0<\/td><td class=\"column-4\">PANTONE 021<\/td>\n\t<\/tr>\n\t<tr class=\"row-21 odd\">\n\t\t<td class=\"column-3\">RGB: #FF5100<\/td><td class=\"column-4\">RAL 2009<\/td>\n\t<\/tr>\n\t<tr class=\"row-22 even\">\n\t\t<td rowspan=\"4\" class=\"column-1 rowspan-4\"><a title=\"\u00e9sprit Single Touch\" href=\"https:\/\/www.2x3.pl\/images\/interactive\/logo-st2.png\"><img loading=\"lazy\" decoding=\"async\" src=\"https:\/\/www.2x3.pl\/images\/interactive\/logo-st2.png\" alt=\"esprit ST\" width=\"115\" height=\"40\" \/><\/a><\/td><td rowspan=\"2\" class=\"column-2 rowspan-2\"><div class=\"swatch\" style=\"background-color:#4B5C66\"><\/div><\/td><td class=\"column-3\">CMYK: 33 0 0 72 <\/td><td class=\"column-4\">PANTONE&nbsp;7546<\/td><td rowspan=\"4\" class=\"column-5 rowspan-4\"><a title=\"Download CMYK PDF\" class=\"pdf\" href=\"https:\/\/www.2x3.pl\/pdf\/llogo_esprit-st_2x3_cmyk.pdf\">Pobierz<\/a><\/td><td rowspan=\"4\" class=\"column-6 rowspan-4\"><a title=\"Download PANTONE PDF\" class=\"pdf\" href=\"https:\/\/www.2x3.pl\/pdf\/logo_esprit-st_2x3_pantone.pdf\">Pobierz<\/a><\/td>\n\t<\/tr>\n\t<tr class=\"row-23 odd\">\n\t\t<td class=\"column-3\">RGB: #4B5C66<\/td><td class=\"column-4\">RAL 7024<\/td>\n\t<\/tr>\n\t<tr class=\"row-24 even\">\n\t\t<td rowspan=\"2\" class=\"column-2 rowspan-2\"><div class=\"swatch\" style=\"background-color:#ff5100\"><\/div><\/td><td class=\"column-3\">CMYK: 0 71 90 0<\/td><td class=\"column-4\">PANTONE 021<\/td>\n\t<\/tr>\n\t<tr class=\"row-25 odd\">\n\t\t<td class=\"column-3\">RGB: #FF5100<\/td><td class=\"column-4\">RAL 2009<\/td>\n\t<\/tr>\n\t<tr class=\"row-26 even\">\n\t\t<td rowspan=\"4\" class=\"column-1 rowspan-4\"><a title=\"\u00e9sprit Multi Touch Pro\" href=\"https:\/\/www.2x3.pl\/images\/interactive\/logo-st2.png\"><img loading=\"lazy\" decoding=\"async\" src=\"https:\/\/www.2x3.pl\/images\/interactive\/mtpro.png\" alt=\"esprit MT Pro\" width=\"115\" height=\"40\" \/><\/a><\/td><td rowspan=\"2\" class=\"column-2 rowspan-2\"><div class=\"swatch\" style=\"background-color:#4B5C66\"><\/div><\/td><td class=\"column-3\">CMYK: 33 0 0 72 <\/td><td class=\"column-4\">PANTONE&nbsp;7546<\/td><td rowspan=\"4\" class=\"column-5 rowspan-4\"><a title=\"Download CMYK PDF\" class=\"pdf\" href=\"https:\/\/www.2x3.pl\/pdf\/logo_esprit-mt_pro.pdf\">Pobierz<\/a><\/td><td rowspan=\"4\" class=\"column-6 rowspan-4\"><a title=\"Download PANTONE PDF\" class=\"pdf\" href=\"https:\/\/www.2x3.pl\/pdf\/logo_esprit-mt_PANTONE.pdf\">Pobierz<\/a><\/td>\n\t<\/tr>\n\t<tr class=\"row-27 odd\">\n\t\t<td class=\"column-3\">RGB: #4B5C66<\/td><td class=\"column-4\">RAL 7024<\/td>\n\t<\/tr>\n\t<tr class=\"row-28 even\">\n\t\t<td rowspan=\"2\" class=\"column-2 rowspan-2\"><div class=\"swatch\" style=\"background-color:#ff5100\"><\/div><\/td><td class=\"column-3\">CMYK: 0 71 90 0<\/td><td class=\"column-4\">PANTONE 021<\/td>\n\t<\/tr>\n\t<tr class=\"row-29 odd\">\n\t\t<td class=\"column-3\">RGB: #FF5100<\/td><td class=\"column-4\">RAL 2009<\/td>\n\t<\/tr>\n<\/tbody>\n<\/table>\n<br \/>\n<\/p>\n","protected":false},"excerpt":{"rendered":"","protected":false},"author":18,"featured_media":0,"parent":2075,"menu_order":0,"comment_status":"closed","ping_status":"closed","template":"","meta":{"ngg_post_thumbnail":0,"footnotes":""},"class_list":["post-2217","page","type-page","status-publish","hentry"],"_links":{"self":[{"href":"https:\/\/www.2x3.pl\/pl\/wp-json\/wp\/v2\/pages\/2217","targetHints":{"allow":["GET"]}}],"collection":[{"href":"https:\/\/www.2x3.pl\/pl\/wp-json\/wp\/v2\/pages"}],"about":[{"href":"https:\/\/www.2x3.pl\/pl\/wp-json\/wp\/v2\/types\/page"}],"author":[{"embeddable":true,"href":"https:\/\/www.2x3.pl\/pl\/wp-json\/wp\/v2\/users\/18"}],"replies":[{"embeddable":true,"href":"https:\/\/www.2x3.pl\/pl\/wp-json\/wp\/v2\/comments?post=2217"}],"version-history":[{"count":3,"href":"https:\/\/www.2x3.pl\/pl\/wp-json\/wp\/v2\/pages\/2217\/revisions"}],"predecessor-version":[{"id":14989,"href":"https:\/\/www.2x3.pl\/pl\/wp-json\/wp\/v2\/pages\/2217\/revisions\/14989"}],"up":[{"embeddable":true,"href":"https:\/\/www.2x3.pl\/pl\/wp-json\/wp\/v2\/pages\/2075"}],"wp:attachment":[{"href":"https:\/\/www.2x3.pl\/pl\/wp-json\/wp\/v2\/media?parent=2217"}],"curies":[{"name":"wp","href":"https:\/\/api.w.org\/{rel}","templated":true}]}}