{"id":244,"date":"2014-01-06T10:07:55","date_gmt":"2014-01-06T09:07:55","guid":{"rendered":"http:\/\/www.2x3.pl\/?page_id=244"},"modified":"2024-11-28T15:31:32","modified_gmt":"2024-11-28T14:31:32","slug":"tablice-suchoscieralne","status":"publish","type":"page","link":"https:\/\/www.2x3.pl\/pl\/ecoboards\/tablice-suchoscieralne\/","title":{"rendered":"Tablice sucho\u015bcieralne"},"content":{"rendered":"<p><br \/>\n<a id=\"w-ramie-drewnianej\" name=\"w-ramie-drewnianej\"><span class=\"product-code\">TS\/C<\/span><\/a><\/p>\n<h2>Tablica sucho\u015bcieralna w ramie drewnianej<\/h2>\n<p><img loading=\"lazy\" decoding=\"async\" src=\"https:\/\/www.2x3.pl\/wp-content\/uploads\/2011\/05\/TS_C.jpg\" alt=\"Tablica sucho\u015bcieralna magnetyczna w ramie drewnianej\" title=\"TS\/C\" width=\"600\" height=\"440\" class=\"aligncenter size-full wp-image-1817\" srcset=\"https:\/\/www.2x3.pl\/wp-content\/uploads\/2011\/05\/TS_C.jpg 600w, https:\/\/www.2x3.pl\/wp-content\/uploads\/2011\/05\/TS_C-150x110.jpg 150w, https:\/\/www.2x3.pl\/wp-content\/uploads\/2011\/05\/TS_C-300x220.jpg 300w\" sizes=\"auto, (max-width: 600px) 100vw, 600px\" \/><\/p>\n<hr>\n\n\t\t<!-- MasterSlider -->\n\t\t<div id=\"P_MS69edc96855fe5\" class=\"master-slider-parent msl ms-parent-id-54\" style=\"max-width:600px;\">\n\n\t\t\t\n\t\t\t<!-- MasterSlider Main -->\n\t\t\t<div id=\"MS69edc96855fe5\" class=\"master-slider ms-skin-default\" >\n\t\t\t\t \t\t\t\t \n\t\t\t\t<div  class=\"ms-slide\" data-delay=\"3\" data-fill-mode=\"fill\"  >\n\t\t\t\t\t<img decoding=\"async\" src=\"https:\/\/www.2x3.pl\/wp-content\/plugins\/master-slider\/public\/assets\/css\/blank.gif\" alt=\"ts\/c\" title=\"\" data-src=\"https:\/\/www.2x3.pl\/wp-content\/uploads\/2016\/10\/ts_det3.jpg\" \/>\n\n\n\t<img decoding=\"async\" class=\"ms-thumb\" src=\"https:\/\/www.2x3.pl\/wp-content\/uploads\/2016\/10\/ts_det3-100x80.jpg\" alt=\"ts\/c\" \/>\n\t<div class=\"ms-thumb\" ><div class=\"ms-tab-context\"><div class=\"&quot;ms-tab-context&quot;\"><\/div><\/div>\n<\/div>\n\t\t\t\t<\/div>\n\t\t\t\t<div  class=\"ms-slide\" data-delay=\"3\" data-fill-mode=\"fill\"  >\n\t\t\t\t\t<img decoding=\"async\" src=\"https:\/\/www.2x3.pl\/wp-content\/plugins\/master-slider\/public\/assets\/css\/blank.gif\" alt=\"ts\/c\" title=\"\" data-src=\"https:\/\/www.2x3.pl\/wp-content\/uploads\/2016\/10\/ts_det1.jpg\" \/>\n\n\n\t<img decoding=\"async\" class=\"ms-thumb\" src=\"https:\/\/www.2x3.pl\/wp-content\/uploads\/2016\/10\/ts_det1-100x80.jpg\" alt=\"ts\/c\" \/>\n\t<div class=\"ms-thumb\" ><div class=\"ms-tab-context\"><div class=\"&quot;ms-tab-context&quot;\"><\/div><\/div>\n<\/div>\n\t\t\t\t<\/div>\n\t\t\t\t<div  class=\"ms-slide\" data-delay=\"3\" data-fill-mode=\"fill\"  >\n\t\t\t\t\t<img decoding=\"async\" src=\"https:\/\/www.2x3.pl\/wp-content\/plugins\/master-slider\/public\/assets\/css\/blank.gif\" alt=\"ts\/c\" title=\"\" data-src=\"https:\/\/www.2x3.pl\/wp-content\/uploads\/2016\/10\/ts_det2.jpg\" \/>\n\n\n\t<img decoding=\"async\" class=\"ms-thumb\" src=\"https:\/\/www.2x3.pl\/wp-content\/uploads\/2016\/10\/ts_det2-100x80.jpg\" alt=\"ts\/c\" \/>\n\t<div class=\"ms-thumb\" ><div class=\"ms-tab-context\"><div class=\"&quot;ms-tab-context&quot;\"><\/div><\/div>\n<\/div>\n\t\t\t\t<\/div>\n\n\t\t\t<\/div>\n\t\t\t<!-- END MasterSlider Main -->\n\n\t\t\t \n\t\t<\/div>\n\t\t<!-- END MasterSlider -->\n\n\t\t<script>\n\t\t(function ( $ ) {\n\t\t\t\"use strict\";\n\n\t\t\t$(function () {\n\t\t\t\tvar masterslider_5fe5 = new MasterSlider();\n\n\t\t\t\t\/\/ slider controls\n\t\t\t\tmasterslider_5fe5.control('arrows'     ,{ autohide:true, overVideo:true  });\t\t\t\tmasterslider_5fe5.control('bullets'    ,{ autohide:true, overVideo:true, dir:'h', align:'bottom' , margin:10  });\n\n\t\t\t\tmasterslider_5fe5.control('thumblist'  ,{ autohide:false, overVideo:true, dir:'h', speed:17, inset:false, arrows:false, hover:false, customClass:'', align:'bottom',type:'thumbs', margin:10, width:100, height:80, space:5, fillMode:'fill'  });\n\t\t\t\t\/\/ slider setup\n\t\t\t\tmasterslider_5fe5.setup(\"MS69edc96855fe5\", {\n\t\t\t\t\t\twidth           : 600,\n\t\t\t\t\t\theight          : 450,\n\t\t\t\t\t\tminHeight       : 0,\n\t\t\t\t\t\tspace           : 0,\n\t\t\t\t\t\tstart           : 1,\n\t\t\t\t\t\tgrabCursor      : true,\n\t\t\t\t\t\tswipe           : true,\n\t\t\t\t\t\tmouse           : true,\n\t\t\t\t\t\tlayout          : \"boxed\",\n\t\t\t\t\t\twheel           : false,\n\t\t\t\t\t\tautoplay        : false,\n\t\t\t\t\t\tinstantStartLayers:false,\n\t\t\t\t\t\tloop            : false,\n\t\t\t\t\t\tshuffle         : false,\n\t\t\t\t\t\tpreload         : 0,\n\t\t\t\t\t\theightLimit     : true,\n\t\t\t\t\t\tautoHeight      : false,\n\t\t\t\t\t\tsmoothHeight    : true,\n\t\t\t\t\t\tendPause        : false,\n\t\t\t\t\t\toverPause       : true,\n\t\t\t\t\t\tfillMode        : \"fill\",\n\t\t\t\t\t\tcenterControls  : true,\n\t\t\t\t\t\tstartOnAppear   : false,\n\t\t\t\t\t\tlayersMode      : \"center\",\n\t\t\t\t\t\thideLayers      : false,\n\t\t\t\t\t\tfullscreenMargin: 0,\n\t\t\t\t\t\tspeed           : 20,\n\t\t\t\t\t\tdir             : \"h\",\n\t\t\t\t\t\tparallaxMode    : 'swipe',\n\t\t\t\t\t\tview            : \"basic\"\n\t\t\t\t});\n\n\t\t\t\t\n\t\t\t\twindow.masterslider_instances = window.masterslider_instances || [];\n\t\t\t\twindow.masterslider_instances.push( masterslider_5fe5 );\n\t\t\t });\n\n\t\t})(jQuery);\n\t\t<\/script>\n\n\n<p class=\"product-purpose\"><strong>Zastosowanie:<\/strong> Tablica znajduje idealne zastosowanie w ma\u0142ym biurze lub w domu. Niesie r\u00f3wnie\u017c wiele korzy\u015bci dla Twojego dziecka &#8211; jest pomocna w nauce, zabawie, a tak\u017ce rozwija zdolno\u015bci manualne!<\/p>\n<p class=\"product-desc\">Tablica bia\u0142a sucho\u015bcieralna lakierowana o w\u0142a\u015bciwo\u015bciach magnetycznych, oprawiona w eleganck\u0105 ram\u0119 z litego drewna sosnowego. Wyj\u0105tkowo \u0142atwa i szybka w monta\u017cu. Istnieje mo\u017cliwo\u015b\u0107 zawieszenia tablicy zar\u00f3wno w pionie, jak i w poziomie. Do samodzielnego monta\u017cu.<br \/>\n<strong>W zestawie<\/strong>: marker, 3 magnesy (\u00d8&nbsp;20&nbsp;mm) oraz elementy mocuj\u0105ce.<\/p>\n<p><img loading=\"lazy\" decoding=\"async\" src=\"https:\/\/www.2x3.pl\/wp-content\/uploads\/2011\/05\/TS__TC1.png\" alt=\"Tablica w ramie drewnianej - rys. techn. - wymiary\" title=\"TS\/C\" width=\"600\" height=\"180\" class=\"aligncenter size-full wp-image-1818\" srcset=\"https:\/\/www.2x3.pl\/wp-content\/uploads\/2011\/05\/TS__TC1.png 600w, https:\/\/www.2x3.pl\/wp-content\/uploads\/2011\/05\/TS__TC1-150x45.png 150w, https:\/\/www.2x3.pl\/wp-content\/uploads\/2011\/05\/TS__TC1-300x90.png 300w\" sizes=\"auto, (max-width: 600px) 100vw, 600px\" \/>\n<table id=\"wp-table-reloaded-id-136-no-1\" class=\"wp-table-reloaded wp-table-reloaded-id-136\">\n<thead>\n\t<tr class=\"row-1 odd\">\n\t\t<th class=\"column-1\"><\/th><th class=\"column-2\">2x3 Art. <\/th><th class=\"column-3\">Wymiary \/ Size<\/th><th class=\"column-4\">Komplet \/ pack<\/th><th class=\"column-5\">Waga \/ weight<\/th><th class=\"column-6\">Dostawa \/ delivery<\/th>\n\t<\/tr>\n<\/thead>\n<tbody class=\"row-hover\">\n\t<tr class=\"row-2 even\">\n\t\t<td class=\"column-1\">lakierowana \/ laquered<\/td><td class=\"column-2\">TS34\/C<\/td><td class=\"column-3\">40&nbsp;\u00d7&nbsp;30<\/td><td class=\"column-4\">1<\/td><td class=\"column-5\">0,6<\/td><td class=\"column-6\">2 dni \/ 2 days<\/td>\n\t<\/tr>\n\t<tr class=\"row-3 odd\">\n\t\t<td class=\"column-1\">lakierowana \/ laquered<\/td><td class=\"column-2\">TS64\/C<\/td><td class=\"column-3\">60&nbsp;\u00d7&nbsp;40<\/td><td class=\"column-4\">1<\/td><td class=\"column-5\">1,3<\/td><td class=\"column-6\">2 dni \/ 2 days<\/td>\n\t<\/tr>\n\t<tr class=\"row-4 even\">\n\t\t<td class=\"column-1\">lakierowana \/ laquered<\/td><td class=\"column-2\">TS86\/C<\/td><td class=\"column-3\">80&nbsp;\u00d7&nbsp;60<\/td><td class=\"column-4\">1<\/td><td class=\"column-5\">2,3<\/td><td class=\"column-6\">2 dni \/ 2 days<\/td>\n\t<\/tr>\n\t<tr class=\"row-5 odd\">\n\t\t<td class=\"column-1\">lakierowana \/ laquered<\/td><td class=\"column-2\">TS128\/C<\/td><td class=\"column-3\">120&nbsp;\u00d7&nbsp;80<\/td><td class=\"column-4\">1<\/td><td class=\"column-5\">4,8<\/td><td class=\"column-6\">2 dni \/ 2 days<\/td>\n\t<\/tr>\n<\/tbody>\n<\/table>\n<\/p>\n<p class=\"warranty\"><strong>Gwarancja:<\/strong> 10 lat na powierzchni\u0119 lakierowan\u0105, 2 lata na produkt.<\/p>\n<div class=\"product-card\"><a class=\"pdf-file-32\" href=\"https:\/\/www.2x3.pl\/pdf\/TS_C.pdf\">Karta produktowa &#8211; TS\/C<\/a><\/div>\n<p>Pe\u0142n\u0105 satysfakcj\u0119 z produktu uzyskasz u\u017cywaj\u0105c tylko oryginalnych akcesori\u00f3w do tablic firmy 2&#215;3.<\/p>\n<hr \/>\n<p><a id=\"tsa\" name=\"tsa\"><\/a><span class=\"product-code\">TSA\/C<\/span><\/p>\n<h2><\/h2>\n<p><\/a><br \/>\n\n\t\t<!-- MasterSlider -->\n\t\t<div id=\"P_MS69edc96856ab0\" class=\"master-slider-parent msl ms-parent-id-55\" style=\"max-width:600px;\">\n\n\t\t\t\n\t\t\t<!-- MasterSlider Main -->\n\t\t\t<div id=\"MS69edc96856ab0\" class=\"master-slider ms-skin-default\" >\n\t\t\t\t \t\t\t\t \n\t\t\t\t<div  class=\"ms-slide\" data-delay=\"3\" data-fill-mode=\"fit\"  >\n\t\t\t\t\t<img decoding=\"async\" src=\"https:\/\/www.2x3.pl\/wp-content\/plugins\/master-slider\/public\/assets\/css\/blank.gif\" alt=\"\" title=\"\" data-src=\"https:\/\/www.2x3.pl\/wp-content\/uploads\/2020\/03\/TSA_C.jpg\" \/>\n\n\n\t<img decoding=\"async\" class=\"ms-thumb\" src=\"https:\/\/www.2x3.pl\/wp-content\/uploads\/2020\/03\/TSA_C-100x80.jpg\" alt=\"\" \/>\n\t<div class=\"ms-thumb\" ><div class=\"ms-tab-context\"><div class=\"&quot;ms-tab-context&quot;\"><\/div><\/div>\n<\/div>\n\t\t\t\t<\/div>\n\t\t\t\t<div  class=\"ms-slide\" data-delay=\"3\" data-fill-mode=\"fit\"  >\n\t\t\t\t\t<img decoding=\"async\" src=\"https:\/\/www.2x3.pl\/wp-content\/plugins\/master-slider\/public\/assets\/css\/blank.gif\" alt=\"\" title=\"\" data-src=\"https:\/\/www.2x3.pl\/wp-content\/uploads\/2020\/03\/TSA_C_det1.jpg\" \/>\n\n\n\t<img decoding=\"async\" class=\"ms-thumb\" src=\"https:\/\/www.2x3.pl\/wp-content\/uploads\/2020\/03\/TSA_C_det1-100x80.jpg\" alt=\"\" \/>\n\t<div class=\"ms-thumb\" ><div class=\"ms-tab-context\"><div class=\"&quot;ms-tab-context&quot;\"><\/div><\/div>\n<\/div>\n\t\t\t\t<\/div>\n\t\t\t\t<div  class=\"ms-slide\" data-delay=\"3\" data-fill-mode=\"fit\"  >\n\t\t\t\t\t<img decoding=\"async\" src=\"https:\/\/www.2x3.pl\/wp-content\/plugins\/master-slider\/public\/assets\/css\/blank.gif\" alt=\"\" title=\"\" data-src=\"https:\/\/www.2x3.pl\/wp-content\/uploads\/2020\/03\/TSA_C_det2.jpg\" \/>\n\n\n\t<img decoding=\"async\" class=\"ms-thumb\" src=\"https:\/\/www.2x3.pl\/wp-content\/uploads\/2020\/03\/TSA_C_det2-100x80.jpg\" alt=\"\" \/>\n\t<div class=\"ms-thumb\" ><div class=\"ms-tab-context\"><div class=\"&quot;ms-tab-context&quot;\"><\/div><\/div>\n<\/div>\n\t\t\t\t<\/div>\n\t\t\t\t<div  class=\"ms-slide\" data-delay=\"3\" data-fill-mode=\"fit\"  >\n\t\t\t\t\t<img decoding=\"async\" src=\"https:\/\/www.2x3.pl\/wp-content\/plugins\/master-slider\/public\/assets\/css\/blank.gif\" alt=\"\" title=\"\" data-src=\"https:\/\/www.2x3.pl\/wp-content\/uploads\/2020\/03\/TSA_C_det3.jpg\" \/>\n\n\n\t<img decoding=\"async\" class=\"ms-thumb\" src=\"https:\/\/www.2x3.pl\/wp-content\/uploads\/2020\/03\/TSA_C_det3-100x80.jpg\" alt=\"\" \/>\n\t<div class=\"ms-thumb\" ><div class=\"ms-tab-context\"><div class=\"&quot;ms-tab-context&quot;\"><\/div><\/div>\n<\/div>\n\t\t\t\t<\/div>\n\t\t\t\t<div  class=\"ms-slide\" data-delay=\"3\" data-fill-mode=\"fit\"  >\n\t\t\t\t\t<img decoding=\"async\" src=\"https:\/\/www.2x3.pl\/wp-content\/plugins\/master-slider\/public\/assets\/css\/blank.gif\" alt=\"\" title=\"\" data-src=\"https:\/\/www.2x3.pl\/wp-content\/uploads\/2020\/03\/TSA_C_det4.jpg\" \/>\n\n\n\t<img decoding=\"async\" class=\"ms-thumb\" src=\"https:\/\/www.2x3.pl\/wp-content\/uploads\/2020\/03\/TSA_C_det4-100x80.jpg\" alt=\"\" \/>\n\t<div class=\"ms-thumb\" ><div class=\"ms-tab-context\"><div class=\"&quot;ms-tab-context&quot;\"><\/div><\/div>\n<\/div>\n\t\t\t\t<\/div>\n\n\t\t\t<\/div>\n\t\t\t<!-- END MasterSlider Main -->\n\n\t\t\t \n\t\t<\/div>\n\t\t<!-- END MasterSlider -->\n\n\t\t<script>\n\t\t(function ( $ ) {\n\t\t\t\"use strict\";\n\n\t\t\t$(function () {\n\t\t\t\tvar masterslider_6ab0 = new MasterSlider();\n\n\t\t\t\t\/\/ slider controls\n\t\t\t\tmasterslider_6ab0.control('arrows'     ,{ autohide:true, overVideo:true  });\t\t\t\tmasterslider_6ab0.control('bullets'    ,{ autohide:true, overVideo:true, dir:'h', align:'bottom' , margin:10  });\n\n\t\t\t\tmasterslider_6ab0.control('thumblist'  ,{ autohide:false, overVideo:true, dir:'h', speed:17, inset:false, arrows:false, hover:false, customClass:'', align:'bottom',type:'thumbs', margin:10, width:100, height:80, space:5, fillMode:'fill'  });\n\t\t\t\t\/\/ slider setup\n\t\t\t\tmasterslider_6ab0.setup(\"MS69edc96856ab0\", {\n\t\t\t\t\t\twidth           : 600,\n\t\t\t\t\t\theight          : 450,\n\t\t\t\t\t\tminHeight       : 0,\n\t\t\t\t\t\tspace           : 0,\n\t\t\t\t\t\tstart           : 1,\n\t\t\t\t\t\tgrabCursor      : true,\n\t\t\t\t\t\tswipe           : true,\n\t\t\t\t\t\tmouse           : true,\n\t\t\t\t\t\tlayout          : \"boxed\",\n\t\t\t\t\t\twheel           : false,\n\t\t\t\t\t\tautoplay        : false,\n\t\t\t\t\t\tinstantStartLayers:false,\n\t\t\t\t\t\tloop            : false,\n\t\t\t\t\t\tshuffle         : false,\n\t\t\t\t\t\tpreload         : 0,\n\t\t\t\t\t\theightLimit     : true,\n\t\t\t\t\t\tautoHeight      : false,\n\t\t\t\t\t\tsmoothHeight    : true,\n\t\t\t\t\t\tendPause        : false,\n\t\t\t\t\t\toverPause       : true,\n\t\t\t\t\t\tfillMode        : \"fill\",\n\t\t\t\t\t\tcenterControls  : true,\n\t\t\t\t\t\tstartOnAppear   : false,\n\t\t\t\t\t\tlayersMode      : \"center\",\n\t\t\t\t\t\thideLayers      : false,\n\t\t\t\t\t\tfullscreenMargin: 0,\n\t\t\t\t\t\tspeed           : 20,\n\t\t\t\t\t\tdir             : \"h\",\n\t\t\t\t\t\tparallaxMode    : 'swipe',\n\t\t\t\t\t\tview            : \"basic\"\n\t\t\t\t});\n\n\t\t\t\t\n\t\t\t\twindow.masterslider_instances = window.masterslider_instances || [];\n\t\t\t\twindow.masterslider_instances.push( masterslider_6ab0 );\n\t\t\t });\n\n\t\t})(jQuery);\n\t\t<\/script>\n\n<\/p>\n<p class=\"product-desc\">Tablica bia\u0142a sucho\u015bcieralna lakierowana o w\u0142a\u015bciwo\u015bciach magnetycznych. Rama wykonana z\u00a0profilu aluminiowego w kolorze srebrnym, wyko\u0144czona eleganckimi naro\u017cnikami w kolorze szarym. Istnieje mo\u017cliwo\u015b\u0107 zawieszenia tablicy zar\u00f3wno w pionie, jak i w poziomie. W zestawie: marker, 3 magnesy (\u00d8 20 mm) oraz elementy mocuj\u0105ce. <\/p>\n<p><strong> W zestawie:<\/strong> elementy mocuj\u0105ce.<br \/>\n<br \/>\n\n<table id=\"wp-table-reloaded-id-137-no-1\" class=\"wp-table-reloaded wp-table-reloaded-id-137\">\n<thead>\n\t<tr class=\"row-1 odd\">\n\t\t<th class=\"column-1\">Powierzchnia \/ Surface<\/th><th class=\"column-2\">2x3 Art. <\/th><th class=\"column-3\">Wymiary \/ Size<\/th><th class=\"column-4\">spos\u00f3b monta\u017cu \/ assembly method<br \/>\r\n<\/th>\n\t<\/tr>\n<\/thead>\n<tbody class=\"row-hover\">\n\t<tr class=\"row-2 even\">\n\t\t<td class=\"column-1\">lakierowana \/ laquered<\/td><td class=\"column-2\">TSA645\/C<\/td><td class=\"column-3\">60x45<\/td><td class=\"column-4\">przez naro\u017cniki \/ through the corners<\/td>\n\t<\/tr>\n\t<tr class=\"row-3 odd\">\n\t\t<td class=\"column-1\">lakierowana \/ laquered<\/td><td class=\"column-2\">TSA69\/C<\/td><td class=\"column-3\">90x60<\/td><td class=\"column-4\">przez naro\u017cniki \/ through the corners<\/td>\n\t<\/tr>\n\t<tr class=\"row-4 even\">\n\t\t<td class=\"column-1\">lakierowana \/ laquered<\/td><td class=\"column-2\">TSA129\/C<\/td><td class=\"column-3\">120x90<\/td><td class=\"column-4\">przez naro\u017cniki \/ through the corners<\/td>\n\t<\/tr>\n\t<tr class=\"row-5 odd\">\n\t\t<td class=\"column-1\">lakierowana \/ laquered<\/td><td class=\"column-2\">TSA1510\/C<\/td><td class=\"column-3\">150x100<\/td><td class=\"column-4\">przez naro\u017cniki \/ through the corners<\/td>\n\t<\/tr>\n\t<tr class=\"row-6 even\">\n\t\t<td class=\"column-1\">lakierowana \/ laquered<\/td><td class=\"column-2\">TSA1890\/C<\/td><td class=\"column-3\">180x90<\/td><td class=\"column-4\">przez naro\u017cniki \/ through the corners<\/td>\n\t<\/tr>\n\t<tr class=\"row-7 odd\">\n\t\t<td class=\"column-1\">lakierowana \/ laquered<\/td><td class=\"column-2\">TSA1218\/C<\/td><td class=\"column-3\">180x120<\/td><td class=\"column-4\">przez naro\u017cniki \/ through the corners<\/td>\n\t<\/tr>\n\t<tr class=\"row-8 even\">\n\t\t<td class=\"column-1\">lakierowana \/ laquered<\/td><td class=\"column-2\">TSA1020\/C<\/td><td class=\"column-3\">200x100<\/td><td class=\"column-4\">przez naro\u017cniki \/ through the corners<\/td>\n\t<\/tr>\n\t<tr class=\"row-9 odd\">\n\t\t<td class=\"column-1\">lakierowana \/ laquered<\/td><td class=\"column-2\">TSA34\/C<\/td><td class=\"column-3\">30x40<\/td><td class=\"column-4\">przez naro\u017cniki \/ through the corners<\/td>\n\t<\/tr>\n\t<tr class=\"row-10 even\">\n\t\t<td class=\"column-1\">lakierowana \/ laquered<\/td><td class=\"column-2\">TSA64\/C<\/td><td class=\"column-3\">60x40<\/td><td class=\"column-4\">przez naro\u017cniki \/ through the corners<\/td>\n\t<\/tr>\n\t<tr class=\"row-11 odd\">\n\t\t<td class=\"column-1\">lakierowana \/ laquered<\/td><td class=\"column-2\">TSA86\/C<\/td><td class=\"column-3\">80x60<\/td><td class=\"column-4\">przez naro\u017cniki \/ through the corners<\/td>\n\t<\/tr>\n\t<tr class=\"row-12 even\">\n\t\t<td class=\"column-1\">lakierowana \/ laquered<\/td><td class=\"column-2\">TSA128\/C<\/td><td class=\"column-3\">120x80<\/td><td class=\"column-4\">przez naro\u017cniki \/ through the corners<\/td>\n\t<\/tr>\n\t<tr class=\"row-13 odd\">\n\t\t<td class=\"column-1\">lakierowana \/ laquered<\/td><td class=\"column-2\">TSA1216\/C<\/td><td class=\"column-3\">120x160<\/td><td class=\"column-4\">przez naro\u017cniki \/ through the corners<\/td>\n\t<\/tr>\n<\/tbody>\n<\/table>\n<\/p>\n<p class=\"warranty\"><strong>Gwarancja:<\/strong>2 lata na produkt, 10 lat na powierzchni\u0119 lakierowan\u0105.<\/p>\n<div class=\"product-card\"><a class=\"pdf-file-32\" href=\"https:\/\/www.2x3.pl\/pdf\/TSA_C_.pdf\">Karta produktowa &#8211; TSA\/C<\/a><\/div>\n<p><\/p>\n","protected":false},"excerpt":{"rendered":"","protected":false},"author":18,"featured_media":1815,"parent":39,"menu_order":0,"comment_status":"closed","ping_status":"closed","template":"","meta":{"ngg_post_thumbnail":0,"footnotes":""},"class_list":["post-244","page","type-page","status-publish","has-post-thumbnail","hentry"],"_links":{"self":[{"href":"https:\/\/www.2x3.pl\/pl\/wp-json\/wp\/v2\/pages\/244","targetHints":{"allow":["GET"]}}],"collection":[{"href":"https:\/\/www.2x3.pl\/pl\/wp-json\/wp\/v2\/pages"}],"about":[{"href":"https:\/\/www.2x3.pl\/pl\/wp-json\/wp\/v2\/types\/page"}],"author":[{"embeddable":true,"href":"https:\/\/www.2x3.pl\/pl\/wp-json\/wp\/v2\/users\/18"}],"replies":[{"embeddable":true,"href":"https:\/\/www.2x3.pl\/pl\/wp-json\/wp\/v2\/comments?post=244"}],"version-history":[{"count":2,"href":"https:\/\/www.2x3.pl\/pl\/wp-json\/wp\/v2\/pages\/244\/revisions"}],"predecessor-version":[{"id":15065,"href":"https:\/\/www.2x3.pl\/pl\/wp-json\/wp\/v2\/pages\/244\/revisions\/15065"}],"up":[{"embeddable":true,"href":"https:\/\/www.2x3.pl\/pl\/wp-json\/wp\/v2\/pages\/39"}],"wp:featuredmedia":[{"embeddable":true,"href":"https:\/\/www.2x3.pl\/pl\/wp-json\/wp\/v2\/media\/1815"}],"wp:attachment":[{"href":"https:\/\/www.2x3.pl\/pl\/wp-json\/wp\/v2\/media?parent=244"}],"curies":[{"name":"wp","href":"https:\/\/api.w.org\/{rel}","templated":true}]}}