{"id":249,"date":"2014-01-06T10:09:05","date_gmt":"2014-01-06T09:09:05","guid":{"rendered":"http:\/\/www.2x3.pl\/?page_id=249"},"modified":"2024-11-28T15:31:00","modified_gmt":"2024-11-28T14:31:00","slug":"tablice-korkowe","status":"publish","type":"page","link":"https:\/\/www.2x3.pl\/pl\/ecoboards\/tablice-korkowe\/","title":{"rendered":"Tablice korkowe"},"content":{"rendered":"<p><span class=\"product-code\">TC\/C<\/span><\/p>\n<h2>Tablica korkowa w ramie drewnianej<\/h2>\n\n\t\t<!-- MasterSlider -->\n\t\t<div id=\"P_MS69f1c486b46d7\" class=\"master-slider-parent msl ms-parent-id-51\" style=\"max-width:600px;\">\n\n\t\t\t\n\t\t\t<!-- MasterSlider Main -->\n\t\t\t<div id=\"MS69f1c486b46d7\" class=\"master-slider ms-skin-default\" >\n\t\t\t\t \t\t\t\t \n\t\t\t\t<div  class=\"ms-slide\" data-delay=\"3\" data-fill-mode=\"fit\"  >\n\t\t\t\t\t<img decoding=\"async\" src=\"https:\/\/www.2x3.pl\/wp-content\/plugins\/master-slider\/public\/assets\/css\/blank.gif\" alt=\"tc\" title=\"\" data-src=\"https:\/\/www.2x3.pl\/wp-content\/uploads\/2016\/10\/tablica-korkowa-w-ramie-drewnianej-ecoboards_e.jpg\" \/>\n\n\n\t<img decoding=\"async\" class=\"ms-thumb\" src=\"https:\/\/www.2x3.pl\/wp-content\/uploads\/2016\/10\/tablica-korkowa-w-ramie-drewnianej-ecoboards_e-100x80.jpg\" alt=\"tc\" \/>\n\t<div class=\"ms-thumb\" ><div class=\"ms-tab-context\"><div class=\"&quot;ms-tab-context&quot;\"><\/div><\/div>\n<\/div>\n\t\t\t\t<\/div>\n\t\t\t\t<div  class=\"ms-slide\" data-delay=\"3\" data-fill-mode=\"fit\"  >\n\t\t\t\t\t<img decoding=\"async\" src=\"https:\/\/www.2x3.pl\/wp-content\/plugins\/master-slider\/public\/assets\/css\/blank.gif\" alt=\"tc\" title=\"\" data-src=\"https:\/\/www.2x3.pl\/wp-content\/uploads\/2016\/10\/tc_det1.jpg\" \/>\n\n\n\t<img decoding=\"async\" class=\"ms-thumb\" src=\"https:\/\/www.2x3.pl\/wp-content\/uploads\/2016\/10\/tc_det1-100x80.jpg\" alt=\"tc\" \/>\n\t<div class=\"ms-thumb\" ><div class=\"ms-tab-context\"><div class=\"&quot;ms-tab-context&quot;\"><\/div><\/div>\n<\/div>\n\t\t\t\t<\/div>\n\t\t\t\t<div  class=\"ms-slide\" data-delay=\"3\" data-fill-mode=\"fit\"  >\n\t\t\t\t\t<img decoding=\"async\" src=\"https:\/\/www.2x3.pl\/wp-content\/plugins\/master-slider\/public\/assets\/css\/blank.gif\" alt=\"tc\" title=\"\" data-src=\"https:\/\/www.2x3.pl\/wp-content\/uploads\/2016\/10\/tc_det2.jpg\" \/>\n\n\n\t<img decoding=\"async\" class=\"ms-thumb\" src=\"https:\/\/www.2x3.pl\/wp-content\/uploads\/2016\/10\/tc_det2-100x80.jpg\" alt=\"tc\" \/>\n\t<div class=\"ms-thumb\" ><div class=\"ms-tab-context\"><div class=\"&quot;ms-tab-context&quot;\"><\/div><\/div>\n<\/div>\n\t\t\t\t<\/div>\n\t\t\t\t<div  class=\"ms-slide\" data-delay=\"3\" data-fill-mode=\"fit\"  >\n\t\t\t\t\t<img decoding=\"async\" src=\"https:\/\/www.2x3.pl\/wp-content\/plugins\/master-slider\/public\/assets\/css\/blank.gif\" alt=\"tc\" title=\"\" data-src=\"https:\/\/www.2x3.pl\/wp-content\/uploads\/2016\/10\/tc_det3.jpg\" \/>\n\n\n\t<img decoding=\"async\" class=\"ms-thumb\" src=\"https:\/\/www.2x3.pl\/wp-content\/uploads\/2016\/10\/tc_det3-100x80.jpg\" alt=\"tc\" \/>\n\t<div class=\"ms-thumb\" ><div class=\"ms-tab-context\"><div class=\"&quot;ms-tab-context&quot;\"><\/div><\/div>\n<\/div>\n\t\t\t\t<\/div>\n\n\t\t\t<\/div>\n\t\t\t<!-- END MasterSlider Main -->\n\n\t\t\t \n\t\t<\/div>\n\t\t<!-- END MasterSlider -->\n\n\t\t<script>\n\t\t(function ( $ ) {\n\t\t\t\"use strict\";\n\n\t\t\t$(function () {\n\t\t\t\tvar masterslider_46d7 = new MasterSlider();\n\n\t\t\t\t\/\/ slider controls\n\t\t\t\tmasterslider_46d7.control('arrows'     ,{ autohide:true, overVideo:true  });\t\t\t\tmasterslider_46d7.control('bullets'    ,{ autohide:true, overVideo:true, dir:'h', align:'bottom' , margin:10  });\n\n\t\t\t\tmasterslider_46d7.control('thumblist'  ,{ autohide:false, overVideo:true, dir:'h', speed:17, inset:false, arrows:false, hover:false, customClass:'', align:'bottom',type:'thumbs', margin:10, width:100, height:80, space:5, fillMode:'fill'  });\n\t\t\t\t\/\/ slider setup\n\t\t\t\tmasterslider_46d7.setup(\"MS69f1c486b46d7\", {\n\t\t\t\t\t\twidth           : 600,\n\t\t\t\t\t\theight          : 450,\n\t\t\t\t\t\tminHeight       : 0,\n\t\t\t\t\t\tspace           : 0,\n\t\t\t\t\t\tstart           : 1,\n\t\t\t\t\t\tgrabCursor      : true,\n\t\t\t\t\t\tswipe           : true,\n\t\t\t\t\t\tmouse           : true,\n\t\t\t\t\t\tlayout          : \"boxed\",\n\t\t\t\t\t\twheel           : false,\n\t\t\t\t\t\tautoplay        : false,\n\t\t\t\t\t\tinstantStartLayers:false,\n\t\t\t\t\t\tloop            : false,\n\t\t\t\t\t\tshuffle         : false,\n\t\t\t\t\t\tpreload         : 0,\n\t\t\t\t\t\theightLimit     : true,\n\t\t\t\t\t\tautoHeight      : false,\n\t\t\t\t\t\tsmoothHeight    : true,\n\t\t\t\t\t\tendPause        : false,\n\t\t\t\t\t\toverPause       : true,\n\t\t\t\t\t\tfillMode        : \"fill\",\n\t\t\t\t\t\tcenterControls  : true,\n\t\t\t\t\t\tstartOnAppear   : false,\n\t\t\t\t\t\tlayersMode      : \"center\",\n\t\t\t\t\t\thideLayers      : false,\n\t\t\t\t\t\tfullscreenMargin: 0,\n\t\t\t\t\t\tspeed           : 20,\n\t\t\t\t\t\tdir             : \"h\",\n\t\t\t\t\t\tparallaxMode    : 'swipe',\n\t\t\t\t\t\tview            : \"basic\"\n\t\t\t\t});\n\n\t\t\t\t\n\t\t\t\twindow.masterslider_instances = window.masterslider_instances || [];\n\t\t\t\twindow.masterslider_instances.push( masterslider_46d7 );\n\t\t\t });\n\n\t\t})(jQuery);\n\t\t<\/script>\n\n\n<p class=\"product-purpose\"><strong>Zastosowanie:<\/strong> Niezb\u0119dna w ka\u017cdym biurze lub domu \u2013 u\u0142atwia komunikacj\u0119, przypomina o wa\u017cnych sprawach.<\/p>\n<p class=\"product-desc\">Tablica informacyjna, kt\u00f3rej powierzchnia wykonana jest z najwy\u017cszej jako\u015bci korka. Wyj\u0105tkowo \u0142atwa i szybka w monta\u017cu. Rama zszywana z litego drewna sosnowego. Istnieje mo\u017cliwo\u015b\u0107 zawieszenia tablicy zar\u00f3wno w pionie, jak i w poziomie. Powierzchnia tablicy jest przeznaczona do u\u017cycia na niej pinezek.<\/p>\n<p><strong>W zestawie<\/strong>: pinezki oraz elementy mocuj\u0105ce.<br \/>\n<img loading=\"lazy\" decoding=\"async\" class=\"aligncenter size-full wp-image-1818\" title=\"TS, TC\" src=\"https:\/\/www.2x3.pl\/wp-content\/uploads\/2011\/05\/TS__TC1.png\" alt=\"Tablica w ramie drewnianej - rys. techn. - wymiary\" width=\"600\" height=\"180\" srcset=\"https:\/\/www.2x3.pl\/wp-content\/uploads\/2011\/05\/TS__TC1.png 600w, https:\/\/www.2x3.pl\/wp-content\/uploads\/2011\/05\/TS__TC1-150x45.png 150w, https:\/\/www.2x3.pl\/wp-content\/uploads\/2011\/05\/TS__TC1-300x90.png 300w\" sizes=\"auto, (max-width: 600px) 100vw, 600px\" \/>\n<table id=\"wp-table-reloaded-id-140-no-1\" class=\"wp-table-reloaded wp-table-reloaded-id-140\">\n<thead>\n\t<tr class=\"row-1 odd\">\n\t\t<th class=\"column-1\"><\/th><th class=\"column-2\">2x3 Art. <\/th><th class=\"column-3\">Wymiary \/ Size<\/th><th class=\"column-4\">Komplet \/ Pack<\/th><th class=\"column-5\">Waga \/  Weight<\/th>\n\t<\/tr>\n<\/thead>\n<tbody class=\"row-hover\">\n\t<tr class=\"row-2 even\">\n\t\t<td class=\"column-1\">korkowa \/ cork<\/td><td class=\"column-2\">TC34\/C<\/td><td class=\"column-3\">40&nbsp;\u00d7&nbsp;30<\/td><td class=\"column-4\">1<\/td><td class=\"column-5\">0,5<\/td>\n\t<\/tr>\n\t<tr class=\"row-3 odd\">\n\t\t<td class=\"column-1\">korkowa \/ cork<\/td><td class=\"column-2\">TC64\/C<\/td><td class=\"column-3\">60&nbsp;\u00d7&nbsp;40<\/td><td class=\"column-4\">1<\/td><td class=\"column-5\">0,8<\/td>\n\t<\/tr>\n\t<tr class=\"row-4 even\">\n\t\t<td class=\"column-1\">korkowa \/ cork<\/td><td class=\"column-2\">TC86\/C<\/td><td class=\"column-3\">80&nbsp;\u00d7&nbsp;60<\/td><td class=\"column-4\">1<\/td><td class=\"column-5\">1,4<\/td>\n\t<\/tr>\n\t<tr class=\"row-5 odd\">\n\t\t<td class=\"column-1\">korkowa \/ cork<\/td><td class=\"column-2\">TC128\/C<\/td><td class=\"column-3\">120&nbsp;\u00d7&nbsp;80<\/td><td class=\"column-4\">1<\/td><td class=\"column-5\">2,6<\/td>\n\t<\/tr>\n\t<tr class=\"row-6 even\">\n\t\t<td class=\"column-1\">korkowa \/ cork<\/td><td class=\"column-2\">TC645\/C<\/td><td class=\"column-3\">60&nbsp;\u00d7&nbsp;45<\/td><td class=\"column-4\">1<\/td><td class=\"column-5\">-<\/td>\n\t<\/tr>\n\t<tr class=\"row-7 odd\">\n\t\t<td class=\"column-1\">korkowa \/ cork<\/td><td class=\"column-2\"> TC69\/C ZO <\/td><td class=\"column-3\">90&nbsp;\u00d7&nbsp;60<\/td><td class=\"column-4\">10 sztuk \/ 10 pcs<\/td><td class=\"column-5\">-<\/td>\n\t<\/tr>\n\t<tr class=\"row-8 even\">\n\t\t<td class=\"column-1\">korkowa \/ cork<\/td><td class=\"column-2\">TC129\/C ZO<\/td><td class=\"column-3\">120&nbsp;\u00d7&nbsp;90<\/td><td class=\"column-4\">5 sztuk \/ 5 pcs<\/td><td class=\"column-5\">-<\/td>\n\t<\/tr>\n\t<tr class=\"row-9 odd\">\n\t\t<td class=\"column-1\">korkowa \/ cork<\/td><td class=\"column-2\">TC1510\/C ZO<\/td><td class=\"column-3\">150&nbsp;\u00d7&nbsp;100<\/td><td class=\"column-4\">5 sztuk \/ 5 pcs<\/td><td class=\"column-5\">-<\/td>\n\t<\/tr>\n\t<tr class=\"row-10 even\">\n\t\t<td class=\"column-1\">korkowa \/ cork<\/td><td class=\"column-2\">TC1218\/C ZO<\/td><td class=\"column-3\">120&nbsp;\u00d7&nbsp;80<\/td><td class=\"column-4\">5 sztuk \/ 5 pcs<\/td><td class=\"column-5\">-<\/td>\n\t<\/tr>\n\t<tr class=\"row-11 odd\">\n\t\t<td class=\"column-1\">korkowa \/ cork<\/td><td class=\"column-2\">TC1020\/C ZO  <\/td><td class=\"column-3\">100&nbsp;\u00d7&nbsp;200<\/td><td class=\"column-4\">5 sztuk \/ 5 pcs<\/td><td class=\"column-5\">-<\/td>\n\t<\/tr>\n<\/tbody>\n<\/table>\n<\/p>\n<p class=\"warranty\"><strong>Gwarancja:<\/strong> 2 lata na produkt.<\/p>\n<div class=\"product-card\"><a class=\"pdf-file-32\" href=\"https:\/\/www.2x3.pl\/pdf\/TC_C.pdf\">Karta produktowa &#8211; TC\/C<\/a><\/div>\n<hr>\n<p><span class=\"product-code\">TCA\/C<\/span><\/p>\n<h2>Tablica korkowa w ramie aluminiowej<\/h2>\n\n\t\t<!-- MasterSlider -->\n\t\t<div id=\"P_MS69f1c486b51bb\" class=\"master-slider-parent msl ms-parent-id-163\" style=\"max-width:1000px;\">\n\n\t\t\t\n\t\t\t<!-- MasterSlider Main -->\n\t\t\t<div id=\"MS69f1c486b51bb\" class=\"master-slider ms-skin-default\" >\n\t\t\t\t \t\t\t\t \n\t\t\t\t<div  class=\"ms-slide\" data-delay=\"3\" data-fill-mode=\"fit\"  >\n\t\t\t\t\t<img decoding=\"async\" src=\"https:\/\/www.2x3.pl\/wp-content\/plugins\/master-slider\/public\/assets\/css\/blank.gif\" alt=\"\" title=\"\" data-src=\"https:\/\/www.2x3.pl\/wp-content\/uploads\/2020\/03\/TCA_C.jpg\" \/>\n\n\n\t<img decoding=\"async\" class=\"ms-thumb\" src=\"https:\/\/www.2x3.pl\/wp-content\/uploads\/2020\/03\/TCA_C-100x80.jpg\" alt=\"\" \/>\n\t<div class=\"ms-thumb\" ><div class=\"ms-tab-context\"><div class=\"&quot;ms-tab-context&quot;\"><\/div><\/div>\n<\/div>\n\t\t\t\t<\/div>\n\t\t\t\t<div  class=\"ms-slide\" data-delay=\"3\" data-fill-mode=\"fit\"  >\n\t\t\t\t\t<img decoding=\"async\" src=\"https:\/\/www.2x3.pl\/wp-content\/plugins\/master-slider\/public\/assets\/css\/blank.gif\" alt=\"\" title=\"\" data-src=\"https:\/\/www.2x3.pl\/wp-content\/uploads\/2020\/03\/TCA_C_det2.jpg\" \/>\n\n\n\t<img decoding=\"async\" class=\"ms-thumb\" src=\"https:\/\/www.2x3.pl\/wp-content\/uploads\/2020\/03\/TCA_C_det2-100x80.jpg\" alt=\"\" \/>\n\t<div class=\"ms-thumb\" ><div class=\"ms-tab-context\"><div class=\"&quot;ms-tab-context&quot;\"><\/div><\/div>\n<\/div>\n\t\t\t\t<\/div>\n\t\t\t\t<div  class=\"ms-slide\" data-delay=\"3\" data-fill-mode=\"fit\"  >\n\t\t\t\t\t<img decoding=\"async\" src=\"https:\/\/www.2x3.pl\/wp-content\/plugins\/master-slider\/public\/assets\/css\/blank.gif\" alt=\"\" title=\"\" data-src=\"https:\/\/www.2x3.pl\/wp-content\/uploads\/2020\/03\/TCA_C_det1.jpg\" \/>\n\n\n\t<img decoding=\"async\" class=\"ms-thumb\" src=\"https:\/\/www.2x3.pl\/wp-content\/uploads\/2020\/03\/TCA_C_det1-100x80.jpg\" alt=\"\" \/>\n\t<div class=\"ms-thumb\" ><div class=\"ms-tab-context\"><div class=\"&quot;ms-tab-context&quot;\"><\/div><\/div>\n<\/div>\n\t\t\t\t<\/div>\n\n\t\t\t<\/div>\n\t\t\t<!-- END MasterSlider Main -->\n\n\t\t\t \n\t\t<\/div>\n\t\t<!-- END MasterSlider -->\n\n\t\t<script>\n\t\t(function ( $ ) {\n\t\t\t\"use strict\";\n\n\t\t\t$(function () {\n\t\t\t\tvar masterslider_51bb = new MasterSlider();\n\n\t\t\t\t\/\/ slider controls\n\t\t\t\tmasterslider_51bb.control('arrows'     ,{ autohide:true, overVideo:true  });\t\t\t\tmasterslider_51bb.control('bullets'    ,{ autohide:true, overVideo:true, dir:'h', align:'bottom' , margin:10  });\n\n\t\t\t\tmasterslider_51bb.control('thumblist'  ,{ autohide:false, overVideo:true, dir:'h', speed:17, inset:false, arrows:false, hover:false, customClass:'', align:'bottom',type:'thumbs', margin:10, width:100, height:80, space:5, fillMode:'fill'  });\n\t\t\t\t\/\/ slider setup\n\t\t\t\tmasterslider_51bb.setup(\"MS69f1c486b51bb\", {\n\t\t\t\t\t\twidth           : 1000,\n\t\t\t\t\t\theight          : 600,\n\t\t\t\t\t\tminHeight       : 0,\n\t\t\t\t\t\tspace           : 0,\n\t\t\t\t\t\tstart           : 1,\n\t\t\t\t\t\tgrabCursor      : true,\n\t\t\t\t\t\tswipe           : true,\n\t\t\t\t\t\tmouse           : true,\n\t\t\t\t\t\tlayout          : \"boxed\",\n\t\t\t\t\t\twheel           : false,\n\t\t\t\t\t\tautoplay        : false,\n\t\t\t\t\t\tinstantStartLayers:false,\n\t\t\t\t\t\tloop            : false,\n\t\t\t\t\t\tshuffle         : false,\n\t\t\t\t\t\tpreload         : 0,\n\t\t\t\t\t\theightLimit     : true,\n\t\t\t\t\t\tautoHeight      : false,\n\t\t\t\t\t\tsmoothHeight    : true,\n\t\t\t\t\t\tendPause        : false,\n\t\t\t\t\t\toverPause       : true,\n\t\t\t\t\t\tfillMode        : \"fill\",\n\t\t\t\t\t\tcenterControls  : true,\n\t\t\t\t\t\tstartOnAppear   : false,\n\t\t\t\t\t\tlayersMode      : \"center\",\n\t\t\t\t\t\thideLayers      : false,\n\t\t\t\t\t\tfullscreenMargin: 0,\n\t\t\t\t\t\tspeed           : 20,\n\t\t\t\t\t\tdir             : \"h\",\n\t\t\t\t\t\tparallaxMode    : 'swipe',\n\t\t\t\t\t\tview            : \"basic\"\n\t\t\t\t});\n\n\t\t\t\t\n\t\t\t\twindow.masterslider_instances = window.masterslider_instances || [];\n\t\t\t\twindow.masterslider_instances.push( masterslider_51bb );\n\t\t\t });\n\n\t\t})(jQuery);\n\t\t<\/script>\n\n\n<p class=\"product-desc\">Rama z profilu aluminiowego ecoBoards anodowana na kolor srebrny, plastikowe naro\u017cniki w kolorze popielatym. Powierzchnia tablicy jest przeznaczona do u\u017cycia na niej pinezek.<\/p>\n<p class=\"product-desc\"><strong>W zestawie<\/strong>: pinezki oraz elementy mocuj\u0105ce.<\/p>\n<p class=\"product-desc\"><span style=\"color: #000000;\"><b>Dodatkowa informacja<\/b><\/span>: Mo\u017cliwo\u015b\u0107 kupowania na sztuki i w opakowaniach zbiorczych (OZ).<br \/>\n\n<table id=\"wp-table-reloaded-id-279-no-1\" class=\"wp-table-reloaded wp-table-reloaded-id-279\">\n<thead>\n\t<tr class=\"row-1 odd\">\n\t\t<th class=\"column-1\">2x3 Art. No<\/th><th class=\"column-2\">Wymiary \/ Size<\/th><th class=\"column-3\">Komplet \/ Pack<\/th>\n\t<\/tr>\n<\/thead>\n<tbody class=\"row-hover\">\n\t<tr class=\"row-2 even\">\n\t\t<td class=\"column-1\"> TCA34\/C <\/td><td class=\"column-2\">40x30<\/td><td class=\"column-3\">1<\/td>\n\t<\/tr>\n\t<tr class=\"row-3 odd\">\n\t\t<td class=\"column-1\"> TCA64\/C <\/td><td class=\"column-2\">60x40<\/td><td class=\"column-3\">1<\/td>\n\t<\/tr>\n\t<tr class=\"row-4 even\">\n\t\t<td class=\"column-1\"> TCA86\/C <\/td><td class=\"column-2\">80x60<\/td><td class=\"column-3\">1<\/td>\n\t<\/tr>\n\t<tr class=\"row-5 odd\">\n\t\t<td class=\"column-1\"> TCA128\/C <\/td><td class=\"column-2\">120x80<\/td><td class=\"column-3\">1<\/td>\n\t<\/tr>\n<\/tbody>\n<\/table>\n<\/p>\n<p class=\"warranty\"><strong>Gwarancja:<\/strong> 2 lata na produkt<\/p>\n<div class=\"product-card\"><a class=\"pdf-file-32\" href=\"https:\/\/www.2x3.pl\/pdf\/TCA_C_.pdf\">Karta produktowa &#8211; TCA\/C<\/a><\/div>\n<p><\/p>\n","protected":false},"excerpt":{"rendered":"","protected":false},"author":18,"featured_media":1824,"parent":39,"menu_order":0,"comment_status":"closed","ping_status":"closed","template":"","meta":{"ngg_post_thumbnail":0,"footnotes":""},"class_list":["post-249","page","type-page","status-publish","has-post-thumbnail","hentry"],"_links":{"self":[{"href":"https:\/\/www.2x3.pl\/pl\/wp-json\/wp\/v2\/pages\/249","targetHints":{"allow":["GET"]}}],"collection":[{"href":"https:\/\/www.2x3.pl\/pl\/wp-json\/wp\/v2\/pages"}],"about":[{"href":"https:\/\/www.2x3.pl\/pl\/wp-json\/wp\/v2\/types\/page"}],"author":[{"embeddable":true,"href":"https:\/\/www.2x3.pl\/pl\/wp-json\/wp\/v2\/users\/18"}],"replies":[{"embeddable":true,"href":"https:\/\/www.2x3.pl\/pl\/wp-json\/wp\/v2\/comments?post=249"}],"version-history":[{"count":2,"href":"https:\/\/www.2x3.pl\/pl\/wp-json\/wp\/v2\/pages\/249\/revisions"}],"predecessor-version":[{"id":15063,"href":"https:\/\/www.2x3.pl\/pl\/wp-json\/wp\/v2\/pages\/249\/revisions\/15063"}],"up":[{"embeddable":true,"href":"https:\/\/www.2x3.pl\/pl\/wp-json\/wp\/v2\/pages\/39"}],"wp:featuredmedia":[{"embeddable":true,"href":"https:\/\/www.2x3.pl\/pl\/wp-json\/wp\/v2\/media\/1824"}],"wp:attachment":[{"href":"https:\/\/www.2x3.pl\/pl\/wp-json\/wp\/v2\/media?parent=249"}],"curies":[{"name":"wp","href":"https:\/\/api.w.org\/{rel}","templated":true}]}}