{"id":251,"date":"2013-05-06T10:09:33","date_gmt":"2013-05-06T08:09:33","guid":{"rendered":"http:\/\/www.2x3.pl\/?page_id=251"},"modified":"2024-11-28T15:27:47","modified_gmt":"2024-11-28T14:27:47","slug":"akcesoria","status":"publish","type":"page","link":"https:\/\/www.2x3.pl\/pl\/ecoboards\/akcesoria\/","title":{"rendered":"Akcesoria"},"content":{"rendered":"\n\n\t\t<!-- MasterSlider -->\n\t\t<div id=\"P_MS6a00cca1d1c11\" class=\"master-slider-parent msl ms-parent-id-49\" style=\"max-width:600px;\">\n\n\t\t\t\n\t\t\t<!-- MasterSlider Main -->\n\t\t\t<div id=\"MS6a00cca1d1c11\" class=\"master-slider ms-skin-default\" >\n\t\t\t\t \t\t\t\t \n\t\t\t\t<div  class=\"ms-slide\" data-delay=\"3\" data-fill-mode=\"fill\"  >\n\t\t\t\t\t<img decoding=\"async\" src=\"https:\/\/www.2x3.pl\/wp-content\/plugins\/master-slider\/public\/assets\/css\/blank.gif\" alt=\"akcesoria eco\" title=\"\" data-src=\"https:\/\/www.2x3.pl\/wp-content\/uploads\/2016\/10\/am116_c_det.jpg\" \/>\n\n\n\t<img decoding=\"async\" class=\"ms-thumb\" src=\"https:\/\/www.2x3.pl\/wp-content\/uploads\/2016\/10\/am116_c_det-100x80.jpg\" alt=\"akcesoria eco\" \/>\n\t<div class=\"ms-thumb\" ><div class=\"ms-tab-context\"><div class=\"&quot;ms-tab-context&quot;\"><\/div><\/div>\n<\/div>\n\t\t\t\t<\/div>\n\t\t\t\t<div  class=\"ms-slide\" data-delay=\"3\" data-fill-mode=\"fill\"  >\n\t\t\t\t\t<img decoding=\"async\" src=\"https:\/\/www.2x3.pl\/wp-content\/plugins\/master-slider\/public\/assets\/css\/blank.gif\" alt=\"akcesoria eco\" title=\"\" data-src=\"https:\/\/www.2x3.pl\/wp-content\/uploads\/2016\/10\/as119_det.jpg\" \/>\n\n\n\t<img decoding=\"async\" class=\"ms-thumb\" src=\"https:\/\/www.2x3.pl\/wp-content\/uploads\/2016\/10\/as119_det-100x80.jpg\" alt=\"akcesoria eco\" \/>\n\t<div class=\"ms-thumb\" ><div class=\"ms-tab-context\"><div class=\"&quot;ms-tab-context&quot;\"><\/div><\/div>\n<\/div>\n\t\t\t\t<\/div>\n\t\t\t\t<div  class=\"ms-slide\" data-delay=\"3\" data-fill-mode=\"fill\"  >\n\t\t\t\t\t<img decoding=\"async\" src=\"https:\/\/www.2x3.pl\/wp-content\/plugins\/master-slider\/public\/assets\/css\/blank.gif\" alt=\"akcesoria eco\" title=\"\" data-src=\"https:\/\/www.2x3.pl\/wp-content\/uploads\/2016\/10\/as120_det3.jpg\" \/>\n\n\n\t<img decoding=\"async\" class=\"ms-thumb\" src=\"https:\/\/www.2x3.pl\/wp-content\/uploads\/2016\/10\/as120_det3-100x80.jpg\" alt=\"akcesoria eco\" \/>\n\t<div class=\"ms-thumb\" ><div class=\"ms-tab-context\"><div class=\"&quot;ms-tab-context&quot;\"><\/div><\/div>\n<\/div>\n\t\t\t\t<\/div>\n\t\t\t\t<div  class=\"ms-slide\" data-delay=\"3\" data-fill-mode=\"fill\"  >\n\t\t\t\t\t<img decoding=\"async\" src=\"https:\/\/www.2x3.pl\/wp-content\/plugins\/master-slider\/public\/assets\/css\/blank.gif\" alt=\"akcesoria eco\" title=\"\" data-src=\"https:\/\/www.2x3.pl\/wp-content\/uploads\/2016\/10\/as121_det.jpg\" \/>\n\n\n\t<img decoding=\"async\" class=\"ms-thumb\" src=\"https:\/\/www.2x3.pl\/wp-content\/uploads\/2016\/10\/as121_det-100x80.jpg\" alt=\"akcesoria eco\" \/>\n\t<div class=\"ms-thumb\" ><div class=\"ms-tab-context\"><div class=\"&quot;ms-tab-context&quot;\"><\/div><\/div>\n<\/div>\n\t\t\t\t<\/div>\n\n\t\t\t<\/div>\n\t\t\t<!-- END MasterSlider Main -->\n\n\t\t\t \n\t\t<\/div>\n\t\t<!-- END MasterSlider -->\n\n\t\t<script>\n\t\t(function ( $ ) {\n\t\t\t\"use strict\";\n\n\t\t\t$(function () {\n\t\t\t\tvar masterslider_1c11 = new MasterSlider();\n\n\t\t\t\t\/\/ slider controls\n\t\t\t\tmasterslider_1c11.control('arrows'     ,{ autohide:true, overVideo:true  });\t\t\t\tmasterslider_1c11.control('bullets'    ,{ autohide:true, overVideo:true, dir:'h', align:'bottom' , margin:10  });\n\n\t\t\t\tmasterslider_1c11.control('thumblist'  ,{ autohide:false, overVideo:true, dir:'h', speed:17, inset:false, arrows:false, hover:false, customClass:'', align:'bottom',type:'thumbs', margin:10, width:100, height:80, space:5, fillMode:'fill'  });\n\t\t\t\t\/\/ slider setup\n\t\t\t\tmasterslider_1c11.setup(\"MS6a00cca1d1c11\", {\n\t\t\t\t\t\twidth           : 600,\n\t\t\t\t\t\theight          : 450,\n\t\t\t\t\t\tminHeight       : 0,\n\t\t\t\t\t\tspace           : 0,\n\t\t\t\t\t\tstart           : 1,\n\t\t\t\t\t\tgrabCursor      : true,\n\t\t\t\t\t\tswipe           : true,\n\t\t\t\t\t\tmouse           : true,\n\t\t\t\t\t\tlayout          : \"boxed\",\n\t\t\t\t\t\twheel           : false,\n\t\t\t\t\t\tautoplay        : false,\n\t\t\t\t\t\tinstantStartLayers:false,\n\t\t\t\t\t\tloop            : false,\n\t\t\t\t\t\tshuffle         : false,\n\t\t\t\t\t\tpreload         : 0,\n\t\t\t\t\t\theightLimit     : true,\n\t\t\t\t\t\tautoHeight      : false,\n\t\t\t\t\t\tsmoothHeight    : true,\n\t\t\t\t\t\tendPause        : false,\n\t\t\t\t\t\toverPause       : true,\n\t\t\t\t\t\tfillMode        : \"fill\",\n\t\t\t\t\t\tcenterControls  : true,\n\t\t\t\t\t\tstartOnAppear   : false,\n\t\t\t\t\t\tlayersMode      : \"center\",\n\t\t\t\t\t\thideLayers      : false,\n\t\t\t\t\t\tfullscreenMargin: 0,\n\t\t\t\t\t\tspeed           : 20,\n\t\t\t\t\t\tdir             : \"h\",\n\t\t\t\t\t\tparallaxMode    : 'swipe',\n\t\t\t\t\t\tview            : \"basic\"\n\t\t\t\t});\n\n\t\t\t\t\n\t\t\t\twindow.masterslider_instances = window.masterslider_instances || [];\n\t\t\t\twindow.masterslider_instances.push( masterslider_1c11 );\n\t\t\t });\n\n\t\t})(jQuery);\n\t\t<\/script>\n\n\n<hr>\n<p><a id=\"zestaw-akcesoriow\" name=\"zestaw-akcesoriow\"><\/a><span class=\"product-code\">AS116<\/span><\/p>\n<h2>Zestaw akcesori\u00f3w do tablic ecoBoards<\/h2>\n<p class=\"product-desc\">Zestaw akcesori\u00f3w niezb\u0119dnych do codziennej pracy i prawid\u0142owej eksploatacji tablicy sucho\u015bcieralnej o w\u0142a\u015bciwo\u015bciach magnetycznych.<\/p>\n<p><img loading=\"lazy\" decoding=\"async\" class=\"aligncenter size-full wp-image-3688\" src=\"https:\/\/www.2x3.pl\/wp-content\/uploads\/2013\/05\/AS116.jpg\" alt=\"Zestaw akcesori\u00f3w ecoBoards\" width=\"570\" height=\"400\" srcset=\"https:\/\/www.2x3.pl\/wp-content\/uploads\/2013\/05\/AS116.jpg 570w, https:\/\/www.2x3.pl\/wp-content\/uploads\/2013\/05\/AS116-100x70.jpg 100w, https:\/\/www.2x3.pl\/wp-content\/uploads\/2013\/05\/AS116-256x179.jpg 256w\" sizes=\"auto, (max-width: 570px) 100vw, 570px\" \/><strong>Zestaw zawiera<\/strong>:<\/p>\n<ul>\n<li>markery na bazie spirytusu, z okr\u0105g\u0142\u0105 ko\u0144c\u00f3wk\u0105, w kolorze: czerwonym, zielonym, niebieskim i czarnym \u2013 1 opak. (4 szt.) <a class=\"prod-code\" href=\"#markery\"> AS119<\/a><\/li>\n<li>p\u0142yn czyszcz\u0105cy w butelce z atomizerem o pojemno\u015bci 50 ml \u2013 1 szt. <a class=\"prod-code\" href=\"#plyn-czyszczacy\"> AS121<\/a><\/li>\n<li>wycierak magnetyczny OVAL \u2013 1 szt. <a class=\"prod-code\" href=\"#czyscik\"> AS120<\/a><\/li>\n<li>wymienne filce \u2013 5 szt. <a class=\"prod-code\" href=\"#czyscik\"> AS130<\/a><\/li>\n<li>magnesy \u00d820 mm \u2013 10 szt. <a class=\"prod-code\" href=\"#magnesy\"> AM116\/C<\/a><\/li>\n<\/ul>\n\n<table id=\"wp-table-reloaded-id-131-no-1\" class=\"wp-table-reloaded wp-table-reloaded-id-131\">\n<thead>\n\t<tr class=\"row-1 odd\">\n\t\t<th class=\"column-1\">2x3 Art.<\/th><th class=\"column-2\">Komplet \/ Pack<\/th><th class=\"column-3\">Waga \/ Weight<\/th><th class=\"column-4\">Dostawa \/ Delivery<\/th>\n\t<\/tr>\n<\/thead>\n<tbody class=\"row-hover\">\n\t<tr class=\"row-2 even\">\n\t\t<td class=\"column-1\">AS116<\/td><td class=\"column-2\">1<\/td><td class=\"column-3\">0,21<\/td><td class=\"column-4\">2 dni \/ 2 days<\/td>\n\t<\/tr>\n<\/tbody>\n<\/table>\n\n<div class=\"product-card\"><a class=\"pdf-file-32\" href=\"https:\/\/www.2x3.pl\/pdf\/AS116.pdf\">Karta produktowa \u2013 AS116<\/a><\/div>\n<div class=\"product-card\"><a class=\"pdf-file-32\" href=\"https:\/\/www.2x3.pl\/pdf\/Certyfikat-plyn-AS105-AS131-AS121.pdf\">Certyfikat p\u0142yn do tablic \u2013 AS121<\/a><\/div>\n<hr \/>\n<p><a id=\"bloki\" name=\"bloki\"><\/a><span class=\"product-code\">B01\/10, B02\/10<\/span><\/p>\n<h2>Blok 10-kartowy<\/h2>\n<p class=\"product-desc\">Wysokiej jako\u015bci blok 10-cio kartkowy o formacie A1 (58 \u00d7 83 cm), dost\u0119pne w dw\u00f3ch rodzajach: g\u0142adki i w kratk\u0119. Posiada cztery otwory do zawieszenia arkuszy oraz perforacj\u0119 u\u0142atwiaj\u0105c\u0105 ich zrywanie. Gramatura papieru: 55 g\/m\u00b2. Pakowane indywidualnie w foli\u0119.<\/p>\n<p><img loading=\"lazy\" decoding=\"async\" class=\"aligncenter size-full wp-image-1784\" title=\"B02\/10, B01\/10\" src=\"https:\/\/www.2x3.pl\/wp-content\/uploads\/2011\/05\/B01_B02.jpg\" alt=\"Bloki 10-kartkowe\" width=\"600\" height=\"299\" srcset=\"https:\/\/www.2x3.pl\/wp-content\/uploads\/2011\/05\/B01_B02.jpg 600w, https:\/\/www.2x3.pl\/wp-content\/uploads\/2011\/05\/B01_B02-150x74.jpg 150w, https:\/\/www.2x3.pl\/wp-content\/uploads\/2011\/05\/B01_B02-300x149.jpg 300w\" sizes=\"auto, (max-width: 600px) 100vw, 600px\" \/>\n<table id=\"wp-table-reloaded-id-129-no-1\" class=\"wp-table-reloaded wp-table-reloaded-id-129\">\n<thead>\n\t<tr class=\"row-1 odd\">\n\t\t<th class=\"column-1\">2x3 Art. <\/th><th class=\"column-2\">Rodzaj \/ Type<\/th><th class=\"column-3\">Format \/ Size<\/th><th class=\"column-4\">Arkuszy \/ Sheet<\/th><th class=\"column-5\">Waga \/ Weight<\/th><th class=\"column-6\">Dostawa \/ Delivery<\/th>\n\t<\/tr>\n<\/thead>\n<tbody class=\"row-hover\">\n\t<tr class=\"row-2 even\">\n\t\t<td class=\"column-1\">B01\/10<\/td><td class=\"column-2\">kratka \/ grid<\/td><td class=\"column-3\">A1 [58&nbsp;x&nbsp;83]<\/td><td class=\"column-4\">10<\/td><td class=\"column-5\">0,4<\/td><td class=\"column-6\">2 dni \/ 2 days<\/td>\n\t<\/tr>\n\t<tr class=\"row-3 odd\">\n\t\t<td class=\"column-1\">B02\/10<\/td><td class=\"column-2\">g\u0142adki \/ plain<\/td><td class=\"column-3\">A1 [58&nbsp;x&nbsp;83]<\/td><td class=\"column-4\">10<\/td><td class=\"column-5\">0,4<\/td><td class=\"column-6\">2 dni \/ 2 days<\/td>\n\t<\/tr>\n<\/tbody>\n<\/table>\n<\/p>\n<div class=\"product-card\"><a class=\"pdf-file-32\" href=\"https:\/\/www.2x3.pl\/pdf\/B01_10__B02_10.pdf\">Karta produktowa \u2013 B01\/10, B02\/10<\/a><\/div>\n<hr \/>\n<p><a id=\"markery\" name=\"markery\"><\/a><span class=\"product-code\">AS119<\/span><\/p>\n<h2>Markery sucho\u015bcieralne<\/h2>\n<p class=\"product-desc\">Markery na bazie wodnej, z okr\u0105g\u0142\u0105 ko\u0144c\u00f3wk\u0105 o grubo\u015bci 3 mm. Przeznaczone do pisania po powierzchni sucho\u015bcieralnej. Charakteryzuj\u0105 si\u0119 \u0142atw\u0105 sucho\u015bcieralno\u015bci\u0105 \u2013 nie zamazuj\u0105 si\u0119, nie pozostawiaj\u0105 \u015blad\u00f3w i smug. Komplet zawiera cztery mazaki w kolorze: czerwonym, zielonym, niebieskim i czarnym. D\u0142ugo\u015b\u0107 linii pisania w markerach: 200\u2013250 m.<\/p>\n<p><img loading=\"lazy\" decoding=\"async\" class=\"aligncenter size-full wp-image-3691\" src=\"https:\/\/www.2x3.pl\/wp-content\/uploads\/2013\/05\/AS119_2.jpg\" alt=\"Markery sucho\u015bcieralne ecoBoards\" width=\"460\" height=\"200\" srcset=\"https:\/\/www.2x3.pl\/wp-content\/uploads\/2013\/05\/AS119_2.jpg 460w, https:\/\/www.2x3.pl\/wp-content\/uploads\/2013\/05\/AS119_2-100x43.jpg 100w, https:\/\/www.2x3.pl\/wp-content\/uploads\/2013\/05\/AS119_2-256x111.jpg 256w\" sizes=\"auto, (max-width: 460px) 100vw, 460px\" \/>\n<table id=\"wp-table-reloaded-id-130-no-1\" class=\"wp-table-reloaded wp-table-reloaded-id-130\">\n<thead>\n\t<tr class=\"row-1 odd\">\n\t\t<th class=\"column-1\">2x3 Art. <\/th><th class=\"column-2\">Komplet \/ Pack<\/th><th class=\"column-3\">Waga \/ Weight<\/th><th class=\"column-4\">Dostawa \/ Delivery<\/th>\n\t<\/tr>\n<\/thead>\n<tbody class=\"row-hover\">\n\t<tr class=\"row-2 even\">\n\t\t<td class=\"column-1\">AS119<\/td><td class=\"column-2\">4<\/td><td class=\"column-3\">0,03<\/td><td class=\"column-4\">2 dni \/ 2 days<\/td>\n\t<\/tr>\n<\/tbody>\n<\/table>\n<\/p>\n<div class=\"product-card\"><a class=\"pdf-file-32\" href=\"https:\/\/www.2x3.pl\/pdf\/AS119.pdf\">Karta produktowa \u2013 AS119<\/a><\/div>\n<hr \/>\n<p><a id=\"czyscik\" name=\"czyscik\"><\/a><span class=\"product-code\">AS120, AS130<\/span><\/p>\n<h2>Wycierak magnetyczny OVAL \/ wk\u0142ady filcowe<\/h2>\n<p class=\"product-desc\">Wycierak o trwa\u0142ej i estetycznej obudowie z wymiennymi wk\u0142adami \ufb01lcowymi przyczepianymi \u201ena rzep\u201d. Wbudowany magnes pozwala \u0142atwo przytwierdzi\u0107 czy\u015bcik w dowolnym miejscu tablicy, dzi\u0119ki czemu mo\u017ce by\u0107 on zawsze dost\u0119pny w zasi\u0119gu r\u0119ki.<\/p>\n<p><img loading=\"lazy\" decoding=\"async\" class=\"aligncenter size-full wp-image-1783\" title=\"AS120, AS130\" src=\"https:\/\/www.2x3.pl\/wp-content\/uploads\/2011\/05\/AS128_AS130.jpg\" alt=\"Czy\u015bcik magnetyczny i wymienne wk\u0142ady filcowe\" width=\"430\" height=\"314\" srcset=\"https:\/\/www.2x3.pl\/wp-content\/uploads\/2011\/05\/AS128_AS130.jpg 430w, https:\/\/www.2x3.pl\/wp-content\/uploads\/2011\/05\/AS128_AS130-150x109.jpg 150w, https:\/\/www.2x3.pl\/wp-content\/uploads\/2011\/05\/AS128_AS130-300x219.jpg 300w\" sizes=\"auto, (max-width: 430px) 100vw, 430px\" \/>\n<table id=\"wp-table-reloaded-id-133-no-1\" class=\"wp-table-reloaded wp-table-reloaded-id-133\">\n<thead>\n\t<tr class=\"row-1 odd\">\n\t\t<th class=\"column-1\">2x3 Art. <\/th><th class=\"column-2\">Komplet \/ Pack<\/th><th class=\"column-3\">Waga \/ Weight<\/th><th class=\"column-4\">Dostawa \/ Delivery<\/th>\n\t<\/tr>\n<\/thead>\n<tbody class=\"row-hover\">\n\t<tr class=\"row-2 even\">\n\t\t<td class=\"column-1\">AS120<\/td><td class=\"column-2\">1<\/td><td class=\"column-3\">0,1<\/td><td class=\"column-4\">2 dni \/ 2 days<\/td>\n\t<\/tr>\n\t<tr class=\"row-3 odd\">\n\t\t<td class=\"column-1\">AS130<\/td><td class=\"column-2\">5<\/td><td class=\"column-3\">0,02<\/td><td class=\"column-4\">2 dni \/ 2 days<\/td>\n\t<\/tr>\n<\/tbody>\n<\/table>\n<\/p>\n<div class=\"product-card\"><a class=\"pdf-file-32\" href=\"https:\/\/www.2x3.pl\/pdf\/AS120_AS130.pdf\">Karta produktowa \u2013 AS120, AS130<\/a><\/div>\n<hr \/>\n<p><a id=\"magnesy\" name=\"magnesy\"><\/a><span class=\"product-code\">AM116\/C<\/span><\/p>\n<h2>Magnesy do tablic<\/h2>\n<p class=\"product-desc\">Dost\u0119pne w wymiarze \u00d8 20 mm, w kolorze zielonym. Pakowane po 10 sztuk.<\/p>\n<p><img loading=\"lazy\" decoding=\"async\" class=\"aligncenter size-full wp-image-3692\" src=\"https:\/\/www.2x3.pl\/wp-content\/uploads\/2013\/05\/AM116_C.jpg\" alt=\"Magnesy ecoBoards\" width=\"300\" height=\"101\" srcset=\"https:\/\/www.2x3.pl\/wp-content\/uploads\/2013\/05\/AM116_C.jpg 300w, https:\/\/www.2x3.pl\/wp-content\/uploads\/2013\/05\/AM116_C-100x33.jpg 100w, https:\/\/www.2x3.pl\/wp-content\/uploads\/2013\/05\/AM116_C-256x86.jpg 256w\" sizes=\"auto, (max-width: 300px) 100vw, 300px\" \/>\n<table id=\"wp-table-reloaded-id-134-no-1\" class=\"wp-table-reloaded wp-table-reloaded-id-134\">\n<thead>\n\t<tr class=\"row-1 odd\">\n\t\t<th class=\"column-1\">2x3 Art.<\/th><th class=\"column-2\">\u015arednica [mm]\/Diameter [mm] <\/th><th class=\"column-3\">Komplet \/ Pack<\/th><th class=\"column-4\">Waga \/ Weight<\/th><th class=\"column-5\">Dostawa \/ Delivery<\/th>\n\t<\/tr>\n<\/thead>\n<tbody class=\"row-hover\">\n\t<tr class=\"row-2 even\">\n\t\t<td class=\"column-1\">AM116\/C<\/td><td class=\"column-2\">\u00d8 20<\/td><td class=\"column-3\">10<\/td><td class=\"column-4\">0,02<\/td><td class=\"column-5\">2 dni\/2days<\/td>\n\t<\/tr>\n<\/tbody>\n<\/table>\n<\/p>\n<div class=\"product-card\">Karta produktowa \u2013 AS116\/C<\/div>\n<p><a id=\"plyn-czyszczacy\" name=\"plyn-czyszczacy\"><\/a><span class=\"product-code\">AS121<\/span><\/p>\n<h2>P\u0142yn czyszcz\u0105cy do tablic sucho\u015bcieralnych<\/h2>\n<p class=\"product-desc\">Doskonale usuwa zabrudzenia z powierzchni sucho\u015bcieralnych, jednocze\u015bnie j\u0105 konserwuj\u0105c i zabezpieczaj\u0105c. P\u0142yn dost\u0119pny w por\u0119cznej butelce o pojemno\u015bci 50 ml z atomizerem. Ma bardzo \u0142agodny zapach i jest ca\u0142kowicie bezpieczny, jednak nale\u017cy u\u017cywa\u0107 go wy\u0142\u0105cznie zgodnie z przeznaczeniem.<br \/>\nCertyfikat dopuszczenia p\u0142ynu do obrotu wydany przez Pa\u0144stwowy Zak\u0142ad Higieny mo\u017cemy udost\u0119pni\u0107 na Pa\u0144stwa \u017cyczenie.<\/p>\n<p><img loading=\"lazy\" decoding=\"async\" class=\"aligncenter size-full wp-image-3693\" src=\"https:\/\/www.2x3.pl\/wp-content\/uploads\/2013\/05\/AS121.jpg\" alt=\"P\u0142yn czyszcz\u0105cy ecoBoards\" width=\"290\" height=\"290\" srcset=\"https:\/\/www.2x3.pl\/wp-content\/uploads\/2013\/05\/AS121.jpg 290w, https:\/\/www.2x3.pl\/wp-content\/uploads\/2013\/05\/AS121-100x100.jpg 100w, https:\/\/www.2x3.pl\/wp-content\/uploads\/2013\/05\/AS121-256x256.jpg 256w\" sizes=\"auto, (max-width: 290px) 100vw, 290px\" \/>\n<table id=\"wp-table-reloaded-id-132-no-1\" class=\"wp-table-reloaded wp-table-reloaded-id-132\">\n<thead>\n\t<tr class=\"row-1 odd\">\n\t\t<th class=\"column-1\">2x3 Art. <\/th><th class=\"column-2\">Pojemno\u015b\u0107 \/ Volume<\/th><th class=\"column-3\">Komplet \/ Pack<\/th><th class=\"column-4\">Waga \/ Weight<\/th><th class=\"column-5\">Dostawa \/ Delivery<\/th>\n\t<\/tr>\n<\/thead>\n<tbody class=\"row-hover\">\n\t<tr class=\"row-2 even\">\n\t\t<td class=\"column-1\">AS121<\/td><td class=\"column-2\">50<\/td><td class=\"column-3\">1<\/td><td class=\"column-4\">0,07<\/td><td class=\"column-5\">2 dni \/ 2 days<\/td>\n\t<\/tr>\n<\/tbody>\n<\/table>\n<\/p>\n<div class=\"product-card\"><a class=\"pdf-file-32\" href=\"https:\/\/www.2x3.pl\/pdf\/AS121.pdf\">Karta produktowa \u2013 AS121<\/a><\/div>\n<div class=\"product-card\"><a class=\"pdf-file-32\" href=\"https:\/\/www.2x3.pl\/pdf\/Certyfikat-plyn-AS105-AS131-AS121.pdf\">Certyfikat p\u0142yn do tablic \u2013 AS121<\/a><\/div>\n<p><\/p>\n","protected":false},"excerpt":{"rendered":"","protected":false},"author":18,"featured_media":3687,"parent":39,"menu_order":0,"comment_status":"closed","ping_status":"closed","template":"","meta":{"ngg_post_thumbnail":0,"footnotes":""},"class_list":["post-251","page","type-page","status-publish","has-post-thumbnail","hentry"],"_links":{"self":[{"href":"https:\/\/www.2x3.pl\/pl\/wp-json\/wp\/v2\/pages\/251","targetHints":{"allow":["GET"]}}],"collection":[{"href":"https:\/\/www.2x3.pl\/pl\/wp-json\/wp\/v2\/pages"}],"about":[{"href":"https:\/\/www.2x3.pl\/pl\/wp-json\/wp\/v2\/types\/page"}],"author":[{"embeddable":true,"href":"https:\/\/www.2x3.pl\/pl\/wp-json\/wp\/v2\/users\/18"}],"replies":[{"embeddable":true,"href":"https:\/\/www.2x3.pl\/pl\/wp-json\/wp\/v2\/comments?post=251"}],"version-history":[{"count":1,"href":"https:\/\/www.2x3.pl\/pl\/wp-json\/wp\/v2\/pages\/251\/revisions"}],"predecessor-version":[{"id":15054,"href":"https:\/\/www.2x3.pl\/pl\/wp-json\/wp\/v2\/pages\/251\/revisions\/15054"}],"up":[{"embeddable":true,"href":"https:\/\/www.2x3.pl\/pl\/wp-json\/wp\/v2\/pages\/39"}],"wp:featuredmedia":[{"embeddable":true,"href":"https:\/\/www.2x3.pl\/pl\/wp-json\/wp\/v2\/media\/3687"}],"wp:attachment":[{"href":"https:\/\/www.2x3.pl\/pl\/wp-json\/wp\/v2\/media?parent=251"}],"curies":[{"name":"wp","href":"https:\/\/api.w.org\/{rel}","templated":true}]}}