{"id":2568,"date":"2015-07-09T15:54:26","date_gmt":"2015-07-09T13:54:26","guid":{"rendered":"http:\/\/www.2x3.pl\/?page_id=2568"},"modified":"2026-03-16T13:18:57","modified_gmt":"2026-03-16T12:18:57","slug":"certyfikaty","status":"publish","type":"page","link":"https:\/\/www.2x3.pl\/pl\/pobierz\/certyfikaty\/","title":{"rendered":"Certyfikaty"},"content":{"rendered":"\r\n<h3 class=\"wp-block-heading\" id=\"jakosci\">Certyfikat ISO 9001&nbsp;<\/h3>\r\n\r\n\r\n\r\n<p>Certyfikat potwierdza, \u017ce <a href=\"https:\/\/2x3.pl\">2&#215;3<\/a> Sp\u00f3\u0142ka Akcyjna posiada <strong>System Zarz\u0105dzania Jako\u015bci\u0105<\/strong> zgodny z wymaganiami normy <strong>PN- EN ISO 9001:2015-10<\/strong>. Jest on konfirmacj\u0105 wysokiej jako\u015bci \u015bwiadczonych us\u0142ug w zakresie: projektowania, produkcji oraz dystrybucji produkt\u00f3w komunikacji wizualnej.<\/p>\r\n\r\n\r\n\r\n<h3 class=\"wp-block-heading\">CERTYFIKAT SYSTEMU ZARZ\u0104DZANIA PN- EN ISO 9001:2015-10<br>(OKRES WA\u017bNO\u015aCI: 08.10.2025 &#8211; 07.10.2028)<\/h3>\r\n\r\n\r\n\r\n<h3 class=\"wp-block-heading\">Pobierz w formacie PDF:<\/h3>\r\n\r\n\r\n\r\n<ul class=\"wp-block-list\"><li><a class=\"pdf-file\" title=\"Pobierz plik PDF\" href=\"https:\/\/www.2x3.pl\/wp-content\/uploads\/2025\/10\/Certyfikat-ISO-9001_08.10.2025-07.10.2028.pdf\">Certyfikat ISO &#8211; j\u0119zyk polski i j\u0119zyk angielski<\/a><\/li><\/ul>\r\n\r\n\r\n\r\n<hr class=\"wp-block-separator\"\/>\r\n\r\n\r\n\r\n<h3 class=\"wp-block-heading\" id=\"srodowiskowe\">Certyfikat ISO 14001<\/h3>\r\n\r\n\r\n\r\n<p>Certyfikat ISO 14001 to jeden ze standard\u00f3w ISO, stosowany w zarz\u0105dzaniu \u015brodowiskowym. Konkretnie jest to norma zarz\u0105dzania \u015brodowiskowego.<\/p>\r\n\r\n\r\n\r\n<h3 class=\"wp-block-heading\">System Zarz\u0105dzania \u015arodowiskowego wg normy <strong>PN- EN ISO 14001:2015-09&nbsp;<\/strong><br>(OKRES WA\u017bNO\u015aCI: 02.07.2024 -01.07.2027)<\/h3>\r\n\r\n\r\n\r\n<p>Pobierz w formacie PDF:<\/p>\r\n\r\n\r\n\r\n<ul class=\"wp-block-list\"><li><a class=\"pdf-file\" title=\"Pobierz plik PDF\" href=\"https:\/\/www.2x3.pl\/wp-content\/uploads\/2024\/07\/Certyfikat-ISO-14001.pdf\">Certyfikat ISO &#8211; j\u0119zyk polski i angielski<\/a><\/li><\/ul>\r\n\r\n\r\n\r\n<hr class=\"wp-block-separator\"\/>\r\n\r\n\r\n\r\n<h3 class=\"wp-block-heading\" id=\"jakosci\">Certyfikat TUV NORD<\/h3>\r\n\r\n\r\n\r\n<p>&#8222;Produkt sprawdzony&#8221;. Weryfikowane parametry produktu &#8211; zgodnie z PN-EN 14434:2010<\/p>\r\n\r\n\r\n\r\n<h3 class=\"wp-block-heading\">CERTYFIKAT NR 92667<br>(TERMIN WA\u017bNO\u015aCI: 28.07.2026)<\/h3>\r\n\r\n\r\n\r\n<h3 class=\"wp-block-heading\">Pobierz w formacie PDF:<\/h3>\r\n\r\n\r\n\r\n<ul class=\"wp-block-list\"><li><a class=\"pdf-file\" title=\"Pobierz plik PDF\" href=\"https:\/\/www.2x3.pl\/wp-content\/uploads\/2021\/09\/Certyfikat-PL-TUV-NORD.pdf\">Certyfikat TUV NORD<\/a><\/li><\/ul>\r\n\r\n\r\n\r\n<hr class=\"wp-block-separator\"\/>\r\n\r\n\r\n\r\n<h3 class=\"wp-block-heading\" id=\"srodowiskowe\">Certyfikat Palno\u015b\u0107 NR 26\/03\/2024\/01\/00<\/h3>\r\n\r\n\r\n\r\n<p>Wyr\u00f3b spe\u0142nia wymagania zawarte w:<\/p>\r\n\r\n\r\n\r\n<p><strong>PN-EN 13501-1:2019-02; BS 476-7:1997+A1:2009; BS 5867-2:2008<\/strong><\/p>\r\n\r\n\r\n\r\n<h3 class=\"wp-block-heading\"><strong>Tablice, gabloty, flipcharty, m\u00f3wnice, stoliki projekcyjne.<\/strong><\/h3>\r\n\r\n\r\n\r\n<p>(OKRES WA\u017bNO\u015aCI: 16-04-2024 &#8211; 15-04-2027)<\/p>\r\n\r\n\r\n\r\n<p>Pobierz w formacie PDF:<\/p>\r\n\r\n\r\n\r\n<ul class=\"wp-block-list\"><li><a class=\"pdf-file\" title=\"Pobierz plik PDF\" href=\"https:\/\/www.2x3.pl\/wp-content\/uploads\/2024\/07\/Certyfikat-PL_Palnosc_16.04.2024-15.04.2027-2.pdf\">Certyfikat NR 26\/03\/2024\/01\/00<\/a><\/li><\/ul>\r\n\r\n\r\n\r\n<hr class=\"wp-block-separator\"\/>\r\n\r\n\r\n\r\n<h3 class=\"wp-block-heading\" id=\"srodowiskowe\">Certyfikat Palno\u015b\u0107 NR 26\/03\/2024\/02\/00<\/h3>\r\n\r\n\r\n\r\n<p>Wyr\u00f3b spe\u0142nia wymagania zawarte w:<\/p>\r\n\r\n\r\n\r\n<p><strong>PN-EN 1021-1:2024-12;PN-EN 1021-2:2014-12<\/strong><\/p>\r\n\r\n\r\n\r\n<h3 class=\"wp-block-heading\"><strong>Tablice, gabloty, flipcharty, m\u00f3wnice, stoliki projekcyjne.<\/strong><\/h3>\r\n\r\n\r\n\r\n<p>(OKRES WA\u017bNO\u015aCI: 16-04-2024 &#8211; 15-04-2027)<\/p>\r\n\r\n\r\n\r\n<p>Pobierz w formacie PDF:<\/p>\r\n\r\n\r\n\r\n<ul class=\"wp-block-list\"><li><a class=\"pdf-file\" title=\"Pobierz plik PDF\" href=\"https:\/\/www.2x3.pl\/wp-content\/uploads\/2024\/07\/Certyfikat-PL_Palnosc_16.04.2024-15.04.2027.pdf\">Certyfikat NR 26\/03\/2024\/02\/00<\/a><\/li><\/ul>\r\n\r\n\r\n\r\n\r\n\r\n<hr class=\"wp-block-separator\"\/>\r\n\r\n\r\n\r\n<h3 class=\"wp-block-heading\" id=\"produktow\">Certyfikaty zgodno\u015bci z Polsk\u0105 Norm\u0105: PN-EN 14434:2010 \u2013 dla produkowanych wyrob\u00f3w<\/h3>\r\n\r\n\r\n\r\n<div class=\"clear\"><\/div>\r\n\r\n\r\n\r\n<p><a title=\"Tablice stoj\u0105ce\" href=\"https:\/\/www.2x3.pl\/wp-content\/uploads\/2024\/02\/tablice_stojace.png\"><img decoding=\"async\" class=\"ngg-singlepic ngg-left\" src=\"https:\/\/www.2x3.pl\/wp-content\/uploads\/2024\/02\/tablice_stojace.png\" width=\"70px\"><\/a><br><a class=\"pdf-file\" title=\"Pobierz plik PDF\" href=\"https:\/\/www.2x3.pl\/pdf\/CertyfikatPL_Tablicestoj\u0105ce_15.12.2023-14.12.2026.pdf\"><strong>Certyfikat zgodno\u015bci nr 05\/12\/2023\/03\/00 &#8211; wa\u017cny do 14.12.2026<\/strong><\/a><br>Tablice stoj\u0105ce<\/p>\r\n\r\n\r\n\r\n\r\n<div class=\"clear\"><\/div>\r\n\r\n\r\n\r\n\r\n<p><a title=\"Stoliki projekcyjne i m\u00f3wnice prezentacyjne\" href=\"https:\/\/www.2x3.pl\/wp-content\/uploads\/2024\/02\/mownice.png\"><img decoding=\"async\" class=\"ngg-singlepic ngg-left\" src=\"https:\/\/www.2x3.pl\/wp-content\/uploads\/2024\/02\/mownice.png\" alt=\"Certyfikat Zgodno\u015bci nr 29\/01\/2024\/01\/00\" width=\"70px\"><\/a><br><a class=\"pdf-file\" title=\"Pobierz plik PDF\" href=\"https:\/\/www.2x3.pl\/pdf\/CertyfikatPL_Stoliki projekcyjneim\u00f3wnice_01.02.2024-31.01.2027.pdf\"><strong>Certyfikat zgodno\u015bci nr 29\/01\/2024\/01\/00  &#8211; wa\u017cny do 31.01.2027<\/strong><\/a><br>Stoliki projekcyjne i m\u00f3wnice prezentacyjne<\/p>\r\n\r\n\r\n\r\n<div class=\"clear\"><\/div>\r\n\r\n\r\n\r\n<p><a title=\"Gabloty informacyjne\" href=\"https:\/\/www.2x3.pl\/wp-content\/uploads\/2024\/02\/gabloty.png\"><img decoding=\"async\" class=\"ngg-singlepic ngg-left\" src=\"https:\/\/www.2x3.pl\/wp-content\/uploads\/2024\/02\/gabloty.png\" alt=\"Certyfikat Zgodno\u015bci nr 02\/01\/2024\/06\/00\" width=\"70px\"><\/a><br><a class=\"pdf-file\" title=\"Pobierz plik PDF\" href=\"https:\/\/www.2x3.pl\/pdf\/CertyfikatPL_Gabloty_03.01.2024-02.01.2027.pdf\"><strong>Certyfikat zgodno\u015bci nr 02\/01\/2024\/06\/00 &#8211; wa\u017cny do 02.01.2027<\/strong><\/a><br>Gabloty informacyjne<\/p>\r\n\r\n\r\n\r\n<div class=\"clear\"><\/div>\r\n\r\n\r\n\r\n<p><a title=\"Plyny\" href=\"https:\/\/www.2x3.pl\/wp-content\/uploads\/2024\/02\/as107.png\"><img decoding=\"async\" class=\"ngg-singlepic ngg-left\" src=\"https:\/\/www.2x3.pl\/wp-content\/uploads\/2024\/02\/as107.png\" width=\"70px;\"><\/a><br><a class=\"pdf-file\" title=\"Pobierz plik PDF\" href=\"https:\/\/www.2x3.pl\/pdf\/certyfikat_forte-as107.pdf\"><strong>Certyfikat jako\u015bci zdrowotnej &#8211; wa\u017cny do 29.01.2027 <\/strong><\/a><br>P\u0142yn Forte AS107<\/p>\r\n\r\n\r\n\r\n<div class=\"clear\"><\/div>\r\n\r\n\r\n\r\n<p><a title=\"Plyny\" href=\"https:\/\/www.2x3.pl\/wp-content\/uploads\/2024\/02\/as105.png\"><img decoding=\"async\" class=\"ngg-singlepic ngg-left\" src=\"https:\/\/www.2x3.pl\/wp-content\/uploads\/2024\/02\/as105.png\" width=\"70px;\"><\/a><br><a class=\"pdf-file\" title=\"Pobierz plik PDF\" href=\"https:\/\/www.2x3.pl\/pdf\/Certyfikat-plyn-AS105-AS131-AS121.pdf\"><strong>Certyfikat jako\u015bci zdrowotnej &#8211; wa\u017cny do 29.01.2027 <\/strong><\/a><br>P\u0142yn AS105, AS131, AS121<\/p>\r\n\r\n\r\n\r\n<div class=\"clear\"><\/div>\r\n\r\n\r\n\r\n\r\n<p>\r\n  <a title=\"Tablice kolumnowe\" href=\"https:\/\/www.2x3.pl\/wp-content\/uploads\/2022\/08\/tablicekol.png\">\r\n    <img loading=\"lazy\" decoding=\"async\" class=\"ngg-singlepic ngg-left\" \r\n         src=\"https:\/\/www.2x3.pl\/wp-content\/uploads\/2025\/10\/2025-10-01_12h01_52.png\" \r\n         alt=\"Certyfikat Zgodno\u015bci nr 17\/06\/2025\/01\/00\" \r\n         width=\"70\" height=\"84\">\r\n  <\/a>\r\n  <br>\r\n  <a class=\"pdf-file\" title=\"Pobierz plik PDF\" href=\"https:\/\/www.2x3.pl\/wp-content\/uploads\/2025\/10\/Certyfikat-PL_Tablice-kolumnowe_24.09.2025-23.09.2028.pdf\">\r\n    <strong>Certyfikat zgodno\u015bci nr 17\/06\/2025\/01\/00 &#8211; wa\u017cny do 23.09.2028<\/strong>\r\n  <\/a>\r\n  <br>\r\n  Tablice kolumnowe\r\n<\/p>\r\n\r\n\r\n\r\n<div class=\"clear\"><\/div>\r\n\r\n\r\n\r\n<p><a title=\"Tablice szklane\" href=\"https:\/\/www.2x3.pl\/wp-content\/uploads\/2025\/12\/szklane.png\"><img decoding=\"async\" class=\"ngg-singlepic ngg-left\" src=\"https:\/\/www.2x3.pl\/wp-content\/uploads\/2025\/12\/szklane2.png\" alt=\"Certyfikat zgodno\u015bci nr 25.10.09.03.00\"><\/a><br><a class=\"pdf-file\" title=\"Download PDF\" href=\"https:\/\/www.2x3.pl\/wp-content\/uploads\/2025\/12\/Certyfikat-PL_Tablice-szklane_21.11.2025-20.11.2028.pdf\"><strong>Certyfikat zgodno\u015bci nr 25.10.09.03.00 \u2013 wa\u017cny do 20.11.2028<\/strong><\/a><br>Tablice szklane &#8211; TSZ<\/p>\r\n\r\n\r\n\r\n<div class=\"clear\"><\/div>\r\n\r\n\r\n\r\n<p><a title=\"Flipcharty\" href=\"<img loading=\"lazy\" decoding=\"async\" src=\"https:\/\/www.2x3.pl\/wp-content\/uploads\/2026\/03\/flipcharty_pl.png\" alt=\"\" width=\"605\" height=\"845\" class=\"alignnone size-full wp-image-15279\" srcset=\"https:\/\/www.2x3.pl\/wp-content\/uploads\/2026\/03\/flipcharty_pl.png 605w, https:\/\/www.2x3.pl\/wp-content\/uploads\/2026\/03\/flipcharty_pl-190x265.png 190w, https:\/\/www.2x3.pl\/wp-content\/uploads\/2026\/03\/flipcharty_pl-72x100.png 72w, https:\/\/www.2x3.pl\/wp-content\/uploads\/2026\/03\/flipcharty_pl-9x12.png 9w\" sizes=\"auto, (max-width: 605px) 100vw, 605px\" \/><img decoding=\"async\" class=\"ngg-singlepic ngg-left\" src=\"https:\/\/www.2x3.pl\/wp-content\/uploads\/2026\/03\/flipcharty_pl_70x100.png\" alt=\"Certyfikat zgodno\u015bci nr 26.02.09.06.00\"><\/a><br><a class=\"pdf-file\" title=\"Pobierz plik PDF\" href=\"https:\/\/www.2x3.pl\/wp-content\/uploads\/2026\/03\/Certyfikat-PL_Flipcharty_14.03.2026-13.03.2029.pdf\"><strong>Certyfikat Zgodno\u015bci nr 26.02.09.06.00 &#8211; wa\u017cny do 13.03.2029<\/strong><\/a><br>Flipcharty<\/p>\r\n\r\n\r\n\r\n<div class=\"clear\"><\/div>\r\n\r\n\r\n\r\n\r\n<p><a title=\"Tablice wiszace\" href=\"https:\/\/www.2x3.pl\/wp-content\/uploads\/2023\/08\/2023-08-28_08h23_00.png\"><img decoding=\"async\" class=\"ngg-singlepic ngg-left\" src=\"https:\/\/www.2x3.pl\/wp-content\/uploads\/2023\/08\/2023-08-28_08h23_00.png\" alt=\"Certyfikat zgodno\u015bci nr 24\/05\/2023\/12\/00 \" width=\"70px;\"><\/a><br><a class=\"pdf-file\" title=\"Pobierz plik PDF\" href=\"https:\/\/www.2x3.pl\/wp-content\/uploads\/2023\/08\/Certyfikat-PL-tablice-wiszace-pojedyncze-i-rozkladane-typu-tryptyk.pdf\"><strong>Certyfikat zgodno\u015bci nr 24\/05\/2023\/12\/00 &#8211; wa\u017cny do 27.07.2026<\/strong><\/a><br>Tablice wisz\u0105ce<\/p>\r\n\r\n\r\n\r\n<div class=\"clear\"><\/div>\r\n\r\n\r\n\r\n<div><a title=\"tablice bezramowe\" href=\"https:\/\/www.2x3.pl\/wp-content\/uploads\/2023\/10\/bezramowe.png\"><img decoding=\"async\" class=\"ngg-singlepic ngg-left\" src=\"https:\/\/www.2x3.pl\/wp-content\/uploads\/2023\/10\/bezramowe.png\" width=\"70px;\"><\/a><br><a class=\"pdf-file\" title=\"Pobierz plik PDF\" href=\"https:\/\/www.2x3.pl\/wp-content\/uploads\/2023\/10\/Certyfikat-PL-tablice-bezramowe.pdf\"><strong>Certyfikat zgodno\u015bci nr 16\/03\/2023\/01\/00 &#8211; wa\u017cny do 24.09.2026<\/strong><\/a><br>Tablice bezramowe<\/div>\r\n\r\n\r\n<br>\r\n\r\n<p>Nadane przez niezale\u017cne jednostki wyr\u00f3\u017cnienia s\u0105 potwierdzeniem, i\u017c ka\u017cdego dnia dok\u0142adamy wszelkich stara\u0144, aby jako\u015b\u0107 \u015bwiadczonych przez nas us\u0142ug oraz produkowanych wyrob\u00f3w by\u0142a zawsze na najwy\u017cszym poziomie.<br><br>\r\n\r\n<!--:-->\r\n","protected":false},"excerpt":{"rendered":"","protected":false},"author":18,"featured_media":0,"parent":2075,"menu_order":0,"comment_status":"closed","ping_status":"closed","template":"","meta":{"ngg_post_thumbnail":0,"footnotes":""},"class_list":["post-2568","page","type-page","status-publish","hentry"],"_links":{"self":[{"href":"https:\/\/www.2x3.pl\/pl\/wp-json\/wp\/v2\/pages\/2568","targetHints":{"allow":["GET"]}}],"collection":[{"href":"https:\/\/www.2x3.pl\/pl\/wp-json\/wp\/v2\/pages"}],"about":[{"href":"https:\/\/www.2x3.pl\/pl\/wp-json\/wp\/v2\/types\/page"}],"author":[{"embeddable":true,"href":"https:\/\/www.2x3.pl\/pl\/wp-json\/wp\/v2\/users\/18"}],"replies":[{"embeddable":true,"href":"https:\/\/www.2x3.pl\/pl\/wp-json\/wp\/v2\/comments?post=2568"}],"version-history":[{"count":15,"href":"https:\/\/www.2x3.pl\/pl\/wp-json\/wp\/v2\/pages\/2568\/revisions"}],"predecessor-version":[{"id":15284,"href":"https:\/\/www.2x3.pl\/pl\/wp-json\/wp\/v2\/pages\/2568\/revisions\/15284"}],"up":[{"embeddable":true,"href":"https:\/\/www.2x3.pl\/pl\/wp-json\/wp\/v2\/pages\/2075"}],"wp:attachment":[{"href":"https:\/\/www.2x3.pl\/pl\/wp-json\/wp\/v2\/media?parent=2568"}],"curies":[{"name":"wp","href":"https:\/\/api.w.org\/{rel}","templated":true}]}}