{"id":263,"date":"2014-01-14T19:05:56","date_gmt":"2014-01-14T18:05:56","guid":{"rendered":"http:\/\/www.2x3.pl\/?page_id=263"},"modified":"2024-11-28T15:12:54","modified_gmt":"2024-11-28T14:12:54","slug":"interaktywne-urzadzenia-przenosne","status":"publish","type":"page","link":"https:\/\/www.2x3.pl\/pl\/av-solutions\/interaktywne-urzadzenia-przenosne\/","title":{"rendered":"Interaktywne urz\u0105dzenia przeno\u015bne"},"content":{"rendered":"<p><br \/>\n<a id=\"pad\" name=\"pad\"><\/a><span class=\"product-code\">PAD<\/span><\/p>\n<h2>Smart Pad<\/h2>\n<p><img loading=\"lazy\" decoding=\"async\" class=\"alignnone size-large wp-image-7797\" src=\"https:\/\/www.2x3.pl\/wp-content\/uploads\/2016\/06\/PAD-1024x716.jpg\" alt=\"PAD\" width=\"600\" height=\"350\" \/><\/p>\n<hr>\n\n\t\t<!-- MasterSlider -->\n\t\t<div id=\"P_MS69f03d16775cc\" class=\"master-slider-parent msl ms-parent-id-40\" style=\"max-width:600px;\">\n\n\t\t\t\n\t\t\t<!-- MasterSlider Main -->\n\t\t\t<div id=\"MS69f03d16775cc\" class=\"master-slider ms-skin-default\" >\n\t\t\t\t \t\t\t\t \n\t\t\t\t<div  class=\"ms-slide\" data-delay=\"3\" data-fill-mode=\"fill\"  >\n\t\t\t\t\t<img decoding=\"async\" src=\"https:\/\/www.2x3.pl\/wp-content\/plugins\/master-slider\/public\/assets\/css\/blank.gif\" alt=\"smart pad 2x3\" title=\"\" data-src=\"https:\/\/www.2x3.pl\/wp-content\/uploads\/2016\/10\/pad_det1-1.jpg\" \/>\n\n\n\t<img decoding=\"async\" class=\"ms-thumb\" src=\"https:\/\/www.2x3.pl\/wp-content\/uploads\/2016\/10\/pad_det1-1-100x80.jpg\" alt=\"smart pad 2x3\" \/>\n\t<div class=\"ms-thumb\" ><div class=\"ms-tab-context\"><div class=\"&quot;ms-tab-context&quot;\"><\/div><\/div>\n<\/div>\n\t\t\t\t<\/div>\n\t\t\t\t<div  class=\"ms-slide\" data-delay=\"3\" data-fill-mode=\"fill\"  >\n\t\t\t\t\t<img decoding=\"async\" src=\"https:\/\/www.2x3.pl\/wp-content\/plugins\/master-slider\/public\/assets\/css\/blank.gif\" alt=\"smart pad 2x3\" title=\"\" data-src=\"https:\/\/www.2x3.pl\/wp-content\/uploads\/2016\/10\/pad_det2.jpg\" \/>\n\n\n\t<img decoding=\"async\" class=\"ms-thumb\" src=\"https:\/\/www.2x3.pl\/wp-content\/uploads\/2016\/10\/pad_det2-100x80.jpg\" alt=\"smart pad 2x3\" \/>\n\t<div class=\"ms-thumb\" ><div class=\"ms-tab-context\"><div class=\"&quot;ms-tab-context&quot;\"><\/div><\/div>\n<\/div>\n\t\t\t\t<\/div>\n\n\t\t\t<\/div>\n\t\t\t<!-- END MasterSlider Main -->\n\n\t\t\t \n\t\t<\/div>\n\t\t<!-- END MasterSlider -->\n\n\t\t<script>\n\t\t(function ( $ ) {\n\t\t\t\"use strict\";\n\n\t\t\t$(function () {\n\t\t\t\tvar masterslider_75cc = new MasterSlider();\n\n\t\t\t\t\/\/ slider controls\n\t\t\t\tmasterslider_75cc.control('arrows'     ,{ autohide:true, overVideo:true  });\t\t\t\tmasterslider_75cc.control('bullets'    ,{ autohide:true, overVideo:true, dir:'h', align:'bottom' , margin:10  });\n\n\t\t\t\tmasterslider_75cc.control('thumblist'  ,{ autohide:false, overVideo:true, dir:'h', speed:17, inset:false, arrows:false, hover:false, customClass:'', align:'bottom',type:'thumbs', margin:10, width:100, height:80, space:5, fillMode:'fill'  });\n\t\t\t\t\/\/ slider setup\n\t\t\t\tmasterslider_75cc.setup(\"MS69f03d16775cc\", {\n\t\t\t\t\t\twidth           : 600,\n\t\t\t\t\t\theight          : 450,\n\t\t\t\t\t\tminHeight       : 0,\n\t\t\t\t\t\tspace           : 0,\n\t\t\t\t\t\tstart           : 1,\n\t\t\t\t\t\tgrabCursor      : true,\n\t\t\t\t\t\tswipe           : true,\n\t\t\t\t\t\tmouse           : true,\n\t\t\t\t\t\tlayout          : \"boxed\",\n\t\t\t\t\t\twheel           : false,\n\t\t\t\t\t\tautoplay        : false,\n\t\t\t\t\t\tinstantStartLayers:false,\n\t\t\t\t\t\tloop            : false,\n\t\t\t\t\t\tshuffle         : false,\n\t\t\t\t\t\tpreload         : 0,\n\t\t\t\t\t\theightLimit     : true,\n\t\t\t\t\t\tautoHeight      : false,\n\t\t\t\t\t\tsmoothHeight    : true,\n\t\t\t\t\t\tendPause        : false,\n\t\t\t\t\t\toverPause       : true,\n\t\t\t\t\t\tfillMode        : \"fill\",\n\t\t\t\t\t\tcenterControls  : true,\n\t\t\t\t\t\tstartOnAppear   : false,\n\t\t\t\t\t\tlayersMode      : \"center\",\n\t\t\t\t\t\thideLayers      : false,\n\t\t\t\t\t\tfullscreenMargin: 0,\n\t\t\t\t\t\tspeed           : 20,\n\t\t\t\t\t\tdir             : \"h\",\n\t\t\t\t\t\tparallaxMode    : 'swipe',\n\t\t\t\t\t\tview            : \"basic\"\n\t\t\t\t});\n\n\t\t\t\t\n\t\t\t\twindow.masterslider_instances = window.masterslider_instances || [];\n\t\t\t\twindow.masterslider_instances.push( masterslider_75cc );\n\t\t\t });\n\n\t\t})(jQuery);\n\t\t<\/script>\n\n\n<p class=\"product-desc\">Stylowy <strong>touchpad<\/strong> z eleganckim chromowanym wyko\u0144czeniem kraw\u0119dzi ,\u0142\u0105cz\u0105cy w sobie funkcje panelu dotykowego <a href=\"https:\/\/www.2x3.pl\/produkty\/av-solutions\/tablice-interaktywne\/\">(z obs\u0142ug\u0105 multigest\u00f3w)<\/a> i wirtualnej klawiatury. Doskona\u0142y zar\u00f3wno do biura jak i do u\u017cytku domowego. Intuicyjny w obs\u0142udze, \u015bwietnie sprawdzi si\u0119 zar\u00f3wno jako urz\u0105dzenie steruj\u0105ce sprz\u0119tem multimedialnym a tak\u017ce jako \u201emyszka\u201d (touchpad) do komputera. Aby prze\u0142\u0105czy\u0107 si\u0119 mi\u0119dzy funkcjami \u201emyszki\u201d i wirtualnej klawiatury wystarczy tylko przeci\u0105gn\u0105\u0107 palcem po linii kropek umieszczonej na dole. Zasi\u0119g urz\u0105dzenia do 10 m.<\/p>\n<p><strong>W zestawie<\/strong>: odbiornik nano, kabel \u0142aduj\u0105cy (USB).<\/p>\n<p class=\"warranty\"><strong>Gwarancja<\/strong>: 2 lata<\/p>\n<div class=\"product-card\"><a class=\"pdf-file-32\" href=\"https:\/\/www.2x3.pl\/pdf\/PAD.pdf\">Karta produktowa &#8211; PAD<\/a><\/div>\n<p><a id=\"mobilepc\" name=\"mobilepc\"><\/a><span class=\"product-code\">Mobile PC<\/span><\/p>\n<h2>Mobile PC<\/h2>\n<p><img loading=\"lazy\" decoding=\"async\" class=\"alignnone size-large wp-image-7797\" src=\"https:\/\/www.2x3.pl\/wp-content\/uploads\/2016\/06\/MOBILEPC_1.jpg\" alt=\"Mobile PC\" width=\"640\" height=\"448\" \/><\/p>\n<p class=\"product-desc\"><strong>Mini komputer MOBILE PC<\/strong> to zamkni\u0119ta w obudowie wielko\u015bci tabliczki czekolady moc i wydajno\u015b\u0107 klasycznego komputera PC. Urz\u0105dzenia dzia\u0142a pod kontrol\u0105 systemu operacyjnego Windows 10 w polskiej wersji j\u0119zykowej. <strong>MOBILE PC<\/strong> to idealne uzupe\u0142nienie tablicy interaktywnej kt\u00f3re pozwala na bezproblemow\u0105 prac\u0119 bez konieczno\u015bci inwestowania w drogi i wielki<br \/>\nkomputer PC czy laptop. Urz\u0105dzenie dostarczane jest do klienta kompletne i skonfigurowane, gotowe do natychmiastowej pracy.<\/p>\n<p><strong>W zestawie<\/strong>: komputer, zasilacz, adapter HDMI<\/p>\n<p class=\"warranty\"><strong>Gwarancja<\/strong>: 2 lata<\/p>\n<div class=\"product-card\"><a class=\"pdf-file-32\" href=\"https:\/\/www.2x3.pl\/pdf\/MOBILEPC.pdf\">Karta produktowa &#8211; Mobile PC<\/a><\/div>\n<p><\/p>\n","protected":false},"excerpt":{"rendered":"","protected":false},"author":18,"featured_media":4731,"parent":41,"menu_order":0,"comment_status":"closed","ping_status":"closed","template":"","meta":{"ngg_post_thumbnail":0,"footnotes":""},"class_list":["post-263","page","type-page","status-publish","has-post-thumbnail","hentry"],"_links":{"self":[{"href":"https:\/\/www.2x3.pl\/pl\/wp-json\/wp\/v2\/pages\/263","targetHints":{"allow":["GET"]}}],"collection":[{"href":"https:\/\/www.2x3.pl\/pl\/wp-json\/wp\/v2\/pages"}],"about":[{"href":"https:\/\/www.2x3.pl\/pl\/wp-json\/wp\/v2\/types\/page"}],"author":[{"embeddable":true,"href":"https:\/\/www.2x3.pl\/pl\/wp-json\/wp\/v2\/users\/18"}],"replies":[{"embeddable":true,"href":"https:\/\/www.2x3.pl\/pl\/wp-json\/wp\/v2\/comments?post=263"}],"version-history":[{"count":1,"href":"https:\/\/www.2x3.pl\/pl\/wp-json\/wp\/v2\/pages\/263\/revisions"}],"predecessor-version":[{"id":15040,"href":"https:\/\/www.2x3.pl\/pl\/wp-json\/wp\/v2\/pages\/263\/revisions\/15040"}],"up":[{"embeddable":true,"href":"https:\/\/www.2x3.pl\/pl\/wp-json\/wp\/v2\/pages\/41"}],"wp:featuredmedia":[{"embeddable":true,"href":"https:\/\/www.2x3.pl\/pl\/wp-json\/wp\/v2\/media\/4731"}],"wp:attachment":[{"href":"https:\/\/www.2x3.pl\/pl\/wp-json\/wp\/v2\/media?parent=263"}],"curies":[{"name":"wp","href":"https:\/\/api.w.org\/{rel}","templated":true}]}}