{"id":265,"date":"2014-08-21T10:06:48","date_gmt":"2014-08-21T08:06:48","guid":{"rendered":"http:\/\/www.2x3.pl\/?page_id=265"},"modified":"2024-11-28T15:11:26","modified_gmt":"2024-11-28T14:11:26","slug":"akcesoria","status":"publish","type":"page","link":"https:\/\/www.2x3.pl\/pl\/av-solutions\/akcesoria\/","title":{"rendered":"Akcesoria do tablic interaktywnych"},"content":{"rendered":"\n<h3>Akcesoria do tablic interaktywnych<\/h3>\n<p>to dodatkowe wyposa\u017cenie do <a href=\"https:\/\/www.2x3.pl\/produkty\/av-solutions\/tablice-interaktywne\/\">tablic<\/a> wspomagaj\u0105ce prace u\u017cytkownika w prowadzeniu zaj\u0119\u0107, lekcji, prezentacji. <\/p>\n<p>W naszej ofercie posiadamy p\u0142yn antystatyczny, dzi\u0119ki kt\u00f3remu \u0142atwiej wyczy\u015bci\u0107 powierzchni\u0119 tablicy oraz zestaw g\u0142o\u015bnik\u00f3w do nag\u0142o\u015bnienia prezentacji.<\/p>\n<hr>\n<p><a id=\"glosniki\" name=\"glosniki\"><\/a><span class=\"product-code\">ZGES1<\/span><\/p>\n<h2>Zestaw g\u0142o\u015bnikowy \u00e9sprit sound<\/h2>\n<p><img loading=\"lazy\" decoding=\"async\" src=\"https:\/\/www.2x3.pl\/wp-content\/uploads\/2014\/08\/ZGES1_600x540.jpg\" alt=\"Zestaw g\u0142o\u015bnikowy \u00e9sprit sound\" width=\"600\" height=\"540\" class=\"size-full wp-image-9057\" srcset=\"https:\/\/www.2x3.pl\/wp-content\/uploads\/2014\/08\/ZGES1_600x540.jpg 600w, https:\/\/www.2x3.pl\/wp-content\/uploads\/2014\/08\/ZGES1_600x540-100x90.jpg 100w, https:\/\/www.2x3.pl\/wp-content\/uploads\/2014\/08\/ZGES1_600x540-256x230.jpg 256w\" sizes=\"auto, (max-width: 600px) 100vw, 600px\" \/> Zestaw g\u0142o\u015bnikowy \u00e9sprit sound<\/p>\n<hr>\n\n\t\t<!-- MasterSlider -->\n\t\t<div id=\"P_MS69f03d4b52e00\" class=\"master-slider-parent msl ms-parent-id-19\" style=\"max-width:600px;\">\n\n\t\t\t\n\t\t\t<!-- MasterSlider Main -->\n\t\t\t<div id=\"MS69f03d4b52e00\" class=\"master-slider ms-skin-default\" >\n\t\t\t\t \t\t\t\t \n\t\t\t\t<div  class=\"ms-slide\" data-delay=\"3\" data-fill-mode=\"fill\"  >\n\t\t\t\t\t<img decoding=\"async\" src=\"https:\/\/www.2x3.pl\/wp-content\/plugins\/master-slider\/public\/assets\/css\/blank.gif\" alt=\"\" title=\"\" data-src=\"https:\/\/www.2x3.pl\/wp-content\/uploads\/2016\/09\/zges1_back.jpg\" \/>\n\n\n\t<img decoding=\"async\" class=\"ms-thumb\" src=\"https:\/\/www.2x3.pl\/wp-content\/uploads\/2016\/09\/zges1_back-100x80.jpg\" alt=\"\" \/>\n\t<div class=\"ms-thumb\" ><div class=\"ms-tab-context\"><div class=\"&quot;ms-tab-context&quot;\"><\/div><\/div>\n<\/div>\n\t\t\t\t<\/div>\n\t\t\t\t<div  class=\"ms-slide\" data-delay=\"3\" data-fill-mode=\"fill\"  >\n\t\t\t\t\t<img decoding=\"async\" src=\"https:\/\/www.2x3.pl\/wp-content\/plugins\/master-slider\/public\/assets\/css\/blank.gif\" alt=\"\" title=\"\" data-src=\"https:\/\/www.2x3.pl\/wp-content\/uploads\/2016\/09\/zges1_det1.jpg\" \/>\n\n\n\t<img decoding=\"async\" class=\"ms-thumb\" src=\"https:\/\/www.2x3.pl\/wp-content\/uploads\/2016\/09\/zges1_det1-100x80.jpg\" alt=\"\" \/>\n\t<div class=\"ms-thumb\" ><div class=\"ms-tab-context\"><div class=\"&quot;ms-tab-context&quot;\"><\/div><\/div>\n<\/div>\n\t\t\t\t<\/div>\n\t\t\t\t<div  class=\"ms-slide\" data-delay=\"3\" data-fill-mode=\"fill\"  >\n\t\t\t\t\t<img decoding=\"async\" src=\"https:\/\/www.2x3.pl\/wp-content\/plugins\/master-slider\/public\/assets\/css\/blank.gif\" alt=\"\" title=\"\" data-src=\"https:\/\/www.2x3.pl\/wp-content\/uploads\/2016\/09\/zges1_det2.jpg\" \/>\n\n\n\t<img decoding=\"async\" class=\"ms-thumb\" src=\"https:\/\/www.2x3.pl\/wp-content\/uploads\/2016\/09\/zges1_det2-100x80.jpg\" alt=\"\" \/>\n\t<div class=\"ms-thumb\" ><div class=\"ms-tab-context\"><div class=\"&quot;ms-tab-context&quot;\"><\/div><\/div>\n<\/div>\n\t\t\t\t<\/div>\n\n\t\t\t<\/div>\n\t\t\t<!-- END MasterSlider Main -->\n\n\t\t\t \n\t\t<\/div>\n\t\t<!-- END MasterSlider -->\n\n\t\t<script>\n\t\t(function ( $ ) {\n\t\t\t\"use strict\";\n\n\t\t\t$(function () {\n\t\t\t\tvar masterslider_2e00 = new MasterSlider();\n\n\t\t\t\t\/\/ slider controls\n\t\t\t\tmasterslider_2e00.control('arrows'     ,{ autohide:true, overVideo:true  });\t\t\t\tmasterslider_2e00.control('bullets'    ,{ autohide:true, overVideo:true, dir:'h', align:'bottom' , margin:10  });\n\n\t\t\t\tmasterslider_2e00.control('thumblist'  ,{ autohide:false, overVideo:true, dir:'h', speed:17, inset:false, arrows:false, hover:false, customClass:'', align:'bottom',type:'thumbs', margin:10, width:100, height:80, space:5, fillMode:'fill'  });\n\t\t\t\t\/\/ slider setup\n\t\t\t\tmasterslider_2e00.setup(\"MS69f03d4b52e00\", {\n\t\t\t\t\t\twidth           : 600,\n\t\t\t\t\t\theight          : 450,\n\t\t\t\t\t\tminHeight       : 0,\n\t\t\t\t\t\tspace           : 0,\n\t\t\t\t\t\tstart           : 1,\n\t\t\t\t\t\tgrabCursor      : true,\n\t\t\t\t\t\tswipe           : true,\n\t\t\t\t\t\tmouse           : true,\n\t\t\t\t\t\tlayout          : \"boxed\",\n\t\t\t\t\t\twheel           : false,\n\t\t\t\t\t\tautoplay        : false,\n\t\t\t\t\t\tinstantStartLayers:false,\n\t\t\t\t\t\tloop            : false,\n\t\t\t\t\t\tshuffle         : false,\n\t\t\t\t\t\tpreload         : 0,\n\t\t\t\t\t\theightLimit     : true,\n\t\t\t\t\t\tautoHeight      : false,\n\t\t\t\t\t\tsmoothHeight    : true,\n\t\t\t\t\t\tendPause        : false,\n\t\t\t\t\t\toverPause       : true,\n\t\t\t\t\t\tfillMode        : \"fill\",\n\t\t\t\t\t\tcenterControls  : true,\n\t\t\t\t\t\tstartOnAppear   : false,\n\t\t\t\t\t\tlayersMode      : \"center\",\n\t\t\t\t\t\thideLayers      : false,\n\t\t\t\t\t\tfullscreenMargin: 0,\n\t\t\t\t\t\tspeed           : 20,\n\t\t\t\t\t\tdir             : \"h\",\n\t\t\t\t\t\tparallaxMode    : 'swipe',\n\t\t\t\t\t\tview            : \"basic\"\n\t\t\t\t});\n\n\t\t\t\t\n\t\t\t\twindow.masterslider_instances = window.masterslider_instances || [];\n\t\t\t\twindow.masterslider_instances.push( masterslider_2e00 );\n\t\t\t });\n\n\t\t})(jQuery);\n\t\t<\/script>\n\n\n<p class=\"product-desc\">Zestaw g\u0142o\u015bnikowy <a href=\"https:\/\/esprit.2x3.pl\">\u00e9sprit<\/a> sound przeznaczony jest do wszystkich naszych tablic interaktywnych. Mo\u017ce by\u0107 wykorzystany w szko\u0142ach, salach konferencyjnych, biurach, czyli wsz\u0119dzie tam gdzie wyst\u0119puje potrzeba wsparcia nag\u0142o\u015bnienia na potrzeby lekcji czy prezentacji. \u0141atwy monta\u017c \u015bcienny, kompaktowa i estetyczna obudowa, komplet okablowania w zestawie.<\/p>\n<p class=\"warranty\"><strong>Gwarancja:<\/strong> 2 lata.<\/p>\n<p style=\"text-align: center;\"><a class=\"highslide\" title=\"Schemat okablowania w zestawie \u00e9sprit sound\" href=\"https:\/\/www.2x3.pl\/wp-content\/uploads\/2014\/08\/ZGES1_pl.svg\" rel=\"highslide\"><img decoding=\"async\" class=\"aligncenter wp-image-5086\" style=\"width: 80%; height: auto; margin-bottom: 30px;\" src=\"https:\/\/www.2x3.pl\/wp-content\/uploads\/2014\/08\/ZGES1_pl.svg\" alt=\"Schemat okablowania zestawu audio esprit sound\" \/><\/a>\n<table id=\"wp-table-reloaded-id-247-no-1\" class=\"wp-table-reloaded wp-table-reloaded-id-247\">\n<thead>\n\t<tr class=\"row-1 odd\">\n\t\t<th class=\"column-1\">2x3 Art.<\/th><th class=\"column-2\">Moc \/ Power<\/th><th class=\"column-3\">Wymiary \/ Size<\/th><th class=\"column-4\">Waga \/ Weight<\/th><th class=\"column-5\">Dostawa \/ Delivery<\/th>\n\t<\/tr>\n<\/thead>\n<tbody class=\"row-hover\">\n\t<tr class=\"row-2 even\">\n\t\t<td class=\"column-1\">ZGES1<\/td><td class=\"column-2\">2 \u00d7 20 W<\/td><td class=\"column-3\">50 \u00d7 10 \u00d7 10<\/td><td class=\"column-4\">5,4<\/td><td class=\"column-5\">10 dni \/ 10 days<\/td>\n\t<\/tr>\n<\/tbody>\n<\/table>\n<\/p>\n<div class=\"product-card\"><a class=\"pdf-file-32\" href=\"https:\/\/www.2x3.pl\/pdf\/ZGES1.pdf\">Karta produktowa &#8211; ZGES1<\/a><\/div>\n<p><\/p>\n","protected":false},"excerpt":{"rendered":"","protected":false},"author":18,"featured_media":5419,"parent":41,"menu_order":0,"comment_status":"closed","ping_status":"closed","template":"","meta":{"ngg_post_thumbnail":0,"footnotes":""},"class_list":["post-265","page","type-page","status-publish","has-post-thumbnail","hentry"],"_links":{"self":[{"href":"https:\/\/www.2x3.pl\/pl\/wp-json\/wp\/v2\/pages\/265","targetHints":{"allow":["GET"]}}],"collection":[{"href":"https:\/\/www.2x3.pl\/pl\/wp-json\/wp\/v2\/pages"}],"about":[{"href":"https:\/\/www.2x3.pl\/pl\/wp-json\/wp\/v2\/types\/page"}],"author":[{"embeddable":true,"href":"https:\/\/www.2x3.pl\/pl\/wp-json\/wp\/v2\/users\/18"}],"replies":[{"embeddable":true,"href":"https:\/\/www.2x3.pl\/pl\/wp-json\/wp\/v2\/comments?post=265"}],"version-history":[{"count":1,"href":"https:\/\/www.2x3.pl\/pl\/wp-json\/wp\/v2\/pages\/265\/revisions"}],"predecessor-version":[{"id":15038,"href":"https:\/\/www.2x3.pl\/pl\/wp-json\/wp\/v2\/pages\/265\/revisions\/15038"}],"up":[{"embeddable":true,"href":"https:\/\/www.2x3.pl\/pl\/wp-json\/wp\/v2\/pages\/41"}],"wp:featuredmedia":[{"embeddable":true,"href":"https:\/\/www.2x3.pl\/pl\/wp-json\/wp\/v2\/media\/5419"}],"wp:attachment":[{"href":"https:\/\/www.2x3.pl\/pl\/wp-json\/wp\/v2\/media?parent=265"}],"curies":[{"name":"wp","href":"https:\/\/api.w.org\/{rel}","templated":true}]}}