{"id":3091,"date":"2012-11-19T16:02:01","date_gmt":"2012-11-19T15:02:01","guid":{"rendered":"http:\/\/www.2x3.pl\/?page_id=3091"},"modified":"2024-11-28T15:50:49","modified_gmt":"2024-11-28T14:50:49","slug":"wizualizery","status":"publish","type":"page","link":"https:\/\/www.2x3.pl\/pl\/oprogramowanie\/wizualizery\/","title":{"rendered":"Wizualizery"},"content":{"rendered":"\n<h3>Wizualizer <a title=\"Sprawd\u017a w katalogu produkt\u00f3w (AV Solutions)\" href=\"https:\/\/www.2x3.pl\/produkty\/av-solutions\/wizualizery\/#wz2\">WZ4<\/a><\/h3>\n<p><strong>Pobierz oprogramowanie:<\/strong> <a class=\"zip-file\" title=\"Pobierz WZ4.zip (30 MB)\" href=\"https:\/\/www.2x3.pl\/download\/WZ4.zip\"><strong>WZ4.zip<\/strong><\/a> (30 MB) &#8211; dla Windows XP, Vista, 7, 8.<br \/>\n<small>j\u0119zyki: polski, angielski, niemiecki, francuski, hiszpa\u0144ski, baskijski, katalo\u0144ski, portugalski, chi\u0144ski uproszczony, korea\u0144ski, japo\u0144ski.<\/small><\/p>\n<p><a class=\"pdf-file\" title=\"Pobierz plik PDF (1,39 MB)\" href=\"https:\/\/www.2x3.pl\/download\/WZ4_manual_pl_ru_en.pdf\">Instrukcja obs\u0142ugi<\/a> (1,39 MB)<\/p>\n<h3>Wizualizery <a title=\"Sprawd\u017a w katalogu produkt\u00f3w (AV Solutions)\" href=\"https:\/\/www.2x3.pl\/produkty\/av-solutions\/wizualizery\/#wz2\">WZ2<\/a>, <a title=\"Sprawd\u017a w katalogu produkt\u00f3w (AV Solutions)\" href=\"https:\/\/www.2x3.pl\/produkty\/av-solutions\/wizualizery\/#wz3\">WZ3<\/a><\/h3>\n<p><strong>Pobierz oprogramowanie:<\/strong> <a class=\"zip-file\" title=\"Pobierz WZ2_WZ3.zip (69 MB)\" href=\"https:\/\/www.2x3.pl\/download\/WZ2_WZ3.zip\"><strong>WZ2_WZ3.zip<\/strong><\/a> (69 MB) &#8211; dla Windows XP, Vista, 7, 8.<br \/>\n<small>j\u0119zyki: polski, angielski, niemiecki, francuski, hiszpa\u0144ski, baskijski, katalo\u0144ski, portugalski, chi\u0144ski uproszczony, korea\u0144ski, japo\u0144ski.<\/small><\/p>\n<p><a class=\"pdf-file\" title=\"Pobierz plik PDF (353 kB)\" href=\"https:\/\/www.2x3.pl\/download\/WZ2_instrukcja-obslugi.pdf\">Instrukcja obs\u0142ugi<\/a> (353 kB)<\/p>\n<h3>Wizualizer <a title=\"Sprawd\u017a w katalogu produkt\u00f3w (AV Solutions)\" href=\"https:\/\/www.2x3.pl\/produkty\/av-solutions\/wizualizery\/#fuse\">fuse (PolyVision)<\/a><\/h3>\n<p><strong>Pobierz oprogramowanie:<\/strong> <a class=\"exe-file\" title=\"Pobierz PolyVision_fuse_Setup_Polish.exe (19,7 MB)\" href=\"https:\/\/www.2x3.pl\/download\/PolyVision_fuse_Setup_Polish.exe\"><strong>PolyVision_fuse_Setup_Polish.exe<\/strong><\/a> (19,7 MB) &#8211; v. 2.0.2. &#8211; dla Windows XP, Vista, 7, 8.<br \/>\n<small>j\u0119zyk: polski.<\/small><br \/>\nUwaga: Wersja dla komputer\u00f3w MAC dost\u0119pna tutaj.<\/p>\n<p><a class=\"pdf-file\" title=\"Pobierz plik PDF (302 kB)\" href=\"https:\/\/www.2x3.pl\/download\/fuse_instrukcja-obslugi_pl.pdf\">Instrukcja obs\u0142ugi<\/a> (302 kB)<\/p>\n<p><\/p>\n","protected":false},"excerpt":{"rendered":"","protected":false},"author":18,"featured_media":0,"parent":2138,"menu_order":0,"comment_status":"closed","ping_status":"closed","template":"","meta":{"ngg_post_thumbnail":0,"footnotes":""},"class_list":["post-3091","page","type-page","status-publish","hentry"],"_links":{"self":[{"href":"https:\/\/www.2x3.pl\/pl\/wp-json\/wp\/v2\/pages\/3091","targetHints":{"allow":["GET"]}}],"collection":[{"href":"https:\/\/www.2x3.pl\/pl\/wp-json\/wp\/v2\/pages"}],"about":[{"href":"https:\/\/www.2x3.pl\/pl\/wp-json\/wp\/v2\/types\/page"}],"author":[{"embeddable":true,"href":"https:\/\/www.2x3.pl\/pl\/wp-json\/wp\/v2\/users\/18"}],"replies":[{"embeddable":true,"href":"https:\/\/www.2x3.pl\/pl\/wp-json\/wp\/v2\/comments?post=3091"}],"version-history":[{"count":2,"href":"https:\/\/www.2x3.pl\/pl\/wp-json\/wp\/v2\/pages\/3091\/revisions"}],"predecessor-version":[{"id":15096,"href":"https:\/\/www.2x3.pl\/pl\/wp-json\/wp\/v2\/pages\/3091\/revisions\/15096"}],"up":[{"embeddable":true,"href":"https:\/\/www.2x3.pl\/pl\/wp-json\/wp\/v2\/pages\/2138"}],"wp:attachment":[{"href":"https:\/\/www.2x3.pl\/pl\/wp-json\/wp\/v2\/media?parent=3091"}],"curies":[{"name":"wp","href":"https:\/\/api.w.org\/{rel}","templated":true}]}}