{"id":310,"date":"2013-05-06T10:07:34","date_gmt":"2013-05-06T08:07:34","guid":{"rendered":"http:\/\/www.2x3.pl\/?page_id=310"},"modified":"2025-03-12T11:44:43","modified_gmt":"2025-03-12T10:44:43","slug":"stojaki-do-banerow","status":"publish","type":"page","link":"https:\/\/www.2x3.pl\/pl\/stojaki-do-banerow\/","title":{"rendered":"Stojaki do baner\u00f3w"},"content":{"rendered":"\n<h2>ORB &#8211; Stojak do banera RollEco<\/h2>\n<p><img loading=\"lazy\" decoding=\"async\" src=\"https:\/\/www.2x3.pl\/wp-content\/uploads\/2011\/05\/ORB.jpg\" alt=\"Stojak do bannera RollEco\" title=\"ORB\" width=\"203\" height=\"530\" class=\"aligncenter size-full wp-image-2754\" srcset=\"https:\/\/www.2x3.pl\/wp-content\/uploads\/2011\/05\/ORB.jpg 203w, https:\/\/www.2x3.pl\/wp-content\/uploads\/2011\/05\/ORB-57x150.jpg 57w\" sizes=\"auto, (max-width: 203px) 100vw, 203px\" \/><br \/>\n\n\t\t<!-- MasterSlider -->\n\t\t<div id=\"P_MS69f6f94037942\" class=\"master-slider-parent msl ms-parent-id-146\" style=\"max-width:600px;\">\n\n\t\t\t\n\t\t\t<!-- MasterSlider Main -->\n\t\t\t<div id=\"MS69f6f94037942\" class=\"master-slider ms-skin-default\" >\n\t\t\t\t \t\t\t\t \n\t\t\t\t<div  class=\"ms-slide\" data-delay=\"3\" data-fill-mode=\"fill\"  >\n\t\t\t\t\t<img decoding=\"async\" src=\"https:\/\/www.2x3.pl\/wp-content\/plugins\/master-slider\/public\/assets\/css\/blank.gif\" alt=\"\" title=\"\" data-src=\"https:\/\/www.2x3.pl\/wp-content\/uploads\/2016\/11\/erb_det3.jpg\" \/>\n\n\n\t<img decoding=\"async\" class=\"ms-thumb\" src=\"https:\/\/www.2x3.pl\/wp-content\/uploads\/2016\/11\/erb_det3-100x80.jpg\" alt=\"\" \/>\n\t<div class=\"ms-thumb\" ><div class=\"ms-tab-context\"><div class=\"&quot;ms-tab-context&quot;\"><\/div><\/div>\n<\/div>\n\t\t\t\t<\/div>\n\t\t\t\t<div  class=\"ms-slide\" data-delay=\"3\" data-fill-mode=\"fill\"  >\n\t\t\t\t\t<img decoding=\"async\" src=\"https:\/\/www.2x3.pl\/wp-content\/plugins\/master-slider\/public\/assets\/css\/blank.gif\" alt=\"\" title=\"\" data-src=\"https:\/\/www.2x3.pl\/wp-content\/uploads\/2016\/11\/erb_det5.jpg\" \/>\n\n\n\t<img decoding=\"async\" class=\"ms-thumb\" src=\"https:\/\/www.2x3.pl\/wp-content\/uploads\/2016\/11\/erb_det5-100x80.jpg\" alt=\"\" \/>\n\t<div class=\"ms-thumb\" ><div class=\"ms-tab-context\"><div class=\"&quot;ms-tab-context&quot;\"><\/div><\/div>\n<\/div>\n\t\t\t\t<\/div>\n\t\t\t\t<div  class=\"ms-slide\" data-delay=\"3\" data-fill-mode=\"fill\"  >\n\t\t\t\t\t<img decoding=\"async\" src=\"https:\/\/www.2x3.pl\/wp-content\/plugins\/master-slider\/public\/assets\/css\/blank.gif\" alt=\"\" title=\"\" data-src=\"https:\/\/www.2x3.pl\/wp-content\/uploads\/2016\/11\/erb_det6.jpg\" \/>\n\n\n\t<img decoding=\"async\" class=\"ms-thumb\" src=\"https:\/\/www.2x3.pl\/wp-content\/uploads\/2016\/11\/erb_det6-100x80.jpg\" alt=\"\" \/>\n\t<div class=\"ms-thumb\" ><div class=\"ms-tab-context\"><div class=\"&quot;ms-tab-context&quot;\"><\/div><\/div>\n<\/div>\n\t\t\t\t<\/div>\n\n\t\t\t<\/div>\n\t\t\t<!-- END MasterSlider Main -->\n\n\t\t\t \n\t\t<\/div>\n\t\t<!-- END MasterSlider -->\n\n\t\t<script>\n\t\t(function ( $ ) {\n\t\t\t\"use strict\";\n\n\t\t\t$(function () {\n\t\t\t\tvar masterslider_7942 = new MasterSlider();\n\n\t\t\t\t\/\/ slider controls\n\t\t\t\tmasterslider_7942.control('arrows'     ,{ autohide:true, overVideo:true  });\t\t\t\tmasterslider_7942.control('bullets'    ,{ autohide:true, overVideo:true, dir:'h', align:'bottom' , margin:10  });\n\n\t\t\t\tmasterslider_7942.control('thumblist'  ,{ autohide:false, overVideo:true, dir:'h', speed:17, inset:false, arrows:false, hover:false, customClass:'', align:'bottom',type:'thumbs', margin:10, width:100, height:80, space:5, fillMode:'fill'  });\n\t\t\t\t\/\/ slider setup\n\t\t\t\tmasterslider_7942.setup(\"MS69f6f94037942\", {\n\t\t\t\t\t\twidth           : 600,\n\t\t\t\t\t\theight          : 450,\n\t\t\t\t\t\tminHeight       : 0,\n\t\t\t\t\t\tspace           : 0,\n\t\t\t\t\t\tstart           : 1,\n\t\t\t\t\t\tgrabCursor      : true,\n\t\t\t\t\t\tswipe           : true,\n\t\t\t\t\t\tmouse           : true,\n\t\t\t\t\t\tlayout          : \"boxed\",\n\t\t\t\t\t\twheel           : false,\n\t\t\t\t\t\tautoplay        : false,\n\t\t\t\t\t\tinstantStartLayers:false,\n\t\t\t\t\t\tloop            : false,\n\t\t\t\t\t\tshuffle         : false,\n\t\t\t\t\t\tpreload         : 0,\n\t\t\t\t\t\theightLimit     : true,\n\t\t\t\t\t\tautoHeight      : false,\n\t\t\t\t\t\tsmoothHeight    : true,\n\t\t\t\t\t\tendPause        : false,\n\t\t\t\t\t\toverPause       : true,\n\t\t\t\t\t\tfillMode        : \"fill\",\n\t\t\t\t\t\tcenterControls  : true,\n\t\t\t\t\t\tstartOnAppear   : false,\n\t\t\t\t\t\tlayersMode      : \"center\",\n\t\t\t\t\t\thideLayers      : false,\n\t\t\t\t\t\tfullscreenMargin: 0,\n\t\t\t\t\t\tspeed           : 20,\n\t\t\t\t\t\tdir             : \"h\",\n\t\t\t\t\t\tparallaxMode    : 'swipe',\n\t\t\t\t\t\tview            : \"basic\"\n\t\t\t\t});\n\n\t\t\t\t\n\t\t\t\twindow.masterslider_instances = window.masterslider_instances || [];\n\t\t\t\twindow.masterslider_instances.push( masterslider_7942 );\n\t\t\t });\n\n\t\t})(jQuery);\n\t\t<\/script>\n\n<\/p>\n<p class=\"product-desc\">Przeno\u015bny, lekki i stabilny system prezentacji grafiki. Bardzo elegancki,  \u0142atwy i szybki w monta\u017cu. Baner zawiera specjalny mechanizm roll-up, kt\u00f3ry umo\u017cliwia b\u0142yskawiczne z\u0142o\u017cenie i roz\u0142o\u017cenie grafiki. Reklama zwijana jest do wn\u0119trza podstawy. D\u00f3\u0142 banera mocowany jest za pomoc\u0105 dwustronnej ta\u015bmy samoprzylepnej. Produkt wyposa\u017cony jest r\u00f3wnie\u017c w g\u00f3rn\u0105 listw\u0119 zatrzaskow\u0105. Stojak dost\u0119pny w kolorze srebrnym, wykonany z aluminium. Pakowany w torb\u0119.<br \/>\n<span class=\"uwaga\">Uwaga!<\/span> Zestaw nie zawiera banera.<br \/>\nPolecamy u\u017cywa\u0107 do nadruku grafiki: Materia\u0142 banerowy <em>Solid BlockOut<\/em>.<\/p>\n<p><img loading=\"lazy\" decoding=\"async\" src=\"https:\/\/www.2x3.pl\/wp-content\/uploads\/2011\/05\/ORB.png\" alt=\"ORB - rys. techn. - wymiary\" title=\"ORB\" width=\"600\" height=\"363\" class=\"aligncenter size-full wp-image-2755\" srcset=\"https:\/\/www.2x3.pl\/wp-content\/uploads\/2011\/05\/ORB.png 600w, https:\/\/www.2x3.pl\/wp-content\/uploads\/2011\/05\/ORB-150x90.png 150w, https:\/\/www.2x3.pl\/wp-content\/uploads\/2011\/05\/ORB-300x181.png 300w\" sizes=\"auto, (max-width: 600px) 100vw, 600px\" \/>\n<table id=\"wp-table-reloaded-id-177-no-1\" class=\"wp-table-reloaded wp-table-reloaded-id-177\">\n<thead>\n\t<tr class=\"row-1 odd\">\n\t\t<th class=\"column-1\">2x3 Art. <\/th><th class=\"column-2\">Format plakatu \/ Poster size<\/th><th class=\"column-3\">Komplet \/ Pack<\/th><th class=\"column-4\">Waga \/ Weight<\/th>\n\t<\/tr>\n<\/thead>\n<tbody class=\"row-hover\">\n\t<tr class=\"row-2 even\">\n\t\t<td class=\"column-1\">ERB850<\/td><td class=\"column-2\">85&nbsp;\u00d7&nbsp;200<\/td><td class=\"column-3\">1<\/td><td class=\"column-4\">2,8<\/td>\n\t<\/tr>\n\t<tr class=\"row-3 odd\">\n\t\t<td class=\"column-1\">ERB1000<\/td><td class=\"column-2\">100&nbsp;\u00d7&nbsp;200<\/td><td class=\"column-3\">1<\/td><td class=\"column-4\">3,2<\/td>\n\t<\/tr>\n<\/tbody>\n<\/table>\n<\/p>\n<p class=\"warranty\"><strong>Gwarancja:<\/strong> 2 lata na produkt.<\/p>\n<div class=\"product-card\"><a class=\"pdf-file-32\" href=\"https:\/\/www.2x3.pl\/pdf\/ORB.pdf\">Karta produktowa &#8211; ORB<\/a><\/div>\n<hr \/>\n<h2>ERB &#8211; Stojak do banera RollOn<\/h2>\n<p><img loading=\"lazy\" decoding=\"async\" src=\"https:\/\/www.2x3.pl\/wp-content\/uploads\/2011\/05\/ERB.jpg\" alt=\"Stojak do bannera RollEco\" title=\"ERB\" width=\"229\" height=\"600\" class=\"aligncenter size-full wp-image-2751\" srcset=\"https:\/\/www.2x3.pl\/wp-content\/uploads\/2011\/05\/ERB.jpg 229w, https:\/\/www.2x3.pl\/wp-content\/uploads\/2011\/05\/ERB-57x150.jpg 57w, https:\/\/www.2x3.pl\/wp-content\/uploads\/2011\/05\/ERB-114x300.jpg 114w\" sizes=\"auto, (max-width: 229px) 100vw, 229px\" \/><br \/>\n\n\t\t<!-- MasterSlider -->\n\t\t<div id=\"P_MS69f6f94038691\" class=\"master-slider-parent msl ms-parent-id-147\" style=\"max-width:600px;\">\n\n\t\t\t\n\t\t\t<!-- MasterSlider Main -->\n\t\t\t<div id=\"MS69f6f94038691\" class=\"master-slider ms-skin-default\" >\n\t\t\t\t \t\t\t\t \n\t\t\t\t<div  class=\"ms-slide\" data-delay=\"3\" data-fill-mode=\"fill\"  >\n\t\t\t\t\t<img decoding=\"async\" src=\"https:\/\/www.2x3.pl\/wp-content\/plugins\/master-slider\/public\/assets\/css\/blank.gif\" alt=\"\" title=\"\" data-src=\"https:\/\/www.2x3.pl\/wp-content\/uploads\/2016\/11\/erb_det1.jpg\" \/>\n\n\n\t<img decoding=\"async\" class=\"ms-thumb\" src=\"https:\/\/www.2x3.pl\/wp-content\/uploads\/2016\/11\/erb_det1-100x80.jpg\" alt=\"\" \/>\n\t<div class=\"ms-thumb\" ><div class=\"ms-tab-context\"><div class=\"&quot;ms-tab-context&quot;\"><\/div><\/div>\n<\/div>\n\t\t\t\t<\/div>\n\t\t\t\t<div  class=\"ms-slide\" data-delay=\"3\" data-fill-mode=\"fill\"  >\n\t\t\t\t\t<img decoding=\"async\" src=\"https:\/\/www.2x3.pl\/wp-content\/plugins\/master-slider\/public\/assets\/css\/blank.gif\" alt=\"\" title=\"\" data-src=\"https:\/\/www.2x3.pl\/wp-content\/uploads\/2016\/11\/erb_det2.jpg\" \/>\n\n\n\t<img decoding=\"async\" class=\"ms-thumb\" src=\"https:\/\/www.2x3.pl\/wp-content\/uploads\/2016\/11\/erb_det2-100x80.jpg\" alt=\"\" \/>\n\t<div class=\"ms-thumb\" ><div class=\"ms-tab-context\"><div class=\"&quot;ms-tab-context&quot;\"><\/div><\/div>\n<\/div>\n\t\t\t\t<\/div>\n\t\t\t\t<div  class=\"ms-slide\" data-delay=\"3\" data-fill-mode=\"fill\"  >\n\t\t\t\t\t<img decoding=\"async\" src=\"https:\/\/www.2x3.pl\/wp-content\/plugins\/master-slider\/public\/assets\/css\/blank.gif\" alt=\"\" title=\"\" data-src=\"https:\/\/www.2x3.pl\/wp-content\/uploads\/2016\/11\/erb_det4.jpg\" \/>\n\n\n\t<img decoding=\"async\" class=\"ms-thumb\" src=\"https:\/\/www.2x3.pl\/wp-content\/uploads\/2016\/11\/erb_det4-100x80.jpg\" alt=\"\" \/>\n\t<div class=\"ms-thumb\" ><div class=\"ms-tab-context\"><div class=\"&quot;ms-tab-context&quot;\"><\/div><\/div>\n<\/div>\n\t\t\t\t<\/div>\n\t\t\t\t<div  class=\"ms-slide\" data-delay=\"3\" data-fill-mode=\"fill\"  >\n\t\t\t\t\t<img decoding=\"async\" src=\"https:\/\/www.2x3.pl\/wp-content\/plugins\/master-slider\/public\/assets\/css\/blank.gif\" alt=\"\" title=\"\" data-src=\"https:\/\/www.2x3.pl\/wp-content\/uploads\/2016\/11\/orb_det6.jpg\" \/>\n\n\n\t<img decoding=\"async\" class=\"ms-thumb\" src=\"https:\/\/www.2x3.pl\/wp-content\/uploads\/2016\/11\/orb_det6.jpg\" alt=\"\" \/>\n\t<div class=\"ms-thumb\" ><div class=\"ms-tab-context\"><div class=\"&quot;ms-tab-context&quot;\"><\/div><\/div>\n<\/div>\n\t\t\t\t<\/div>\n\n\t\t\t<\/div>\n\t\t\t<!-- END MasterSlider Main -->\n\n\t\t\t \n\t\t<\/div>\n\t\t<!-- END MasterSlider -->\n\n\t\t<script>\n\t\t(function ( $ ) {\n\t\t\t\"use strict\";\n\n\t\t\t$(function () {\n\t\t\t\tvar masterslider_8691 = new MasterSlider();\n\n\t\t\t\t\/\/ slider controls\n\t\t\t\tmasterslider_8691.control('arrows'     ,{ autohide:true, overVideo:true  });\t\t\t\tmasterslider_8691.control('bullets'    ,{ autohide:true, overVideo:true, dir:'h', align:'bottom' , margin:10  });\n\n\t\t\t\tmasterslider_8691.control('thumblist'  ,{ autohide:false, overVideo:true, dir:'h', speed:17, inset:false, arrows:false, hover:false, customClass:'', align:'bottom',type:'thumbs', margin:10, width:100, height:80, space:5, fillMode:'fill'  });\n\t\t\t\t\/\/ slider setup\n\t\t\t\tmasterslider_8691.setup(\"MS69f6f94038691\", {\n\t\t\t\t\t\twidth           : 600,\n\t\t\t\t\t\theight          : 450,\n\t\t\t\t\t\tminHeight       : 0,\n\t\t\t\t\t\tspace           : 0,\n\t\t\t\t\t\tstart           : 1,\n\t\t\t\t\t\tgrabCursor      : true,\n\t\t\t\t\t\tswipe           : true,\n\t\t\t\t\t\tmouse           : true,\n\t\t\t\t\t\tlayout          : \"boxed\",\n\t\t\t\t\t\twheel           : false,\n\t\t\t\t\t\tautoplay        : false,\n\t\t\t\t\t\tinstantStartLayers:false,\n\t\t\t\t\t\tloop            : false,\n\t\t\t\t\t\tshuffle         : false,\n\t\t\t\t\t\tpreload         : 0,\n\t\t\t\t\t\theightLimit     : true,\n\t\t\t\t\t\tautoHeight      : false,\n\t\t\t\t\t\tsmoothHeight    : true,\n\t\t\t\t\t\tendPause        : false,\n\t\t\t\t\t\toverPause       : true,\n\t\t\t\t\t\tfillMode        : \"fill\",\n\t\t\t\t\t\tcenterControls  : true,\n\t\t\t\t\t\tstartOnAppear   : false,\n\t\t\t\t\t\tlayersMode      : \"center\",\n\t\t\t\t\t\thideLayers      : false,\n\t\t\t\t\t\tfullscreenMargin: 0,\n\t\t\t\t\t\tspeed           : 20,\n\t\t\t\t\t\tdir             : \"h\",\n\t\t\t\t\t\tparallaxMode    : 'swipe',\n\t\t\t\t\t\tview            : \"basic\"\n\t\t\t\t});\n\n\t\t\t\t\n\t\t\t\twindow.masterslider_instances = window.masterslider_instances || [];\n\t\t\t\twindow.masterslider_instances.push( masterslider_8691 );\n\t\t\t });\n\n\t\t})(jQuery);\n\t\t<\/script>\n\n<\/p>\n<p class=\"product-desc\">Bardzo lekki, przeno\u015bny i stabilny system prezentacji grafiki. \u0141atwy i szybki w monta\u017cu. Baner wyposa\u017cono w specjalny mechanizm roll-up, kt\u00f3ry umo\u017cliwia b\u0142yskawiczne z\u0142o\u017cenie i roz\u0142o\u017cenie grafiki. Reklama zwijana jest do wn\u0119trza podstawy. D\u00f3\u0142 banera mocowany jest za pomoc\u0105 dwustronnej ta\u015bmy samoprzylepnej. Produkt wyposa\u017cony jest r\u00f3wnie\u017c w g\u00f3rn\u0105 listw\u0119 zatrzaskow\u0105. Stojak dost\u0119pny w kolorze srebrnym, wykonany z aluminium. Pakowany w torb\u0119.<br \/>\n<span class=\"uwaga\">Uwaga!<\/span> Zestaw nie zawiera banera.<br \/>\nPolecamy u\u017cywa\u0107 do nadruku grafiki: Materia\u0142 banerowy <em>Solid BlockOut<\/em>.<\/p>\n<p><img loading=\"lazy\" decoding=\"async\" src=\"https:\/\/www.2x3.pl\/wp-content\/uploads\/2011\/05\/ERB.png\" alt=\"ERB - rys. techn. - wymiary\" title=\"ERB\" width=\"600\" height=\"332\" class=\"aligncenter size-full wp-image-2753\" srcset=\"https:\/\/www.2x3.pl\/wp-content\/uploads\/2011\/05\/ERB.png 600w, https:\/\/www.2x3.pl\/wp-content\/uploads\/2011\/05\/ERB-150x83.png 150w, https:\/\/www.2x3.pl\/wp-content\/uploads\/2011\/05\/ERB-300x166.png 300w\" sizes=\"auto, (max-width: 600px) 100vw, 600px\" \/>\n<table id=\"wp-table-reloaded-id-176-no-1\" class=\"wp-table-reloaded wp-table-reloaded-id-176\">\n<thead>\n\t<tr class=\"row-1 odd\">\n\t\t<th class=\"column-1\">2x3 Art. <\/th><th class=\"column-2\">Format plakatu \/ Poster size<\/th><th class=\"column-3\">Komplet \/Pack<\/th><th class=\"column-4\">Waga \/ Weight<\/th>\n\t<\/tr>\n<\/thead>\n<tbody class=\"row-hover\">\n\t<tr class=\"row-2 even\">\n\t\t<td class=\"column-1\">ORB850<\/td><td class=\"column-2\">85&nbsp;\u00d7&nbsp;200<\/td><td class=\"column-3\">1<\/td><td class=\"column-4\">2,4<\/td>\n\t<\/tr>\n\t<tr class=\"row-3 odd\">\n\t\t<td class=\"column-1\">ORB1000<\/td><td class=\"column-2\">100&nbsp;\u00d7&nbsp;200<\/td><td class=\"column-3\">1<\/td><td class=\"column-4\">3<\/td>\n\t<\/tr>\n<\/tbody>\n<\/table>\n<\/p>\n<p class=\"warranty\"><strong>Gwarancja:<\/strong> 2 lata na produkt.<\/p>\n<div class=\"product-card\"><a class=\"pdf-file-32\" href=\"https:\/\/www.2x3.pl\/pdf\/ERB.pdf\">Karta produktowa &#8211; ERB<\/a><\/div>\n<p><\/p>\n","protected":false},"excerpt":{"rendered":"","protected":false},"author":18,"featured_media":2748,"parent":0,"menu_order":0,"comment_status":"closed","ping_status":"closed","template":"","meta":{"ngg_post_thumbnail":0,"footnotes":""},"class_list":["post-310","page","type-page","status-publish","has-post-thumbnail","hentry"],"_links":{"self":[{"href":"https:\/\/www.2x3.pl\/pl\/wp-json\/wp\/v2\/pages\/310","targetHints":{"allow":["GET"]}}],"collection":[{"href":"https:\/\/www.2x3.pl\/pl\/wp-json\/wp\/v2\/pages"}],"about":[{"href":"https:\/\/www.2x3.pl\/pl\/wp-json\/wp\/v2\/types\/page"}],"author":[{"embeddable":true,"href":"https:\/\/www.2x3.pl\/pl\/wp-json\/wp\/v2\/users\/18"}],"replies":[{"embeddable":true,"href":"https:\/\/www.2x3.pl\/pl\/wp-json\/wp\/v2\/comments?post=310"}],"version-history":[{"count":7,"href":"https:\/\/www.2x3.pl\/pl\/wp-json\/wp\/v2\/pages\/310\/revisions"}],"predecessor-version":[{"id":15170,"href":"https:\/\/www.2x3.pl\/pl\/wp-json\/wp\/v2\/pages\/310\/revisions\/15170"}],"wp:featuredmedia":[{"embeddable":true,"href":"https:\/\/www.2x3.pl\/pl\/wp-json\/wp\/v2\/media\/2748"}],"wp:attachment":[{"href":"https:\/\/www.2x3.pl\/pl\/wp-json\/wp\/v2\/media?parent=310"}],"curies":[{"name":"wp","href":"https:\/\/api.w.org\/{rel}","templated":true}]}}