{"id":33,"date":"2013-03-20T15:03:59","date_gmt":"2013-03-20T14:03:59","guid":{"rendered":"http:\/\/www.2x3.pl\/?page_id=33"},"modified":"2024-11-28T15:04:47","modified_gmt":"2024-11-28T14:04:47","slug":"office","status":"publish","type":"page","link":"https:\/\/www.2x3.pl\/pl\/office\/","title":{"rendered":"Office"},"content":{"rendered":"\n<h3>specjali\u015bci w komunikacji wizualnej<\/h3>\n<p><img loading=\"lazy\" decoding=\"async\" class=\"aligncenter size-full wp-image-3440\" src=\"https:\/\/www.2x3.pl\/wp-content\/uploads\/2011\/04\/header_office.jpg\" alt=\"Office\" width=\"600\" height=\"370\" srcset=\"https:\/\/www.2x3.pl\/wp-content\/uploads\/2011\/04\/header_office.jpg 600w, https:\/\/www.2x3.pl\/wp-content\/uploads\/2011\/04\/header_office-100x61.jpg 100w, https:\/\/www.2x3.pl\/wp-content\/uploads\/2011\/04\/header_office-256x157.jpg 256w\" sizes=\"auto, (max-width: 600px) 100vw, 600px\" \/><\/p>\n<p>Oferta z dzia\u0142u office to idealne rozwi\u0105zania dla biura i wn\u0119trz konferencyjnych. Szeroka gama produkt\u00f3w dla mniej lub bardziej wymagaj\u0105cego u\u017cytkownika. Od tablicy korkowej, poprzez wysokiej jako\u015bci tablice z powierzchni\u0105 ceramiczn\u0105, flipcharty, stojaki do tablic po akcesoria, dzi\u0119ki kt\u00f3rym masz pewno\u015b\u0107, \u017ce oferowane produkty wykorzystywane s\u0105 we w\u0142a\u015bciwy spos\u00f3b.<\/p>\n<p><strong>G\u0142\u00f3wne zalety:<\/strong><\/p>\n<ul>\n<li>Wysokiej jako\u015bci produkty skierowane na rynek biurowy<\/li>\n<li>Idealne jako elementy wyposa\u017cenia pomieszcze\u0144 biurowych, sal konferencyjnych i szkoleniowych<\/li>\n<li>\u0141atwe w monta\u017cu, wygodne w przemieszczaniu<\/li>\n<\/ul>\n<h3 style=\"display: inline-block; margin-top: 40px; margin-bottom: 9px;\">Produkty linii office:<\/h3>\n<ul>\n<li><a href=\"https:\/\/www.2x3.pl\/produkty\/office\/flipcharty\/\">Flipcharty<\/a><\/li>\n<li><a href=\"https:\/\/www.2x3.pl\/produkty\/office\/tablice-obrotowo-jezdne\/\">Tablice obrotowo-jezdne<\/a><\/li>\n<li><a href=\"https:\/\/www.2x3.pl\/produkty\/office\/tablice-suchoscieralne\/\">Tablice sucho\u015bcieralne<\/a><\/li>\n<li><a href=\"https:\/\/www.2x3.pl\/produkty\/office\/tablice-szklane\/\">Tablice szklane<\/a><\/li>\n<li><a href=\"https:\/\/www.2x3.pl\/produkty\/office\/tablice-kredowe\/\">Tablice kredowe<\/a><\/li>\n<li><a href=\"https:\/\/www.2x3.pl\/produkty\/office\/tablice-rozkladane-tryptyki\/\">Tablice rozk\u0142adane (tryptyki)<\/a><\/li>\n<li><a href=\"https:\/\/www.2x3.pl\/produkty\/office\/planery-magnetyczne\/\">Planery magnetyczne<\/a><\/li>\n<li><a href=\"https:\/\/www.2x3.pl\/produkty\/office\/tablice-combi\/\">Tablice COMBI<\/a><\/li>\n<li><a href=\"https:\/\/www.2x3.pl\/produkty\/office\/tablice-korkowe\/\">Tablice korkowe<\/a><\/li>\n<li><a href=\"https:\/\/www.2x3.pl\/produkty\/office\/tablice-tekstylne\/\">Tablice tekstylne<\/a><\/li>\n<li><a href=\"https:\/\/www.2x3.pl\/produkty\/office\/tablice-moderacyjne\/\">Tablice moderacyjne<\/a><\/li>\n<li><a href=\"https:\/\/www.2x3.pl\/produkty\/office\/stojaki-do-tablic\/\">Stojaki do tablic<\/a><\/li>\n<li><a href=\"https:\/\/www.2x3.pl\/produkty\/office\/tablice-mapy\/\">Tablice-mapy<\/a><\/li>\n<li><a href=\"https:\/\/www.2x3.pl\/produkty\/office\/gabloty-informacyjne\/\">Gabloty informacyjne<\/a><\/li>\n<li>Tablice i gabloty z nadrukiem<\/li>\n<li><a href=\"https:\/\/www.2x3.pl\/produkty\/office\/akcesoria\/\">Akcesoria<\/a><\/li>\n<\/ul>\n<p><\/p>\n","protected":false},"excerpt":{"rendered":"","protected":false},"author":18,"featured_media":0,"parent":0,"menu_order":0,"comment_status":"closed","ping_status":"closed","template":"","meta":{"ngg_post_thumbnail":0,"footnotes":""},"class_list":["post-33","page","type-page","status-publish","hentry"],"_links":{"self":[{"href":"https:\/\/www.2x3.pl\/pl\/wp-json\/wp\/v2\/pages\/33","targetHints":{"allow":["GET"]}}],"collection":[{"href":"https:\/\/www.2x3.pl\/pl\/wp-json\/wp\/v2\/pages"}],"about":[{"href":"https:\/\/www.2x3.pl\/pl\/wp-json\/wp\/v2\/types\/page"}],"author":[{"embeddable":true,"href":"https:\/\/www.2x3.pl\/pl\/wp-json\/wp\/v2\/users\/18"}],"replies":[{"embeddable":true,"href":"https:\/\/www.2x3.pl\/pl\/wp-json\/wp\/v2\/comments?post=33"}],"version-history":[{"count":1,"href":"https:\/\/www.2x3.pl\/pl\/wp-json\/wp\/v2\/pages\/33\/revisions"}],"predecessor-version":[{"id":15024,"href":"https:\/\/www.2x3.pl\/pl\/wp-json\/wp\/v2\/pages\/33\/revisions\/15024"}],"wp:attachment":[{"href":"https:\/\/www.2x3.pl\/pl\/wp-json\/wp\/v2\/media?parent=33"}],"curies":[{"name":"wp","href":"https:\/\/api.w.org\/{rel}","templated":true}]}}