{"id":331,"date":"2011-05-11T22:41:08","date_gmt":"2011-05-11T20:41:08","guid":{"rendered":"http:\/\/www.2x3.pl\/?page_id=331"},"modified":"2024-11-28T14:57:46","modified_gmt":"2024-11-28T13:57:46","slug":"management","status":"publish","type":"page","link":"https:\/\/www.2x3.pl\/pl\/firma\/management\/","title":{"rendered":"Management"},"content":{"rendered":"<table class=\"no-brdr management\" summary=\"Zarz\u0105d\">\n<tbody>\n<tr>\n<td class=\"column-1\"><img loading=\"lazy\" decoding=\"async\" class=\"aligncenter size-full wp-image-989\" alt=\"Anna Kuzynin\" src=\"https:\/\/www.2x3.pl\/wp-content\/uploads\/2011\/05\/kuzynin_anna.jpg\" width=\"101\" height=\"101\" \/><strong>Anna Kuzynin<\/strong><br \/>\nPrezes Zarz\u0105du<\/td>\n<td class=\"column-2\"><img loading=\"lazy\" decoding=\"async\" class=\"aligncenter size-full wp-image-988\" alt=\"Jacek Kuzynin\" src=\"https:\/\/www.2x3.pl\/wp-content\/uploads\/2011\/05\/kuzynin_jacek.jpg\" width=\"101\" height=\"101\" \/><strong>Jacek Kuzynin<\/strong><br \/>\nDyrektor Zarz\u0105dzaj\u0105cy<\/td>\n<\/tr>\n<tr>\n<td colspan=\"2\"><img loading=\"lazy\" decoding=\"async\" class=\"aligncenter size-full wp-image-1795\" alt=\"S\u0142awomir Pozna\u0144ski\" src=\"https:\/\/www.2x3.pl\/wp-content\/uploads\/2011\/05\/poznanski_slawomir.jpg\" width=\"102\" height=\"102\" \/><strong>S\u0142awomir Pozna\u0144ski<\/strong><br \/>\nDyrektor Generalny<\/td>\n<\/tr>\n<\/tbody>\n<\/table>\n","protected":false},"excerpt":{"rendered":"<p>Anna Kuzynin Prezes Zarz\u0105du Jacek Kuzynin Dyrektor Zarz\u0105dzaj\u0105cy S\u0142awomir Pozna\u0144ski Dyrektor Generalny<\/p>\n","protected":false},"author":18,"featured_media":0,"parent":70,"menu_order":0,"comment_status":"closed","ping_status":"closed","template":"","meta":{"ngg_post_thumbnail":0,"footnotes":""},"class_list":["post-331","page","type-page","status-publish","hentry"],"_links":{"self":[{"href":"https:\/\/www.2x3.pl\/pl\/wp-json\/wp\/v2\/pages\/331","targetHints":{"allow":["GET"]}}],"collection":[{"href":"https:\/\/www.2x3.pl\/pl\/wp-json\/wp\/v2\/pages"}],"about":[{"href":"https:\/\/www.2x3.pl\/pl\/wp-json\/wp\/v2\/types\/page"}],"author":[{"embeddable":true,"href":"https:\/\/www.2x3.pl\/pl\/wp-json\/wp\/v2\/users\/18"}],"replies":[{"embeddable":true,"href":"https:\/\/www.2x3.pl\/pl\/wp-json\/wp\/v2\/comments?post=331"}],"version-history":[{"count":1,"href":"https:\/\/www.2x3.pl\/pl\/wp-json\/wp\/v2\/pages\/331\/revisions"}],"predecessor-version":[{"id":15013,"href":"https:\/\/www.2x3.pl\/pl\/wp-json\/wp\/v2\/pages\/331\/revisions\/15013"}],"up":[{"embeddable":true,"href":"https:\/\/www.2x3.pl\/pl\/wp-json\/wp\/v2\/pages\/70"}],"wp:attachment":[{"href":"https:\/\/www.2x3.pl\/pl\/wp-json\/wp\/v2\/media?parent=331"}],"curies":[{"name":"wp","href":"https:\/\/api.w.org\/{rel}","templated":true}]}}