{"id":339,"date":"2016-03-03T11:17:18","date_gmt":"2016-03-03T10:17:18","guid":{"rendered":"http:\/\/www.2x3.pl\/?page_id=339"},"modified":"2026-04-14T13:48:51","modified_gmt":"2026-04-14T11:48:51","slug":"kontakt","status":"publish","type":"page","link":"https:\/\/www.2x3.pl\/pl\/kontakt\/","title":{"rendered":"Kontakt"},"content":{"rendered":"<p><script src=\"https:\/\/www.google.com\/recaptcha\/api.js\"><\/script><\/p>\n<p>&nbsp;<\/p>\n<table class=\"no-brdr main-contacts\" summary=\"G\u0142\u00f3wne dane kontaktowe\">\n<tbody>\n<tr>\n<td class=\"column-1\"><strong>2&#215;3 SA<\/strong><br \/>\nul. S\u0142oneczna 3<br \/>\n73-231 Krz\u0119cin<br \/>\n<small>(woj. zachodniopomorskie)<small><\/small><\/small><\/td>\n<td class=\"column-2\">tel. <strong>(+48) 95 784 11 00<\/strong>&nbsp;(sekretariat)<br \/>\nfax (+48) 95 784 12 00<\/td>\n<td class=\"column-3\"><img loading=\"lazy\" decoding=\"async\" class=\"size-full wp-image-979\" style=\"\/*+placement: shift 0 5px; *\/position: relative; left: 0; top: 5px;\" title=\"2x3, Krz\u0119cin\" src=\"https:\/\/www.2x3.pl\/wp-content\/uploads\/2011\/05\/2x3_krzecin_183x100.jpg\" alt=\"2x3, Krz\u0119cin\" width=\"183\" height=\"100\" srcset=\"https:\/\/www.2x3.pl\/wp-content\/uploads\/2011\/05\/2x3_krzecin_183x100.jpg 183w, https:\/\/www.2x3.pl\/wp-content\/uploads\/2011\/05\/2x3_krzecin_183x100-150x81.jpg 150w\" sizes=\"auto, (max-width: 183px) 100vw, 183px\" \/><\/td>\n<\/tr>\n<tr>\n<td colspan=\"2\">NIP: 594-152-78-31 | REGON: 812732536<br \/>\n<small style=\"line-height: 120%;\"><small style=\"line-height: 120%;\">S\u0105d Rejonowy w Szczecinie, XVII Wydzia\u0142 Gospodarczy KRS 0000314345<br \/>\nWysoko\u015b\u0107 kapita\u0142u zak\u0142adowego: 13 923 700,00 PLN<\/small><\/small><\/p>\n<p>PLN 57 1090 1492 0000 0001 5101 7768<br \/>\nEUR 13 1090 1492 0000 0001 5101 7784<br \/>\nUSD 22 1090 1492 0000 0001 5101 7816<\/p>\n<p>KOD SWIFT: WBKPPLPP<\/td>\n<\/tr>\n<\/tbody>\n<\/table>\n<p style=\"font-size: 1.5em; margin-bottom: 10px;\">Infolinia: <strong class=\"infolinia\">801 23 00 23<\/strong> (Centrum Obs\u0142ugi Klienta)<\/p>\n<p><a id=\"staff\" name=\"staff\"><\/a><div class=\"spoiler-wrap\">\n\t\t\t\t<div class=\"spoiler-head folded\">Centrum Obs\u0142ugi Klienta \u2013 Kraj<\/div>\n\t\t\t\t<div class=\"spoiler-body\"><\/p>\n<table class=\"no-brdr telefony\" summary=\"Osoby w Centrum Obs\u0142ugi Klienta - Kraj\">\n<tbody>\n<tr>\n<td class=\"column-1\"><img loading=\"lazy\" decoding=\"async\" class=\"alignnone size-full wp-image-4678\" src=\"https:\/\/www.2x3.pl\/wp-content\/uploads\/2013\/05\/soluch_agata.jpg\" alt=\"Agata Soluch - Kierownik COK\" width=\"102\" height=\"110\"><\/td>\n<td class=\"column-2\"><strong>Agata Soluch<\/strong><br \/>\nKierownik COK<br \/>\ntel. (+48) 95 784 11 01<\/td>\n<td class=\"column-3\"><img loading=\"lazy\" decoding=\"async\" class=\"alignnone size-full wp-image-944\" title=\"Joanna Kobry\u0144ska\" src=\"https:\/\/www.2x3.pl\/wp-content\/uploads\/2011\/05\/skowron_joanna.jpg\" alt=\"Joanna Kobry\u0144ska - Starszy Specjalista ds. Sprzeda\u017cy Krajowej\" width=\"100\" height=\"110\"><\/td>\n<td class=\"column-4\"><strong>Joanna Kobry\u0144ska<\/strong><br \/>\nStarszy Specjalista ds. sprzeda\u017cy Krajowej<br \/>\ntel. (+48) 95 784 11 14<\/td>\n<\/tr>\n<tr>\n<td class=\"column-3\"><img loading=\"lazy\" decoding=\"async\" class=\"alignnone size-full wp-image-944\" title=\"Patrycja Grudzi\u0144ska\" src=\"https:\/\/www.2x3.pl\/wp-content\/uploads\/2021\/06\/image-1.png\" alt=\"Patrycja Grudzi\u0144ska - Starszy Specjalista ds. Sprzeda\u017cy Krajowej\" width=\"100\" height=\"100\"><\/td>\n<td class=\"column-4\"><strong>Patrycja Grudzi\u0144ska<\/strong><br \/>\nStarszy Specjalista ds. sprzeda\u017cy Krajowej i Internetowej<br \/>\ntel. (+48) 95 784 11 50<\/td>\n<\/tr>\n<\/tbody>\n<\/table>\n<p><\/div>\n\t\t\t<\/div><\/p>\n<p><a id=\"inne-dzialy\" name=\"inne-dzialy\"><\/a><div class=\"spoiler-wrap\">\n\t\t\t\t<div class=\"spoiler-head folded\">Inne dzia\u0142y<\/div>\n\t\t\t\t<div class=\"spoiler-body\"><\/p>\n<table class=\"no-brdr telefony\" summary=\"Telefony do pozosta\u0142ych dzia\u0142\u00f3w w firmie\">\n<tbody>\n<tr>\n<td class=\"column-1\"><strong>Dzia\u0142 Kadr<\/strong><\/td>\n<td class=\"column-2\">tel. 95 784 12 55<\/td>\n<\/tr>\n<tr>\n<td class=\"column-1\"><strong>Dzia\u0142 Logistyki i Magazynowania<\/strong><\/td>\n<td class=\"column-2\">tel. 95 784 12 24<\/td>\n<\/tr>\n<tr>\n<td class=\"column-1\"><strong>Dzia\u0142 Ksi\u0119gowo\u015bci<\/strong><\/td>\n<td class=\"column-2\">tel. 95 784 11 80<\/td>\n<\/tr>\n<\/tbody>\n<\/table>\n<p><\/div>\n\t\t\t<\/div><\/p>\n<p><a name=\"przedstawiciele\"><\/a><\/p>\n<h3>Dzia\u0142 Handlowy \u2013 Kraj<\/h3>\n<p><a name=\"przedstawiciele\"><\/a><\/p>\n<p>&nbsp;<\/p>\n<p><a id=\"przedstawiciele\" name=\"przedstawiciele\"><\/a><\/p>\n<p>Uwaga: Wizyt\u00f3wka przedstawiciela handlowego wy\u015bwietli si\u0119 po klikni\u0119ciu w wybrany rejon.<\/p>\n<p><iframe loading=\"lazy\" src=\"https:\/\/www.google.com\/maps\/d\/embed?mid=1z814bDw20HNLy5wnU-OMJARG3os&amp;ehbc=2E312F\" width=\"600\" height=\"600\"><\/iframe><\/p>\n<p><a id=\"formularz-kontaktowy\" name=\"formularz-kontaktowy\"><\/a><\/p>\n<h3>Formularz kontaktowy<\/h3>\n<div id=\"usermessagea\" class=\"cf_info \"><\/div><form enctype=\"multipart\/form-data\" action=\"\/pl\/wp-json\/wp\/v2\/pages\/339#usermessagea\" method=\"post\" class=\"cform cformsdirect nowy_contactform \" id=\"cformsform\"><ol class=\"cf-ol\"><li id=\"li--1\" class=\"textonly\">Pola wymagane  * \/ Required<\/li><li id=\"li--2\" class=\"\"><label id=\"label--2\" for=\"cf_field_2\"><span>Kraj pochodzenia \/ Country of origin <\/span><\/label><select name=\"cf_field_2\" id=\"cf_field_2\" class=\"cformselect fldrequired\" title=\"\"><option value=\"0\">Polska \/ Poland <\/option><option value=\"1\">Inne kraje \/ Other countries <\/option><\/select><span class=\"reqtxt\">*<\/span><\/li><li id=\"li--3\" class=\"\"><label id=\"label--3\" for=\"cf_field_3\"><span>Nazwa kraju \/ Country name<\/span><\/label><input type=\"text\" name=\"cf_field_3\" id=\"cf_field_3\" class=\"single fldrequired\" value=\"\" title=\"\"\/><span class=\"reqtxt\">*<\/span><\/li><li id=\"li--4\" class=\"\"><label id=\"label--4\" for=\"cf_field_4\"><span>Imi\u0119 i nazwisko \/ Name<\/span><\/label><input type=\"text\" name=\"cf_field_4\" id=\"cf_field_4\" class=\"single\" value=\"\" title=\"\"\/><\/li><li id=\"li--5\" class=\"\"><label id=\"label--5\" for=\"cf_field_5\"><span>E-mail<\/span><\/label><input type=\"text\" name=\"cf_field_5\" id=\"cf_field_5\" class=\"single fldemail fldrequired\" value=\"\" title=\"\"\/><span class=\"emailreqtxt\">*<\/span><\/li><li id=\"li--6\" class=\"\"><label id=\"label--6\" for=\"cf_field_6\"><span>Telefon\/ Phone<\/span><\/label><input type=\"text\" name=\"cf_field_6\" id=\"cf_field_6\" class=\"single\" value=\"\" title=\"\"\/><\/li><li id=\"li--7\" class=\"\"><label id=\"label--7\" for=\"cf_field_7\"><span>Firma \/ Company<\/span><\/label><input type=\"text\" name=\"cf_field_7\" id=\"cf_field_7\" class=\"single\" value=\"\" title=\"\"\/><\/li><li id=\"li--8\" class=\"\"><label id=\"label--8\" for=\"cf_field_8\"><span>Wiadomo\u015b\u0107\/Msg<\/span><\/label><textarea cols=\"30\" rows=\"8\" name=\"cf_field_8\" id=\"cf_field_8\" class=\"area fldrequired\" title=\"\"><\/textarea><span class=\"reqtxt\">*<\/span><\/li><li id=\"li--9\" class=\"\"><label for=\"cf_field_9\" class=\"secq\"><span>CAPTCHA<\/span><\/label><input type=\"text\" name=\"captcha\" id=\"cf_field_9\" class=\"secinput fldrequired \" title=\"\"\/><img decoding=\"async\" class=\"cforms2_really_simple_captcha_img\" alt=\"CAPTCHA\" src=\"https:\/\/www.2x3.pl\/wp-content\/plugins\/really-simple-captcha\/tmp\/255704196.png\" \/><span class=\"dashicons dashicons-update captcha-reset\"><\/span><input type=\"hidden\" name=\"captcha\/hint\" value=\"255704196\"\/><\/li><\/ol><fieldset class=\"cf_hidden\"><legend>&nbsp;<\/legend><input type=\"hidden\" name=\"cf_working\" id=\"cf_working\" value=\"Prosz\u0119 czeka\u0107... - Please wait..\"\/><input type=\"hidden\" name=\"cf_failure\" id=\"cf_failure\" value=\"Prosz\u0119 o poprawienie zaznaczonych p\u00f3l. - Please correct the selected fields.\"\/><input type=\"hidden\" name=\"cf_customerr\" id=\"cf_customerr\" value=\"y\"\/><\/fieldset><p class=\"cf-sb\"><input type=\"submit\" name=\"sendbutton\" id=\"sendbutton\" class=\"sendbutton\" value=\"Wy\u015blij \/ Submit\" \/><\/p><\/form><div id=\"usermessageb\" class=\"cf_info \" ><\/div>\n<p>Administratorem Pani\/Pana danych osobowych jest 2&#215;3 S.A. z siedzib\u0105 w Krz\u0119cinie (73-231) przy ul. S\u0142onecznej 3. Pani\/Pana dane osobowe b\u0119d\u0105 przetwarzane w celu odpowiedzi na zadane pytanie.<\/p>\n<p>Wi\u0119cej informacji na temat przetwarzania Pani\/Pana danych osobowych znajduje si\u0119 w <a href=\"https:\/\/www.2x3.pl\/polityka-prywatnosci\/\">Polityce prywatno\u015bci.<\/a><br \/>\n<\/p>\n","protected":false},"excerpt":{"rendered":"","protected":false},"author":18,"featured_media":0,"parent":0,"menu_order":0,"comment_status":"closed","ping_status":"closed","template":"","meta":{"ngg_post_thumbnail":0,"footnotes":""},"class_list":["post-339","page","type-page","status-publish","hentry"],"_links":{"self":[{"href":"https:\/\/www.2x3.pl\/pl\/wp-json\/wp\/v2\/pages\/339","targetHints":{"allow":["GET"]}}],"collection":[{"href":"https:\/\/www.2x3.pl\/pl\/wp-json\/wp\/v2\/pages"}],"about":[{"href":"https:\/\/www.2x3.pl\/pl\/wp-json\/wp\/v2\/types\/page"}],"author":[{"embeddable":true,"href":"https:\/\/www.2x3.pl\/pl\/wp-json\/wp\/v2\/users\/18"}],"replies":[{"embeddable":true,"href":"https:\/\/www.2x3.pl\/pl\/wp-json\/wp\/v2\/comments?post=339"}],"version-history":[{"count":12,"href":"https:\/\/www.2x3.pl\/pl\/wp-json\/wp\/v2\/pages\/339\/revisions"}],"predecessor-version":[{"id":15287,"href":"https:\/\/www.2x3.pl\/pl\/wp-json\/wp\/v2\/pages\/339\/revisions\/15287"}],"wp:attachment":[{"href":"https:\/\/www.2x3.pl\/pl\/wp-json\/wp\/v2\/media?parent=339"}],"curies":[{"name":"wp","href":"https:\/\/api.w.org\/{rel}","templated":true}]}}