{"id":3449,"date":"2013-03-25T11:35:43","date_gmt":"2013-03-25T10:35:43","guid":{"rendered":"http:\/\/www.2x3.pl\/?page_id=3449"},"modified":"2024-11-28T15:51:38","modified_gmt":"2024-11-28T14:51:38","slug":"jak-wylaczyc-pliki-cookies","status":"publish","type":"page","link":"https:\/\/www.2x3.pl\/pl\/cookies\/jak-wylaczyc-pliki-cookies\/","title":{"rendered":"Jak wy\u0142\u0105czy\u0107 pliki cookies?"},"content":{"rendered":"<p><i>Drogi u\u017cytkowniku Internetu,<\/i><\/p>\n<p>Wiele stron internetowych zapisuje na Twoim komputerze, a dok\u0142adniej w schowku konkretnej przegl\u0105darki (Firefox, Internet Explorer, Chrome i inne) na Twoim koncie u\u017cytkownika komputera lub telefonu, na kt\u00f3rym \u0142\u0105czysz si\u0119 z Sieci\u0105, tzw. <em>pliki cookie<\/em>.<\/p>\n<p>Zazwyczaj <em>pliki cookie<\/em> s\u0105 bardzo po\u017cyteczne. Dzi\u0119ki nim zapami\u0119tywane s\u0105 Twoje indywidualne ustawienia i dzi\u0119ki nim mo\u017cesz si\u0119\u00a0zalogowa\u0107 do swojej poczty.<\/p>\n<p>Autorzy stron internetowych wiedz\u0105 dzi\u0119ki nim, jak wielu u\u017cytkownik\u00f3w do nich zagl\u0105da i co konkretnie czytaj\u0105, a co obchodz\u0105 z daleka.<\/p>\n<p>Informacje zbierane przy u\u017cyciu <em>plik\u00f3w cookie<\/em> mog\u0105 te\u017c s\u0142u\u017cy\u0107\u00a0do zbierania informacji o Tobie w celach handlowych. Np. je\u017celi cz\u0119sto wchodzisz na strony o ksi\u0105\u017ckach, b\u0119dziesz widzia\u0142 wi\u0119cej reklam ksi\u0119garni.<\/p>\n<p>Na szcz\u0119\u015bcie, je\u017celi uwa\u017casz, \u017ce obecno\u015b\u0107 plik\u00f3w cookie narusza Twoj\u0105\u00a0prywatno\u015b\u0107, mo\u017cesz w ka\u017cdej chwili je wy\u0142\u0105czy\u0107 albo dla konkretnej witryny albo w og\u00f3le dla wszystkich po\u0142\u0105cze\u0144\u00a0z Twojej przegl\u0105darki.<\/p>\n<h3>W przegl\u0105darce Mozilla Firefox<\/h3>\n<p>W menu &#8222;Narz\u0119dzia&#8221; wybierz &#8222;Opcje&#8221; i w nich zak\u0142adk\u0119 &#8222;Prywatno\u015b\u0107&#8221;.<\/p>\n<p>Przegl\u0105darka daje Ci mo\u017cliwo\u015b\u0107 zaznaczenia, \u017ce nie chcesz by\u0107 \u015bledzony w og\u00f3le albo usuni\u0119cia pojedynczych ciasteczek poszczeg\u00f3lnych witryn.<\/p>\n<h3>W przegl\u0105darce Microsoft Internet Explorer<\/h3>\n<p>W menu &#8222;Narz\u0119dzia&#8221; wybierz &#8222;Opcje internetowe&#8221; i w nich zak\u0142adk\u0119 &#8222;Prywatno\u015b\u0107&#8221;.<\/p>\n<p>Specjalnym suwakiem mo\u017cesz regulowa\u0107 og\u00f3lny poziom prywatno\u015bci albo przyciskiem &#8222;Witryny&#8221; zarz\u0105dza\u0107 ustawieniami poszczeg\u00f3lnych serwis\u00f3w internetowych.<\/p>\n<h3>W przegl\u0105darce Google Chrome<\/h3>\n<p>W menu ukrytym pod trzema poziomymi kreseczkami w prawym g\u00f3rnym rogu przegl\u0105darki wybierz &#8222;Narz\u0119dzia&#8221; a potem &#8222;Wyczy\u015b\u0107 dane przegl\u0105dania&#8230;&#8221;. Opr\u00f3cz mo\u017cliwo\u015bci czyszczenia plik\u00f3w cookie, znajduje si\u0119\u00a0tam link &#8222;Wi\u0119cej informacji&#8221;, kt\u00f3ry prowadzi do szczeg\u00f3\u0142owego opisu funkcji prywatno\u015bci przegl\u0105darki.<\/p>\n<h3>W przegl\u0105darce Opera<\/h3>\n<p>Przyciskiem &#8222;Opera&#8221; w lewym g\u00f3rnym rogu otw\u00f3rz menu i wybierz w nim &#8222;Ustawienia&#8221; i dalej &#8222;Wyczy\u015b\u0107 histori\u0119 przegl\u0105dania&#8230;&#8221;.<\/p>\n<p>Opr\u00f3cz mo\u017cliwo\u015bci skasowania ju\u017c ustawionych plik\u00f3w cookie, jest tam te\u017c przycisk &#8222;Zarz\u0105dzaj ciasteczkami&#8230;&#8221; prowadz\u0105cy do bardziej zaawansowanych opcji dla poszczeg\u00f3lnych witryn.<\/p>\n<h3>W przegl\u0105darce Apple Safari<\/h3>\n<p>W menu &#8222;Safari&#8221; wybierz &#8222;Preferencje&#8221; i w nich zak\u0142adk\u0119 &#8222;Prywatno\u015b\u0107&#8221;. Znajdziesz w niej liczne opcje dotycz\u0105ce plik\u00f3w cookie.<\/p>\n<h3>W telefonach kom\u00f3rkowych, tabletach i innych urz\u0105dzeniach mobilnych<\/h3>\n<p>Ka\u017cdy model telefonu mo\u017ce t\u0119 funkcj\u0119 obs\u0142ugiwa\u0107 w inny spos\u00f3b. Dlatego zach\u0119camy do zapoznania si\u0119\u00a0z opcjami prywatno\u015bci w dokumentacji na stronie internetowej producenta Twojego urz\u0105dzenia mobilnego.<\/p>\n","protected":false},"excerpt":{"rendered":"","protected":false},"author":18,"featured_media":0,"parent":3447,"menu_order":0,"comment_status":"closed","ping_status":"closed","template":"","meta":{"ngg_post_thumbnail":0,"footnotes":""},"class_list":["post-3449","page","type-page","status-publish","hentry"],"_links":{"self":[{"href":"https:\/\/www.2x3.pl\/pl\/wp-json\/wp\/v2\/pages\/3449","targetHints":{"allow":["GET"]}}],"collection":[{"href":"https:\/\/www.2x3.pl\/pl\/wp-json\/wp\/v2\/pages"}],"about":[{"href":"https:\/\/www.2x3.pl\/pl\/wp-json\/wp\/v2\/types\/page"}],"author":[{"embeddable":true,"href":"https:\/\/www.2x3.pl\/pl\/wp-json\/wp\/v2\/users\/18"}],"replies":[{"embeddable":true,"href":"https:\/\/www.2x3.pl\/pl\/wp-json\/wp\/v2\/comments?post=3449"}],"version-history":[{"count":1,"href":"https:\/\/www.2x3.pl\/pl\/wp-json\/wp\/v2\/pages\/3449\/revisions"}],"predecessor-version":[{"id":15097,"href":"https:\/\/www.2x3.pl\/pl\/wp-json\/wp\/v2\/pages\/3449\/revisions\/15097"}],"up":[{"embeddable":true,"href":"https:\/\/www.2x3.pl\/pl\/wp-json\/wp\/v2\/pages\/3447"}],"wp:attachment":[{"href":"https:\/\/www.2x3.pl\/pl\/wp-json\/wp\/v2\/media?parent=3449"}],"curies":[{"name":"wp","href":"https:\/\/api.w.org\/{rel}","templated":true}]}}