{"id":37,"date":"2011-04-03T22:08:19","date_gmt":"2011-04-03T20:08:19","guid":{"rendered":"http:\/\/www.2x3.pl\/?page_id=37"},"modified":"2024-11-28T15:09:22","modified_gmt":"2024-11-28T14:09:22","slug":"tablice-szkolne","status":"publish","type":"page","link":"https:\/\/www.2x3.pl\/pl\/tablice-szkolne\/","title":{"rendered":"Tablice Szkolne"},"content":{"rendered":"\n<h3>Przyjazna szko\u0142a<\/h3>\n<p><img loading=\"lazy\" decoding=\"async\" class=\"aligncenter size-full wp-image-3443\" src=\"https:\/\/www.2x3.pl\/wp-content\/uploads\/2011\/04\/header_education-boards.jpg\" alt=\"Education Boards\" width=\"600\" height=\"370\" srcset=\"https:\/\/www.2x3.pl\/wp-content\/uploads\/2011\/04\/header_education-boards.jpg 600w, https:\/\/www.2x3.pl\/wp-content\/uploads\/2011\/04\/header_education-boards-100x61.jpg 100w, https:\/\/www.2x3.pl\/wp-content\/uploads\/2011\/04\/header_education-boards-256x157.jpg 256w\" sizes=\"auto, (max-width: 600px) 100vw, 600px\" \/><\/p>\n<p>Unikatowa linia produkt\u00f3w skierowanych do szk\u00f3\u0142 i na rynek edukacyjny. W szerokiej ofercie produkt\u00f3w i akcesori\u00f3w ka\u017cdy odnajdzie niezb\u0119dne narz\u0119dzia do codziennej pracy. Estetyka i funkcjonalno\u015b\u0107 linii <em>Education Boards<\/em> skutecznie pomaga w przekazywaniu wiedzy na poszczeg\u00f3lnych szczeblach edukacji.<\/p>\n<p><strong>G\u0142\u00f3wne zalety:<\/strong><\/p>\n<ul>\n<li>wysoka jako\u015b\u0107 produkt\u00f3w<\/li>\n<li>estetyka wykonania<\/li>\n<li>wysokie bezpiecze\u0144stwo u\u017cytkowania<\/li>\n<li>szeroka oferta produktowa<\/li>\n<\/ul>\n<h3 style=\"display: inline-block; margin-top: 40px; margin-bottom: 9px;\">Produkty linii<br \/>\nEducation Boards<\/h3>\n<ul>\n<li><a href=\"https:\/\/www.2x3.pl\/produkty\/tablice-szkolne\/tryptyki\/\">Tryptyki<\/a><\/li>\n<li><a href=\"https:\/\/www.2x3.pl\/produkty\/tablice-szkolne\/tablice-obrotowo-jezdne\/\">Tablice obrotowo-jezdne<\/a><\/li>\n<li><a href=\"https:\/\/www.2x3.pl\/produkty\/tablice-szkolne\/tablice-suchoscieralne\/\">Tablice sucho\u015bcieralne<\/a><\/li>\n<li><a href=\"https:\/\/www.2x3.pl\/produkty\/tablice-szkolne\/tablice-suchoscieralne-z-nadrukiem\/\">Tablice sucho\u015bcieralne z nadrukiem<\/a><\/li>\n<li><a href=\"https:\/\/www.2x3.pl\/produkty\/tablice-szkolne\/tablice-kredowe\/\">Tablice kredowe<\/a><\/li>\n<li><a href=\"https:\/\/www.2x3.pl\/produkty\/tablice-szkolne\/tablice-kredowe-z-nadrukiem\/\">Tablice kredowe z nadrukiem<\/a><\/li>\n<li><a href=\"https:\/\/www.2x3.pl\/produkty\/tablice-szkolne\/tablice-tekstylne\/\">Tablice tekstylne<\/a><\/li>\n<li><a href=\"https:\/\/www.2x3.pl\/produkty\/tablice-szkolne\/tablice-korkowe\/\">Tablice korkowe<\/a><\/li>\n<li><a href=\"https:\/\/www.2x3.pl\/produkty\/tablice-szkolne\/stojaki-do-map-i-plansz\/\">Stojaki do map i plansz<\/a><\/li>\n<li><a href=\"https:\/\/www.2x3.pl\/produkty\/tablice-szkolne\/akcesoria\/\">Akcesoria<\/a><\/li>\n<\/ul>\n<p><\/p>\n","protected":false},"excerpt":{"rendered":"","protected":false},"author":18,"featured_media":0,"parent":0,"menu_order":0,"comment_status":"closed","ping_status":"closed","template":"","meta":{"ngg_post_thumbnail":0,"footnotes":""},"class_list":["post-37","page","type-page","status-publish","hentry"],"_links":{"self":[{"href":"https:\/\/www.2x3.pl\/pl\/wp-json\/wp\/v2\/pages\/37","targetHints":{"allow":["GET"]}}],"collection":[{"href":"https:\/\/www.2x3.pl\/pl\/wp-json\/wp\/v2\/pages"}],"about":[{"href":"https:\/\/www.2x3.pl\/pl\/wp-json\/wp\/v2\/types\/page"}],"author":[{"embeddable":true,"href":"https:\/\/www.2x3.pl\/pl\/wp-json\/wp\/v2\/users\/18"}],"replies":[{"embeddable":true,"href":"https:\/\/www.2x3.pl\/pl\/wp-json\/wp\/v2\/comments?post=37"}],"version-history":[{"count":1,"href":"https:\/\/www.2x3.pl\/pl\/wp-json\/wp\/v2\/pages\/37\/revisions"}],"predecessor-version":[{"id":15034,"href":"https:\/\/www.2x3.pl\/pl\/wp-json\/wp\/v2\/pages\/37\/revisions\/15034"}],"wp:attachment":[{"href":"https:\/\/www.2x3.pl\/pl\/wp-json\/wp\/v2\/media?parent=37"}],"curies":[{"name":"wp","href":"https:\/\/api.w.org\/{rel}","templated":true}]}}