{"id":39,"date":"2013-03-20T08:09:11","date_gmt":"2013-03-20T07:09:11","guid":{"rendered":"http:\/\/www.2x3.pl\/?page_id=39"},"modified":"2024-11-28T15:01:27","modified_gmt":"2024-11-28T14:01:27","slug":"ecoboards","status":"publish","type":"page","link":"https:\/\/www.2x3.pl\/pl\/ecoboards\/","title":{"rendered":"ecoBoards"},"content":{"rendered":"<\/p>\n<h2>Tablice dla domu i biura<\/h2>\n<p><img loading=\"lazy\" decoding=\"async\" src=\"https:\/\/www.2x3.pl\/wp-content\/uploads\/2013\/03\/header_ecoboards.jpg\" alt=\"ecoBoards\" width=\"600\" height=\"370\" class=\"aligncenter size-full wp-image-3435\" srcset=\"https:\/\/www.2x3.pl\/wp-content\/uploads\/2013\/03\/header_ecoboards.jpg 600w, https:\/\/www.2x3.pl\/wp-content\/uploads\/2013\/03\/header_ecoboards-100x61.jpg 100w, https:\/\/www.2x3.pl\/wp-content\/uploads\/2013\/03\/header_ecoboards-256x157.jpg 256w\" sizes=\"auto, (max-width: 600px) 100vw, 600px\" \/><\/p>\n<p>Dzia\u0142 ecoBoards to idealne rozwi\u0105zanie dla os\u00f3b ceni\u0105cych sobie funkcjonalno\u015b\u0107 i ekonomiczne rozwi\u0105zania. Produkty z linii \u201eeco\u201d dzi\u0119ki ograniczonej rozpi\u0119to\u015bci rozmiar\u00f3w s\u0105 \u0142atwe w monta\u017cu, do zainstalowania w domu i ma\u0142ym biurze.  Idealny stosunek jako\u015bci do ceny.<\/p>\n<p><strong>G\u0142\u00f3wne zalety:<\/strong><\/p>\n<ul>\n<li>wysoka jako\u015b\u0107 produkt\u00f3w, niska cena<\/li>\n<li>\u0142atwe w monta\u017cu<\/li>\n<li>szeroka oferta produktowa dla domu i ma\u0142ego biur<\/li>\n<\/ul>\n<h2 style=\"display:inline-block; margin-top:30px; margin-bottom:9px\">Produkty ecoBoards<\/h2>\n<ul>\n<li><a href=\"https:\/\/www.2x3.pl\/produkty\/ecoboards\/flipcharty\/\"><strong>Flipcharty<\/strong> na tr\u00f3jnogu \/ mobilne<\/a><\/li>\n<li><a href=\"https:\/\/www.2x3.pl\/produkty\/ecoboards\/tablice-suchoscieralne\/\"><strong>Tablice sucho\u015bcieralne<\/strong> magnetyczne (rama: drewniana \/ aluminiowa)<\/a><\/li>\n<li><a href=\"https:\/\/www.2x3.pl\/produkty\/ecoboards\/planery-magnetyczne\/\"><strong>Planery<\/strong> magnetyczne (dodatkowe pole z pow. korkow\u0105)<\/a><\/li>\n<li><a href=\"https:\/\/www.2x3.pl\/produkty\/ecoboards\/tablice-korkowe\/\"><strong>Tablice korkowe<\/strong> (rama: drewniana \/ aluminiowa)<\/a><\/li>\n<li><a href=\"https:\/\/www.2x3.pl\/produkty\/ecoboards\/akcesoria\/\"><strong>Akcesoria<\/strong> (markery, czy\u015bciki, bloki)<\/a><\/li>\n<li><a href=\"https:\/\/www.2x3.pl\/produkty\/ecoboards\/ekrany-projekcyjne\/\"><strong>Ekrany projekcyjne<\/a><\/li>\n<li><a href=\"https:\/\/www.2x3.pl\/produkty\/ecoboards\/gabloty-informacyjne\/\"><\/strong>Gabloty<\/a><\/li>\n<\/ul>\n<p>\n\n","protected":false},"excerpt":{"rendered":"","protected":false},"author":18,"featured_media":3429,"parent":0,"menu_order":0,"comment_status":"closed","ping_status":"closed","template":"","meta":{"ngg_post_thumbnail":0,"footnotes":""},"class_list":["post-39","page","type-page","status-publish","has-post-thumbnail","hentry"],"_links":{"self":[{"href":"https:\/\/www.2x3.pl\/pl\/wp-json\/wp\/v2\/pages\/39","targetHints":{"allow":["GET"]}}],"collection":[{"href":"https:\/\/www.2x3.pl\/pl\/wp-json\/wp\/v2\/pages"}],"about":[{"href":"https:\/\/www.2x3.pl\/pl\/wp-json\/wp\/v2\/types\/page"}],"author":[{"embeddable":true,"href":"https:\/\/www.2x3.pl\/pl\/wp-json\/wp\/v2\/users\/18"}],"replies":[{"embeddable":true,"href":"https:\/\/www.2x3.pl\/pl\/wp-json\/wp\/v2\/comments?post=39"}],"version-history":[{"count":1,"href":"https:\/\/www.2x3.pl\/pl\/wp-json\/wp\/v2\/pages\/39\/revisions"}],"predecessor-version":[{"id":15018,"href":"https:\/\/www.2x3.pl\/pl\/wp-json\/wp\/v2\/pages\/39\/revisions\/15018"}],"wp:featuredmedia":[{"embeddable":true,"href":"https:\/\/www.2x3.pl\/pl\/wp-json\/wp\/v2\/media\/3429"}],"wp:attachment":[{"href":"https:\/\/www.2x3.pl\/pl\/wp-json\/wp\/v2\/media?parent=39"}],"curies":[{"name":"wp","href":"https:\/\/api.w.org\/{rel}","templated":true}]}}