{"id":41,"date":"2011-04-03T22:09:40","date_gmt":"2011-04-03T20:09:40","guid":{"rendered":"http:\/\/www.2x3.pl\/?page_id=41"},"modified":"2025-03-12T10:39:42","modified_gmt":"2025-03-12T09:39:42","slug":"av-solutions","status":"publish","type":"page","link":"https:\/\/www.2x3.pl\/pl\/av-solutions\/","title":{"rendered":"AV Solutions"},"content":{"rendered":"<p>AV SOLUTIONS<\/p>\n<p><img loading=\"lazy\" decoding=\"async\" class=\"aligncenter size-full wp-image-3438\" src=\"https:\/\/www.2x3.pl\/wp-content\/uploads\/2011\/04\/header_av-solutions.jpg\" alt=\"AV Solutions\" width=\"600\" height=\"370\" srcset=\"https:\/\/www.2x3.pl\/wp-content\/uploads\/2011\/04\/header_av-solutions.jpg 600w, https:\/\/www.2x3.pl\/wp-content\/uploads\/2011\/04\/header_av-solutions-100x61.jpg 100w, https:\/\/www.2x3.pl\/wp-content\/uploads\/2011\/04\/header_av-solutions-256x157.jpg 256w\" sizes=\"auto, (max-width: 600px) 100vw, 600px\" \/><\/p>\n<p><strong>[tooltip content=&#8221;Patrz: ramka &#8222;Por\u00f3wnaj produkty&#8221;<br \/>\nna pasku bocznym \u2192&#8221;]Rozwi\u0105zania interaktywne[\/tooltip]<\/strong> proponowane w dziale AV Solutions to niezast\u0105pione narz\u0119dzia do prowadzenia prezentacji na najwy\u017cszym poziomie. Szkolenia, prezentacje i edukacja nabieraj\u0105 nowego wymiaru i podnosz\u0105 efektywno\u015b\u0107 pracy zespo\u0142owej, zwi\u0119kszaj\u0105c skupienie uczni\u00f3w podczas prowadzonych zaj\u0119\u0107.<\/p>\n<p><strong>G\u0142\u00f3wne zalety:<\/strong><\/p>\n<ul>\n<li>solidno\u015b\u0107 i estetyka wykonania<\/li>\n<li>r\u00f3\u017cnorodno\u015b\u0107 zastosowa\u0144<\/li>\n<li>\u0142atwo\u015b\u0107 instalacji<\/li>\n<li>sprawdzona technologia<\/li>\n<li>intuicyjna obs\u0142uga<\/li>\n<li>mobilno\u015b\u0107<\/li>\n<\/ul>\n<h3 style=\"display: inline-block; margin-top: 30px; margin-bottom: 9px;\">Produkty AV Solutions<\/h3>\n<ul>\n<li><a href=\"https:\/\/www.2x3.pl\/produkty\/av-solutions\/tablice-interaktywne\/\">Tablice interaktywne<\/a><\/li>\n<li><a href=\"https:\/\/www.2x3.pl\/produkty\/av-solutions\/interaktywne-urzadzenia-przenosne\/\">Interaktywne urz\u0105dzenia przeno\u015bne<\/a><\/li>\n<li><a title=\"Wyposa\u017cenie dodatkowe do tablic interaktywnych, oprogramowanie edukacyjne\" href=\"https:\/\/www.2x3.pl\/produkty\/av-solutions\/akcesoria\/\">Akcesoria<\/a><\/li>\n<li><a title=\"Projektory firmy Epson i Optoma\" href=\"https:\/\/www.2x3.pl\/produkty\/av-solutions\/projektory\/\">Projektory<\/a><\/li>\n<li><a title=\"Uchwyty sufitowe\" href=\"https:\/\/www.2x3.pl\/produkty\/av-solutions\/uchwyty-do-projektorow\/\">Uchwyty do projektor\u00f3w<\/a><\/li>\n<li><a title=\"Ekrany elektryczne, manualne - stacjonarne oraz przeno\u015bne, na stojaku\" href=\"https:\/\/www.2x3.pl\/produkty\/av-solutions\/ekrany-projekcyjne\/\">Ekrany projekcyjne<\/a><\/li>\n<li><a title=\"Stoliki projekcyjne, m\u00f3wnica\" href=\"https:\/\/www.2x3.pl\/produkty\/av-solutions\/meble-prezentacyjne\/\">Meble prezentacyjne<\/a><\/li>\n<li><a title=\"Wska\u017aniki do prowadzenia prezentacji, piloty radiowe\" href=\"https:\/\/www.2x3.pl\/produkty\/av-solutions\/wskazniki-laserowe\/\">Wska\u017aniki laserowe<\/a><\/li>\n<li><a href=\"https:\/\/www.2x3.pl\/produkty\/av-solutions\/stojaki-do-tablic-interaktywnych\/\">Stojaki to tablic<\/a><\/li>\n<\/ul>\n<p><br \/>\n<\/p>\n","protected":false},"excerpt":{"rendered":"","protected":false},"author":18,"featured_media":0,"parent":0,"menu_order":0,"comment_status":"closed","ping_status":"closed","template":"","meta":{"ngg_post_thumbnail":0,"footnotes":""},"class_list":["post-41","page","type-page","status-publish","hentry"],"_links":{"self":[{"href":"https:\/\/www.2x3.pl\/pl\/wp-json\/wp\/v2\/pages\/41","targetHints":{"allow":["GET"]}}],"collection":[{"href":"https:\/\/www.2x3.pl\/pl\/wp-json\/wp\/v2\/pages"}],"about":[{"href":"https:\/\/www.2x3.pl\/pl\/wp-json\/wp\/v2\/types\/page"}],"author":[{"embeddable":true,"href":"https:\/\/www.2x3.pl\/pl\/wp-json\/wp\/v2\/users\/18"}],"replies":[{"embeddable":true,"href":"https:\/\/www.2x3.pl\/pl\/wp-json\/wp\/v2\/comments?post=41"}],"version-history":[{"count":2,"href":"https:\/\/www.2x3.pl\/pl\/wp-json\/wp\/v2\/pages\/41\/revisions"}],"predecessor-version":[{"id":15164,"href":"https:\/\/www.2x3.pl\/pl\/wp-json\/wp\/v2\/pages\/41\/revisions\/15164"}],"wp:attachment":[{"href":"https:\/\/www.2x3.pl\/pl\/wp-json\/wp\/v2\/media?parent=41"}],"curies":[{"name":"wp","href":"https:\/\/api.w.org\/{rel}","templated":true}]}}