{"id":5219,"date":"2014-10-30T09:24:51","date_gmt":"2014-10-30T08:24:51","guid":{"rendered":"http:\/\/www.2x3.pl\/?page_id=5219"},"modified":"2024-11-28T15:28:47","modified_gmt":"2024-11-28T14:28:47","slug":"ekrany-projekcyjne","status":"publish","type":"page","link":"https:\/\/www.2x3.pl\/pl\/ecoboards\/ekrany-projekcyjne\/","title":{"rendered":"Ekrany projekcyjne"},"content":{"rendered":"<p><span class=\"product-code\">ETPR\/ECO, ETP\/ECO<\/span><\/p>\n<h2>Ekran projekcyjny ECO przeno\u015bny na stojaku<\/h2>\n<p><img loading=\"lazy\" decoding=\"async\" class=\"aligncenter size-full wp-image-5221\" src=\"https:\/\/www.2x3.pl\/wp-content\/uploads\/2014\/10\/ekran-eco_2.jpg\" alt=\"Ekran projekcyjny ECO mobile na stojaku\" width=\"590\" height=\"620\" srcset=\"https:\/\/www.2x3.pl\/wp-content\/uploads\/2014\/10\/ekran-eco_2.jpg 590w, https:\/\/www.2x3.pl\/wp-content\/uploads\/2014\/10\/ekran-eco_2-95x100.jpg 95w, https:\/\/www.2x3.pl\/wp-content\/uploads\/2014\/10\/ekran-eco_2-252x265.jpg 252w\" sizes=\"auto, (max-width: 590px) 100vw, 590px\" \/><\/p>\n<hr>\n\n\t\t<!-- MasterSlider -->\n\t\t<div id=\"P_MS69f9a8f20ead0\" class=\"master-slider-parent msl ms-parent-id-48\" style=\"max-width:600px;\">\n\n\t\t\t\n\t\t\t<!-- MasterSlider Main -->\n\t\t\t<div id=\"MS69f9a8f20ead0\" class=\"master-slider ms-skin-default\" >\n\t\t\t\t \t\t\t\t \n\t\t\t\t<div  class=\"ms-slide\" data-delay=\"3\" data-fill-mode=\"fill\"  >\n\t\t\t\t\t<img decoding=\"async\" src=\"https:\/\/www.2x3.pl\/wp-content\/plugins\/master-slider\/public\/assets\/css\/blank.gif\" alt=\"ekran projekcyjny eco\" title=\"\" data-src=\"https:\/\/www.2x3.pl\/wp-content\/uploads\/2016\/10\/ekran-eco_det1.jpg\" \/>\n\n\n\t<img decoding=\"async\" class=\"ms-thumb\" src=\"https:\/\/www.2x3.pl\/wp-content\/uploads\/2016\/10\/ekran-eco_det1-100x80.jpg\" alt=\"ekran projekcyjny eco\" \/>\n\t<div class=\"ms-thumb\" ><div class=\"ms-tab-context\"><div class=\"&quot;ms-tab-context&quot;\"><\/div><\/div>\n<\/div>\n\t\t\t\t<\/div>\n\t\t\t\t<div  class=\"ms-slide\" data-delay=\"3\" data-fill-mode=\"fill\"  >\n\t\t\t\t\t<img decoding=\"async\" src=\"https:\/\/www.2x3.pl\/wp-content\/plugins\/master-slider\/public\/assets\/css\/blank.gif\" alt=\"ekran projekcyjny eco\" title=\"\" data-src=\"https:\/\/www.2x3.pl\/wp-content\/uploads\/2016\/10\/ekran-eco_det3.jpg\" \/>\n\n\n\t<img decoding=\"async\" class=\"ms-thumb\" src=\"https:\/\/www.2x3.pl\/wp-content\/uploads\/2016\/10\/ekran-eco_det3-100x80.jpg\" alt=\"ekran projekcyjny eco\" \/>\n\t<div class=\"ms-thumb\" ><div class=\"ms-tab-context\"><div class=\"&quot;ms-tab-context&quot;\"><\/div><\/div>\n<\/div>\n\t\t\t\t<\/div>\n\t\t\t\t<div  class=\"ms-slide\" data-delay=\"3\" data-fill-mode=\"fill\"  >\n\t\t\t\t\t<img decoding=\"async\" src=\"https:\/\/www.2x3.pl\/wp-content\/plugins\/master-slider\/public\/assets\/css\/blank.gif\" alt=\"ekran projekcyjny eco\" title=\"\" data-src=\"https:\/\/www.2x3.pl\/wp-content\/uploads\/2016\/10\/ekran-eco_det4.jpg\" \/>\n\n\n\t<img decoding=\"async\" class=\"ms-thumb\" src=\"https:\/\/www.2x3.pl\/wp-content\/uploads\/2016\/10\/ekran-eco_det4-100x80.jpg\" alt=\"ekran projekcyjny eco\" \/>\n\t<div class=\"ms-thumb\" ><div class=\"ms-tab-context\"><div class=\"&quot;ms-tab-context&quot;\"><\/div><\/div>\n<\/div>\n\t\t\t\t<\/div>\n\t\t\t\t<div  class=\"ms-slide\" data-delay=\"3\" data-fill-mode=\"fill\"  >\n\t\t\t\t\t<img decoding=\"async\" src=\"https:\/\/www.2x3.pl\/wp-content\/plugins\/master-slider\/public\/assets\/css\/blank.gif\" alt=\"ekran projekcyjny eco\" title=\"\" data-src=\"https:\/\/www.2x3.pl\/wp-content\/uploads\/2016\/10\/ekran-eco_det5.jpg\" \/>\n\n\n\t<img decoding=\"async\" class=\"ms-thumb\" src=\"https:\/\/www.2x3.pl\/wp-content\/uploads\/2016\/10\/ekran-eco_det5-100x80.jpg\" alt=\"ekran projekcyjny eco\" \/>\n\t<div class=\"ms-thumb\" ><div class=\"ms-tab-context\"><div class=\"&quot;ms-tab-context&quot;\"><\/div><\/div>\n<\/div>\n\t\t\t\t<\/div>\n\t\t\t\t<div  class=\"ms-slide\" data-delay=\"3\" data-fill-mode=\"fill\"  >\n\t\t\t\t\t<img decoding=\"async\" src=\"https:\/\/www.2x3.pl\/wp-content\/plugins\/master-slider\/public\/assets\/css\/blank.gif\" alt=\"ekran projekcyjny eco\" title=\"\" data-src=\"https:\/\/www.2x3.pl\/wp-content\/uploads\/2016\/10\/ekran-eco_det6.jpg\" \/>\n\n\n\t<img decoding=\"async\" class=\"ms-thumb\" src=\"https:\/\/www.2x3.pl\/wp-content\/uploads\/2016\/10\/ekran-eco_det6-100x80.jpg\" alt=\"ekran projekcyjny eco\" \/>\n\t<div class=\"ms-thumb\" ><div class=\"ms-tab-context\"><div class=\"&quot;ms-tab-context&quot;\"><\/div><\/div>\n<\/div>\n\t\t\t\t<\/div>\n\n\t\t\t<\/div>\n\t\t\t<!-- END MasterSlider Main -->\n\n\t\t\t \n\t\t<\/div>\n\t\t<!-- END MasterSlider -->\n\n\t\t<script>\n\t\t(function ( $ ) {\n\t\t\t\"use strict\";\n\n\t\t\t$(function () {\n\t\t\t\tvar masterslider_ead0 = new MasterSlider();\n\n\t\t\t\t\/\/ slider controls\n\t\t\t\tmasterslider_ead0.control('arrows'     ,{ autohide:true, overVideo:true  });\t\t\t\tmasterslider_ead0.control('bullets'    ,{ autohide:true, overVideo:true, dir:'h', align:'bottom' , margin:10  });\n\n\t\t\t\tmasterslider_ead0.control('thumblist'  ,{ autohide:false, overVideo:true, dir:'h', speed:17, inset:false, arrows:false, hover:false, customClass:'', align:'bottom',type:'thumbs', margin:10, width:100, height:80, space:5, fillMode:'fill'  });\n\t\t\t\t\/\/ slider setup\n\t\t\t\tmasterslider_ead0.setup(\"MS69f9a8f20ead0\", {\n\t\t\t\t\t\twidth           : 600,\n\t\t\t\t\t\theight          : 450,\n\t\t\t\t\t\tminHeight       : 0,\n\t\t\t\t\t\tspace           : 0,\n\t\t\t\t\t\tstart           : 1,\n\t\t\t\t\t\tgrabCursor      : true,\n\t\t\t\t\t\tswipe           : true,\n\t\t\t\t\t\tmouse           : true,\n\t\t\t\t\t\tlayout          : \"boxed\",\n\t\t\t\t\t\twheel           : false,\n\t\t\t\t\t\tautoplay        : false,\n\t\t\t\t\t\tinstantStartLayers:false,\n\t\t\t\t\t\tloop            : false,\n\t\t\t\t\t\tshuffle         : false,\n\t\t\t\t\t\tpreload         : 0,\n\t\t\t\t\t\theightLimit     : true,\n\t\t\t\t\t\tautoHeight      : false,\n\t\t\t\t\t\tsmoothHeight    : true,\n\t\t\t\t\t\tendPause        : false,\n\t\t\t\t\t\toverPause       : true,\n\t\t\t\t\t\tfillMode        : \"fill\",\n\t\t\t\t\t\tcenterControls  : true,\n\t\t\t\t\t\tstartOnAppear   : false,\n\t\t\t\t\t\tlayersMode      : \"center\",\n\t\t\t\t\t\thideLayers      : false,\n\t\t\t\t\t\tfullscreenMargin: 0,\n\t\t\t\t\t\tspeed           : 20,\n\t\t\t\t\t\tdir             : \"h\",\n\t\t\t\t\t\tparallaxMode    : 'swipe',\n\t\t\t\t\t\tview            : \"basic\"\n\t\t\t\t});\n\n\t\t\t\t\n\t\t\t\twindow.masterslider_instances = window.masterslider_instances || [];\n\t\t\t\twindow.masterslider_instances.push( masterslider_ead0 );\n\t\t\t });\n\n\t\t})(jQuery);\n\t\t<\/script>\n\n\n<p class=\"product-desc\">Ekran projekcyjny o bia\u0142ej matowej powierzchni Matt White, z czarnym obramowaniem wok\u00f3\u0142 ekranu (dla zwi\u0119kszenia kontrastu ogl\u0105danego obrazu). Wyposa\u017cony w ergonomiczny uchwyt z ty\u0142u ekranu do wygodnego przenoszenia i regulacji wysoko\u015bci ekranu.<br \/>\nLekki, sk\u0142adany stela\u017c, wygodny w transporcie. Podstawa tr\u00f3jno\u017cna, metalowa; n\u00f3\u017cki w kolorze zielonym, z plastikowymi wyko\u0144czeniami.<\/p>\n<p class=\"warranty\"><strong>Gwarancja:<\/strong> 2 lata na produkt.<\/p>\n<div id=\"rys-ECO\" class=\"rys460\"><\/div>\n\n<table id=\"wp-table-reloaded-id-256-no-1\" class=\"wp-table-reloaded wp-table-reloaded-id-256\">\n<thead>\n\t<tr class=\"row-1 odd\">\n\t\t<th class=\"column-1\">Rys\/Fig<\/th><th class=\"column-2\">2x3 Art.<\/th><th class=\"column-3\">Wymiary \/ Size<\/th><th class=\"column-4\">Przek\u0105tna \/ Diagonal<\/th><th class=\"column-5\">Kontur \/Border<\/th><th class=\"column-6\">Waga \/ Weight<\/th><th class=\"column-7\">Dostawa \/ Delivery<\/th>\n\t<\/tr>\n<\/thead>\n<tbody class=\"row-hover\">\n\t<tr class=\"row-2 even\">\n\t\t<td class=\"column-1\"><input type=\"radio\" name=\"rysECO\" value=\"ETPR1515RECO\" onClick=\"zmienRysECO(this.value);\"><\/td><td class=\"column-2\">ETPR1515R\/ECO<\/td><td class=\"column-3\">147&nbsp;\u00d7&nbsp;147<\/td><td class=\"column-4\">85\u2033<\/td><td class=\"column-5\">3 cm<\/td><td class=\"column-6\">8<\/td><td class=\"column-7\">2 dni \/ 2 days<\/td>\n\t<\/tr>\n\t<tr class=\"row-3 odd\">\n\t\t<td class=\"column-1\"><input type=\"radio\" name=\"rysECO\" value=\"ETPR1818RECO\" onClick=\"zmienRysECO(this.value);\"><\/td><td class=\"column-2\">ETPR1818R\/ECO<\/td><td class=\"column-3\">173&nbsp;\u00d7&nbsp;173<\/td><td class=\"column-4\">100\u2033<\/td><td class=\"column-5\">3 cm<\/td><td class=\"column-6\">10<\/td><td class=\"column-7\">2 dni \/ 2 days<\/td>\n\t<\/tr>\n\t<tr class=\"row-4 even\">\n\t\t<td class=\"column-1\"><input type=\"radio\" name=\"rysECO\" value=\"ETP1419ECO\" onClick=\"zmienRysECO(this.value);\"><\/td><td class=\"column-2\">ETP1419\/43\/ECO<\/td><td class=\"column-3\">195&nbsp;\u00d7&nbsp;145<\/td><td class=\"column-4\">100\u2033<\/td><td class=\"column-5\">4 cm<\/td><td class=\"column-6\">11<\/td><td class=\"column-7\">2 dni \/ 2 days<\/td>\n\t<\/tr>\n<\/tbody>\n<\/table>\n\n<div class=\"product-card\"><a class=\"pdf-file-32\" href=\"https:\/\/www.2x3.pl\/pdf\/ETP_ECO__ETPR_ECO.pdf\">Karta produktowa &#8211; ETPR\/ECO \/ ETP\/ECO<\/a><\/div>\n<p><span class=\"product-code\">EMPR\/ECO<\/span><\/p>\n<h2>Ekran projekcyjny ECO manualny<\/h2>\n<p><img loading=\"lazy\" decoding=\"async\" src=\"https:\/\/www.2x3.pl\/wp-content\/uploads\/2014\/10\/EMPR_eco-1024x778.jpg\" alt=\"\" width=\"640\" height=\"486\" class=\"alignnone size-large wp-image-10113\" srcset=\"https:\/\/www.2x3.pl\/wp-content\/uploads\/2014\/10\/EMPR_eco-1024x778.jpg 1024w, https:\/\/www.2x3.pl\/wp-content\/uploads\/2014\/10\/EMPR_eco-100x76.jpg 100w, https:\/\/www.2x3.pl\/wp-content\/uploads\/2014\/10\/EMPR_eco-256x194.jpg 256w, https:\/\/www.2x3.pl\/wp-content\/uploads\/2014\/10\/EMPR_eco-768x583.jpg 768w, https:\/\/www.2x3.pl\/wp-content\/uploads\/2014\/10\/EMPR_eco.jpg 1914w\" sizes=\"auto, (max-width: 640px) 100vw, 640px\" \/><\/p>\n<p class=\"product-desc\">Ekran projekcyjny, r\u0119cznie rozwijany, \u0142atwy do zamontowania na \u015bcianie lub suficie. Posiada bia\u0142\u0105, matow\u0105 powierzchni\u0119 Matt White, z czarnym obramowaniem wok\u00f3\u0142 ekranu dla zwi\u0119kszenia kontrastu ogl\u0105danego obrazu. Wyposa\u017cony w cichy mechanizm zwijaj\u0105cy z nap\u0119dem spr\u0119\u017cynowym. <\/p>\n<p>Istnieje mo\u017cliwo\u015b\u0107 regulacji wysoko\u015bci rozwini\u0119tego materia\u0142u przy pomocy systemu blokowania. P\u0142\u00f3tno zwijane jest do specjalnej kasetki, kt\u00f3ra zabezpiecza przed uszkodzeniami, kurzem lub innymi szkodliwymi czynnikami. Szeroki k\u0105t widzenia<br \/>\npozwala na zastosowanie powierzchni ekranowej w sytuacjach, kiedy cz\u0119\u015b\u0107 odbiorc\u00f3w znajduje si\u0119 pod du\u017cym k\u0105tem wzgl\u0119dem osi ekranu.<br \/>\nG\u00f3rna metalowa obudowa sprawia, i\u017c konstrukcja jest wyj\u0105tkowo wytrzyma\u0142a i odporna na d\u0142ugotrwa\u0142\u0105 eksploatacj\u0119.<\/p>\n<p><strong>W zestawie:<\/strong> elementy monta\u017cowe<\/p>\n<p><strong>Gwarancja:<\/strong> 2 lata.<\/p>\n<div class=\"product-card\"><a class=\"pdf-file-32\" href=\"https:\/\/www.2x3.pl\/pdf\/EMPR_ECO.pdf\">Karta produktowa &#8211; EMPR ECO<\/a><\/div>\n<p><\/p>\n","protected":false},"excerpt":{"rendered":"","protected":false},"author":18,"featured_media":5227,"parent":39,"menu_order":0,"comment_status":"closed","ping_status":"closed","template":"","meta":{"ngg_post_thumbnail":0,"footnotes":""},"class_list":["post-5219","page","type-page","status-publish","has-post-thumbnail","hentry"],"_links":{"self":[{"href":"https:\/\/www.2x3.pl\/pl\/wp-json\/wp\/v2\/pages\/5219","targetHints":{"allow":["GET"]}}],"collection":[{"href":"https:\/\/www.2x3.pl\/pl\/wp-json\/wp\/v2\/pages"}],"about":[{"href":"https:\/\/www.2x3.pl\/pl\/wp-json\/wp\/v2\/types\/page"}],"author":[{"embeddable":true,"href":"https:\/\/www.2x3.pl\/pl\/wp-json\/wp\/v2\/users\/18"}],"replies":[{"embeddable":true,"href":"https:\/\/www.2x3.pl\/pl\/wp-json\/wp\/v2\/comments?post=5219"}],"version-history":[{"count":1,"href":"https:\/\/www.2x3.pl\/pl\/wp-json\/wp\/v2\/pages\/5219\/revisions"}],"predecessor-version":[{"id":15055,"href":"https:\/\/www.2x3.pl\/pl\/wp-json\/wp\/v2\/pages\/5219\/revisions\/15055"}],"up":[{"embeddable":true,"href":"https:\/\/www.2x3.pl\/pl\/wp-json\/wp\/v2\/pages\/39"}],"wp:featuredmedia":[{"embeddable":true,"href":"https:\/\/www.2x3.pl\/pl\/wp-json\/wp\/v2\/media\/5227"}],"wp:attachment":[{"href":"https:\/\/www.2x3.pl\/pl\/wp-json\/wp\/v2\/media?parent=5219"}],"curies":[{"name":"wp","href":"https:\/\/api.w.org\/{rel}","templated":true}]}}