{"id":7755,"date":"2016-06-07T14:01:49","date_gmt":"2016-06-07T12:01:49","guid":{"rendered":"http:\/\/www.2x3.pl\/?page_id=7755"},"modified":"2020-03-23T10:36:29","modified_gmt":"2020-03-23T09:36:29","slug":"tablice","status":"publish","type":"page","link":"https:\/\/www.2x3.pl\/pl\/tablice\/","title":{"rendered":"Tablice interaktywne | Tablice multimedialne"},"content":{"rendered":"<h1>TABLICE INTERAKTYWNE<\/h1>\n<hr \/>\n<p><img loading=\"lazy\" decoding=\"async\" class=\"alignnone size-full wp-image-5487\" src=\"http:\/\/www.2x3.pl\/wp-content\/uploads\/2015\/07\/nagroda_1.jpg\" alt=\"tablice\" width=\"800\" height=\"600\" \/><\/p>\n<p>W swojej ofercie posiadamy<strong> tablice interaktywne<\/strong> w r\u00f3\u017cnych rozmiarach oraz z r\u00f3\u017cn\u0105 ilo\u015bci\u0105 dotyk\u00f3w.<\/p>\n<h2>Tablice interaktywne 2&#215;3<\/h2>\n<p>to doskona\u0142e narz\u0119dzia wspomagaj\u0105ce prowadzenie efektywnych zaj\u0119\u0107 szkolnych, wyk\u0142ad\u00f3w, prezentacji czy szkole\u0144. To bardzo prosty spos\u00f3b na zaanga\u017cowanie s\u0142uchaczy i ich aktywny udzia\u0142 w prowadzonych zaj\u0119ciach.<\/p>\n<p><a id=\"esprit-dt\" name=\"esprit-dt\"><\/a><span class=\"product-code\">TIWEDT<\/span><\/p>\n<h2>Tablica interaktywna \u00e9sprit DT<\/h2>\n<p><a class=\"highslide\" title=\"Tablica interaktywna 2x3 \u00e9sprit Dual Touch\" href=\"http:\/\/www.2x3.pl\/wp-content\/uploads\/2013\/05\/esprit-dt_by-2x3_1280x900.jpg\" rel=\"highslide\"><img loading=\"lazy\" decoding=\"async\" class=\"aligncenter size-full wp-image-4501\" src=\"http:\/\/www.2x3.pl\/wp-content\/uploads\/2013\/05\/esprit_dt.jpg\" alt=\"Tablica interaktywna 2x3 \u00e9sprit DT. Technologia optyczna\" width=\"600\" height=\"420\" srcset=\"https:\/\/www.2x3.pl\/wp-content\/uploads\/2013\/05\/esprit_dt.jpg 600w, https:\/\/www.2x3.pl\/wp-content\/uploads\/2013\/05\/esprit_dt-100x70.jpg 100w, https:\/\/www.2x3.pl\/wp-content\/uploads\/2013\/05\/esprit_dt-256x179.jpg 256w\" sizes=\"auto, (max-width: 600px) 100vw, 600px\" \/><\/a><br \/>\nngg_shortcode_0_placeholder<\/p>\n<p class=\"product-desc\">Zastosowana technologia <strong>optyczna<\/strong> pozwala na obs\u0142ug\u0119 multigest\u00f3w (mi\u0119dzy innymi zoomowania, rotacji a tak\u017ce przewijania). Urz\u0105dzenie dzia\u0142a w standardzie <strong>Plug&amp;Play<\/strong> \u2013 pozwalaj\u0105c na u\u017cytkowanie zaraz po pod\u0142\u0105czeniu do komputera oraz projektora. \u0141atwa obs\u0142uga (palcami b\u0105d\u017a wska\u017anikiem), minimum elektroniki, doskona\u0142a precyzja, jednokrotna kalibracja oraz mo\u017cliwo\u015b\u0107 u\u017cytkowania tablicy jako tradycyjnej tablicy sucho\u015bcieralnej to g\u0142\u00f3wne cechy naszego produktu pozwalaj\u0105ce na prowadzenie zaj\u0119\u0107 w spos\u00f3b interesuj\u0105cy i dynamiczny.<\/p>\n<p><img decoding=\"async\" class=\"aligncenter size-full wp-image-5158\" src=\"http:\/\/www.2x3.pl\/wp-content\/uploads\/2014\/09\/TIWEDT.svg\" alt=\"TIWEDT - rys. techn. - wymiary\" \/>[table \"221\" not found \/]<br \/>\n<\/p>\n<p><a class=\"details\" title=\"Dowiedz si\u0119 wi\u0119cej\" href=\"http:\/\/www.2x3.pl\/produkty\/av-solutions\/tablice-interaktywne\/esprit-dt\/#detale\">Wi\u0119cej o \u00e9sprit DT &gt;&gt;<\/a><\/p>\n<p><a id=\"esprit-plus\" name=\"esprit-plus\"><\/a><span class=\"product-code\">TIWEPP<\/span><\/p>\n<h2>Tablica interaktywna \u00e9sprit plus PRO<\/h2>\n<p><span class=\" new new2014\" title=\"Nowo\u015b\u0107 2014\">Nowo\u015b\u0107 2014<\/span><a class=\"highslide\" title=\"Tablica interaktywna \u00e9sprit plus PRO\" href=\"http:\/\/www.2x3.pl\/wp-content\/uploads\/2014\/09\/TIWEPP_interactive_1600x1170.jpg\" rel=\"highslide\"><img loading=\"lazy\" decoding=\"async\" class=\"aligncenter size-full wp-image-5166\" src=\"http:\/\/www.2x3.pl\/wp-content\/uploads\/2014\/09\/TIWEPP_interactive_600x439.jpg\" alt=\"Tablica interaktywna \u00e9sprit plus PRO\" width=\"600\" height=\"439\" srcset=\"https:\/\/www.2x3.pl\/wp-content\/uploads\/2014\/09\/TIWEPP_interactive_600x439.jpg 600w, https:\/\/www.2x3.pl\/wp-content\/uploads\/2014\/09\/TIWEPP_interactive_600x439-100x73.jpg 100w, https:\/\/www.2x3.pl\/wp-content\/uploads\/2014\/09\/TIWEPP_interactive_600x439-256x187.jpg 256w\" sizes=\"auto, (max-width: 600px) 100vw, 600px\" \/><\/a><\/p>\n<p class=\"product-desc\">Tablica interaktywna \u00e9sprit plus PRO dzia\u0142a w oparciu o technologi\u0119 podczerwieni (IR). Dzi\u0119ki standardowi Plug &amp; Play produkt jest gotowy do u\u017cytku zaraz po pod\u0142\u0105czeniu do komputera oraz projektora. Zastosowana technologia pozwala na obs\u0142ug\u0119 multigest\u00f3w (zoomowanie, rotacja, przewijanie). Ka\u017cdy obraz wy\u015bwietlany na tablicy mo\u017ce by\u0107 edytowany za pomoc\u0105 wska\u017anika lub po prostu palca \u2013 tablica umo\u017cliwia swobodn\u0105 prac\u0119 2 u\u017cytkownik\u00f3w. Tablica \u00e9sprit plus PRO charakteryzuje si\u0119 nowoczesnym designem a tak\u017ce znacznie ni\u017csz\u0105 wag\u0105 (por\u00f3wnuj\u0105c do swojego poprzednika \u2013 \u00e9sprit plus) co przek\u0142ada si\u0119 na wygod\u0119 podczas monta\u017cu tablicy na \u015bcianie.<\/p>\n<p><img decoding=\"async\" class=\"aligncenter size-full wp-image-5157\" src=\"http:\/\/www.2x3.pl\/wp-content\/uploads\/2014\/09\/TIWEPP.svg\" alt=\"TIWEPP - rys. techn. - wymiary\" \/>[table \"249\" not found \/]<br \/>\n<\/p>\n<p><a class=\"details\" title=\"Dowiedz si\u0119 wi\u0119cej\" href=\"http:\/\/www.2x3.pl\/produkty\/av-solutions\/tablice-interaktywne\/esprit-plus-pro\/#detale\">Wi\u0119cej o \u00e9sprit plus PRO &gt;&gt;<\/a><\/p>\n<p><a id=\"esprit-st\" name=\"esprit-st\"><\/a><span class=\"product-code\">TIWEST<\/span><\/p>\n<h2>Tablica interaktywna \u00e9sprit ST<\/h2>\n<p><span class=\" new new2014\" title=\"Nowo\u015b\u0107 2014\">Nowo\u015b\u0107 2014<\/span><a class=\"highslide\" title=\"Tablica interaktywna \u00e9sprit ST\" href=\"http:\/\/www.2x3.pl\/wp-content\/uploads\/2016\/04\/TIWEST.jpg\" rel=\"highslide\"><img loading=\"lazy\" decoding=\"async\" class=\"aligncenter size-full wp-image-5166\" src=\"http:\/\/www.2x3.pl\/wp-content\/uploads\/2016\/04\/TIWEST.jpg\" alt=\"Tablica interaktywna \u00e9sprit ST\" width=\"600\" height=\"439\" \/><\/a><\/p>\n<p class=\"product-desc\">Tablica interaktywna \u00e9sprit ST to po\u0142aczenie tablicy interaktywnej z klasyczn\u0105 tablic\u0105 sucho\u015bcieraln\u0105.<br \/>\nW zestawie: sterownik i oprogramowanie \u00e9sprit (na p\u0142ycie CD), instrukcja obs\u0142ugi, zestaw monta\u017cowy, kabel USB \u2013 5 m.<br \/>\nGwarancja: 3 lata na produkt, 10 lat na powierzchni\u0119 tablicy.<\/p>\n<div class=\"product-card\"><a class=\"pdf-file-32\" href=\"http:\/\/www.2x3.pl\/pdf\/TIWEST.pdf\">Karta produktowa &#8211; TIWEST<\/a><\/div>\n<p><!--:--><\/p>\n<p>Wi\u0119cej informacji otrzymaj\u0105 Pa\u0144stwo kontaktuj\u0105c si\u0119 z naszym dzia\u0142em obs\u0142ugi klienta: <a href=\"http:\/\/www.2x3.pl\/kontakt\">tutaj<\/a><\/p>\n","protected":false},"excerpt":{"rendered":"<p>TABLICE INTERAKTYWNE W swojej ofercie posiadamy tablice interaktywne w r\u00f3\u017cnych rozmiarach oraz z r\u00f3\u017cn\u0105 ilo\u015bci\u0105 dotyk\u00f3w. Tablice interaktywne 2&#215;3 to doskona\u0142e narz\u0119dzia wspomagaj\u0105ce prowadzenie efektywnych zaj\u0119\u0107 szkolnych, wyk\u0142ad\u00f3w, prezentacji czy szkole\u0144. To bardzo prosty spos\u00f3b na zaanga\u017cowanie s\u0142uchaczy i ich &hellip; <a href=\"https:\/\/www.2x3.pl\/pl\/tablice\/\">Continue reading <span class=\"meta-nav\">&rarr;<\/span><\/a><\/p>\n","protected":false},"author":18,"featured_media":0,"parent":0,"menu_order":0,"comment_status":"closed","ping_status":"closed","template":"","meta":{"ngg_post_thumbnail":0,"footnotes":""},"class_list":["post-7755","page","type-page","status-publish","hentry"],"_links":{"self":[{"href":"https:\/\/www.2x3.pl\/pl\/wp-json\/wp\/v2\/pages\/7755","targetHints":{"allow":["GET"]}}],"collection":[{"href":"https:\/\/www.2x3.pl\/pl\/wp-json\/wp\/v2\/pages"}],"about":[{"href":"https:\/\/www.2x3.pl\/pl\/wp-json\/wp\/v2\/types\/page"}],"author":[{"embeddable":true,"href":"https:\/\/www.2x3.pl\/pl\/wp-json\/wp\/v2\/users\/18"}],"replies":[{"embeddable":true,"href":"https:\/\/www.2x3.pl\/pl\/wp-json\/wp\/v2\/comments?post=7755"}],"version-history":[{"count":0,"href":"https:\/\/www.2x3.pl\/pl\/wp-json\/wp\/v2\/pages\/7755\/revisions"}],"wp:attachment":[{"href":"https:\/\/www.2x3.pl\/pl\/wp-json\/wp\/v2\/media?parent=7755"}],"curies":[{"name":"wp","href":"https:\/\/api.w.org\/{rel}","templated":true}]}}