{"id":8030,"date":"2016-08-10T10:06:10","date_gmt":"2016-08-10T08:06:10","guid":{"rendered":"http:\/\/www.2x3.pl\/?page_id=8030"},"modified":"2024-11-28T15:21:12","modified_gmt":"2024-11-28T14:21:12","slug":"stojaki-do-tablic-interaktywnych","status":"publish","type":"page","link":"https:\/\/www.2x3.pl\/pl\/av-solutions\/stojaki-do-tablic-interaktywnych\/","title":{"rendered":"Stojaki do tablic interaktywnych"},"content":{"rendered":"<p><br \/>\nStojaki to tablic interaktywnych to przede wszystkich wygoda w u\u017cytkowaniu <a href=\"https:\/\/www.2x3.pl\/produkty\/av-solutions\/tablice-interaktywne\/\">tablicy interaktywnej<\/a>. Dzi\u0119ki niemu mo\u017cemy si\u0119 przemieszcza\u0107 z tablic\u0105 w ka\u017cde miejsce sali. Wykorzystywane w szko\u0142ach, na uczelniach, targach, biurach, konferencjach. Mo\u017cliwo\u015b\u0107 regulacji wysoko\u015bci. Mocna stalowa konstrukcja. <\/p>\n<p>W swojej ofercie posiadamy stojaki do tablic <strong>STE DT\/MT<\/strong> oraz<strong> Stojak mobilny Universal<\/strong>. <\/p>\n<hr>\n<p><a id=\"ste-dt-mt\" name=\"ste-dt-mt\"><span class=\"product-code\">STE DT\/MT<\/span><\/a><\/p>\n<h2>Stojak \u00e9sprit DT\/MT<\/h2>\n<p><img loading=\"lazy\" decoding=\"async\" src=\"https:\/\/www.2x3.pl\/wp-content\/uploads\/2019\/07\/1MV032-z-uchwytem.jpg\" alt=\"Stojak \u00e9sprit DT\/MT\" title=\"STE DT\/MT\" width=\"600\" height=\"502\" class=\"aligncenter size-full wp-image-1149\" \/><\/p>\n<hr>\n<p class=\"product-desc\">Stojak mobilny do <a href=\"https:\/\/www.2x3.pl\/produkty\/av-solutions\/tablice-interaktywne\/\">tablicy interaktywnej<\/a> \u00e9sprit DT oraz \u00e9sprit MT z mo\u017cliwo\u015bci\u0105 tr\u00f3jstopniowej regulacji wysoko\u015bci. Mo\u017ce by\u0107 wykorzystywany np. w szko\u0142ach, czyli wsz\u0119dzie tam, gdzie wyst\u0119puje praca z dzie\u0107mi. Mo\u017cliwo\u015b\u0107 z\u0142o\u017cenia ramienia o <strong>90\u00b0<\/strong> w celu swobodnego przemieszczania stojaka mi\u0119dzy pomieszczeniami <strong>(STE DT\/MT SHORT THROW)<\/strong>. Regulacja odleg\u0142o\u015bci projektora od tablicy w przedziale <strong>86-120 cm<\/strong>. Materia\u0142: stal w kolorze bia\u0142ym, p\u00f3\u0142mat.<\/p>\n\n<table id=\"wp-table-reloaded-id-268-no-1\" class=\"wp-table-reloaded wp-table-reloaded-id-268\">\n<thead>\n\t<tr class=\"row-1 odd\">\n\t\t<th class=\"column-1\">2x3 Art. No.<\/th><th class=\"column-2\">STE DT\/MT<\/th><th class=\"column-3\">STE DT\/MT SHORT THROW<\/th>\n\t<\/tr>\n<\/thead>\n<tbody>\n\t<tr class=\"row-2 even\">\n\t\t<td class=\"column-1\">Wymiary \/  Size<\/td><td class=\"column-2\">191 x 202,2<\/td><td class=\"column-3\">191 x 202,2<\/td>\n\t<\/tr>\n\t<tr class=\"row-3 odd\">\n\t\t<td class=\"column-1\">Konstrukcja \/ Construction<\/td><td class=\"column-2\">stalowa \/ steel<\/td><td class=\"column-3\">stalowa \/ steel<\/td>\n\t<\/tr>\n\t<tr class=\"row-4 even\">\n\t\t<td class=\"column-1\">Regulacja odleg\u0142o\u015bci projektora od tablicy<br \/>\r\n\/ Adjusting the projection distance table [ cm ]<\/td><td class=\"column-2\">-<\/td><td class=\"column-3\">86-120<\/td>\n\t<\/tr>\n\t<tr class=\"row-5 odd\">\n\t\t<td class=\"column-1\">Kolor \/ Colour<\/td><td class=\"column-2\">bia\u0142y (p\u00f3\u0142mat) \/ white (semi-gloss)<\/td><td class=\"column-3\">bia\u0142y (p\u00f3\u0142mat) \/ white (semi-gloss)<\/td>\n\t<\/tr>\n\t<tr class=\"row-6 even\">\n\t\t<td class=\"column-1\">Waga \/  Weight<\/td><td class=\"column-2\">32,2<\/td><td class=\"column-3\">40<\/td>\n\t<\/tr>\n\t<tr class=\"row-7 odd\">\n\t\t<td class=\"column-1\">Gwarancja \/ Warranty<\/td><td class=\"column-2\">2 lata \/ 2 years<\/td><td class=\"column-3\">2 lata \/ 2 years<\/td>\n\t<\/tr>\n<\/tbody>\n<\/table>\n\n<div class=\"product-card\"><a class=\"pdf-file-32\" href=\"https:\/\/www.2x3.pl\/pdf\/STE_DT_MT.pdf\">Karta produktowa &#8211; STE DT MT<\/a><\/div>\n<hr \/>\n<p><a id=\"ste-universal\" name=\"ste-universal\"><span class=\"product-code\">STE UNIVERSAL<\/span><\/a><\/p>\n<h2>Stojak \u00e9sprit Universal<\/h2>\n<p><img loading=\"lazy\" decoding=\"async\" src=\"https:\/\/www.2x3.pl\/wp-content\/uploads\/2019\/07\/1MV013-Avtek_statyw_mobilny_regulowany.jpg\" alt=\"Stojak \u00e9sprit Universal\" title=\"STE UNIVERSAL\" width=\"600\" height=\"502\" class=\"aligncenter size-full wp-image-1149\" \/><\/p>\n<hr>\n<p class=\"product-desc\">Uniwersalny stojak mobilny przeznaczony do wszystkich naszych tablicy z uchwytem do projektora do bliskiej projekcji. Mo\u017ce by\u0107 wykorzystywany np. w szko\u0142ach, czyli wsz\u0119dzie tam, gdzie wyst\u0119puje praca z dzie\u0107mi. Mo\u017cliwo\u015b\u0107 z\u0142o\u017cenia ramienia o 90\u00b0 w celu swobodnego przemieszczania stojaka mi\u0119dzy pomieszczeniami. Regulacja odleg\u0142o\u015bci projektora od tablicy w przedziale <strong>13,5-100 cm<\/strong>. Materia\u0142: stal w kolorze bia\u0142ym, p\u00f3\u0142mat.<\/p>\n\n<table id=\"wp-table-reloaded-id-269-no-1\" class=\"wp-table-reloaded wp-table-reloaded-id-269\">\n<thead>\n\t<tr class=\"row-1 odd\">\n\t\t<th class=\"column-1\">2x3 Art. <\/th><th class=\"column-2\">STE UNIVERSAL<\/th>\n\t<\/tr>\n<\/thead>\n<tbody>\n\t<tr class=\"row-2 even\">\n\t\t<td class=\"column-1\">Wymiary \/ Size<\/td><td class=\"column-2\">132 x 284<\/td>\n\t<\/tr>\n\t<tr class=\"row-3 odd\">\n\t\t<td class=\"column-1\">Wysoko\u015b\u0107 dolnej ramy tablicy przy opuszczeniu stojaka do najni\u017cszej pozycji [cm]<br \/>\r\n\/The height of the lower frame board by leaving the rack in the lowest position [ cm ]<\/td><td class=\"column-2\">41<\/td>\n\t<\/tr>\n\t<tr class=\"row-4 even\">\n\t\t<td class=\"column-1\">Wysoko\u015b\u0107 dolnej ramy tablicy przy podwy\u017cszeniu<br \/>\r\nstojaka do najwy\u017cszej pozycji [cm]<br \/>\r\n\/<br \/>\r\nThe height of the lower frame board of an increase in<br \/>\r\nrack to the highest position [cm]<br \/>\r\n<\/td><td class=\"column-2\">94<\/td>\n\t<\/tr>\n\t<tr class=\"row-5 odd\">\n\t\t<td class=\"column-1\">Wysoko\u015b\u0107 ca\u0142kowita stojaka wraz z uchwytem US2<br \/>\r\nw pozycji opuszczonej (najni\u017cszej), umo\u017cliwiaj\u0105cej<br \/>\r\nprzetoczenie do innego pomieszczenia [cm]\/<br \/>\r\nOverall height rack with handle US2<br \/>\r\nin the lowered position ( lowest ) , allowing<br \/>\r\ntransfusion to another room [ cm ]<\/td><td class=\"column-2\">190<\/td>\n\t<\/tr>\n\t<tr class=\"row-6 even\">\n\t\t<td class=\"column-1\">Kontrukcja \/ Construction<\/td><td class=\"column-2\">stalowa \/ steel<\/td>\n\t<\/tr>\n\t<tr class=\"row-7 odd\">\n\t\t<td class=\"column-1\">Regulacja odleg\u0142o\u015bci projektora od tablicy [cm]<br \/>\r\n\/ Adjusting the projection distance table [ cm ]<\/td><td class=\"column-2\">13,5-100<\/td>\n\t<\/tr>\n\t<tr class=\"row-8 even\">\n\t\t<td class=\"column-1\">Kolor \/ Colour<\/td><td class=\"column-2\">bia\u0142y (p\u00f3\u0142mat) \/ white (semi-gloss)<br \/>\r\n<\/td>\n\t<\/tr>\n\t<tr class=\"row-9 odd\">\n\t\t<td class=\"column-1\">Waga \/ Weight<\/td><td class=\"column-2\">50<\/td>\n\t<\/tr>\n<\/tbody>\n<\/table>\n\n<div class=\"product-card\"><a class=\"pdf-file-32\" href=\"https:\/\/www.2x3.pl\/pdf\/STE_UNIVERSAL.pdf\">Karta produktowa &#8211; STE Universal<\/a><\/div>\n<p><\/p>\n","protected":false},"excerpt":{"rendered":"","protected":false},"author":18,"featured_media":8395,"parent":41,"menu_order":0,"comment_status":"closed","ping_status":"closed","template":"","meta":{"ngg_post_thumbnail":0,"footnotes":""},"class_list":["post-8030","page","type-page","status-publish","has-post-thumbnail","hentry"],"_links":{"self":[{"href":"https:\/\/www.2x3.pl\/pl\/wp-json\/wp\/v2\/pages\/8030","targetHints":{"allow":["GET"]}}],"collection":[{"href":"https:\/\/www.2x3.pl\/pl\/wp-json\/wp\/v2\/pages"}],"about":[{"href":"https:\/\/www.2x3.pl\/pl\/wp-json\/wp\/v2\/types\/page"}],"author":[{"embeddable":true,"href":"https:\/\/www.2x3.pl\/pl\/wp-json\/wp\/v2\/users\/18"}],"replies":[{"embeddable":true,"href":"https:\/\/www.2x3.pl\/pl\/wp-json\/wp\/v2\/comments?post=8030"}],"version-history":[{"count":1,"href":"https:\/\/www.2x3.pl\/pl\/wp-json\/wp\/v2\/pages\/8030\/revisions"}],"predecessor-version":[{"id":15043,"href":"https:\/\/www.2x3.pl\/pl\/wp-json\/wp\/v2\/pages\/8030\/revisions\/15043"}],"up":[{"embeddable":true,"href":"https:\/\/www.2x3.pl\/pl\/wp-json\/wp\/v2\/pages\/41"}],"wp:featuredmedia":[{"embeddable":true,"href":"https:\/\/www.2x3.pl\/pl\/wp-json\/wp\/v2\/media\/8395"}],"wp:attachment":[{"href":"https:\/\/www.2x3.pl\/pl\/wp-json\/wp\/v2\/media?parent=8030"}],"curies":[{"name":"wp","href":"https:\/\/api.w.org\/{rel}","templated":true}]}}