{"id":8146,"date":"2016-08-11T14:18:11","date_gmt":"2016-08-11T12:18:11","guid":{"rendered":"http:\/\/www.2x3.pl\/?page_id=8146"},"modified":"2024-11-28T15:35:24","modified_gmt":"2024-11-28T14:35:24","slug":"maty-podlogowe","status":"publish","type":"page","link":"https:\/\/www.2x3.pl\/pl\/office\/maty-podlogowe\/","title":{"rendered":"Maty pod\u0142ogowe"},"content":{"rendered":"<p><br \/>\n<a id=\"maty-podlogowe\" name=\"maty-floortex\"><\/a><span class=\"product-code\">Maty pod\u0142ogowe<\/span><br \/>\n<img loading=\"lazy\" decoding=\"async\" src=\"https:\/\/www.2x3.pl\/wp-content\/uploads\/2016\/08\/maty.png\" alt=\"maty pod\u0142ogowe floortex\" width=\"561\" height=\"569\" class=\"size-full wp-image-8739\" srcset=\"https:\/\/www.2x3.pl\/wp-content\/uploads\/2016\/08\/maty.png 561w, https:\/\/www.2x3.pl\/wp-content\/uploads\/2016\/08\/maty-100x100.png 100w, https:\/\/www.2x3.pl\/wp-content\/uploads\/2016\/08\/maty-256x260.png 256w\" sizes=\"auto, (max-width: 561px) 100vw, 561px\" \/><\/p>\n<p class=\"product-desc\"><strong>Skuteczna i trwa\u0142a ochrona przed uszkodzeniami mechanicznymi.<\/strong><\/p>\n<p>Maty pod\u0142ogowe, kt\u00f3re oferujemy s\u0105 idealnym rozwi\u0105zaniem dla ka\u017cdego kto chce chroni\u0107 swoj\u0105 pod\u0142og\u0119 przed zarysowaniami powsta\u0142ymi w wyniku przesuwania flipchart\u00f3w, tablic mobilnych. Ich wygl\u0105d sprawia, \u017ce s\u0105 praktycznie niezauwa\u017calne, a jednocze\u015bnie bardzo skuteczne.<\/p>\n<p>Oferujemy <strong>maty<\/strong> do powierzchni twardych oraz na wyk\u0142adziny i dywany.<\/p>\n<p>Maty <strong>PVC<\/strong> czyli przede wszystkim:<\/p>\n<ul>\n<li>wyj\u0105tkowa jako\u015b\u0107 i wytrzyma\u0142o\u015b\u0107,<\/li>\n<li>bez ftalan\u00f3w PVC,<\/li>\n<li>w 25 % wytworzone z materia\u0142\u00f3w recyklingowych,<\/li>\n<li>nie zawieraj\u0105 kadmu, cyny oraz o\u0142owiu<\/li>\n<\/ul>\n<p><strong>Gwarancja<\/strong> &#8211; 2 lata<\/p>\n<p>Maty<strong> PC <\/strong>czyli przede wszystkim:<\/p>\n<ul>\n<li>wy\u017csza jako\u015b\u0107 materia\u0142u ni\u017c PVC<\/li>\n<li>sztywny materia\u0142, zapewniaj\u0105cy ergonomiczn\u0105 powierzchni\u0119, \u0142atw\u0105 do poruszania si\u0119<\/li>\n<li>nie zawieraj\u0105 ftalan\u00f3w, kadmu, cyny i o\u0142owiu<\/li>\n<li>wyj\u0105tkowa trwa\u0142o\u015b\u0107<\/li>\n<li>w 100% nadaj\u0105 si\u0119 do recyklingu<\/li>\n<\/ul>\n<p><strong>Gwarancja<\/strong> &#8211; 3 lata<\/p>\n<div class=\"product-card\"><a class=\"pdf-file-32\" href=\"https:\/\/www.2x3.pl\/pdf\/maty.pdf\">Karta produktowa &#8211; Maty<\/a><\/div>\n<p><\/p>\n","protected":false},"excerpt":{"rendered":"","protected":false},"author":18,"featured_media":0,"parent":33,"menu_order":0,"comment_status":"closed","ping_status":"closed","template":"","meta":{"ngg_post_thumbnail":0,"footnotes":""},"class_list":["post-8146","page","type-page","status-publish","hentry"],"_links":{"self":[{"href":"https:\/\/www.2x3.pl\/pl\/wp-json\/wp\/v2\/pages\/8146","targetHints":{"allow":["GET"]}}],"collection":[{"href":"https:\/\/www.2x3.pl\/pl\/wp-json\/wp\/v2\/pages"}],"about":[{"href":"https:\/\/www.2x3.pl\/pl\/wp-json\/wp\/v2\/types\/page"}],"author":[{"embeddable":true,"href":"https:\/\/www.2x3.pl\/pl\/wp-json\/wp\/v2\/users\/18"}],"replies":[{"embeddable":true,"href":"https:\/\/www.2x3.pl\/pl\/wp-json\/wp\/v2\/comments?post=8146"}],"version-history":[{"count":1,"href":"https:\/\/www.2x3.pl\/pl\/wp-json\/wp\/v2\/pages\/8146\/revisions"}],"predecessor-version":[{"id":15073,"href":"https:\/\/www.2x3.pl\/pl\/wp-json\/wp\/v2\/pages\/8146\/revisions\/15073"}],"up":[{"embeddable":true,"href":"https:\/\/www.2x3.pl\/pl\/wp-json\/wp\/v2\/pages\/33"}],"wp:attachment":[{"href":"https:\/\/www.2x3.pl\/pl\/wp-json\/wp\/v2\/media?parent=8146"}],"curies":[{"name":"wp","href":"https:\/\/api.w.org\/{rel}","templated":true}]}}